{"id":4929,"date":"2025-06-04T18:31:46","date_gmt":"2025-06-04T18:31:46","guid":{"rendered":"https:\/\/test.fitnessworldgym27.com\/?post_type=product&#038;p=4929"},"modified":"2026-03-30T19:27:55","modified_gmt":"2026-03-30T19:27:55","slug":"signal-dentifrice-75ml-integral-girofle","status":"publish","type":"product","link":"https:\/\/cosmeticstoredz.com\/ar\/product\/signal-dentifrice-75ml-integral-girofle\/","title":{"rendered":"SIGNAL DENTIFRICE 75ML  INTEGRAL GIROFLE"},"content":{"rendered":"","protected":false},"excerpt":{"rendered":"<p>Dentifrice Integral 8 Nature Elements Girofle Sensibilit\u00e9 aide \u00e0 soulager les dents sensibles et offre une protection compl\u00e8te contre les caries et la plaque dentaire. Sa formule douce qui associe des huiles essentielles au Zinc Min\u00e9ral et apporte une action antibact\u00e9rienne efficace.<\/p>","protected":false},"featured_media":18678,"comment_status":"open","ping_status":"closed","template":"","meta":[],"product_brand":[],"product_cat":[314,166,75,317],"product_tag":[],"class_list":{"0":"post-4929","1":"product","2":"type-product","3":"status-publish","4":"has-post-thumbnail","6":"product_cat-dentifrice-f","7":"product_cat-dentifrice-h","8":"product_cat-femme","9":"product_cat-signal","11":"first","12":"instock","13":"shipping-taxable","14":"purchasable","15":"product-type-simple"},"_links":{"self":[{"href":"https:\/\/cosmeticstoredz.com\/ar\/wp-json\/wp\/v2\/product\/4929","targetHints":{"allow":["GET"]}}],"collection":[{"href":"https:\/\/cosmeticstoredz.com\/ar\/wp-json\/wp\/v2\/product"}],"about":[{"href":"https:\/\/cosmeticstoredz.com\/ar\/wp-json\/wp\/v2\/types\/product"}],"replies":[{"embeddable":true,"href":"https:\/\/cosmeticstoredz.com\/ar\/wp-json\/wp\/v2\/comments?post=4929"}],"version-history":[{"count":1,"href":"https:\/\/cosmeticstoredz.com\/ar\/wp-json\/wp\/v2\/product\/4929\/revisions"}],"predecessor-version":[{"id":18679,"href":"https:\/\/cosmeticstoredz.com\/ar\/wp-json\/wp\/v2\/product\/4929\/revisions\/18679"}],"wp:featuredmedia":[{"embeddable":true,"href":"https:\/\/cosmeticstoredz.com\/ar\/wp-json\/wp\/v2\/media\/18678"}],"wp:attachment":[{"href":"https:\/\/cosmeticstoredz.com\/ar\/wp-json\/wp\/v2\/media?parent=4929"}],"wp:term":[{"taxonomy":"product_brand","embeddable":true,"href":"https:\/\/cosmeticstoredz.com\/ar\/wp-json\/wp\/v2\/product_brand?post=4929"},{"taxonomy":"product_cat","embeddable":true,"href":"https:\/\/cosmeticstoredz.com\/ar\/wp-json\/wp\/v2\/product_cat?post=4929"},{"taxonomy":"product_tag","embeddable":true,"href":"https:\/\/cosmeticstoredz.com\/ar\/wp-json\/wp\/v2\/product_tag?post=4929"}],"curies":[{"name":"wp","href":"https:\/\/api.w.org\/{rel}","templated":true}]}}