{"id":4928,"date":"2025-06-04T18:31:46","date_gmt":"2025-06-04T18:31:46","guid":{"rendered":"https:\/\/test.fitnessworldgym27.com\/?post_type=product&#038;p=4928"},"modified":"2026-03-30T19:27:55","modified_gmt":"2026-03-30T19:27:55","slug":"signal-dentifrice-75ml-integral-coco","status":"publish","type":"product","link":"https:\/\/cosmeticstoredz.com\/ar\/product\/signal-dentifrice-75ml-integral-coco\/","title":{"rendered":"SIGNAL DENTIFRICE 75ML  INTEGRAL COCO"},"content":{"rendered":"","protected":false},"excerpt":{"rendered":"<p>Gamme Signal Integral 8 Nature Elements : la protection compl\u00e8te inspir\u00e9e par la Nature, Au go\u00fbt coco et notes menthol\u00e9es. Aide \u00e0 retrouver la blancheur naturelle de vos dents<\/p>","protected":false},"featured_media":18676,"comment_status":"open","ping_status":"closed","template":"","meta":[],"product_brand":[],"product_cat":[164,314,166,75,317],"product_tag":[],"class_list":{"0":"post-4928","1":"product","2":"type-product","3":"status-publish","4":"has-post-thumbnail","6":"product_cat-dentifirice","7":"product_cat-dentifrice-f","8":"product_cat-dentifrice-h","9":"product_cat-femme","10":"product_cat-signal","12":"first","13":"instock","14":"shipping-taxable","15":"purchasable","16":"product-type-simple"},"_links":{"self":[{"href":"https:\/\/cosmeticstoredz.com\/ar\/wp-json\/wp\/v2\/product\/4928","targetHints":{"allow":["GET"]}}],"collection":[{"href":"https:\/\/cosmeticstoredz.com\/ar\/wp-json\/wp\/v2\/product"}],"about":[{"href":"https:\/\/cosmeticstoredz.com\/ar\/wp-json\/wp\/v2\/types\/product"}],"replies":[{"embeddable":true,"href":"https:\/\/cosmeticstoredz.com\/ar\/wp-json\/wp\/v2\/comments?post=4928"}],"version-history":[{"count":1,"href":"https:\/\/cosmeticstoredz.com\/ar\/wp-json\/wp\/v2\/product\/4928\/revisions"}],"predecessor-version":[{"id":18677,"href":"https:\/\/cosmeticstoredz.com\/ar\/wp-json\/wp\/v2\/product\/4928\/revisions\/18677"}],"wp:featuredmedia":[{"embeddable":true,"href":"https:\/\/cosmeticstoredz.com\/ar\/wp-json\/wp\/v2\/media\/18676"}],"wp:attachment":[{"href":"https:\/\/cosmeticstoredz.com\/ar\/wp-json\/wp\/v2\/media?parent=4928"}],"wp:term":[{"taxonomy":"product_brand","embeddable":true,"href":"https:\/\/cosmeticstoredz.com\/ar\/wp-json\/wp\/v2\/product_brand?post=4928"},{"taxonomy":"product_cat","embeddable":true,"href":"https:\/\/cosmeticstoredz.com\/ar\/wp-json\/wp\/v2\/product_cat?post=4928"},{"taxonomy":"product_tag","embeddable":true,"href":"https:\/\/cosmeticstoredz.com\/ar\/wp-json\/wp\/v2\/product_tag?post=4928"}],"curies":[{"name":"wp","href":"https:\/\/api.w.org\/{rel}","templated":true}]}}