{"id":4637,"date":"2025-06-04T18:30:36","date_gmt":"2025-06-04T18:30:36","guid":{"rendered":"https:\/\/test.fitnessworldgym27.com\/?post_type=product&#038;p=4637"},"modified":"2026-03-30T19:26:29","modified_gmt":"2026-03-30T19:26:29","slug":"flux-care-a-shp-240ml-camomille-et-fleur-de-miel","status":"publish","type":"product","link":"https:\/\/cosmeticstoredz.com\/ar\/product\/flux-care-a-shp-240ml-camomille-et-fleur-de-miel\/","title":{"rendered":"FLUX CARE A\/SHP 240ML CAMOMILLE ET FLEUR DE MIEL"},"content":{"rendered":"<p>Le Soin d\u00e9m\u00ealant FLUX CARE associe la Camomille, reconnue pour ses propri\u00e9t\u00e9s \u00e9claircissantes et adoucissantes au Miel de Fleurs r\u00e9put\u00e9 pour ses vertus nourrissantes dans une texture douce et cr\u00e9meuse, parfaitement adapt\u00e9 aux cheveux blonds qui ont tendance \u00e0 s\u2019emm\u00ealer facilement<\/p>","protected":false},"excerpt":{"rendered":"<p>Le Soin d\u00e9m\u00ealant FLUX CARE associe la Camomille, reconnue pour ses propri\u00e9t\u00e9s \u00e9claircissantes et adoucissantes au Miel de Fleurs r\u00e9put\u00e9<\/p>","protected":false},"featured_media":18393,"comment_status":"open","ping_status":"closed","template":"","meta":[],"product_brand":[],"product_cat":[160,75,190,95],"product_tag":[],"class_list":{"0":"post-4637","1":"product","2":"type-product","3":"status-publish","4":"has-post-thumbnail","6":"product_cat-apres-shampoing-f","7":"product_cat-femme","8":"product_cat-flux-care","9":"product_cat-soin-cheveux-f","11":"first","12":"instock","13":"shipping-taxable","14":"purchasable","15":"product-type-simple"},"yoast_head":"<!-- This site is optimized with the Yoast SEO plugin v27.3 - https:\/\/yoast.com\/product\/yoast-seo-wordpress\/ -->\n<title>FLUX CARE A\/SHP 240ML CAMOMILLE ET FLEUR DE MIEL - Cosmetic Store<\/title>\n<meta name=\"robots\" content=\"index, follow, max-snippet:-1, max-image-preview:large, max-video-preview:-1\" \/>\n<link rel=\"canonical\" href=\"https:\/\/cosmeticstoredz.com\/ar\/product\/flux-care-a-shp-240ml-camomille-et-fleur-de-miel\/\" \/>\n<meta property=\"og:locale\" content=\"ar_AR\" \/>\n<meta property=\"og:type\" content=\"article\" \/>\n<meta property=\"og:title\" content=\"FLUX CARE A\/SHP 240ML CAMOMILLE ET FLEUR DE MIEL - Cosmetic Store\" \/>\n<meta property=\"og:description\" content=\"Le Soin d\u00e9m\u00ealant FLUX CARE associe la Camomille, reconnue pour ses propri\u00e9t\u00e9s \u00e9claircissantes et adoucissantes au Miel de Fleurs r\u00e9put\u00e9\" \/>\n<meta property=\"og:url\" content=\"https:\/\/cosmeticstoredz.com\/ar\/product\/flux-care-a-shp-240ml-camomille-et-fleur-de-miel\/\" \/>\n<meta property=\"og:site_name\" content=\"Cosmetic Store\" \/>\n<meta property=\"article:publisher\" content=\"https:\/\/www.facebook.com\/profile.php?id=61564954260683\" \/>\n<meta property=\"article:modified_time\" content=\"2026-03-30T19:26:29+00:00\" \/>\n<meta property=\"og:image\" content=\"https:\/\/cosmeticstoredz.com\/wp-content\/uploads\/2026\/02\/Ajouter-un-titre-38.png\" \/>\n\t<meta property=\"og:image:width\" content=\"500\" \/>\n\t<meta property=\"og:image:height\" content=\"500\" \/>\n\t<meta property=\"og:image:type\" content=\"image\/png\" \/>\n<meta name=\"twitter:card\" content=\"summary_large_image\" \/>\n<script type=\"application\/ld+json\" class=\"yoast-schema-graph\">{\"@context\":\"https:\\\/\\\/schema.org\",\"@graph\":[{\"@type\":\"WebPage\",\"@id\":\"https:\\\/\\\/cosmeticstoredz.com\\\/produit\\\/flux-care-a-shp-240ml-camomille-et-fleur-de-miel\\\/\",\"url\":\"https:\\\/\\\/cosmeticstoredz.com\\\/produit\\\/flux-care-a-shp-240ml-camomille-et-fleur-de-miel\\\/\",\"name\":\"FLUX CARE A\\\/SHP 240ML CAMOMILLE ET FLEUR DE MIEL - Cosmetic Store\",\"isPartOf\":{\"@id\":\"https:\\\/\\\/cosmeticstoredz.com\\\/#website\"},\"primaryImageOfPage\":{\"@id\":\"https:\\\/\\\/cosmeticstoredz.com\\\/produit\\\/flux-care-a-shp-240ml-camomille-et-fleur-de-miel\\\/#primaryimage\"},\"image\":{\"@id\":\"https:\\\/\\\/cosmeticstoredz.com\\\/produit\\\/flux-care-a-shp-240ml-camomille-et-fleur-de-miel\\\/#primaryimage\"},\"thumbnailUrl\":\"https:\\\/\\\/cosmeticstoredz.com\\\/wp-content\\\/uploads\\\/2026\\\/02\\\/Ajouter-un-titre-38.png\",\"datePublished\":\"2025-06-04T18:30:36+00:00\",\"dateModified\":\"2026-03-30T19:26:29+00:00\",\"breadcrumb\":{\"@id\":\"https:\\\/\\\/cosmeticstoredz.com\\\/produit\\\/flux-care-a-shp-240ml-camomille-et-fleur-de-miel\\\/#breadcrumb\"},\"inLanguage\":\"ar\",\"potentialAction\":[{\"@type\":\"ReadAction\",\"target\":[\"https:\\\/\\\/cosmeticstoredz.com\\\/produit\\\/flux-care-a-shp-240ml-camomille-et-fleur-de-miel\\\/\"]}]},{\"@type\":\"ImageObject\",\"inLanguage\":\"ar\",\"@id\":\"https:\\\/\\\/cosmeticstoredz.com\\\/produit\\\/flux-care-a-shp-240ml-camomille-et-fleur-de-miel\\\/#primaryimage\",\"url\":\"https:\\\/\\\/cosmeticstoredz.com\\\/wp-content\\\/uploads\\\/2026\\\/02\\\/Ajouter-un-titre-38.png\",\"contentUrl\":\"https:\\\/\\\/cosmeticstoredz.com\\\/wp-content\\\/uploads\\\/2026\\\/02\\\/Ajouter-un-titre-38.png\",\"width\":500,\"height\":500},{\"@type\":\"BreadcrumbList\",\"@id\":\"https:\\\/\\\/cosmeticstoredz.com\\\/produit\\\/flux-care-a-shp-240ml-camomille-et-fleur-de-miel\\\/#breadcrumb\",\"itemListElement\":[{\"@type\":\"ListItem\",\"position\":1,\"name\":\"Accueil\",\"item\":\"https:\\\/\\\/cosmeticstoredz.com\\\/\"},{\"@type\":\"ListItem\",\"position\":2,\"name\":\"Boutique\",\"item\":\"https:\\\/\\\/cosmeticstoredz.com\\\/boutique\\\/\"},{\"@type\":\"ListItem\",\"position\":3,\"name\":\"FLUX CARE A\\\/SHP 240ML CAMOMILLE ET FLEUR DE MIEL\"}]},{\"@type\":\"WebSite\",\"@id\":\"https:\\\/\\\/cosmeticstoredz.com\\\/#website\",\"url\":\"https:\\\/\\\/cosmeticstoredz.com\\\/\",\"name\":\"Cosmetic Store\",\"description\":\"\",\"publisher\":{\"@id\":\"https:\\\/\\\/cosmeticstoredz.com\\\/#organization\"},\"potentialAction\":[{\"@type\":\"SearchAction\",\"target\":{\"@type\":\"EntryPoint\",\"urlTemplate\":\"https:\\\/\\\/cosmeticstoredz.com\\\/?s={search_term_string}\"},\"query-input\":{\"@type\":\"PropertyValueSpecification\",\"valueRequired\":true,\"valueName\":\"search_term_string\"}}],\"inLanguage\":\"ar\"},{\"@type\":\"Organization\",\"@id\":\"https:\\\/\\\/cosmeticstoredz.com\\\/#organization\",\"name\":\"Cosmetic Store\",\"url\":\"https:\\\/\\\/cosmeticstoredz.com\\\/\",\"logo\":{\"@type\":\"ImageObject\",\"inLanguage\":\"ar\",\"@id\":\"https:\\\/\\\/cosmeticstoredz.com\\\/#\\\/schema\\\/logo\\\/image\\\/\",\"url\":\"https:\\\/\\\/cosmeticstoredz.com\\\/wp-content\\\/uploads\\\/2026\\\/02\\\/cropped-LOGO_CS-512x512-1-1-e1771275285345.webp\",\"contentUrl\":\"https:\\\/\\\/cosmeticstoredz.com\\\/wp-content\\\/uploads\\\/2026\\\/02\\\/cropped-LOGO_CS-512x512-1-1-e1771275285345.webp\",\"width\":265,\"height\":319,\"caption\":\"Cosmetic Store\"},\"image\":{\"@id\":\"https:\\\/\\\/cosmeticstoredz.com\\\/#\\\/schema\\\/logo\\\/image\\\/\"},\"sameAs\":[\"https:\\\/\\\/www.facebook.com\\\/profile.php?id=61564954260683\",\"https:\\\/\\\/www.instagram.com\\\/cosmetic.storedz\\\/\"]}]}<\/script>\n<!-- \/ Yoast SEO plugin. -->","yoast_head_json":{"title":"FLUX CARE A\/SHP 240ML CAMOMILLE ET FLEUR DE MIEL - Cosmetic Store","robots":{"index":"index","follow":"follow","max-snippet":"max-snippet:-1","max-image-preview":"max-image-preview:large","max-video-preview":"max-video-preview:-1"},"canonical":"https:\/\/cosmeticstoredz.com\/ar\/product\/flux-care-a-shp-240ml-camomille-et-fleur-de-miel\/","og_locale":"ar_AR","og_type":"article","og_title":"FLUX CARE A\/SHP 240ML CAMOMILLE ET FLEUR DE MIEL - Cosmetic Store","og_description":"Le Soin d\u00e9m\u00ealant FLUX CARE associe la Camomille, reconnue pour ses propri\u00e9t\u00e9s \u00e9claircissantes et adoucissantes au Miel de Fleurs r\u00e9put\u00e9","og_url":"https:\/\/cosmeticstoredz.com\/ar\/product\/flux-care-a-shp-240ml-camomille-et-fleur-de-miel\/","og_site_name":"Cosmetic Store","article_publisher":"https:\/\/www.facebook.com\/profile.php?id=61564954260683","article_modified_time":"2026-03-30T19:26:29+00:00","og_image":[{"width":500,"height":500,"url":"https:\/\/cosmeticstoredz.com\/wp-content\/uploads\/2026\/02\/Ajouter-un-titre-38.png","type":"image\/png"}],"twitter_card":"summary_large_image","schema":{"@context":"https:\/\/schema.org","@graph":[{"@type":"WebPage","@id":"https:\/\/cosmeticstoredz.com\/produit\/flux-care-a-shp-240ml-camomille-et-fleur-de-miel\/","url":"https:\/\/cosmeticstoredz.com\/produit\/flux-care-a-shp-240ml-camomille-et-fleur-de-miel\/","name":"FLUX CARE A\/SHP 240ML CAMOMILLE ET FLEUR DE MIEL - Cosmetic Store","isPartOf":{"@id":"https:\/\/cosmeticstoredz.com\/#website"},"primaryImageOfPage":{"@id":"https:\/\/cosmeticstoredz.com\/produit\/flux-care-a-shp-240ml-camomille-et-fleur-de-miel\/#primaryimage"},"image":{"@id":"https:\/\/cosmeticstoredz.com\/produit\/flux-care-a-shp-240ml-camomille-et-fleur-de-miel\/#primaryimage"},"thumbnailUrl":"https:\/\/cosmeticstoredz.com\/wp-content\/uploads\/2026\/02\/Ajouter-un-titre-38.png","datePublished":"2025-06-04T18:30:36+00:00","dateModified":"2026-03-30T19:26:29+00:00","breadcrumb":{"@id":"https:\/\/cosmeticstoredz.com\/produit\/flux-care-a-shp-240ml-camomille-et-fleur-de-miel\/#breadcrumb"},"inLanguage":"ar","potentialAction":[{"@type":"ReadAction","target":["https:\/\/cosmeticstoredz.com\/produit\/flux-care-a-shp-240ml-camomille-et-fleur-de-miel\/"]}]},{"@type":"ImageObject","inLanguage":"ar","@id":"https:\/\/cosmeticstoredz.com\/produit\/flux-care-a-shp-240ml-camomille-et-fleur-de-miel\/#primaryimage","url":"https:\/\/cosmeticstoredz.com\/wp-content\/uploads\/2026\/02\/Ajouter-un-titre-38.png","contentUrl":"https:\/\/cosmeticstoredz.com\/wp-content\/uploads\/2026\/02\/Ajouter-un-titre-38.png","width":500,"height":500},{"@type":"BreadcrumbList","@id":"https:\/\/cosmeticstoredz.com\/produit\/flux-care-a-shp-240ml-camomille-et-fleur-de-miel\/#breadcrumb","itemListElement":[{"@type":"ListItem","position":1,"name":"Accueil","item":"https:\/\/cosmeticstoredz.com\/"},{"@type":"ListItem","position":2,"name":"Boutique","item":"https:\/\/cosmeticstoredz.com\/boutique\/"},{"@type":"ListItem","position":3,"name":"FLUX CARE A\/SHP 240ML CAMOMILLE ET FLEUR DE MIEL"}]},{"@type":"WebSite","@id":"https:\/\/cosmeticstoredz.com\/#website","url":"https:\/\/cosmeticstoredz.com\/","name":"Cosmetic Store","description":"","publisher":{"@id":"https:\/\/cosmeticstoredz.com\/#organization"},"potentialAction":[{"@type":"SearchAction","target":{"@type":"EntryPoint","urlTemplate":"https:\/\/cosmeticstoredz.com\/?s={search_term_string}"},"query-input":{"@type":"PropertyValueSpecification","valueRequired":true,"valueName":"search_term_string"}}],"inLanguage":"ar"},{"@type":"Organization","@id":"https:\/\/cosmeticstoredz.com\/#organization","name":"Cosmetic Store","url":"https:\/\/cosmeticstoredz.com\/","logo":{"@type":"ImageObject","inLanguage":"ar","@id":"https:\/\/cosmeticstoredz.com\/#\/schema\/logo\/image\/","url":"https:\/\/cosmeticstoredz.com\/wp-content\/uploads\/2026\/02\/cropped-LOGO_CS-512x512-1-1-e1771275285345.webp","contentUrl":"https:\/\/cosmeticstoredz.com\/wp-content\/uploads\/2026\/02\/cropped-LOGO_CS-512x512-1-1-e1771275285345.webp","width":265,"height":319,"caption":"Cosmetic Store"},"image":{"@id":"https:\/\/cosmeticstoredz.com\/#\/schema\/logo\/image\/"},"sameAs":["https:\/\/www.facebook.com\/profile.php?id=61564954260683","https:\/\/www.instagram.com\/cosmetic.storedz\/"]}]}},"_links":{"self":[{"href":"https:\/\/cosmeticstoredz.com\/ar\/wp-json\/wp\/v2\/product\/4637","targetHints":{"allow":["GET"]}}],"collection":[{"href":"https:\/\/cosmeticstoredz.com\/ar\/wp-json\/wp\/v2\/product"}],"about":[{"href":"https:\/\/cosmeticstoredz.com\/ar\/wp-json\/wp\/v2\/types\/product"}],"replies":[{"embeddable":true,"href":"https:\/\/cosmeticstoredz.com\/ar\/wp-json\/wp\/v2\/comments?post=4637"}],"version-history":[{"count":1,"href":"https:\/\/cosmeticstoredz.com\/ar\/wp-json\/wp\/v2\/product\/4637\/revisions"}],"predecessor-version":[{"id":18394,"href":"https:\/\/cosmeticstoredz.com\/ar\/wp-json\/wp\/v2\/product\/4637\/revisions\/18394"}],"wp:featuredmedia":[{"embeddable":true,"href":"https:\/\/cosmeticstoredz.com\/ar\/wp-json\/wp\/v2\/media\/18393"}],"wp:attachment":[{"href":"https:\/\/cosmeticstoredz.com\/ar\/wp-json\/wp\/v2\/media?parent=4637"}],"wp:term":[{"taxonomy":"product_brand","embeddable":true,"href":"https:\/\/cosmeticstoredz.com\/ar\/wp-json\/wp\/v2\/product_brand?post=4637"},{"taxonomy":"product_cat","embeddable":true,"href":"https:\/\/cosmeticstoredz.com\/ar\/wp-json\/wp\/v2\/product_cat?post=4637"},{"taxonomy":"product_tag","embeddable":true,"href":"https:\/\/cosmeticstoredz.com\/ar\/wp-json\/wp\/v2\/product_tag?post=4637"}],"curies":[{"name":"wp","href":"https:\/\/api.w.org\/{rel}","templated":true}]}}