{"id":4468,"date":"2025-06-04T18:29:51","date_gmt":"2025-06-04T18:29:51","guid":{"rendered":"https:\/\/test.fitnessworldgym27.com\/?post_type=product&#038;p=4468"},"modified":"2026-03-30T19:28:10","modified_gmt":"2026-03-30T19:28:10","slug":"vague-de-fraicheur-gel-douche-250ml-sensualite-exaltee","status":"publish","type":"product","link":"https:\/\/cosmeticstoredz.com\/ar\/product\/vague-de-fraicheur-gel-douche-250ml-sensualite-exaltee\/","title":{"rendered":"VAGUE DE FRAICHEUR GEL DOUCHE 250ML SENSUALITE EXALTEE"},"content":{"rendered":"","protected":false},"excerpt":{"rendered":"<p>Le <strong>Gel Douche \u00ab\u00a0Sensualit\u00e9 Exalt\u00e9e\u00a0\u00bb<\/strong> de la marque <strong>Vague de Fra\u00eecheur<\/strong> est con\u00e7u pour offrir une exp\u00e9rience de douche parfum\u00e9e et revitalisante. Bien que les d\u00e9tails sp\u00e9cifiques sur ce produit soient limit\u00e9s, la gamme de gels douche de Vague de Fra\u00eecheur est r\u00e9put\u00e9e pour ses parfums envo\u00fbtants et ses formules qui nettoient la peau en douceur tout en laissant une sensation de fra\u00eecheur durable.<\/p>","protected":false},"featured_media":18237,"comment_status":"open","ping_status":"closed","template":"","meta":[],"product_brand":[],"product_cat":[169,81,269],"product_tag":[],"class_list":{"0":"post-4468","1":"product","2":"type-product","3":"status-publish","4":"has-post-thumbnail","6":"product_cat-gel-douche-f","7":"product_cat-soin-corps-f","8":"product_cat-vague-de-fraicheur","10":"first","11":"instock","12":"shipping-taxable","13":"purchasable","14":"product-type-simple"},"yoast_head":"<!-- This site is optimized with the Yoast SEO plugin v27.3 - https:\/\/yoast.com\/product\/yoast-seo-wordpress\/ -->\n<title>VAGUE DE FRAICHEUR GEL DOUCHE 250ML SENSUALITE EXALTEE - Cosmetic Store<\/title>\n<meta name=\"robots\" content=\"index, follow, max-snippet:-1, max-image-preview:large, max-video-preview:-1\" \/>\n<link rel=\"canonical\" href=\"https:\/\/cosmeticstoredz.com\/ar\/product\/vague-de-fraicheur-gel-douche-250ml-sensualite-exaltee\/\" \/>\n<meta property=\"og:locale\" content=\"ar_AR\" \/>\n<meta property=\"og:type\" content=\"article\" \/>\n<meta property=\"og:title\" content=\"VAGUE DE FRAICHEUR GEL DOUCHE 250ML SENSUALITE EXALTEE - Cosmetic Store\" \/>\n<meta property=\"og:description\" content=\"Le Gel Douche &quot;Sensualit\u00e9 Exalt\u00e9e&quot; de la marque Vague de Fra\u00eecheur est con\u00e7u pour offrir une exp\u00e9rience de douche parfum\u00e9e et revitalisante. Bien que les d\u00e9tails sp\u00e9cifiques sur ce produit soient limit\u00e9s, la gamme de gels douche de Vague de Fra\u00eecheur est r\u00e9put\u00e9e pour ses parfums envo\u00fbtants et ses formules qui nettoient la peau en douceur tout en laissant une sensation de fra\u00eecheur durable.\" \/>\n<meta property=\"og:url\" content=\"https:\/\/cosmeticstoredz.com\/ar\/product\/vague-de-fraicheur-gel-douche-250ml-sensualite-exaltee\/\" \/>\n<meta property=\"og:site_name\" content=\"Cosmetic Store\" \/>\n<meta property=\"article:publisher\" content=\"https:\/\/www.facebook.com\/profile.php?id=61564954260683\" \/>\n<meta property=\"article:modified_time\" content=\"2026-03-30T19:28:10+00:00\" \/>\n<meta property=\"og:image\" content=\"https:\/\/cosmeticstoredz.com\/wp-content\/uploads\/2026\/02\/CC-59-4.png\" \/>\n\t<meta property=\"og:image:width\" content=\"500\" \/>\n\t<meta property=\"og:image:height\" content=\"500\" \/>\n\t<meta property=\"og:image:type\" content=\"image\/png\" \/>\n<meta name=\"twitter:card\" content=\"summary_large_image\" \/>\n<script type=\"application\/ld+json\" class=\"yoast-schema-graph\">{\"@context\":\"https:\\\/\\\/schema.org\",\"@graph\":[{\"@type\":\"WebPage\",\"@id\":\"https:\\\/\\\/cosmeticstoredz.com\\\/produit\\\/vague-de-fraicheur-gel-douche-250ml-sensualite-exaltee\\\/\",\"url\":\"https:\\\/\\\/cosmeticstoredz.com\\\/produit\\\/vague-de-fraicheur-gel-douche-250ml-sensualite-exaltee\\\/\",\"name\":\"VAGUE DE FRAICHEUR GEL DOUCHE 250ML SENSUALITE EXALTEE - Cosmetic Store\",\"isPartOf\":{\"@id\":\"https:\\\/\\\/cosmeticstoredz.com\\\/#website\"},\"primaryImageOfPage\":{\"@id\":\"https:\\\/\\\/cosmeticstoredz.com\\\/produit\\\/vague-de-fraicheur-gel-douche-250ml-sensualite-exaltee\\\/#primaryimage\"},\"image\":{\"@id\":\"https:\\\/\\\/cosmeticstoredz.com\\\/produit\\\/vague-de-fraicheur-gel-douche-250ml-sensualite-exaltee\\\/#primaryimage\"},\"thumbnailUrl\":\"https:\\\/\\\/cosmeticstoredz.com\\\/wp-content\\\/uploads\\\/2026\\\/02\\\/CC-59-4.png\",\"datePublished\":\"2025-06-04T18:29:51+00:00\",\"dateModified\":\"2026-03-30T19:28:10+00:00\",\"breadcrumb\":{\"@id\":\"https:\\\/\\\/cosmeticstoredz.com\\\/produit\\\/vague-de-fraicheur-gel-douche-250ml-sensualite-exaltee\\\/#breadcrumb\"},\"inLanguage\":\"ar\",\"potentialAction\":[{\"@type\":\"ReadAction\",\"target\":[\"https:\\\/\\\/cosmeticstoredz.com\\\/produit\\\/vague-de-fraicheur-gel-douche-250ml-sensualite-exaltee\\\/\"]}]},{\"@type\":\"ImageObject\",\"inLanguage\":\"ar\",\"@id\":\"https:\\\/\\\/cosmeticstoredz.com\\\/produit\\\/vague-de-fraicheur-gel-douche-250ml-sensualite-exaltee\\\/#primaryimage\",\"url\":\"https:\\\/\\\/cosmeticstoredz.com\\\/wp-content\\\/uploads\\\/2026\\\/02\\\/CC-59-4.png\",\"contentUrl\":\"https:\\\/\\\/cosmeticstoredz.com\\\/wp-content\\\/uploads\\\/2026\\\/02\\\/CC-59-4.png\",\"width\":500,\"height\":500},{\"@type\":\"BreadcrumbList\",\"@id\":\"https:\\\/\\\/cosmeticstoredz.com\\\/produit\\\/vague-de-fraicheur-gel-douche-250ml-sensualite-exaltee\\\/#breadcrumb\",\"itemListElement\":[{\"@type\":\"ListItem\",\"position\":1,\"name\":\"Accueil\",\"item\":\"https:\\\/\\\/cosmeticstoredz.com\\\/\"},{\"@type\":\"ListItem\",\"position\":2,\"name\":\"Boutique\",\"item\":\"https:\\\/\\\/cosmeticstoredz.com\\\/boutique\\\/\"},{\"@type\":\"ListItem\",\"position\":3,\"name\":\"VAGUE DE FRAICHEUR GEL DOUCHE 250ML SENSUALITE EXALTEE\"}]},{\"@type\":\"WebSite\",\"@id\":\"https:\\\/\\\/cosmeticstoredz.com\\\/#website\",\"url\":\"https:\\\/\\\/cosmeticstoredz.com\\\/\",\"name\":\"Cosmetic Store\",\"description\":\"\",\"publisher\":{\"@id\":\"https:\\\/\\\/cosmeticstoredz.com\\\/#organization\"},\"potentialAction\":[{\"@type\":\"SearchAction\",\"target\":{\"@type\":\"EntryPoint\",\"urlTemplate\":\"https:\\\/\\\/cosmeticstoredz.com\\\/?s={search_term_string}\"},\"query-input\":{\"@type\":\"PropertyValueSpecification\",\"valueRequired\":true,\"valueName\":\"search_term_string\"}}],\"inLanguage\":\"ar\"},{\"@type\":\"Organization\",\"@id\":\"https:\\\/\\\/cosmeticstoredz.com\\\/#organization\",\"name\":\"Cosmetic Store\",\"url\":\"https:\\\/\\\/cosmeticstoredz.com\\\/\",\"logo\":{\"@type\":\"ImageObject\",\"inLanguage\":\"ar\",\"@id\":\"https:\\\/\\\/cosmeticstoredz.com\\\/#\\\/schema\\\/logo\\\/image\\\/\",\"url\":\"https:\\\/\\\/cosmeticstoredz.com\\\/wp-content\\\/uploads\\\/2026\\\/02\\\/cropped-LOGO_CS-512x512-1-1-e1771275285345.webp\",\"contentUrl\":\"https:\\\/\\\/cosmeticstoredz.com\\\/wp-content\\\/uploads\\\/2026\\\/02\\\/cropped-LOGO_CS-512x512-1-1-e1771275285345.webp\",\"width\":265,\"height\":319,\"caption\":\"Cosmetic Store\"},\"image\":{\"@id\":\"https:\\\/\\\/cosmeticstoredz.com\\\/#\\\/schema\\\/logo\\\/image\\\/\"},\"sameAs\":[\"https:\\\/\\\/www.facebook.com\\\/profile.php?id=61564954260683\",\"https:\\\/\\\/www.instagram.com\\\/cosmetic.storedz\\\/\"]}]}<\/script>\n<!-- \/ Yoast SEO plugin. -->","yoast_head_json":{"title":"VAGUE DE FRAICHEUR GEL DOUCHE 250ML SENSUALITE EXALTEE - Cosmetic Store","robots":{"index":"index","follow":"follow","max-snippet":"max-snippet:-1","max-image-preview":"max-image-preview:large","max-video-preview":"max-video-preview:-1"},"canonical":"https:\/\/cosmeticstoredz.com\/ar\/product\/vague-de-fraicheur-gel-douche-250ml-sensualite-exaltee\/","og_locale":"ar_AR","og_type":"article","og_title":"VAGUE DE FRAICHEUR GEL DOUCHE 250ML SENSUALITE EXALTEE - Cosmetic Store","og_description":"Le Gel Douche \"Sensualit\u00e9 Exalt\u00e9e\" de la marque Vague de Fra\u00eecheur est con\u00e7u pour offrir une exp\u00e9rience de douche parfum\u00e9e et revitalisante. Bien que les d\u00e9tails sp\u00e9cifiques sur ce produit soient limit\u00e9s, la gamme de gels douche de Vague de Fra\u00eecheur est r\u00e9put\u00e9e pour ses parfums envo\u00fbtants et ses formules qui nettoient la peau en douceur tout en laissant une sensation de fra\u00eecheur durable.","og_url":"https:\/\/cosmeticstoredz.com\/ar\/product\/vague-de-fraicheur-gel-douche-250ml-sensualite-exaltee\/","og_site_name":"Cosmetic Store","article_publisher":"https:\/\/www.facebook.com\/profile.php?id=61564954260683","article_modified_time":"2026-03-30T19:28:10+00:00","og_image":[{"width":500,"height":500,"url":"https:\/\/cosmeticstoredz.com\/wp-content\/uploads\/2026\/02\/CC-59-4.png","type":"image\/png"}],"twitter_card":"summary_large_image","schema":{"@context":"https:\/\/schema.org","@graph":[{"@type":"WebPage","@id":"https:\/\/cosmeticstoredz.com\/produit\/vague-de-fraicheur-gel-douche-250ml-sensualite-exaltee\/","url":"https:\/\/cosmeticstoredz.com\/produit\/vague-de-fraicheur-gel-douche-250ml-sensualite-exaltee\/","name":"VAGUE DE FRAICHEUR GEL DOUCHE 250ML SENSUALITE EXALTEE - Cosmetic Store","isPartOf":{"@id":"https:\/\/cosmeticstoredz.com\/#website"},"primaryImageOfPage":{"@id":"https:\/\/cosmeticstoredz.com\/produit\/vague-de-fraicheur-gel-douche-250ml-sensualite-exaltee\/#primaryimage"},"image":{"@id":"https:\/\/cosmeticstoredz.com\/produit\/vague-de-fraicheur-gel-douche-250ml-sensualite-exaltee\/#primaryimage"},"thumbnailUrl":"https:\/\/cosmeticstoredz.com\/wp-content\/uploads\/2026\/02\/CC-59-4.png","datePublished":"2025-06-04T18:29:51+00:00","dateModified":"2026-03-30T19:28:10+00:00","breadcrumb":{"@id":"https:\/\/cosmeticstoredz.com\/produit\/vague-de-fraicheur-gel-douche-250ml-sensualite-exaltee\/#breadcrumb"},"inLanguage":"ar","potentialAction":[{"@type":"ReadAction","target":["https:\/\/cosmeticstoredz.com\/produit\/vague-de-fraicheur-gel-douche-250ml-sensualite-exaltee\/"]}]},{"@type":"ImageObject","inLanguage":"ar","@id":"https:\/\/cosmeticstoredz.com\/produit\/vague-de-fraicheur-gel-douche-250ml-sensualite-exaltee\/#primaryimage","url":"https:\/\/cosmeticstoredz.com\/wp-content\/uploads\/2026\/02\/CC-59-4.png","contentUrl":"https:\/\/cosmeticstoredz.com\/wp-content\/uploads\/2026\/02\/CC-59-4.png","width":500,"height":500},{"@type":"BreadcrumbList","@id":"https:\/\/cosmeticstoredz.com\/produit\/vague-de-fraicheur-gel-douche-250ml-sensualite-exaltee\/#breadcrumb","itemListElement":[{"@type":"ListItem","position":1,"name":"Accueil","item":"https:\/\/cosmeticstoredz.com\/"},{"@type":"ListItem","position":2,"name":"Boutique","item":"https:\/\/cosmeticstoredz.com\/boutique\/"},{"@type":"ListItem","position":3,"name":"VAGUE DE FRAICHEUR GEL DOUCHE 250ML SENSUALITE EXALTEE"}]},{"@type":"WebSite","@id":"https:\/\/cosmeticstoredz.com\/#website","url":"https:\/\/cosmeticstoredz.com\/","name":"Cosmetic Store","description":"","publisher":{"@id":"https:\/\/cosmeticstoredz.com\/#organization"},"potentialAction":[{"@type":"SearchAction","target":{"@type":"EntryPoint","urlTemplate":"https:\/\/cosmeticstoredz.com\/?s={search_term_string}"},"query-input":{"@type":"PropertyValueSpecification","valueRequired":true,"valueName":"search_term_string"}}],"inLanguage":"ar"},{"@type":"Organization","@id":"https:\/\/cosmeticstoredz.com\/#organization","name":"Cosmetic Store","url":"https:\/\/cosmeticstoredz.com\/","logo":{"@type":"ImageObject","inLanguage":"ar","@id":"https:\/\/cosmeticstoredz.com\/#\/schema\/logo\/image\/","url":"https:\/\/cosmeticstoredz.com\/wp-content\/uploads\/2026\/02\/cropped-LOGO_CS-512x512-1-1-e1771275285345.webp","contentUrl":"https:\/\/cosmeticstoredz.com\/wp-content\/uploads\/2026\/02\/cropped-LOGO_CS-512x512-1-1-e1771275285345.webp","width":265,"height":319,"caption":"Cosmetic Store"},"image":{"@id":"https:\/\/cosmeticstoredz.com\/#\/schema\/logo\/image\/"},"sameAs":["https:\/\/www.facebook.com\/profile.php?id=61564954260683","https:\/\/www.instagram.com\/cosmetic.storedz\/"]}]}},"_links":{"self":[{"href":"https:\/\/cosmeticstoredz.com\/ar\/wp-json\/wp\/v2\/product\/4468","targetHints":{"allow":["GET"]}}],"collection":[{"href":"https:\/\/cosmeticstoredz.com\/ar\/wp-json\/wp\/v2\/product"}],"about":[{"href":"https:\/\/cosmeticstoredz.com\/ar\/wp-json\/wp\/v2\/types\/product"}],"replies":[{"embeddable":true,"href":"https:\/\/cosmeticstoredz.com\/ar\/wp-json\/wp\/v2\/comments?post=4468"}],"version-history":[{"count":1,"href":"https:\/\/cosmeticstoredz.com\/ar\/wp-json\/wp\/v2\/product\/4468\/revisions"}],"predecessor-version":[{"id":18238,"href":"https:\/\/cosmeticstoredz.com\/ar\/wp-json\/wp\/v2\/product\/4468\/revisions\/18238"}],"wp:featuredmedia":[{"embeddable":true,"href":"https:\/\/cosmeticstoredz.com\/ar\/wp-json\/wp\/v2\/media\/18237"}],"wp:attachment":[{"href":"https:\/\/cosmeticstoredz.com\/ar\/wp-json\/wp\/v2\/media?parent=4468"}],"wp:term":[{"taxonomy":"product_brand","embeddable":true,"href":"https:\/\/cosmeticstoredz.com\/ar\/wp-json\/wp\/v2\/product_brand?post=4468"},{"taxonomy":"product_cat","embeddable":true,"href":"https:\/\/cosmeticstoredz.com\/ar\/wp-json\/wp\/v2\/product_cat?post=4468"},{"taxonomy":"product_tag","embeddable":true,"href":"https:\/\/cosmeticstoredz.com\/ar\/wp-json\/wp\/v2\/product_tag?post=4468"}],"curies":[{"name":"wp","href":"https:\/\/api.w.org\/{rel}","templated":true}]}}