{"id":4429,"date":"2025-06-04T18:29:29","date_gmt":"2025-06-04T18:29:29","guid":{"rendered":"https:\/\/test.fitnessworldgym27.com\/?post_type=product&#038;p=4429"},"modified":"2026-03-30T19:25:50","modified_gmt":"2026-03-30T19:25:50","slug":"venus-rituel-micellaire-au-pamplemousse","status":"publish","type":"product","link":"https:\/\/cosmeticstoredz.com\/ar\/product\/venus-rituel-micellaire-au-pamplemousse\/","title":{"rendered":"VENUS RITUEL MICELLAIRE AU PAMPLEMOUSSE"},"content":{"rendered":"<h1>VENUS RITUEL MICELLAIRE AU PAMPLEMOUSSE<\/h1>\n<p>Le shampooing Venus Rituel Micellaire au pamplemousse offre une exp\u00e9rience de nettoyage en profondeur tout en douceur pour vos cheveux. Formul\u00e9 avec la technologie micellaire, il capture et \u00e9limine les impuret\u00e9s, l&rsquo;exc\u00e8s de s\u00e9bum et les r\u00e9sidus de produits coiffants sans alourdir les cheveu<\/p>","protected":false},"excerpt":{"rendered":"<h1>VENUS RITUEL MICELLAIRE AU PAMPLEMOUSSE<\/h1>\n<p>Le shampooing Venus Rituel Micellaire au pamplemousse offre une exp\u00e9rience de nettoyage en profondeur tout en douceur pour vos cheveux. Formul\u00e9 avec la technologie micellaire, il capture et \u00e9limine les impuret\u00e9s, l&rsquo;exc\u00e8s de s\u00e9bum et les r\u00e9sidus de produits coiffants sans alourdir les cheveu<\/p>","protected":false},"featured_media":18199,"comment_status":"open","ping_status":"closed","template":"","meta":[],"product_brand":[],"product_cat":[75,72,111,159,95,92,272],"product_tag":[],"class_list":{"0":"post-4429","1":"product","2":"type-product","3":"status-publish","4":"has-post-thumbnail","6":"product_cat-femme","7":"product_cat-homme","8":"product_cat-shampoing-f","9":"product_cat-shampoing-h","10":"product_cat-soin-cheveux-f","11":"product_cat-soin-cheveux-h","12":"product_cat-venus","14":"first","15":"outofstock","16":"shipping-taxable","17":"purchasable","18":"product-type-simple"},"_links":{"self":[{"href":"https:\/\/cosmeticstoredz.com\/ar\/wp-json\/wp\/v2\/product\/4429","targetHints":{"allow":["GET"]}}],"collection":[{"href":"https:\/\/cosmeticstoredz.com\/ar\/wp-json\/wp\/v2\/product"}],"about":[{"href":"https:\/\/cosmeticstoredz.com\/ar\/wp-json\/wp\/v2\/types\/product"}],"replies":[{"embeddable":true,"href":"https:\/\/cosmeticstoredz.com\/ar\/wp-json\/wp\/v2\/comments?post=4429"}],"version-history":[{"count":1,"href":"https:\/\/cosmeticstoredz.com\/ar\/wp-json\/wp\/v2\/product\/4429\/revisions"}],"predecessor-version":[{"id":18200,"href":"https:\/\/cosmeticstoredz.com\/ar\/wp-json\/wp\/v2\/product\/4429\/revisions\/18200"}],"wp:featuredmedia":[{"embeddable":true,"href":"https:\/\/cosmeticstoredz.com\/ar\/wp-json\/wp\/v2\/media\/18199"}],"wp:attachment":[{"href":"https:\/\/cosmeticstoredz.com\/ar\/wp-json\/wp\/v2\/media?parent=4429"}],"wp:term":[{"taxonomy":"product_brand","embeddable":true,"href":"https:\/\/cosmeticstoredz.com\/ar\/wp-json\/wp\/v2\/product_brand?post=4429"},{"taxonomy":"product_cat","embeddable":true,"href":"https:\/\/cosmeticstoredz.com\/ar\/wp-json\/wp\/v2\/product_cat?post=4429"},{"taxonomy":"product_tag","embeddable":true,"href":"https:\/\/cosmeticstoredz.com\/ar\/wp-json\/wp\/v2\/product_tag?post=4429"}],"curies":[{"name":"wp","href":"https:\/\/api.w.org\/{rel}","templated":true}]}}