{"id":4370,"date":"2025-06-04T18:29:00","date_gmt":"2025-06-04T18:29:00","guid":{"rendered":"https:\/\/test.fitnessworldgym27.com\/?post_type=product&#038;p=4370"},"modified":"2026-03-30T19:24:36","modified_gmt":"2026-03-30T19:24:36","slug":"head-shoulders-2en-1-mentol","status":"publish","type":"product","link":"https:\/\/cosmeticstoredz.com\/ar\/product\/head-shoulders-2en-1-mentol\/","title":{"rendered":"HEAD &#038; SHOULDERS 2EN 1 MENTOL"},"content":{"rendered":"","protected":false},"excerpt":{"rendered":"<ul class=\"sc-w3lm7z-3 imVQzT\">\n<li>\n<p class=\"sc-w3lm7z-2 iGvTyW\">PROTECTION ET PR\u00c9VENTION EFFICACES CONTRE LES PELLICULES. Jusqu&rsquo;\u00e0 100% des Pellicules \u00c9limin\u00e9es*. R\u00e9sultat cliniquement prouv\u00e9<\/p>\n<\/li>\n<li>\n<p class=\"sc-w3lm7z-2 iGvTyW\">CHEVEUX DOUX ET BRILLANTS. Cette formule contient 25% d&rsquo;agents nourrissants suppl\u00e9mentaires par rapport au shampoing Head and Shoulders classique, pour des cheveux doux et brillants<\/p>\n<\/li>\n<li>\n<p class=\"sc-w3lm7z-2 iGvTyW\">\u00c0 UTILISER QUOTIDIENNEMENT POUR DE MEILLEURS R\u00c9SULTATS. Shampoing apr\u00e8s shampoing, il am\u00e9liore l&rsquo;hydratation du cuir chevelu, tout en att\u00e9nuant les probl\u00e8mes du cuir chevelu, pour des cheveux et un cuir chevelu sans pellicules<\/p>\n<\/li>\n<\/ul>","protected":false},"featured_media":18133,"comment_status":"closed","ping_status":"closed","template":"","meta":[],"product_brand":[],"product_cat":[160,192,75,313,72,111,159,95,92],"product_tag":[],"class_list":{"0":"post-4370","1":"product","2":"type-product","3":"status-publish","4":"has-post-thumbnail","6":"product_cat-apres-shampoing-f","7":"product_cat-apres-shampoing-h","8":"product_cat-femme","9":"product_cat-head-shoulders","10":"product_cat-homme","11":"product_cat-shampoing-f","12":"product_cat-shampoing-h","13":"product_cat-soin-cheveux-f","14":"product_cat-soin-cheveux-h","16":"first","17":"outofstock","18":"shipping-taxable","19":"purchasable","20":"product-type-simple"},"_links":{"self":[{"href":"https:\/\/cosmeticstoredz.com\/ar\/wp-json\/wp\/v2\/product\/4370","targetHints":{"allow":["GET"]}}],"collection":[{"href":"https:\/\/cosmeticstoredz.com\/ar\/wp-json\/wp\/v2\/product"}],"about":[{"href":"https:\/\/cosmeticstoredz.com\/ar\/wp-json\/wp\/v2\/types\/product"}],"replies":[{"embeddable":true,"href":"https:\/\/cosmeticstoredz.com\/ar\/wp-json\/wp\/v2\/comments?post=4370"}],"version-history":[{"count":1,"href":"https:\/\/cosmeticstoredz.com\/ar\/wp-json\/wp\/v2\/product\/4370\/revisions"}],"predecessor-version":[{"id":18134,"href":"https:\/\/cosmeticstoredz.com\/ar\/wp-json\/wp\/v2\/product\/4370\/revisions\/18134"}],"wp:featuredmedia":[{"embeddable":true,"href":"https:\/\/cosmeticstoredz.com\/ar\/wp-json\/wp\/v2\/media\/18133"}],"wp:attachment":[{"href":"https:\/\/cosmeticstoredz.com\/ar\/wp-json\/wp\/v2\/media?parent=4370"}],"wp:term":[{"taxonomy":"product_brand","embeddable":true,"href":"https:\/\/cosmeticstoredz.com\/ar\/wp-json\/wp\/v2\/product_brand?post=4370"},{"taxonomy":"product_cat","embeddable":true,"href":"https:\/\/cosmeticstoredz.com\/ar\/wp-json\/wp\/v2\/product_cat?post=4370"},{"taxonomy":"product_tag","embeddable":true,"href":"https:\/\/cosmeticstoredz.com\/ar\/wp-json\/wp\/v2\/product_tag?post=4370"}],"curies":[{"name":"wp","href":"https:\/\/api.w.org\/{rel}","templated":true}]}}