{"id":4364,"date":"2025-06-04T18:29:00","date_gmt":"2025-06-04T18:29:00","guid":{"rendered":"https:\/\/test.fitnessworldgym27.com\/?post_type=product&#038;p=4364"},"modified":"2026-04-18T19:18:45","modified_gmt":"2026-04-18T19:18:45","slug":"nivea-deodorant-150ml-fresh-natural","status":"publish","type":"product","link":"https:\/\/cosmeticstoredz.com\/ar\/product\/nivea-deodorant-150ml-fresh-natural\/","title":{"rendered":"NIVEA DEODORANT 150ML FRESH NATURAL"},"content":{"rendered":"","protected":false},"excerpt":{"rendered":"<div class=\"card aim -mtm\">\n<div class=\"markup -mhm -pvl -oxa -sc\">Le d\u00e9odorant FRESH NATURAL O\u00b2 vous offre une sensation de fra\u00eecheur longue dur\u00e9e et lutte contre les bact\u00e9ries responsables des odeurs. Il s\u00e8che rapidement sur votre peau et vous offre une protection pendant 48h. Le secret se trouve dans la formule unique NIVEA \u221e INFINIFRESH : Gr\u00e2ce \u00e0 son pouvoir anti-bact\u00e9rien, elle ne se contente pas de masquer les odeurs, mais \u00e9limine les bact\u00e9ries avant m\u00eame que les mauvaises odeurs ne puissent appara\u00eetre. D\u00e9couvrez un parfum frais gr\u00e2ce \u00e0 l&rsquo;extrait d&rsquo;oc\u00e9an et une protection d\u00e9odorante qui prend soin de votre peau.<\/div>\n<\/div>\n<section class=\"card aim -mtm -fs16\">\n<div id=\"specifications\" class=\"hook\"><\/div>\n<header class=\"-pvs -bb\"><\/header>\n<\/section>","protected":false},"featured_media":18121,"comment_status":"open","ping_status":"closed","template":"","meta":[],"product_brand":[],"product_cat":[79,85,75,72,244,78,84],"product_tag":[],"class_list":{"0":"post-4364","1":"product","2":"type-product","3":"status-publish","4":"has-post-thumbnail","6":"product_cat-deodorant-f","7":"product_cat-deodorant-h","8":"product_cat-femme","9":"product_cat-homme","10":"product_cat-nivea","11":"product_cat-parfum-f","12":"product_cat-parfum-h","14":"first","15":"outofstock","16":"shipping-taxable","17":"purchasable","18":"product-type-simple"},"yoast_head":"<!-- This site is optimized with the Yoast SEO plugin v27.3 - https:\/\/yoast.com\/product\/yoast-seo-wordpress\/ -->\n<title>NIVEA DEODORANT 150ML FRESH NATURAL - Cosmetic Store<\/title>\n<meta name=\"robots\" content=\"index, follow, max-snippet:-1, max-image-preview:large, max-video-preview:-1\" \/>\n<link rel=\"canonical\" href=\"https:\/\/cosmeticstoredz.com\/ar\/product\/nivea-deodorant-150ml-fresh-natural\/\" \/>\n<meta property=\"og:locale\" content=\"ar_AR\" \/>\n<meta property=\"og:type\" content=\"article\" \/>\n<meta property=\"og:title\" content=\"NIVEA DEODORANT 150ML FRESH NATURAL - Cosmetic Store\" \/>\n<meta property=\"og:description\" content=\"Le d\u00e9odorant FRESH NATURAL O\u00b2 vous offre une sensation de fra\u00eecheur longue dur\u00e9e et lutte contre les bact\u00e9ries responsables des odeurs. Il s\u00e8che rapidement sur votre peau et vous offre une protection pendant 48h. Le secret se trouve dans la formule unique NIVEA \u221e INFINIFRESH : Gr\u00e2ce \u00e0 son pouvoir anti-bact\u00e9rien, elle ne se contente pas de masquer les odeurs, mais \u00e9limine les bact\u00e9ries avant m\u00eame que les mauvaises odeurs ne puissent appara\u00eetre. D\u00e9couvrez un parfum frais gr\u00e2ce \u00e0 l&#039;extrait d&#039;oc\u00e9an et une protection d\u00e9odorante qui prend soin de votre peau.\" \/>\n<meta property=\"og:url\" content=\"https:\/\/cosmeticstoredz.com\/ar\/product\/nivea-deodorant-150ml-fresh-natural\/\" \/>\n<meta property=\"og:site_name\" content=\"Cosmetic Store\" \/>\n<meta property=\"article:publisher\" content=\"https:\/\/www.facebook.com\/profile.php?id=61564954260683\" \/>\n<meta property=\"article:modified_time\" content=\"2026-04-18T19:18:45+00:00\" \/>\n<meta property=\"og:image\" content=\"https:\/\/cosmeticstoredz.com\/wp-content\/uploads\/2026\/02\/Cosmetic-2025-02-05T091246.668.png\" \/>\n\t<meta property=\"og:image:width\" content=\"500\" \/>\n\t<meta property=\"og:image:height\" content=\"500\" \/>\n\t<meta property=\"og:image:type\" content=\"image\/png\" \/>\n<meta name=\"twitter:card\" content=\"summary_large_image\" \/>\n<script type=\"application\/ld+json\" class=\"yoast-schema-graph\">{\"@context\":\"https:\\\/\\\/schema.org\",\"@graph\":[{\"@type\":\"WebPage\",\"@id\":\"https:\\\/\\\/cosmeticstoredz.com\\\/produit\\\/nivea-deodorant-150ml-fresh-natural\\\/\",\"url\":\"https:\\\/\\\/cosmeticstoredz.com\\\/produit\\\/nivea-deodorant-150ml-fresh-natural\\\/\",\"name\":\"NIVEA DEODORANT 150ML FRESH NATURAL - Cosmetic Store\",\"isPartOf\":{\"@id\":\"https:\\\/\\\/cosmeticstoredz.com\\\/#website\"},\"primaryImageOfPage\":{\"@id\":\"https:\\\/\\\/cosmeticstoredz.com\\\/produit\\\/nivea-deodorant-150ml-fresh-natural\\\/#primaryimage\"},\"image\":{\"@id\":\"https:\\\/\\\/cosmeticstoredz.com\\\/produit\\\/nivea-deodorant-150ml-fresh-natural\\\/#primaryimage\"},\"thumbnailUrl\":\"https:\\\/\\\/cosmeticstoredz.com\\\/wp-content\\\/uploads\\\/2026\\\/02\\\/Cosmetic-2025-02-05T091246.668.png\",\"datePublished\":\"2025-06-04T18:29:00+00:00\",\"dateModified\":\"2026-04-18T19:18:45+00:00\",\"breadcrumb\":{\"@id\":\"https:\\\/\\\/cosmeticstoredz.com\\\/produit\\\/nivea-deodorant-150ml-fresh-natural\\\/#breadcrumb\"},\"inLanguage\":\"ar\",\"potentialAction\":[{\"@type\":\"ReadAction\",\"target\":[\"https:\\\/\\\/cosmeticstoredz.com\\\/produit\\\/nivea-deodorant-150ml-fresh-natural\\\/\"]}]},{\"@type\":\"ImageObject\",\"inLanguage\":\"ar\",\"@id\":\"https:\\\/\\\/cosmeticstoredz.com\\\/produit\\\/nivea-deodorant-150ml-fresh-natural\\\/#primaryimage\",\"url\":\"https:\\\/\\\/cosmeticstoredz.com\\\/wp-content\\\/uploads\\\/2026\\\/02\\\/Cosmetic-2025-02-05T091246.668.png\",\"contentUrl\":\"https:\\\/\\\/cosmeticstoredz.com\\\/wp-content\\\/uploads\\\/2026\\\/02\\\/Cosmetic-2025-02-05T091246.668.png\",\"width\":500,\"height\":500},{\"@type\":\"BreadcrumbList\",\"@id\":\"https:\\\/\\\/cosmeticstoredz.com\\\/produit\\\/nivea-deodorant-150ml-fresh-natural\\\/#breadcrumb\",\"itemListElement\":[{\"@type\":\"ListItem\",\"position\":1,\"name\":\"Accueil\",\"item\":\"https:\\\/\\\/cosmeticstoredz.com\\\/\"},{\"@type\":\"ListItem\",\"position\":2,\"name\":\"Boutique\",\"item\":\"https:\\\/\\\/cosmeticstoredz.com\\\/boutique\\\/\"},{\"@type\":\"ListItem\",\"position\":3,\"name\":\"NIVEA DEODORANT 150ML FRESH NATURAL\"}]},{\"@type\":\"WebSite\",\"@id\":\"https:\\\/\\\/cosmeticstoredz.com\\\/#website\",\"url\":\"https:\\\/\\\/cosmeticstoredz.com\\\/\",\"name\":\"Cosmetic Store\",\"description\":\"\",\"publisher\":{\"@id\":\"https:\\\/\\\/cosmeticstoredz.com\\\/#organization\"},\"potentialAction\":[{\"@type\":\"SearchAction\",\"target\":{\"@type\":\"EntryPoint\",\"urlTemplate\":\"https:\\\/\\\/cosmeticstoredz.com\\\/?s={search_term_string}\"},\"query-input\":{\"@type\":\"PropertyValueSpecification\",\"valueRequired\":true,\"valueName\":\"search_term_string\"}}],\"inLanguage\":\"ar\"},{\"@type\":\"Organization\",\"@id\":\"https:\\\/\\\/cosmeticstoredz.com\\\/#organization\",\"name\":\"Cosmetic Store\",\"url\":\"https:\\\/\\\/cosmeticstoredz.com\\\/\",\"logo\":{\"@type\":\"ImageObject\",\"inLanguage\":\"ar\",\"@id\":\"https:\\\/\\\/cosmeticstoredz.com\\\/#\\\/schema\\\/logo\\\/image\\\/\",\"url\":\"https:\\\/\\\/cosmeticstoredz.com\\\/wp-content\\\/uploads\\\/2026\\\/02\\\/cropped-LOGO_CS-512x512-1-1-e1771275285345.webp\",\"contentUrl\":\"https:\\\/\\\/cosmeticstoredz.com\\\/wp-content\\\/uploads\\\/2026\\\/02\\\/cropped-LOGO_CS-512x512-1-1-e1771275285345.webp\",\"width\":265,\"height\":319,\"caption\":\"Cosmetic Store\"},\"image\":{\"@id\":\"https:\\\/\\\/cosmeticstoredz.com\\\/#\\\/schema\\\/logo\\\/image\\\/\"},\"sameAs\":[\"https:\\\/\\\/www.facebook.com\\\/profile.php?id=61564954260683\",\"https:\\\/\\\/www.instagram.com\\\/cosmetic.storedz\\\/\"]}]}<\/script>\n<!-- \/ Yoast SEO plugin. -->","yoast_head_json":{"title":"NIVEA DEODORANT 150ML FRESH NATURAL - Cosmetic Store","robots":{"index":"index","follow":"follow","max-snippet":"max-snippet:-1","max-image-preview":"max-image-preview:large","max-video-preview":"max-video-preview:-1"},"canonical":"https:\/\/cosmeticstoredz.com\/ar\/product\/nivea-deodorant-150ml-fresh-natural\/","og_locale":"ar_AR","og_type":"article","og_title":"NIVEA DEODORANT 150ML FRESH NATURAL - Cosmetic Store","og_description":"Le d\u00e9odorant FRESH NATURAL O\u00b2 vous offre une sensation de fra\u00eecheur longue dur\u00e9e et lutte contre les bact\u00e9ries responsables des odeurs. Il s\u00e8che rapidement sur votre peau et vous offre une protection pendant 48h. Le secret se trouve dans la formule unique NIVEA \u221e INFINIFRESH : Gr\u00e2ce \u00e0 son pouvoir anti-bact\u00e9rien, elle ne se contente pas de masquer les odeurs, mais \u00e9limine les bact\u00e9ries avant m\u00eame que les mauvaises odeurs ne puissent appara\u00eetre. D\u00e9couvrez un parfum frais gr\u00e2ce \u00e0 l'extrait d'oc\u00e9an et une protection d\u00e9odorante qui prend soin de votre peau.","og_url":"https:\/\/cosmeticstoredz.com\/ar\/product\/nivea-deodorant-150ml-fresh-natural\/","og_site_name":"Cosmetic Store","article_publisher":"https:\/\/www.facebook.com\/profile.php?id=61564954260683","article_modified_time":"2026-04-18T19:18:45+00:00","og_image":[{"width":500,"height":500,"url":"https:\/\/cosmeticstoredz.com\/wp-content\/uploads\/2026\/02\/Cosmetic-2025-02-05T091246.668.png","type":"image\/png"}],"twitter_card":"summary_large_image","schema":{"@context":"https:\/\/schema.org","@graph":[{"@type":"WebPage","@id":"https:\/\/cosmeticstoredz.com\/produit\/nivea-deodorant-150ml-fresh-natural\/","url":"https:\/\/cosmeticstoredz.com\/produit\/nivea-deodorant-150ml-fresh-natural\/","name":"NIVEA DEODORANT 150ML FRESH NATURAL - Cosmetic Store","isPartOf":{"@id":"https:\/\/cosmeticstoredz.com\/#website"},"primaryImageOfPage":{"@id":"https:\/\/cosmeticstoredz.com\/produit\/nivea-deodorant-150ml-fresh-natural\/#primaryimage"},"image":{"@id":"https:\/\/cosmeticstoredz.com\/produit\/nivea-deodorant-150ml-fresh-natural\/#primaryimage"},"thumbnailUrl":"https:\/\/cosmeticstoredz.com\/wp-content\/uploads\/2026\/02\/Cosmetic-2025-02-05T091246.668.png","datePublished":"2025-06-04T18:29:00+00:00","dateModified":"2026-04-18T19:18:45+00:00","breadcrumb":{"@id":"https:\/\/cosmeticstoredz.com\/produit\/nivea-deodorant-150ml-fresh-natural\/#breadcrumb"},"inLanguage":"ar","potentialAction":[{"@type":"ReadAction","target":["https:\/\/cosmeticstoredz.com\/produit\/nivea-deodorant-150ml-fresh-natural\/"]}]},{"@type":"ImageObject","inLanguage":"ar","@id":"https:\/\/cosmeticstoredz.com\/produit\/nivea-deodorant-150ml-fresh-natural\/#primaryimage","url":"https:\/\/cosmeticstoredz.com\/wp-content\/uploads\/2026\/02\/Cosmetic-2025-02-05T091246.668.png","contentUrl":"https:\/\/cosmeticstoredz.com\/wp-content\/uploads\/2026\/02\/Cosmetic-2025-02-05T091246.668.png","width":500,"height":500},{"@type":"BreadcrumbList","@id":"https:\/\/cosmeticstoredz.com\/produit\/nivea-deodorant-150ml-fresh-natural\/#breadcrumb","itemListElement":[{"@type":"ListItem","position":1,"name":"Accueil","item":"https:\/\/cosmeticstoredz.com\/"},{"@type":"ListItem","position":2,"name":"Boutique","item":"https:\/\/cosmeticstoredz.com\/boutique\/"},{"@type":"ListItem","position":3,"name":"NIVEA DEODORANT 150ML FRESH NATURAL"}]},{"@type":"WebSite","@id":"https:\/\/cosmeticstoredz.com\/#website","url":"https:\/\/cosmeticstoredz.com\/","name":"Cosmetic Store","description":"","publisher":{"@id":"https:\/\/cosmeticstoredz.com\/#organization"},"potentialAction":[{"@type":"SearchAction","target":{"@type":"EntryPoint","urlTemplate":"https:\/\/cosmeticstoredz.com\/?s={search_term_string}"},"query-input":{"@type":"PropertyValueSpecification","valueRequired":true,"valueName":"search_term_string"}}],"inLanguage":"ar"},{"@type":"Organization","@id":"https:\/\/cosmeticstoredz.com\/#organization","name":"Cosmetic Store","url":"https:\/\/cosmeticstoredz.com\/","logo":{"@type":"ImageObject","inLanguage":"ar","@id":"https:\/\/cosmeticstoredz.com\/#\/schema\/logo\/image\/","url":"https:\/\/cosmeticstoredz.com\/wp-content\/uploads\/2026\/02\/cropped-LOGO_CS-512x512-1-1-e1771275285345.webp","contentUrl":"https:\/\/cosmeticstoredz.com\/wp-content\/uploads\/2026\/02\/cropped-LOGO_CS-512x512-1-1-e1771275285345.webp","width":265,"height":319,"caption":"Cosmetic Store"},"image":{"@id":"https:\/\/cosmeticstoredz.com\/#\/schema\/logo\/image\/"},"sameAs":["https:\/\/www.facebook.com\/profile.php?id=61564954260683","https:\/\/www.instagram.com\/cosmetic.storedz\/"]}]}},"_links":{"self":[{"href":"https:\/\/cosmeticstoredz.com\/ar\/wp-json\/wp\/v2\/product\/4364","targetHints":{"allow":["GET"]}}],"collection":[{"href":"https:\/\/cosmeticstoredz.com\/ar\/wp-json\/wp\/v2\/product"}],"about":[{"href":"https:\/\/cosmeticstoredz.com\/ar\/wp-json\/wp\/v2\/types\/product"}],"replies":[{"embeddable":true,"href":"https:\/\/cosmeticstoredz.com\/ar\/wp-json\/wp\/v2\/comments?post=4364"}],"version-history":[{"count":1,"href":"https:\/\/cosmeticstoredz.com\/ar\/wp-json\/wp\/v2\/product\/4364\/revisions"}],"predecessor-version":[{"id":18122,"href":"https:\/\/cosmeticstoredz.com\/ar\/wp-json\/wp\/v2\/product\/4364\/revisions\/18122"}],"wp:featuredmedia":[{"embeddable":true,"href":"https:\/\/cosmeticstoredz.com\/ar\/wp-json\/wp\/v2\/media\/18121"}],"wp:attachment":[{"href":"https:\/\/cosmeticstoredz.com\/ar\/wp-json\/wp\/v2\/media?parent=4364"}],"wp:term":[{"taxonomy":"product_brand","embeddable":true,"href":"https:\/\/cosmeticstoredz.com\/ar\/wp-json\/wp\/v2\/product_brand?post=4364"},{"taxonomy":"product_cat","embeddable":true,"href":"https:\/\/cosmeticstoredz.com\/ar\/wp-json\/wp\/v2\/product_cat?post=4364"},{"taxonomy":"product_tag","embeddable":true,"href":"https:\/\/cosmeticstoredz.com\/ar\/wp-json\/wp\/v2\/product_tag?post=4364"}],"curies":[{"name":"wp","href":"https:\/\/api.w.org\/{rel}","templated":true}]}}