{"id":4362,"date":"2025-06-04T18:28:59","date_gmt":"2025-06-04T18:28:59","guid":{"rendered":"https:\/\/test.fitnessworldgym27.com\/?post_type=product&#038;p=4362"},"modified":"2026-03-30T19:27:02","modified_gmt":"2026-03-30T19:27:02","slug":"labello-strawberry-shine-fraise","status":"publish","type":"product","link":"https:\/\/cosmeticstoredz.com\/ar\/product\/labello-strawberry-shine-fraise\/","title":{"rendered":"LABELLO STRAWBERRY SHINE FRAISE"},"content":{"rendered":"","protected":false},"excerpt":{"rendered":"<p>Soin des l\u00e8vres &#8211; Fruity Strawberry Shine hydrate la peau pendant 24 heures et rend vos l\u00e8vres \u00e0 nouveau merveilleusement douces. Il apporte une brillance subtile et donne une l\u00e9g\u00e8re couleur rouge \u00e0 vos l\u00e8vres. Le Soin des L\u00e8vres Fruity Strawberry Shine ne contient pas d&rsquo;huiles min\u00e9rales. Les l\u00e8vres s\u00e8ches sont une chose du pass\u00e9<\/p>","protected":false},"featured_media":18117,"comment_status":"open","ping_status":"closed","template":"","meta":[],"product_brand":[],"product_cat":[213,75,275,205],"product_tag":[],"class_list":{"0":"post-4362","1":"product","2":"type-product","3":"status-publish","4":"has-post-thumbnail","6":"product_cat-baume-a-levres","7":"product_cat-femme","8":"product_cat-labello","9":"product_cat-levres","11":"first","12":"outofstock","13":"shipping-taxable","14":"purchasable","15":"product-type-simple"},"_links":{"self":[{"href":"https:\/\/cosmeticstoredz.com\/ar\/wp-json\/wp\/v2\/product\/4362","targetHints":{"allow":["GET"]}}],"collection":[{"href":"https:\/\/cosmeticstoredz.com\/ar\/wp-json\/wp\/v2\/product"}],"about":[{"href":"https:\/\/cosmeticstoredz.com\/ar\/wp-json\/wp\/v2\/types\/product"}],"replies":[{"embeddable":true,"href":"https:\/\/cosmeticstoredz.com\/ar\/wp-json\/wp\/v2\/comments?post=4362"}],"version-history":[{"count":1,"href":"https:\/\/cosmeticstoredz.com\/ar\/wp-json\/wp\/v2\/product\/4362\/revisions"}],"predecessor-version":[{"id":18118,"href":"https:\/\/cosmeticstoredz.com\/ar\/wp-json\/wp\/v2\/product\/4362\/revisions\/18118"}],"wp:featuredmedia":[{"embeddable":true,"href":"https:\/\/cosmeticstoredz.com\/ar\/wp-json\/wp\/v2\/media\/18117"}],"wp:attachment":[{"href":"https:\/\/cosmeticstoredz.com\/ar\/wp-json\/wp\/v2\/media?parent=4362"}],"wp:term":[{"taxonomy":"product_brand","embeddable":true,"href":"https:\/\/cosmeticstoredz.com\/ar\/wp-json\/wp\/v2\/product_brand?post=4362"},{"taxonomy":"product_cat","embeddable":true,"href":"https:\/\/cosmeticstoredz.com\/ar\/wp-json\/wp\/v2\/product_cat?post=4362"},{"taxonomy":"product_tag","embeddable":true,"href":"https:\/\/cosmeticstoredz.com\/ar\/wp-json\/wp\/v2\/product_tag?post=4362"}],"curies":[{"name":"wp","href":"https:\/\/api.w.org\/{rel}","templated":true}]}}