{"id":4356,"date":"2025-06-04T18:28:59","date_gmt":"2025-06-04T18:28:59","guid":{"rendered":"https:\/\/test.fitnessworldgym27.com\/?post_type=product&#038;p=4356"},"modified":"2026-03-30T19:24:31","modified_gmt":"2026-03-30T19:24:31","slug":"nivea-deo-200ml-pearl-beauty","status":"publish","type":"product","link":"https:\/\/cosmeticstoredz.com\/ar\/product\/nivea-deo-200ml-pearl-beauty\/","title":{"rendered":"NIVEA DEO 200ML PEARL &#038; BEAUTY"},"content":{"rendered":"","protected":false},"excerpt":{"rendered":"<p>Pr\u00e9sentation de la beaut\u00e9 dans le soin d\u00e9odorant: l\u2019innovant NIVEA Deo Beauty Pearl embellit vos aisselles et offre une protection fiable. Le nouveau NIVEA Deo Beauty Pearl propose une formule innovante avec des extraits de perles pr\u00e9cieuses pour uniformiser le teint, de sorte que vos aisselles soient aussi attrayantes que le reste de votre corps. Il est tr\u00e8s efficace pour prot\u00e9ger contre la transpiration et les odeurs corporelles et il donne \u00e0 vos aisselles une s\u00e9cheresse douce et confortable et un fini velout\u00e9.<\/p>","protected":false},"featured_media":18105,"comment_status":"open","ping_status":"closed","template":"","meta":[],"product_brand":[],"product_cat":[79,75,244,78],"product_tag":[],"class_list":{"0":"post-4356","1":"product","2":"type-product","3":"status-publish","4":"has-post-thumbnail","6":"product_cat-deodorant-f","7":"product_cat-femme","8":"product_cat-nivea","9":"product_cat-parfum-f","11":"first","12":"outofstock","13":"shipping-taxable","14":"purchasable","15":"product-type-simple"},"_links":{"self":[{"href":"https:\/\/cosmeticstoredz.com\/ar\/wp-json\/wp\/v2\/product\/4356","targetHints":{"allow":["GET"]}}],"collection":[{"href":"https:\/\/cosmeticstoredz.com\/ar\/wp-json\/wp\/v2\/product"}],"about":[{"href":"https:\/\/cosmeticstoredz.com\/ar\/wp-json\/wp\/v2\/types\/product"}],"replies":[{"embeddable":true,"href":"https:\/\/cosmeticstoredz.com\/ar\/wp-json\/wp\/v2\/comments?post=4356"}],"version-history":[{"count":1,"href":"https:\/\/cosmeticstoredz.com\/ar\/wp-json\/wp\/v2\/product\/4356\/revisions"}],"predecessor-version":[{"id":18106,"href":"https:\/\/cosmeticstoredz.com\/ar\/wp-json\/wp\/v2\/product\/4356\/revisions\/18106"}],"wp:featuredmedia":[{"embeddable":true,"href":"https:\/\/cosmeticstoredz.com\/ar\/wp-json\/wp\/v2\/media\/18105"}],"wp:attachment":[{"href":"https:\/\/cosmeticstoredz.com\/ar\/wp-json\/wp\/v2\/media?parent=4356"}],"wp:term":[{"taxonomy":"product_brand","embeddable":true,"href":"https:\/\/cosmeticstoredz.com\/ar\/wp-json\/wp\/v2\/product_brand?post=4356"},{"taxonomy":"product_cat","embeddable":true,"href":"https:\/\/cosmeticstoredz.com\/ar\/wp-json\/wp\/v2\/product_cat?post=4356"},{"taxonomy":"product_tag","embeddable":true,"href":"https:\/\/cosmeticstoredz.com\/ar\/wp-json\/wp\/v2\/product_tag?post=4356"}],"curies":[{"name":"wp","href":"https:\/\/api.w.org\/{rel}","templated":true}]}}