{"id":4303,"date":"2025-06-04T18:28:47","date_gmt":"2025-06-04T18:28:47","guid":{"rendered":"https:\/\/test.fitnessworldgym27.com\/?post_type=product&#038;p=4303"},"modified":"2026-04-18T19:21:09","modified_gmt":"2026-04-18T19:21:09","slug":"acm-ecran-total-soin-photo-protecteur-anti-taches-brunes","status":"publish","type":"product","link":"https:\/\/cosmeticstoredz.com\/ar\/product\/acm-ecran-total-soin-photo-protecteur-anti-taches-brunes\/","title":{"rendered":"ACM ECRAN TOTAL SOIN PHOTO PROTECTEUR ANTI TACHES BRUNES"},"content":{"rendered":"<p data-start=\"405\" data-end=\"841\">Le <strong data-start=\"408\" data-end=\"459\">Soin Photoprotecteur Anti-Taches Brunes SPF 50+<\/strong> des laboratoires <strong data-start=\"477\" data-end=\"484\">ACM<\/strong> est une cr\u00e8me solaire dermatologique haute performance, sp\u00e9cialement formul\u00e9e pour les peaux sujettes aux <strong data-start=\"591\" data-end=\"614\">taches pigmentaires<\/strong> (m\u00e9lasma, taches de soleil, taches de vieillesse). En plus d&rsquo;assurer une <strong data-start=\"688\" data-end=\"741\">protection solaire maximale contre les UVA et UVB<\/strong>, elle agit en pr\u00e9vention de l\u2019hyperpigmentation et aide \u00e0 unifier le teint au fil des utilisations.<\/p>\n<h4 data-start=\"843\" data-end=\"868\">\ud83d\udd39 <strong data-start=\"851\" data-end=\"866\">Bienfaits :<\/strong><\/h4>\n<ul data-start=\"869\" data-end=\"1433\">\n<li data-start=\"869\" data-end=\"990\">\n<p data-start=\"871\" data-end=\"990\">\u2705 <strong data-start=\"873\" data-end=\"916\">Protection solaire tr\u00e8s haute SPF 50+ :<\/strong> filtre les UVA\/UVB responsables des taches et du vieillissement cutan\u00e9.<\/p>\n<\/li>\n<li data-start=\"991\" data-end=\"1126\">\n<p data-start=\"993\" data-end=\"1126\">\u2705 <strong data-start=\"995\" data-end=\"1042\">Pr\u00e9vention et r\u00e9duction des taches brunes :<\/strong> contient des actifs d\u00e9pigmentants qui aident \u00e0 freiner la production de m\u00e9lanine.<\/p>\n<\/li>\n<li data-start=\"1127\" data-end=\"1220\">\n<p data-start=\"1129\" data-end=\"1220\">\u2705 <strong data-start=\"1131\" data-end=\"1156\">Teint plus uniforme :<\/strong> la peau est visiblement plus homog\u00e8ne, prot\u00e9g\u00e9e et \u00e9clatante.<\/p>\n<\/li>\n<li data-start=\"1221\" data-end=\"1339\">\n<p data-start=\"1223\" data-end=\"1339\">\u2705 <strong data-start=\"1225\" data-end=\"1271\">Formule respectueuse des peaux sensibles :<\/strong> sans parfum, non com\u00e9dog\u00e8ne, test\u00e9e sous contr\u00f4le dermatologique.<\/p>\n<\/li>\n<li data-start=\"1340\" data-end=\"1433\">\n<p data-start=\"1342\" data-end=\"1433\">\u2705 <strong data-start=\"1344\" data-end=\"1366\">Texture agr\u00e9able :<\/strong> fluide, non grasse, p\u00e9n\u00e8tre rapidement sans laisser de film blanc.<\/p>\n<\/li>\n<\/ul>\n<h4 data-start=\"1435\" data-end=\"1462\">\ud83d\udd39 <strong data-start=\"1443\" data-end=\"1460\">Indications :<\/strong><\/h4>\n<ul data-start=\"1463\" data-end=\"1795\">\n<li data-start=\"1463\" data-end=\"1564\">\n<p data-start=\"1465\" data-end=\"1564\">Pour les peaux sujettes aux <strong data-start=\"1493\" data-end=\"1516\">taches pigmentaires<\/strong> (li\u00e9es au soleil, \u00e0 l&rsquo;\u00e2ge ou \u00e0 la grossesse).<\/p>\n<\/li>\n<li data-start=\"1565\" data-end=\"1628\">\n<p data-start=\"1567\" data-end=\"1628\">Convient \u00e0 tous les types de peau, m\u00eame les plus sensibles.<\/p>\n<\/li>\n<li data-start=\"1629\" data-end=\"1694\">\n<p data-start=\"1631\" data-end=\"1694\">Id\u00e9ale en compl\u00e9ment ou en pr\u00e9vention de soins d\u00e9pigmentants.<\/p>\n<\/li>\n<li data-start=\"1695\" data-end=\"1795\">\n<p data-start=\"1697\" data-end=\"1795\">\u00c0 utiliser au <strong data-start=\"1711\" data-end=\"1724\">quotidien<\/strong>, \u00e9t\u00e9 comme hiver, en ville ou en cas d\u2019exposition prolong\u00e9e au soleil.<\/p>\n<\/li>\n<\/ul>\n<h4 data-start=\"1797\" data-end=\"1840\">\ud83d\udd39 <strong data-start=\"1805\" data-end=\"1838\">Caract\u00e9ristiques techniques :<\/strong><\/h4>\n<ul data-start=\"1841\" data-end=\"2137\">\n<li data-start=\"1841\" data-end=\"1903\">\n<p data-start=\"1843\" data-end=\"1903\"><strong data-start=\"1843\" data-end=\"1869\">Indice de protection :<\/strong> SPF 50+ (tr\u00e8s haute protection)<\/p>\n<\/li>\n<li data-start=\"1904\" data-end=\"1934\">\n<p data-start=\"1906\" data-end=\"1934\"><strong data-start=\"1906\" data-end=\"1918\">Format :<\/strong> Tube de 40 ml<\/p>\n<\/li>\n<li data-start=\"1935\" data-end=\"1996\">\n<p data-start=\"1937\" data-end=\"1996\"><strong data-start=\"1937\" data-end=\"1954\">Actifs cl\u00e9s :<\/strong> Filtres solaires + agents d\u00e9pigmentants<\/p>\n<\/li>\n<li data-start=\"1997\" data-end=\"2039\">\n<p data-start=\"1999\" data-end=\"2039\"><strong data-start=\"1999\" data-end=\"2023\">Zone d&rsquo;application :<\/strong> Visage et cou<\/p>\n<\/li>\n<li data-start=\"2040\" data-end=\"2104\">\n<p data-start=\"2042\" data-end=\"2104\"><strong data-start=\"2042\" data-end=\"2059\">Formulation :<\/strong> Sans parfum, sans paraben, haute tol\u00e9rance<\/p>\n<\/li>\n<li data-start=\"2105\" data-end=\"2137\">\n<p data-start=\"2107\" data-end=\"2137\"><strong data-start=\"2107\" data-end=\"2131\">R\u00e9sistance \u00e0 l\u2019eau :<\/strong> Oui<\/p>\n<\/li>\n<\/ul>","protected":false},"excerpt":{"rendered":"<ul>\n<li>Soin photo protecteur quotidien pour les peaux pr\u00e9sentant des taches brunes localis\u00e9es ou \u00e9tendues de type : masque de grossesse, taches de vieillesse. S\u2019utilise en relais pr\u00e9\/post azote, peeling ou laser)<\/li>\n<li>Visage &#8211; D\u00e9collet\u00e9 &#8211; Mains<\/li>\n<li>Double action : photo protectrice et d\u00e9pigmentant<\/li>\n<li>Permet d\u2019att\u00e9nuer les taches pigmentaires li\u00e9es au soleil et limite leur r\u00e9apparition.<\/li>\n<li>Texture fluide et l\u00e9g\u00e8re- Invisible \u00e0 l&rsquo;application. R\u00e9siste \u00e0 l\u2019eau<\/li>\n<\/ul>","protected":false},"featured_media":18051,"comment_status":"closed","ping_status":"closed","template":"","meta":[],"product_brand":[],"product_cat":[309,75,76,131],"product_tag":[],"class_list":{"0":"post-4303","1":"product","2":"type-product","3":"status-publish","4":"has-post-thumbnail","6":"product_cat-acm","7":"product_cat-femme","8":"product_cat-soin-visage-f","9":"product_cat-solaire","11":"first","12":"instock","13":"shipping-taxable","14":"purchasable","15":"product-type-simple"},"yoast_head":"<!-- This site is optimized with the Yoast SEO plugin v27.3 - https:\/\/yoast.com\/product\/yoast-seo-wordpress\/ -->\n<title>ACM ECRAN TOTAL SOIN PHOTO PROTECTEUR ANTI TACHES BRUNES - Cosmetic Store<\/title>\n<meta name=\"robots\" content=\"index, follow, max-snippet:-1, max-image-preview:large, max-video-preview:-1\" \/>\n<link rel=\"canonical\" href=\"https:\/\/cosmeticstoredz.com\/ar\/product\/acm-ecran-total-soin-photo-protecteur-anti-taches-brunes\/\" \/>\n<meta property=\"og:locale\" content=\"ar_AR\" \/>\n<meta property=\"og:type\" content=\"article\" \/>\n<meta property=\"og:title\" content=\"ACM ECRAN TOTAL SOIN PHOTO PROTECTEUR ANTI TACHES BRUNES - Cosmetic Store\" \/>\n<meta property=\"og:description\" content=\"Soin photo protecteur quotidien pour les peaux pr\u00e9sentant des taches brunes localis\u00e9es ou \u00e9tendues de type : masque de grossesse, taches de vieillesse. S\u2019utilise en relais pr\u00e9\/post azote, peeling ou laser)  Visage - D\u00e9collet\u00e9 - Mains  Double action : photo protectrice et d\u00e9pigmentant  Permet d\u2019att\u00e9nuer les taches pigmentaires li\u00e9es au soleil et limite leur r\u00e9apparition.  Texture fluide et l\u00e9g\u00e8re- Invisible \u00e0 l&#039;application. R\u00e9siste \u00e0 l\u2019eau\" \/>\n<meta property=\"og:url\" content=\"https:\/\/cosmeticstoredz.com\/ar\/product\/acm-ecran-total-soin-photo-protecteur-anti-taches-brunes\/\" \/>\n<meta property=\"og:site_name\" content=\"Cosmetic Store\" \/>\n<meta property=\"article:publisher\" content=\"https:\/\/www.facebook.com\/profile.php?id=61564954260683\" \/>\n<meta property=\"article:modified_time\" content=\"2026-04-18T19:21:09+00:00\" \/>\n<meta property=\"og:image\" content=\"https:\/\/cosmeticstoredz.com\/wp-content\/uploads\/2026\/02\/CC-4-2.png\" \/>\n\t<meta property=\"og:image:width\" content=\"1563\" \/>\n\t<meta property=\"og:image:height\" content=\"1563\" \/>\n\t<meta property=\"og:image:type\" content=\"image\/png\" \/>\n<meta name=\"twitter:card\" content=\"summary_large_image\" \/>\n<meta name=\"twitter:label1\" content=\"\u0648\u0642\u062a \u0627\u0644\u0642\u0631\u0627\u0621\u0629 \u0627\u0644\u0645\u064f\u0642\u062f\u0651\u0631\" \/>\n\t<meta name=\"twitter:data1\" content=\"\u062f\u0642\u064a\u0642\u0629 \u0648\u0627\u062d\u062f\u0629\" \/>\n<script type=\"application\/ld+json\" class=\"yoast-schema-graph\">{\"@context\":\"https:\\\/\\\/schema.org\",\"@graph\":[{\"@type\":\"WebPage\",\"@id\":\"https:\\\/\\\/cosmeticstoredz.com\\\/produit\\\/acm-ecran-total-soin-photo-protecteur-anti-taches-brunes\\\/\",\"url\":\"https:\\\/\\\/cosmeticstoredz.com\\\/produit\\\/acm-ecran-total-soin-photo-protecteur-anti-taches-brunes\\\/\",\"name\":\"ACM ECRAN TOTAL SOIN PHOTO PROTECTEUR ANTI TACHES BRUNES - Cosmetic Store\",\"isPartOf\":{\"@id\":\"https:\\\/\\\/cosmeticstoredz.com\\\/#website\"},\"primaryImageOfPage\":{\"@id\":\"https:\\\/\\\/cosmeticstoredz.com\\\/produit\\\/acm-ecran-total-soin-photo-protecteur-anti-taches-brunes\\\/#primaryimage\"},\"image\":{\"@id\":\"https:\\\/\\\/cosmeticstoredz.com\\\/produit\\\/acm-ecran-total-soin-photo-protecteur-anti-taches-brunes\\\/#primaryimage\"},\"thumbnailUrl\":\"https:\\\/\\\/cosmeticstoredz.com\\\/wp-content\\\/uploads\\\/2026\\\/02\\\/CC-4-2.png\",\"datePublished\":\"2025-06-04T18:28:47+00:00\",\"dateModified\":\"2026-04-18T19:21:09+00:00\",\"breadcrumb\":{\"@id\":\"https:\\\/\\\/cosmeticstoredz.com\\\/produit\\\/acm-ecran-total-soin-photo-protecteur-anti-taches-brunes\\\/#breadcrumb\"},\"inLanguage\":\"ar\",\"potentialAction\":[{\"@type\":\"ReadAction\",\"target\":[\"https:\\\/\\\/cosmeticstoredz.com\\\/produit\\\/acm-ecran-total-soin-photo-protecteur-anti-taches-brunes\\\/\"]}]},{\"@type\":\"ImageObject\",\"inLanguage\":\"ar\",\"@id\":\"https:\\\/\\\/cosmeticstoredz.com\\\/produit\\\/acm-ecran-total-soin-photo-protecteur-anti-taches-brunes\\\/#primaryimage\",\"url\":\"https:\\\/\\\/cosmeticstoredz.com\\\/wp-content\\\/uploads\\\/2026\\\/02\\\/CC-4-2.png\",\"contentUrl\":\"https:\\\/\\\/cosmeticstoredz.com\\\/wp-content\\\/uploads\\\/2026\\\/02\\\/CC-4-2.png\",\"width\":1563,\"height\":1563},{\"@type\":\"BreadcrumbList\",\"@id\":\"https:\\\/\\\/cosmeticstoredz.com\\\/produit\\\/acm-ecran-total-soin-photo-protecteur-anti-taches-brunes\\\/#breadcrumb\",\"itemListElement\":[{\"@type\":\"ListItem\",\"position\":1,\"name\":\"Accueil\",\"item\":\"https:\\\/\\\/cosmeticstoredz.com\\\/\"},{\"@type\":\"ListItem\",\"position\":2,\"name\":\"Boutique\",\"item\":\"https:\\\/\\\/cosmeticstoredz.com\\\/boutique\\\/\"},{\"@type\":\"ListItem\",\"position\":3,\"name\":\"ACM ECRAN TOTAL SOIN PHOTO PROTECTEUR ANTI TACHES BRUNES\"}]},{\"@type\":\"WebSite\",\"@id\":\"https:\\\/\\\/cosmeticstoredz.com\\\/#website\",\"url\":\"https:\\\/\\\/cosmeticstoredz.com\\\/\",\"name\":\"Cosmetic Store\",\"description\":\"\",\"publisher\":{\"@id\":\"https:\\\/\\\/cosmeticstoredz.com\\\/#organization\"},\"potentialAction\":[{\"@type\":\"SearchAction\",\"target\":{\"@type\":\"EntryPoint\",\"urlTemplate\":\"https:\\\/\\\/cosmeticstoredz.com\\\/?s={search_term_string}\"},\"query-input\":{\"@type\":\"PropertyValueSpecification\",\"valueRequired\":true,\"valueName\":\"search_term_string\"}}],\"inLanguage\":\"ar\"},{\"@type\":\"Organization\",\"@id\":\"https:\\\/\\\/cosmeticstoredz.com\\\/#organization\",\"name\":\"Cosmetic Store\",\"url\":\"https:\\\/\\\/cosmeticstoredz.com\\\/\",\"logo\":{\"@type\":\"ImageObject\",\"inLanguage\":\"ar\",\"@id\":\"https:\\\/\\\/cosmeticstoredz.com\\\/#\\\/schema\\\/logo\\\/image\\\/\",\"url\":\"https:\\\/\\\/cosmeticstoredz.com\\\/wp-content\\\/uploads\\\/2026\\\/02\\\/cropped-LOGO_CS-512x512-1-1-e1771275285345.webp\",\"contentUrl\":\"https:\\\/\\\/cosmeticstoredz.com\\\/wp-content\\\/uploads\\\/2026\\\/02\\\/cropped-LOGO_CS-512x512-1-1-e1771275285345.webp\",\"width\":265,\"height\":319,\"caption\":\"Cosmetic Store\"},\"image\":{\"@id\":\"https:\\\/\\\/cosmeticstoredz.com\\\/#\\\/schema\\\/logo\\\/image\\\/\"},\"sameAs\":[\"https:\\\/\\\/www.facebook.com\\\/profile.php?id=61564954260683\",\"https:\\\/\\\/www.instagram.com\\\/cosmetic.storedz\\\/\"]}]}<\/script>\n<!-- \/ Yoast SEO plugin. -->","yoast_head_json":{"title":"ACM ECRAN TOTAL SOIN PHOTO PROTECTEUR ANTI TACHES BRUNES - Cosmetic Store","robots":{"index":"index","follow":"follow","max-snippet":"max-snippet:-1","max-image-preview":"max-image-preview:large","max-video-preview":"max-video-preview:-1"},"canonical":"https:\/\/cosmeticstoredz.com\/ar\/product\/acm-ecran-total-soin-photo-protecteur-anti-taches-brunes\/","og_locale":"ar_AR","og_type":"article","og_title":"ACM ECRAN TOTAL SOIN PHOTO PROTECTEUR ANTI TACHES BRUNES - Cosmetic Store","og_description":"Soin photo protecteur quotidien pour les peaux pr\u00e9sentant des taches brunes localis\u00e9es ou \u00e9tendues de type : masque de grossesse, taches de vieillesse. S\u2019utilise en relais pr\u00e9\/post azote, peeling ou laser)  Visage - D\u00e9collet\u00e9 - Mains  Double action : photo protectrice et d\u00e9pigmentant  Permet d\u2019att\u00e9nuer les taches pigmentaires li\u00e9es au soleil et limite leur r\u00e9apparition.  Texture fluide et l\u00e9g\u00e8re- Invisible \u00e0 l'application. R\u00e9siste \u00e0 l\u2019eau","og_url":"https:\/\/cosmeticstoredz.com\/ar\/product\/acm-ecran-total-soin-photo-protecteur-anti-taches-brunes\/","og_site_name":"Cosmetic Store","article_publisher":"https:\/\/www.facebook.com\/profile.php?id=61564954260683","article_modified_time":"2026-04-18T19:21:09+00:00","og_image":[{"width":1563,"height":1563,"url":"https:\/\/cosmeticstoredz.com\/wp-content\/uploads\/2026\/02\/CC-4-2.png","type":"image\/png"}],"twitter_card":"summary_large_image","twitter_misc":{"\u0648\u0642\u062a \u0627\u0644\u0642\u0631\u0627\u0621\u0629 \u0627\u0644\u0645\u064f\u0642\u062f\u0651\u0631":"\u062f\u0642\u064a\u0642\u0629 \u0648\u0627\u062d\u062f\u0629"},"schema":{"@context":"https:\/\/schema.org","@graph":[{"@type":"WebPage","@id":"https:\/\/cosmeticstoredz.com\/produit\/acm-ecran-total-soin-photo-protecteur-anti-taches-brunes\/","url":"https:\/\/cosmeticstoredz.com\/produit\/acm-ecran-total-soin-photo-protecteur-anti-taches-brunes\/","name":"ACM ECRAN TOTAL SOIN PHOTO PROTECTEUR ANTI TACHES BRUNES - Cosmetic Store","isPartOf":{"@id":"https:\/\/cosmeticstoredz.com\/#website"},"primaryImageOfPage":{"@id":"https:\/\/cosmeticstoredz.com\/produit\/acm-ecran-total-soin-photo-protecteur-anti-taches-brunes\/#primaryimage"},"image":{"@id":"https:\/\/cosmeticstoredz.com\/produit\/acm-ecran-total-soin-photo-protecteur-anti-taches-brunes\/#primaryimage"},"thumbnailUrl":"https:\/\/cosmeticstoredz.com\/wp-content\/uploads\/2026\/02\/CC-4-2.png","datePublished":"2025-06-04T18:28:47+00:00","dateModified":"2026-04-18T19:21:09+00:00","breadcrumb":{"@id":"https:\/\/cosmeticstoredz.com\/produit\/acm-ecran-total-soin-photo-protecteur-anti-taches-brunes\/#breadcrumb"},"inLanguage":"ar","potentialAction":[{"@type":"ReadAction","target":["https:\/\/cosmeticstoredz.com\/produit\/acm-ecran-total-soin-photo-protecteur-anti-taches-brunes\/"]}]},{"@type":"ImageObject","inLanguage":"ar","@id":"https:\/\/cosmeticstoredz.com\/produit\/acm-ecran-total-soin-photo-protecteur-anti-taches-brunes\/#primaryimage","url":"https:\/\/cosmeticstoredz.com\/wp-content\/uploads\/2026\/02\/CC-4-2.png","contentUrl":"https:\/\/cosmeticstoredz.com\/wp-content\/uploads\/2026\/02\/CC-4-2.png","width":1563,"height":1563},{"@type":"BreadcrumbList","@id":"https:\/\/cosmeticstoredz.com\/produit\/acm-ecran-total-soin-photo-protecteur-anti-taches-brunes\/#breadcrumb","itemListElement":[{"@type":"ListItem","position":1,"name":"Accueil","item":"https:\/\/cosmeticstoredz.com\/"},{"@type":"ListItem","position":2,"name":"Boutique","item":"https:\/\/cosmeticstoredz.com\/boutique\/"},{"@type":"ListItem","position":3,"name":"ACM ECRAN TOTAL SOIN PHOTO PROTECTEUR ANTI TACHES BRUNES"}]},{"@type":"WebSite","@id":"https:\/\/cosmeticstoredz.com\/#website","url":"https:\/\/cosmeticstoredz.com\/","name":"Cosmetic Store","description":"","publisher":{"@id":"https:\/\/cosmeticstoredz.com\/#organization"},"potentialAction":[{"@type":"SearchAction","target":{"@type":"EntryPoint","urlTemplate":"https:\/\/cosmeticstoredz.com\/?s={search_term_string}"},"query-input":{"@type":"PropertyValueSpecification","valueRequired":true,"valueName":"search_term_string"}}],"inLanguage":"ar"},{"@type":"Organization","@id":"https:\/\/cosmeticstoredz.com\/#organization","name":"Cosmetic Store","url":"https:\/\/cosmeticstoredz.com\/","logo":{"@type":"ImageObject","inLanguage":"ar","@id":"https:\/\/cosmeticstoredz.com\/#\/schema\/logo\/image\/","url":"https:\/\/cosmeticstoredz.com\/wp-content\/uploads\/2026\/02\/cropped-LOGO_CS-512x512-1-1-e1771275285345.webp","contentUrl":"https:\/\/cosmeticstoredz.com\/wp-content\/uploads\/2026\/02\/cropped-LOGO_CS-512x512-1-1-e1771275285345.webp","width":265,"height":319,"caption":"Cosmetic Store"},"image":{"@id":"https:\/\/cosmeticstoredz.com\/#\/schema\/logo\/image\/"},"sameAs":["https:\/\/www.facebook.com\/profile.php?id=61564954260683","https:\/\/www.instagram.com\/cosmetic.storedz\/"]}]}},"_links":{"self":[{"href":"https:\/\/cosmeticstoredz.com\/ar\/wp-json\/wp\/v2\/product\/4303","targetHints":{"allow":["GET"]}}],"collection":[{"href":"https:\/\/cosmeticstoredz.com\/ar\/wp-json\/wp\/v2\/product"}],"about":[{"href":"https:\/\/cosmeticstoredz.com\/ar\/wp-json\/wp\/v2\/types\/product"}],"replies":[{"embeddable":true,"href":"https:\/\/cosmeticstoredz.com\/ar\/wp-json\/wp\/v2\/comments?post=4303"}],"version-history":[{"count":1,"href":"https:\/\/cosmeticstoredz.com\/ar\/wp-json\/wp\/v2\/product\/4303\/revisions"}],"predecessor-version":[{"id":18052,"href":"https:\/\/cosmeticstoredz.com\/ar\/wp-json\/wp\/v2\/product\/4303\/revisions\/18052"}],"wp:featuredmedia":[{"embeddable":true,"href":"https:\/\/cosmeticstoredz.com\/ar\/wp-json\/wp\/v2\/media\/18051"}],"wp:attachment":[{"href":"https:\/\/cosmeticstoredz.com\/ar\/wp-json\/wp\/v2\/media?parent=4303"}],"wp:term":[{"taxonomy":"product_brand","embeddable":true,"href":"https:\/\/cosmeticstoredz.com\/ar\/wp-json\/wp\/v2\/product_brand?post=4303"},{"taxonomy":"product_cat","embeddable":true,"href":"https:\/\/cosmeticstoredz.com\/ar\/wp-json\/wp\/v2\/product_cat?post=4303"},{"taxonomy":"product_tag","embeddable":true,"href":"https:\/\/cosmeticstoredz.com\/ar\/wp-json\/wp\/v2\/product_tag?post=4303"}],"curies":[{"name":"wp","href":"https:\/\/api.w.org\/{rel}","templated":true}]}}