{"id":4300,"date":"2025-06-04T18:28:47","date_gmt":"2025-06-04T18:28:47","guid":{"rendered":"https:\/\/test.fitnessworldgym27.com\/?post_type=product&#038;p=4300"},"modified":"2026-04-18T19:18:26","modified_gmt":"2026-04-18T19:18:26","slug":"bio-taches-ecran-total-invisible-anti-tache-50spf-50ml","status":"publish","type":"product","link":"https:\/\/cosmeticstoredz.com\/ar\/product\/bio-taches-ecran-total-invisible-anti-tache-50spf-50ml\/","title":{"rendered":"BIO-TACHES  ECRAN TOTAL INVISIBLE ANTI TACHE 50SPF 50ML"},"content":{"rendered":"<p>Bio-taches cr\u00e8me solaire invisible SPF 50\u00a0est une cr\u00e8me solaire invisible con\u00e7ue tout sp\u00e9cialement pour\u00a0\u00e9liminer les taches brunes et pr\u00e9venir leur apparition\u00a0tout en vous assurant une tr\u00e8s haute protection contre\u00a0les UVA. En effet,\u00a0m\u00eame si le soleil peut mettre de bonne humeur de bon matin\u00a0et laisser un h\u00e2le\u00a0l\u00e9ger sur la peau, il n\u2019en est pas moins dangereux. Les UV sont en effet responsables des coups de soleil (br\u00fblures), mais \u00e9galement d\u2019un vieillissement pr\u00e9coce des cellules de l\u2019organisme et notamment de la peau (rides, ridule, perte d\u2019\u00e9lasticit\u00e9\u2026), ainsi que de l\u2019apparition de\u00a0taches brunes, \u00e9galement appel\u00e9es taches pigmentaires.<\/p>\n<p>La cr\u00e8me solaire invisible SPF 50\u00a0Bio-taches va\u00a0\u00e9liminer les taches brunes, pr\u00e9venir leur apparition et vous\u00a0prot\u00e9ger du soleil. Pour ce faire, elle int\u00e8gre un\u00a0\u00e9cran UVA\u00a0car ce sont les UVA qui\u00a0sont responsables du vieillissement\u00a0pr\u00e9matur\u00e9 de la peau et des taches pigmentaires.\u00a0Elle\u00a0tire\u00a0\u00e9galement parti\u00a0d\u2019une formule multi-actions\u00a0\u00e0 base de\u00a0Biowhite, association de plantes\u00a0qui va agir en synergie pour att\u00e9nuer les taches brunes et pr\u00e9venir leur apparition.<br \/>\nLa\u00a0racine de scutellaire\u00a0(<em>Scutellaria\u00a0baicalensis<\/em>) contient des flavono\u00efdes\u00a0(baicaline et baical\u00e9ine) aux propri\u00e9t\u00e9s antioxydantes, qui vont agir directement sur la tyrosinase, enzyme responsable de la production de m\u00e9lanine et de l\u2019hyperpigmentation. Le\u00a0murier\u00a0est \u00e9galement un puissant antioxydant qui va prot\u00e9ger la peau du stress oxydatif. Il va aussi contribuer \u00e0 r\u00e9guler la production de m\u00e9lanine afin de pr\u00e9venir l\u2019apparition des taches pigmentaires.<br \/>\nEnfin, pour prot\u00e9ger la peau du photovieillissement encore plus efficacement, cette protection solaire SPF 50 Bio taches int\u00e8gre de l\u2019extrait de\u00a0raisin\u00a0et de la\u00a0saxifrage, deux v\u00e9g\u00e9taux aux propri\u00e9t\u00e9s antioxydantes naturelles.<\/p>\n<p>Avec\u00a0la cr\u00e8me\u00a0solaire invisible SPF 50 Bio taches, votre peau est prot\u00e9g\u00e9e contre les effets n\u00e9fastes du soleil tout en vous assurant une protection efficace contre les taches brunes.<\/p>","protected":false},"excerpt":{"rendered":"<p>Bio-taches cr\u00e8me solaire invisible SPF 50\u00a0est une cr\u00e8me solaire invisible con\u00e7ue tout sp\u00e9cialement pour\u00a0\u00e9liminer les taches brunes et pr\u00e9venir leur<\/p>","protected":false},"featured_media":18045,"comment_status":"open","ping_status":"closed","template":"","meta":[],"product_brand":[],"product_cat":[308,157,75,76,131],"product_tag":[],"class_list":{"0":"post-4300","1":"product","2":"type-product","3":"status-publish","4":"has-post-thumbnail","6":"product_cat-bio-taches","7":"product_cat-creme-anti-tache","8":"product_cat-femme","9":"product_cat-soin-visage-f","10":"product_cat-solaire","12":"first","13":"outofstock","14":"shipping-taxable","15":"purchasable","16":"product-type-simple"},"yoast_head":"<!-- This site is optimized with the Yoast SEO plugin v27.3 - https:\/\/yoast.com\/product\/yoast-seo-wordpress\/ -->\n<title>BIO-TACHES ECRAN TOTAL INVISIBLE ANTI TACHE 50SPF 50ML - Cosmetic Store<\/title>\n<meta name=\"robots\" content=\"index, follow, max-snippet:-1, max-image-preview:large, max-video-preview:-1\" \/>\n<link rel=\"canonical\" href=\"https:\/\/cosmeticstoredz.com\/ar\/product\/bio-taches-ecran-total-invisible-anti-tache-50spf-50ml\/\" \/>\n<meta property=\"og:locale\" content=\"ar_AR\" \/>\n<meta property=\"og:type\" content=\"article\" \/>\n<meta property=\"og:title\" content=\"BIO-TACHES ECRAN TOTAL INVISIBLE ANTI TACHE 50SPF 50ML - Cosmetic Store\" \/>\n<meta property=\"og:description\" content=\"Bio-taches cr\u00e8me solaire invisible SPF 50\u00a0est une cr\u00e8me solaire invisible con\u00e7ue tout sp\u00e9cialement pour\u00a0\u00e9liminer les taches brunes et pr\u00e9venir leur\" \/>\n<meta property=\"og:url\" content=\"https:\/\/cosmeticstoredz.com\/ar\/product\/bio-taches-ecran-total-invisible-anti-tache-50spf-50ml\/\" \/>\n<meta property=\"og:site_name\" content=\"Cosmetic Store\" \/>\n<meta property=\"article:publisher\" content=\"https:\/\/www.facebook.com\/profile.php?id=61564954260683\" \/>\n<meta property=\"article:modified_time\" content=\"2026-04-18T19:18:26+00:00\" \/>\n<meta property=\"og:image\" content=\"https:\/\/cosmeticstoredz.com\/wp-content\/uploads\/2026\/02\/Ajouter-un-titre-2024-08-18T111449.548.png\" \/>\n\t<meta property=\"og:image:width\" content=\"500\" \/>\n\t<meta property=\"og:image:height\" content=\"500\" \/>\n\t<meta property=\"og:image:type\" content=\"image\/png\" \/>\n<meta name=\"twitter:card\" content=\"summary_large_image\" \/>\n<meta name=\"twitter:label1\" content=\"\u0648\u0642\u062a \u0627\u0644\u0642\u0631\u0627\u0621\u0629 \u0627\u0644\u0645\u064f\u0642\u062f\u0651\u0631\" \/>\n\t<meta name=\"twitter:data1\" content=\"\u062f\u0642\u064a\u0642\u062a\u0627\u0646\" \/>\n<script type=\"application\/ld+json\" class=\"yoast-schema-graph\">{\"@context\":\"https:\\\/\\\/schema.org\",\"@graph\":[{\"@type\":\"WebPage\",\"@id\":\"https:\\\/\\\/cosmeticstoredz.com\\\/produit\\\/bio-taches-ecran-total-invisible-anti-tache-50spf-50ml\\\/\",\"url\":\"https:\\\/\\\/cosmeticstoredz.com\\\/produit\\\/bio-taches-ecran-total-invisible-anti-tache-50spf-50ml\\\/\",\"name\":\"BIO-TACHES ECRAN TOTAL INVISIBLE ANTI TACHE 50SPF 50ML - Cosmetic Store\",\"isPartOf\":{\"@id\":\"https:\\\/\\\/cosmeticstoredz.com\\\/#website\"},\"primaryImageOfPage\":{\"@id\":\"https:\\\/\\\/cosmeticstoredz.com\\\/produit\\\/bio-taches-ecran-total-invisible-anti-tache-50spf-50ml\\\/#primaryimage\"},\"image\":{\"@id\":\"https:\\\/\\\/cosmeticstoredz.com\\\/produit\\\/bio-taches-ecran-total-invisible-anti-tache-50spf-50ml\\\/#primaryimage\"},\"thumbnailUrl\":\"https:\\\/\\\/cosmeticstoredz.com\\\/wp-content\\\/uploads\\\/2026\\\/02\\\/Ajouter-un-titre-2024-08-18T111449.548.png\",\"datePublished\":\"2025-06-04T18:28:47+00:00\",\"dateModified\":\"2026-04-18T19:18:26+00:00\",\"breadcrumb\":{\"@id\":\"https:\\\/\\\/cosmeticstoredz.com\\\/produit\\\/bio-taches-ecran-total-invisible-anti-tache-50spf-50ml\\\/#breadcrumb\"},\"inLanguage\":\"ar\",\"potentialAction\":[{\"@type\":\"ReadAction\",\"target\":[\"https:\\\/\\\/cosmeticstoredz.com\\\/produit\\\/bio-taches-ecran-total-invisible-anti-tache-50spf-50ml\\\/\"]}]},{\"@type\":\"ImageObject\",\"inLanguage\":\"ar\",\"@id\":\"https:\\\/\\\/cosmeticstoredz.com\\\/produit\\\/bio-taches-ecran-total-invisible-anti-tache-50spf-50ml\\\/#primaryimage\",\"url\":\"https:\\\/\\\/cosmeticstoredz.com\\\/wp-content\\\/uploads\\\/2026\\\/02\\\/Ajouter-un-titre-2024-08-18T111449.548.png\",\"contentUrl\":\"https:\\\/\\\/cosmeticstoredz.com\\\/wp-content\\\/uploads\\\/2026\\\/02\\\/Ajouter-un-titre-2024-08-18T111449.548.png\",\"width\":500,\"height\":500},{\"@type\":\"BreadcrumbList\",\"@id\":\"https:\\\/\\\/cosmeticstoredz.com\\\/produit\\\/bio-taches-ecran-total-invisible-anti-tache-50spf-50ml\\\/#breadcrumb\",\"itemListElement\":[{\"@type\":\"ListItem\",\"position\":1,\"name\":\"Accueil\",\"item\":\"https:\\\/\\\/cosmeticstoredz.com\\\/\"},{\"@type\":\"ListItem\",\"position\":2,\"name\":\"Boutique\",\"item\":\"https:\\\/\\\/cosmeticstoredz.com\\\/boutique\\\/\"},{\"@type\":\"ListItem\",\"position\":3,\"name\":\"BIO-TACHES ECRAN TOTAL INVISIBLE ANTI TACHE 50SPF 50ML\"}]},{\"@type\":\"WebSite\",\"@id\":\"https:\\\/\\\/cosmeticstoredz.com\\\/#website\",\"url\":\"https:\\\/\\\/cosmeticstoredz.com\\\/\",\"name\":\"Cosmetic Store\",\"description\":\"\",\"publisher\":{\"@id\":\"https:\\\/\\\/cosmeticstoredz.com\\\/#organization\"},\"potentialAction\":[{\"@type\":\"SearchAction\",\"target\":{\"@type\":\"EntryPoint\",\"urlTemplate\":\"https:\\\/\\\/cosmeticstoredz.com\\\/?s={search_term_string}\"},\"query-input\":{\"@type\":\"PropertyValueSpecification\",\"valueRequired\":true,\"valueName\":\"search_term_string\"}}],\"inLanguage\":\"ar\"},{\"@type\":\"Organization\",\"@id\":\"https:\\\/\\\/cosmeticstoredz.com\\\/#organization\",\"name\":\"Cosmetic Store\",\"url\":\"https:\\\/\\\/cosmeticstoredz.com\\\/\",\"logo\":{\"@type\":\"ImageObject\",\"inLanguage\":\"ar\",\"@id\":\"https:\\\/\\\/cosmeticstoredz.com\\\/#\\\/schema\\\/logo\\\/image\\\/\",\"url\":\"https:\\\/\\\/cosmeticstoredz.com\\\/wp-content\\\/uploads\\\/2026\\\/02\\\/cropped-LOGO_CS-512x512-1-1-e1771275285345.webp\",\"contentUrl\":\"https:\\\/\\\/cosmeticstoredz.com\\\/wp-content\\\/uploads\\\/2026\\\/02\\\/cropped-LOGO_CS-512x512-1-1-e1771275285345.webp\",\"width\":265,\"height\":319,\"caption\":\"Cosmetic Store\"},\"image\":{\"@id\":\"https:\\\/\\\/cosmeticstoredz.com\\\/#\\\/schema\\\/logo\\\/image\\\/\"},\"sameAs\":[\"https:\\\/\\\/www.facebook.com\\\/profile.php?id=61564954260683\",\"https:\\\/\\\/www.instagram.com\\\/cosmetic.storedz\\\/\"]}]}<\/script>\n<!-- \/ Yoast SEO plugin. -->","yoast_head_json":{"title":"BIO-TACHES ECRAN TOTAL INVISIBLE ANTI TACHE 50SPF 50ML - Cosmetic Store","robots":{"index":"index","follow":"follow","max-snippet":"max-snippet:-1","max-image-preview":"max-image-preview:large","max-video-preview":"max-video-preview:-1"},"canonical":"https:\/\/cosmeticstoredz.com\/ar\/product\/bio-taches-ecran-total-invisible-anti-tache-50spf-50ml\/","og_locale":"ar_AR","og_type":"article","og_title":"BIO-TACHES ECRAN TOTAL INVISIBLE ANTI TACHE 50SPF 50ML - Cosmetic Store","og_description":"Bio-taches cr\u00e8me solaire invisible SPF 50\u00a0est une cr\u00e8me solaire invisible con\u00e7ue tout sp\u00e9cialement pour\u00a0\u00e9liminer les taches brunes et pr\u00e9venir leur","og_url":"https:\/\/cosmeticstoredz.com\/ar\/product\/bio-taches-ecran-total-invisible-anti-tache-50spf-50ml\/","og_site_name":"Cosmetic Store","article_publisher":"https:\/\/www.facebook.com\/profile.php?id=61564954260683","article_modified_time":"2026-04-18T19:18:26+00:00","og_image":[{"width":500,"height":500,"url":"https:\/\/cosmeticstoredz.com\/wp-content\/uploads\/2026\/02\/Ajouter-un-titre-2024-08-18T111449.548.png","type":"image\/png"}],"twitter_card":"summary_large_image","twitter_misc":{"\u0648\u0642\u062a \u0627\u0644\u0642\u0631\u0627\u0621\u0629 \u0627\u0644\u0645\u064f\u0642\u062f\u0651\u0631":"\u062f\u0642\u064a\u0642\u062a\u0627\u0646"},"schema":{"@context":"https:\/\/schema.org","@graph":[{"@type":"WebPage","@id":"https:\/\/cosmeticstoredz.com\/produit\/bio-taches-ecran-total-invisible-anti-tache-50spf-50ml\/","url":"https:\/\/cosmeticstoredz.com\/produit\/bio-taches-ecran-total-invisible-anti-tache-50spf-50ml\/","name":"BIO-TACHES ECRAN TOTAL INVISIBLE ANTI TACHE 50SPF 50ML - Cosmetic Store","isPartOf":{"@id":"https:\/\/cosmeticstoredz.com\/#website"},"primaryImageOfPage":{"@id":"https:\/\/cosmeticstoredz.com\/produit\/bio-taches-ecran-total-invisible-anti-tache-50spf-50ml\/#primaryimage"},"image":{"@id":"https:\/\/cosmeticstoredz.com\/produit\/bio-taches-ecran-total-invisible-anti-tache-50spf-50ml\/#primaryimage"},"thumbnailUrl":"https:\/\/cosmeticstoredz.com\/wp-content\/uploads\/2026\/02\/Ajouter-un-titre-2024-08-18T111449.548.png","datePublished":"2025-06-04T18:28:47+00:00","dateModified":"2026-04-18T19:18:26+00:00","breadcrumb":{"@id":"https:\/\/cosmeticstoredz.com\/produit\/bio-taches-ecran-total-invisible-anti-tache-50spf-50ml\/#breadcrumb"},"inLanguage":"ar","potentialAction":[{"@type":"ReadAction","target":["https:\/\/cosmeticstoredz.com\/produit\/bio-taches-ecran-total-invisible-anti-tache-50spf-50ml\/"]}]},{"@type":"ImageObject","inLanguage":"ar","@id":"https:\/\/cosmeticstoredz.com\/produit\/bio-taches-ecran-total-invisible-anti-tache-50spf-50ml\/#primaryimage","url":"https:\/\/cosmeticstoredz.com\/wp-content\/uploads\/2026\/02\/Ajouter-un-titre-2024-08-18T111449.548.png","contentUrl":"https:\/\/cosmeticstoredz.com\/wp-content\/uploads\/2026\/02\/Ajouter-un-titre-2024-08-18T111449.548.png","width":500,"height":500},{"@type":"BreadcrumbList","@id":"https:\/\/cosmeticstoredz.com\/produit\/bio-taches-ecran-total-invisible-anti-tache-50spf-50ml\/#breadcrumb","itemListElement":[{"@type":"ListItem","position":1,"name":"Accueil","item":"https:\/\/cosmeticstoredz.com\/"},{"@type":"ListItem","position":2,"name":"Boutique","item":"https:\/\/cosmeticstoredz.com\/boutique\/"},{"@type":"ListItem","position":3,"name":"BIO-TACHES ECRAN TOTAL INVISIBLE ANTI TACHE 50SPF 50ML"}]},{"@type":"WebSite","@id":"https:\/\/cosmeticstoredz.com\/#website","url":"https:\/\/cosmeticstoredz.com\/","name":"Cosmetic Store","description":"","publisher":{"@id":"https:\/\/cosmeticstoredz.com\/#organization"},"potentialAction":[{"@type":"SearchAction","target":{"@type":"EntryPoint","urlTemplate":"https:\/\/cosmeticstoredz.com\/?s={search_term_string}"},"query-input":{"@type":"PropertyValueSpecification","valueRequired":true,"valueName":"search_term_string"}}],"inLanguage":"ar"},{"@type":"Organization","@id":"https:\/\/cosmeticstoredz.com\/#organization","name":"Cosmetic Store","url":"https:\/\/cosmeticstoredz.com\/","logo":{"@type":"ImageObject","inLanguage":"ar","@id":"https:\/\/cosmeticstoredz.com\/#\/schema\/logo\/image\/","url":"https:\/\/cosmeticstoredz.com\/wp-content\/uploads\/2026\/02\/cropped-LOGO_CS-512x512-1-1-e1771275285345.webp","contentUrl":"https:\/\/cosmeticstoredz.com\/wp-content\/uploads\/2026\/02\/cropped-LOGO_CS-512x512-1-1-e1771275285345.webp","width":265,"height":319,"caption":"Cosmetic Store"},"image":{"@id":"https:\/\/cosmeticstoredz.com\/#\/schema\/logo\/image\/"},"sameAs":["https:\/\/www.facebook.com\/profile.php?id=61564954260683","https:\/\/www.instagram.com\/cosmetic.storedz\/"]}]}},"_links":{"self":[{"href":"https:\/\/cosmeticstoredz.com\/ar\/wp-json\/wp\/v2\/product\/4300","targetHints":{"allow":["GET"]}}],"collection":[{"href":"https:\/\/cosmeticstoredz.com\/ar\/wp-json\/wp\/v2\/product"}],"about":[{"href":"https:\/\/cosmeticstoredz.com\/ar\/wp-json\/wp\/v2\/types\/product"}],"replies":[{"embeddable":true,"href":"https:\/\/cosmeticstoredz.com\/ar\/wp-json\/wp\/v2\/comments?post=4300"}],"version-history":[{"count":1,"href":"https:\/\/cosmeticstoredz.com\/ar\/wp-json\/wp\/v2\/product\/4300\/revisions"}],"predecessor-version":[{"id":18046,"href":"https:\/\/cosmeticstoredz.com\/ar\/wp-json\/wp\/v2\/product\/4300\/revisions\/18046"}],"wp:featuredmedia":[{"embeddable":true,"href":"https:\/\/cosmeticstoredz.com\/ar\/wp-json\/wp\/v2\/media\/18045"}],"wp:attachment":[{"href":"https:\/\/cosmeticstoredz.com\/ar\/wp-json\/wp\/v2\/media?parent=4300"}],"wp:term":[{"taxonomy":"product_brand","embeddable":true,"href":"https:\/\/cosmeticstoredz.com\/ar\/wp-json\/wp\/v2\/product_brand?post=4300"},{"taxonomy":"product_cat","embeddable":true,"href":"https:\/\/cosmeticstoredz.com\/ar\/wp-json\/wp\/v2\/product_cat?post=4300"},{"taxonomy":"product_tag","embeddable":true,"href":"https:\/\/cosmeticstoredz.com\/ar\/wp-json\/wp\/v2\/product_tag?post=4300"}],"curies":[{"name":"wp","href":"https:\/\/api.w.org\/{rel}","templated":true}]}}