{"id":4296,"date":"2025-06-04T18:28:47","date_gmt":"2025-06-04T18:28:47","guid":{"rendered":"https:\/\/test.fitnessworldgym27.com\/?post_type=product&#038;p=4296"},"modified":"2026-04-06T23:45:31","modified_gmt":"2026-04-06T23:45:31","slug":"note-new-era-concealer-skin-protecting-20-light-beige","status":"publish","type":"product","link":"https:\/\/cosmeticstoredz.com\/ar\/product\/note-new-era-concealer-skin-protecting-20-light-beige\/","title":{"rendered":"NOTE NEW ERA CONCEALER SKIN PROTECTING  20 LIGHT BEIGE"},"content":{"rendered":"","protected":false},"excerpt":{"rendered":"<p>Le correcteur protecteur de peau New Era combine soin de la peau et maquillage dans une formule l\u00e9g\u00e8re gr\u00e2ce \u00e0 des ingr\u00e9dients de soin durables et v\u00e9g\u00e9taux.<\/p>\n<p>Avantages:<\/p>\n<ul>\n<li>Finition naturelle \u00e0 haute couvrance<\/li>\n<li>S&rsquo;adapte parfaitement \u00e0 la peau et offre une couverture ind\u00e9tectable sans compromettre la sant\u00e9 de la peau<\/li>\n<li>Corrige visiblement les imperfections et les cernes en un seul geste<\/li>\n<li>Estompe visiblement les ridules, lisse et illumine le contour des yeux<\/li>\n<li>Prot\u00e8ge la peau des impacts de la vie urbaine moderne<\/li>\n<li>Formule infroissable<\/li>\n<li>S&rsquo;applique facilement avec un applicateur g\u00e9ant<\/li>\n<li>Test\u00e9 dermatologiquement<\/li>\n<\/ul>","protected":false},"featured_media":18037,"comment_status":"open","ping_status":"closed","template":"","meta":[],"product_brand":[],"product_cat":[201,122,307,123],"product_tag":[],"class_list":{"0":"post-4296","1":"product","2":"type-product","3":"status-publish","4":"has-post-thumbnail","6":"product_cat-anti-cerne-et-correcteur","7":"product_cat-make-up","8":"product_cat-note","9":"product_cat-teint","11":"first","12":"instock","13":"shipping-taxable","14":"purchasable","15":"product-type-simple"},"yoast_head":"<!-- This site is optimized with the Yoast SEO plugin v27.3 - https:\/\/yoast.com\/product\/yoast-seo-wordpress\/ -->\n<title>NOTE NEW ERA CONCEALER SKIN PROTECTING 20 LIGHT BEIGE - Cosmetic Store<\/title>\n<meta name=\"robots\" content=\"index, follow, max-snippet:-1, max-image-preview:large, max-video-preview:-1\" \/>\n<link rel=\"canonical\" href=\"https:\/\/cosmeticstoredz.com\/ar\/product\/note-new-era-concealer-skin-protecting-20-light-beige\/\" \/>\n<meta property=\"og:locale\" content=\"ar_AR\" \/>\n<meta property=\"og:type\" content=\"article\" \/>\n<meta property=\"og:title\" content=\"NOTE NEW ERA CONCEALER SKIN PROTECTING 20 LIGHT BEIGE - Cosmetic Store\" \/>\n<meta property=\"og:description\" content=\"Le correcteur protecteur de peau New Era combine soin de la peau et maquillage dans une formule l\u00e9g\u00e8re gr\u00e2ce \u00e0 des ingr\u00e9dients de soin durables et v\u00e9g\u00e9taux.  Avantages:   Finition naturelle \u00e0 haute couvrance  S&#039;adapte parfaitement \u00e0 la peau et offre une couverture ind\u00e9tectable sans compromettre la sant\u00e9 de la peau  Corrige visiblement les imperfections et les cernes en un seul geste  Estompe visiblement les ridules, lisse et illumine le contour des yeux  Prot\u00e8ge la peau des impacts de la vie urbaine moderne  Formule infroissable  S&#039;applique facilement avec un applicateur g\u00e9ant  Test\u00e9 dermatologiquement\" \/>\n<meta property=\"og:url\" content=\"https:\/\/cosmeticstoredz.com\/ar\/product\/note-new-era-concealer-skin-protecting-20-light-beige\/\" \/>\n<meta property=\"og:site_name\" content=\"Cosmetic Store\" \/>\n<meta property=\"article:publisher\" content=\"https:\/\/www.facebook.com\/profile.php?id=61564954260683\" \/>\n<meta property=\"article:modified_time\" content=\"2026-04-06T23:45:31+00:00\" \/>\n<meta property=\"og:image\" content=\"https:\/\/cosmeticstoredz.com\/wp-content\/uploads\/2026\/02\/Design-sans-titre-40.jpg\" \/>\n\t<meta property=\"og:image:width\" content=\"500\" \/>\n\t<meta property=\"og:image:height\" content=\"500\" \/>\n\t<meta property=\"og:image:type\" content=\"image\/jpeg\" \/>\n<meta name=\"twitter:card\" content=\"summary_large_image\" \/>\n<script type=\"application\/ld+json\" class=\"yoast-schema-graph\">{\"@context\":\"https:\\\/\\\/schema.org\",\"@graph\":[{\"@type\":\"WebPage\",\"@id\":\"https:\\\/\\\/cosmeticstoredz.com\\\/produit\\\/note-new-era-concealer-skin-protecting-20-light-beige\\\/\",\"url\":\"https:\\\/\\\/cosmeticstoredz.com\\\/produit\\\/note-new-era-concealer-skin-protecting-20-light-beige\\\/\",\"name\":\"NOTE NEW ERA CONCEALER SKIN PROTECTING 20 LIGHT BEIGE - Cosmetic Store\",\"isPartOf\":{\"@id\":\"https:\\\/\\\/cosmeticstoredz.com\\\/#website\"},\"primaryImageOfPage\":{\"@id\":\"https:\\\/\\\/cosmeticstoredz.com\\\/produit\\\/note-new-era-concealer-skin-protecting-20-light-beige\\\/#primaryimage\"},\"image\":{\"@id\":\"https:\\\/\\\/cosmeticstoredz.com\\\/produit\\\/note-new-era-concealer-skin-protecting-20-light-beige\\\/#primaryimage\"},\"thumbnailUrl\":\"https:\\\/\\\/cosmeticstoredz.com\\\/wp-content\\\/uploads\\\/2026\\\/02\\\/Design-sans-titre-40.jpg\",\"datePublished\":\"2025-06-04T18:28:47+00:00\",\"dateModified\":\"2026-04-06T23:45:31+00:00\",\"breadcrumb\":{\"@id\":\"https:\\\/\\\/cosmeticstoredz.com\\\/produit\\\/note-new-era-concealer-skin-protecting-20-light-beige\\\/#breadcrumb\"},\"inLanguage\":\"ar\",\"potentialAction\":[{\"@type\":\"ReadAction\",\"target\":[\"https:\\\/\\\/cosmeticstoredz.com\\\/produit\\\/note-new-era-concealer-skin-protecting-20-light-beige\\\/\"]}]},{\"@type\":\"ImageObject\",\"inLanguage\":\"ar\",\"@id\":\"https:\\\/\\\/cosmeticstoredz.com\\\/produit\\\/note-new-era-concealer-skin-protecting-20-light-beige\\\/#primaryimage\",\"url\":\"https:\\\/\\\/cosmeticstoredz.com\\\/wp-content\\\/uploads\\\/2026\\\/02\\\/Design-sans-titre-40.jpg\",\"contentUrl\":\"https:\\\/\\\/cosmeticstoredz.com\\\/wp-content\\\/uploads\\\/2026\\\/02\\\/Design-sans-titre-40.jpg\",\"width\":500,\"height\":500},{\"@type\":\"BreadcrumbList\",\"@id\":\"https:\\\/\\\/cosmeticstoredz.com\\\/produit\\\/note-new-era-concealer-skin-protecting-20-light-beige\\\/#breadcrumb\",\"itemListElement\":[{\"@type\":\"ListItem\",\"position\":1,\"name\":\"Accueil\",\"item\":\"https:\\\/\\\/cosmeticstoredz.com\\\/\"},{\"@type\":\"ListItem\",\"position\":2,\"name\":\"Boutique\",\"item\":\"https:\\\/\\\/cosmeticstoredz.com\\\/boutique\\\/\"},{\"@type\":\"ListItem\",\"position\":3,\"name\":\"NOTE NEW ERA CONCEALER SKIN PROTECTING 20 LIGHT BEIGE\"}]},{\"@type\":\"WebSite\",\"@id\":\"https:\\\/\\\/cosmeticstoredz.com\\\/#website\",\"url\":\"https:\\\/\\\/cosmeticstoredz.com\\\/\",\"name\":\"Cosmetic Store\",\"description\":\"\",\"publisher\":{\"@id\":\"https:\\\/\\\/cosmeticstoredz.com\\\/#organization\"},\"potentialAction\":[{\"@type\":\"SearchAction\",\"target\":{\"@type\":\"EntryPoint\",\"urlTemplate\":\"https:\\\/\\\/cosmeticstoredz.com\\\/?s={search_term_string}\"},\"query-input\":{\"@type\":\"PropertyValueSpecification\",\"valueRequired\":true,\"valueName\":\"search_term_string\"}}],\"inLanguage\":\"ar\"},{\"@type\":\"Organization\",\"@id\":\"https:\\\/\\\/cosmeticstoredz.com\\\/#organization\",\"name\":\"Cosmetic Store\",\"url\":\"https:\\\/\\\/cosmeticstoredz.com\\\/\",\"logo\":{\"@type\":\"ImageObject\",\"inLanguage\":\"ar\",\"@id\":\"https:\\\/\\\/cosmeticstoredz.com\\\/#\\\/schema\\\/logo\\\/image\\\/\",\"url\":\"https:\\\/\\\/cosmeticstoredz.com\\\/wp-content\\\/uploads\\\/2026\\\/02\\\/cropped-LOGO_CS-512x512-1-1-e1771275285345.webp\",\"contentUrl\":\"https:\\\/\\\/cosmeticstoredz.com\\\/wp-content\\\/uploads\\\/2026\\\/02\\\/cropped-LOGO_CS-512x512-1-1-e1771275285345.webp\",\"width\":265,\"height\":319,\"caption\":\"Cosmetic Store\"},\"image\":{\"@id\":\"https:\\\/\\\/cosmeticstoredz.com\\\/#\\\/schema\\\/logo\\\/image\\\/\"},\"sameAs\":[\"https:\\\/\\\/www.facebook.com\\\/profile.php?id=61564954260683\",\"https:\\\/\\\/www.instagram.com\\\/cosmetic.storedz\\\/\"]}]}<\/script>\n<!-- \/ Yoast SEO plugin. -->","yoast_head_json":{"title":"NOTE NEW ERA CONCEALER SKIN PROTECTING 20 LIGHT BEIGE - Cosmetic Store","robots":{"index":"index","follow":"follow","max-snippet":"max-snippet:-1","max-image-preview":"max-image-preview:large","max-video-preview":"max-video-preview:-1"},"canonical":"https:\/\/cosmeticstoredz.com\/ar\/product\/note-new-era-concealer-skin-protecting-20-light-beige\/","og_locale":"ar_AR","og_type":"article","og_title":"NOTE NEW ERA CONCEALER SKIN PROTECTING 20 LIGHT BEIGE - Cosmetic Store","og_description":"Le correcteur protecteur de peau New Era combine soin de la peau et maquillage dans une formule l\u00e9g\u00e8re gr\u00e2ce \u00e0 des ingr\u00e9dients de soin durables et v\u00e9g\u00e9taux.  Avantages:   Finition naturelle \u00e0 haute couvrance  S'adapte parfaitement \u00e0 la peau et offre une couverture ind\u00e9tectable sans compromettre la sant\u00e9 de la peau  Corrige visiblement les imperfections et les cernes en un seul geste  Estompe visiblement les ridules, lisse et illumine le contour des yeux  Prot\u00e8ge la peau des impacts de la vie urbaine moderne  Formule infroissable  S'applique facilement avec un applicateur g\u00e9ant  Test\u00e9 dermatologiquement","og_url":"https:\/\/cosmeticstoredz.com\/ar\/product\/note-new-era-concealer-skin-protecting-20-light-beige\/","og_site_name":"Cosmetic Store","article_publisher":"https:\/\/www.facebook.com\/profile.php?id=61564954260683","article_modified_time":"2026-04-06T23:45:31+00:00","og_image":[{"width":500,"height":500,"url":"https:\/\/cosmeticstoredz.com\/wp-content\/uploads\/2026\/02\/Design-sans-titre-40.jpg","type":"image\/jpeg"}],"twitter_card":"summary_large_image","schema":{"@context":"https:\/\/schema.org","@graph":[{"@type":"WebPage","@id":"https:\/\/cosmeticstoredz.com\/produit\/note-new-era-concealer-skin-protecting-20-light-beige\/","url":"https:\/\/cosmeticstoredz.com\/produit\/note-new-era-concealer-skin-protecting-20-light-beige\/","name":"NOTE NEW ERA CONCEALER SKIN PROTECTING 20 LIGHT BEIGE - Cosmetic Store","isPartOf":{"@id":"https:\/\/cosmeticstoredz.com\/#website"},"primaryImageOfPage":{"@id":"https:\/\/cosmeticstoredz.com\/produit\/note-new-era-concealer-skin-protecting-20-light-beige\/#primaryimage"},"image":{"@id":"https:\/\/cosmeticstoredz.com\/produit\/note-new-era-concealer-skin-protecting-20-light-beige\/#primaryimage"},"thumbnailUrl":"https:\/\/cosmeticstoredz.com\/wp-content\/uploads\/2026\/02\/Design-sans-titre-40.jpg","datePublished":"2025-06-04T18:28:47+00:00","dateModified":"2026-04-06T23:45:31+00:00","breadcrumb":{"@id":"https:\/\/cosmeticstoredz.com\/produit\/note-new-era-concealer-skin-protecting-20-light-beige\/#breadcrumb"},"inLanguage":"ar","potentialAction":[{"@type":"ReadAction","target":["https:\/\/cosmeticstoredz.com\/produit\/note-new-era-concealer-skin-protecting-20-light-beige\/"]}]},{"@type":"ImageObject","inLanguage":"ar","@id":"https:\/\/cosmeticstoredz.com\/produit\/note-new-era-concealer-skin-protecting-20-light-beige\/#primaryimage","url":"https:\/\/cosmeticstoredz.com\/wp-content\/uploads\/2026\/02\/Design-sans-titre-40.jpg","contentUrl":"https:\/\/cosmeticstoredz.com\/wp-content\/uploads\/2026\/02\/Design-sans-titre-40.jpg","width":500,"height":500},{"@type":"BreadcrumbList","@id":"https:\/\/cosmeticstoredz.com\/produit\/note-new-era-concealer-skin-protecting-20-light-beige\/#breadcrumb","itemListElement":[{"@type":"ListItem","position":1,"name":"Accueil","item":"https:\/\/cosmeticstoredz.com\/"},{"@type":"ListItem","position":2,"name":"Boutique","item":"https:\/\/cosmeticstoredz.com\/boutique\/"},{"@type":"ListItem","position":3,"name":"NOTE NEW ERA CONCEALER SKIN PROTECTING 20 LIGHT BEIGE"}]},{"@type":"WebSite","@id":"https:\/\/cosmeticstoredz.com\/#website","url":"https:\/\/cosmeticstoredz.com\/","name":"Cosmetic Store","description":"","publisher":{"@id":"https:\/\/cosmeticstoredz.com\/#organization"},"potentialAction":[{"@type":"SearchAction","target":{"@type":"EntryPoint","urlTemplate":"https:\/\/cosmeticstoredz.com\/?s={search_term_string}"},"query-input":{"@type":"PropertyValueSpecification","valueRequired":true,"valueName":"search_term_string"}}],"inLanguage":"ar"},{"@type":"Organization","@id":"https:\/\/cosmeticstoredz.com\/#organization","name":"Cosmetic Store","url":"https:\/\/cosmeticstoredz.com\/","logo":{"@type":"ImageObject","inLanguage":"ar","@id":"https:\/\/cosmeticstoredz.com\/#\/schema\/logo\/image\/","url":"https:\/\/cosmeticstoredz.com\/wp-content\/uploads\/2026\/02\/cropped-LOGO_CS-512x512-1-1-e1771275285345.webp","contentUrl":"https:\/\/cosmeticstoredz.com\/wp-content\/uploads\/2026\/02\/cropped-LOGO_CS-512x512-1-1-e1771275285345.webp","width":265,"height":319,"caption":"Cosmetic Store"},"image":{"@id":"https:\/\/cosmeticstoredz.com\/#\/schema\/logo\/image\/"},"sameAs":["https:\/\/www.facebook.com\/profile.php?id=61564954260683","https:\/\/www.instagram.com\/cosmetic.storedz\/"]}]}},"_links":{"self":[{"href":"https:\/\/cosmeticstoredz.com\/ar\/wp-json\/wp\/v2\/product\/4296","targetHints":{"allow":["GET"]}}],"collection":[{"href":"https:\/\/cosmeticstoredz.com\/ar\/wp-json\/wp\/v2\/product"}],"about":[{"href":"https:\/\/cosmeticstoredz.com\/ar\/wp-json\/wp\/v2\/types\/product"}],"replies":[{"embeddable":true,"href":"https:\/\/cosmeticstoredz.com\/ar\/wp-json\/wp\/v2\/comments?post=4296"}],"version-history":[{"count":1,"href":"https:\/\/cosmeticstoredz.com\/ar\/wp-json\/wp\/v2\/product\/4296\/revisions"}],"predecessor-version":[{"id":18038,"href":"https:\/\/cosmeticstoredz.com\/ar\/wp-json\/wp\/v2\/product\/4296\/revisions\/18038"}],"wp:featuredmedia":[{"embeddable":true,"href":"https:\/\/cosmeticstoredz.com\/ar\/wp-json\/wp\/v2\/media\/18037"}],"wp:attachment":[{"href":"https:\/\/cosmeticstoredz.com\/ar\/wp-json\/wp\/v2\/media?parent=4296"}],"wp:term":[{"taxonomy":"product_brand","embeddable":true,"href":"https:\/\/cosmeticstoredz.com\/ar\/wp-json\/wp\/v2\/product_brand?post=4296"},{"taxonomy":"product_cat","embeddable":true,"href":"https:\/\/cosmeticstoredz.com\/ar\/wp-json\/wp\/v2\/product_cat?post=4296"},{"taxonomy":"product_tag","embeddable":true,"href":"https:\/\/cosmeticstoredz.com\/ar\/wp-json\/wp\/v2\/product_tag?post=4296"}],"curies":[{"name":"wp","href":"https:\/\/api.w.org\/{rel}","templated":true}]}}