{"id":4255,"date":"2025-06-04T18:28:30","date_gmt":"2025-06-04T18:28:30","guid":{"rendered":"https:\/\/test.fitnessworldgym27.com\/?post_type=product&#038;p=4255"},"modified":"2026-03-30T19:24:16","modified_gmt":"2026-03-30T19:24:16","slug":"note-crayon-noir-yeux-smoky","status":"publish","type":"product","link":"https:\/\/cosmeticstoredz.com\/ar\/product\/note-crayon-noir-yeux-smoky\/","title":{"rendered":"NOTE CRAYON NOIR YEUX SMOKY"},"content":{"rendered":"","protected":false},"excerpt":{"rendered":"<div id=\"product-description-short-68\" class=\"short-desc\">\n<p>Crayon pour les yeux \u00e0 double embout (2 produits en un). Muni d&rsquo;un c\u00f4t\u00e9 d&rsquo;un applicateur sp\u00e9cial smokey eye pour un effet doux et brumeux, et de l&rsquo;autre c\u00f4t\u00e9 d&rsquo;un embout qui permet de masquer efficacement les cernes et les imperfections du contour de l\u2019\u0153il. Il a une longue tenue, ne plaque pas et ne laisse pas de stries\u00a0<strong>.<\/strong><\/p>\n<\/div>\n<div class=\"product-actions\">\n<form id=\"add-to-cart-or-refresh\" action=\"https:\/\/www.makibel.ma\/fr\/panier\" method=\"post\">\n<div class=\"product-variants\">\n<div class=\"hookDisplayGuide\"><\/div>\n<div class=\"clearfix product-variants-item\"><\/div>\n<\/div>\n<\/form>\n<\/div>","protected":false},"featured_media":18015,"comment_status":"open","ping_status":"closed","template":"","meta":[],"product_brand":[],"product_cat":[127,122,307,126],"product_tag":[],"class_list":{"0":"post-4255","1":"product","2":"type-product","3":"status-publish","4":"has-post-thumbnail","6":"product_cat-crayong-yeux-et-khol","7":"product_cat-make-up","8":"product_cat-note","9":"product_cat-yeux","11":"first","12":"outofstock","13":"shipping-taxable","14":"purchasable","15":"product-type-simple"},"_links":{"self":[{"href":"https:\/\/cosmeticstoredz.com\/ar\/wp-json\/wp\/v2\/product\/4255","targetHints":{"allow":["GET"]}}],"collection":[{"href":"https:\/\/cosmeticstoredz.com\/ar\/wp-json\/wp\/v2\/product"}],"about":[{"href":"https:\/\/cosmeticstoredz.com\/ar\/wp-json\/wp\/v2\/types\/product"}],"replies":[{"embeddable":true,"href":"https:\/\/cosmeticstoredz.com\/ar\/wp-json\/wp\/v2\/comments?post=4255"}],"version-history":[{"count":1,"href":"https:\/\/cosmeticstoredz.com\/ar\/wp-json\/wp\/v2\/product\/4255\/revisions"}],"predecessor-version":[{"id":18016,"href":"https:\/\/cosmeticstoredz.com\/ar\/wp-json\/wp\/v2\/product\/4255\/revisions\/18016"}],"wp:featuredmedia":[{"embeddable":true,"href":"https:\/\/cosmeticstoredz.com\/ar\/wp-json\/wp\/v2\/media\/18015"}],"wp:attachment":[{"href":"https:\/\/cosmeticstoredz.com\/ar\/wp-json\/wp\/v2\/media?parent=4255"}],"wp:term":[{"taxonomy":"product_brand","embeddable":true,"href":"https:\/\/cosmeticstoredz.com\/ar\/wp-json\/wp\/v2\/product_brand?post=4255"},{"taxonomy":"product_cat","embeddable":true,"href":"https:\/\/cosmeticstoredz.com\/ar\/wp-json\/wp\/v2\/product_cat?post=4255"},{"taxonomy":"product_tag","embeddable":true,"href":"https:\/\/cosmeticstoredz.com\/ar\/wp-json\/wp\/v2\/product_tag?post=4255"}],"curies":[{"name":"wp","href":"https:\/\/api.w.org\/{rel}","templated":true}]}}