{"id":4226,"date":"2025-06-04T18:28:05","date_gmt":"2025-06-04T18:28:05","guid":{"rendered":"https:\/\/test.fitnessworldgym27.com\/?post_type=product&#038;p=4226"},"modified":"2026-03-30T19:24:13","modified_gmt":"2026-03-30T19:24:13","slug":"yves-rocher-rouge-a-levre-53-satin","status":"publish","type":"product","link":"https:\/\/cosmeticstoredz.com\/ar\/product\/yves-rocher-rouge-a-levre-53-satin\/","title":{"rendered":"YVES ROCHER ROUGE A LEVRE 53 SATIN"},"content":{"rendered":"<ul>\n<li data-start=\"448\" data-end=\"500\">\ud83d\udc8b <strong data-start=\"456\" data-end=\"498\">Couleur vibrante et couvrance parfaite : <\/strong>Le Rouge \u00e0 L\u00e8vres Yves Rocher<span style=\"font-size: 16px;\"> offre une pigmentation riche d\u00e8s le premier passage. Il sublime les l\u00e8vres avec des teintes vari\u00e9es, du nude naturel au rouge intense, pour toutes les envies et toutes les occasions.<\/span><\/li>\n<li data-start=\"719\" data-end=\"778\">\ud83c\udf3f <strong data-start=\"727\" data-end=\"776\">Formule soin enrichie en ingr\u00e9dients naturels : <\/strong>Enrichi en huile de cam\u00e9lia, huile de ricin ou autres extraits v\u00e9g\u00e9taux selon la gamme, il prend soin des l\u00e8vres tout en les colorant. Il nourrit, adoucit et prot\u00e8ge contre le dess\u00e8chement.<\/li>\n<li data-start=\"970\" data-end=\"1017\">\ud83d\udca7 <strong data-start=\"978\" data-end=\"1015\">Confort et tenue toute la journ\u00e9e : <\/strong>Sa texture onctueuse glisse facilement sur les l\u00e8vres et offre un confort longue dur\u00e9e sans effet collant. La tenue est optimale, sans dess\u00e9cher ni marquer les ridules.<\/li>\n<li data-start=\"1188\" data-end=\"1230\">\ud83d\udc84 <strong data-start=\"1196\" data-end=\"1228\">Un geste beaut\u00e9 au quotidien : <\/strong>Facile \u00e0 appliquer, ce rouge \u00e0 l\u00e8vres s\u2019int\u00e8gre parfaitement dans une routine maquillage rapide, tout en apportant une touche de sophistication.<\/li>\n<\/ul>","protected":false},"excerpt":{"rendered":"<p>Le Rouge \u00e0 L\u00e8vres Yves Rocher habille les l\u00e8vres d\u2019une couleur intense et d\u2019un fini \u00e9clatant. Sa texture confortable glisse parfaitement pour un r\u00e9sultat lumineux, longue tenue et hydratant.<\/p>","protected":false},"featured_media":17991,"comment_status":"closed","ping_status":"closed","template":"","meta":[],"product_brand":[],"product_cat":[75,205,122,207,306],"product_tag":[],"class_list":{"0":"post-4226","1":"product","2":"type-product","3":"status-publish","4":"has-post-thumbnail","6":"product_cat-femme","7":"product_cat-levres","8":"product_cat-make-up","9":"product_cat-rouge-a-levres","10":"product_cat-yves-rocher","12":"first","13":"outofstock","14":"shipping-taxable","15":"purchasable","16":"product-type-simple"},"_links":{"self":[{"href":"https:\/\/cosmeticstoredz.com\/ar\/wp-json\/wp\/v2\/product\/4226","targetHints":{"allow":["GET"]}}],"collection":[{"href":"https:\/\/cosmeticstoredz.com\/ar\/wp-json\/wp\/v2\/product"}],"about":[{"href":"https:\/\/cosmeticstoredz.com\/ar\/wp-json\/wp\/v2\/types\/product"}],"replies":[{"embeddable":true,"href":"https:\/\/cosmeticstoredz.com\/ar\/wp-json\/wp\/v2\/comments?post=4226"}],"version-history":[{"count":1,"href":"https:\/\/cosmeticstoredz.com\/ar\/wp-json\/wp\/v2\/product\/4226\/revisions"}],"predecessor-version":[{"id":17992,"href":"https:\/\/cosmeticstoredz.com\/ar\/wp-json\/wp\/v2\/product\/4226\/revisions\/17992"}],"wp:featuredmedia":[{"embeddable":true,"href":"https:\/\/cosmeticstoredz.com\/ar\/wp-json\/wp\/v2\/media\/17991"}],"wp:attachment":[{"href":"https:\/\/cosmeticstoredz.com\/ar\/wp-json\/wp\/v2\/media?parent=4226"}],"wp:term":[{"taxonomy":"product_brand","embeddable":true,"href":"https:\/\/cosmeticstoredz.com\/ar\/wp-json\/wp\/v2\/product_brand?post=4226"},{"taxonomy":"product_cat","embeddable":true,"href":"https:\/\/cosmeticstoredz.com\/ar\/wp-json\/wp\/v2\/product_cat?post=4226"},{"taxonomy":"product_tag","embeddable":true,"href":"https:\/\/cosmeticstoredz.com\/ar\/wp-json\/wp\/v2\/product_tag?post=4226"}],"curies":[{"name":"wp","href":"https:\/\/api.w.org\/{rel}","templated":true}]}}