{"id":4223,"date":"2025-06-04T18:28:05","date_gmt":"2025-06-04T18:28:05","guid":{"rendered":"https:\/\/test.fitnessworldgym27.com\/?post_type=product&#038;p=4223"},"modified":"2026-04-03T22:01:47","modified_gmt":"2026-04-03T22:01:47","slug":"bourjois-primer-healthy-mix-30ml","status":"publish","type":"product","link":"https:\/\/cosmeticstoredz.com\/ar\/product\/bourjois-primer-healthy-mix-30ml\/","title":{"rendered":"BOURJOIS PRIMER HEALTHY MIX 30ML"},"content":{"rendered":"<div class=\"rating\" data-bv-show=\"rating_summary\" data-bv-productid=\"3616303915551\"><\/div>\n<div class=\"description\"><\/div>","protected":false},"excerpt":{"rendered":"<div class=\"size\">Base de teint Healthy Mix Clean compos\u00e9e \u00e0 88% d\u2019ingr\u00e9dients d\u2019origine naturelle.<\/div>\n<div class=\"description\">Sa texture l\u00e9g\u00e8re permet de pr\u00e9parer et de lisser le grain de peau pour prolonger l\u2019\u00e9clat du maquillage.<\/div>","protected":false},"featured_media":17985,"comment_status":"open","ping_status":"closed","template":"","meta":[],"product_brand":[],"product_cat":[286,129,75,122,231,76],"product_tag":[125],"class_list":{"0":"post-4223","1":"product","2":"type-product","3":"status-publish","4":"has-post-thumbnail","6":"product_cat-bourjois","7":"product_cat-creme-hydratante-fv","8":"product_cat-femme","9":"product_cat-make-up","10":"product_cat-primer-base","11":"product_cat-soin-visage-f","12":"product_tag-made-in-france","14":"first","15":"outofstock","16":"shipping-taxable","17":"purchasable","18":"product-type-simple"},"_links":{"self":[{"href":"https:\/\/cosmeticstoredz.com\/ar\/wp-json\/wp\/v2\/product\/4223","targetHints":{"allow":["GET"]}}],"collection":[{"href":"https:\/\/cosmeticstoredz.com\/ar\/wp-json\/wp\/v2\/product"}],"about":[{"href":"https:\/\/cosmeticstoredz.com\/ar\/wp-json\/wp\/v2\/types\/product"}],"replies":[{"embeddable":true,"href":"https:\/\/cosmeticstoredz.com\/ar\/wp-json\/wp\/v2\/comments?post=4223"}],"version-history":[{"count":1,"href":"https:\/\/cosmeticstoredz.com\/ar\/wp-json\/wp\/v2\/product\/4223\/revisions"}],"predecessor-version":[{"id":17986,"href":"https:\/\/cosmeticstoredz.com\/ar\/wp-json\/wp\/v2\/product\/4223\/revisions\/17986"}],"wp:featuredmedia":[{"embeddable":true,"href":"https:\/\/cosmeticstoredz.com\/ar\/wp-json\/wp\/v2\/media\/17985"}],"wp:attachment":[{"href":"https:\/\/cosmeticstoredz.com\/ar\/wp-json\/wp\/v2\/media?parent=4223"}],"wp:term":[{"taxonomy":"product_brand","embeddable":true,"href":"https:\/\/cosmeticstoredz.com\/ar\/wp-json\/wp\/v2\/product_brand?post=4223"},{"taxonomy":"product_cat","embeddable":true,"href":"https:\/\/cosmeticstoredz.com\/ar\/wp-json\/wp\/v2\/product_cat?post=4223"},{"taxonomy":"product_tag","embeddable":true,"href":"https:\/\/cosmeticstoredz.com\/ar\/wp-json\/wp\/v2\/product_tag?post=4223"}],"curies":[{"name":"wp","href":"https:\/\/api.w.org\/{rel}","templated":true}]}}