{"id":4209,"date":"2025-06-04T18:28:04","date_gmt":"2025-06-04T18:28:04","guid":{"rendered":"https:\/\/test.fitnessworldgym27.com\/?post_type=product&#038;p=4209"},"modified":"2026-03-30T19:26:03","modified_gmt":"2026-03-30T19:26:03","slug":"bourjois-crayon-sourcil-chatain-fonce-004","status":"publish","type":"product","link":"https:\/\/cosmeticstoredz.com\/ar\/product\/bourjois-crayon-sourcil-chatain-fonce-004\/","title":{"rendered":"BOURJOIS CRAYON SOURCIL CHATAIN FONCE 004"},"content":{"rendered":"","protected":false},"excerpt":{"rendered":"<p>Le crayon sourcils Brow Reveal Pr\u00e9cision intensifie et d\u00e9finit votre regard.<br \/>\nSa texture fondante rend son utilisation simple et confortable. Sa pointe fine permet une application pr\u00e9cise au r\u00e9sultat sur-mesure.<br \/>\nGr\u00e2ce \u00e0 sa brosse int\u00e9gr\u00e9e, le crayon sourcils s\u2019estompe facilement pour un regard naturel tout en disciplinant vos sourcils.<\/p>","protected":false},"featured_media":17955,"comment_status":"open","ping_status":"closed","template":"","meta":[],"product_brand":[],"product_cat":[222,75,122,221],"product_tag":[],"class_list":{"0":"post-4209","1":"product","2":"type-product","3":"status-publish","4":"has-post-thumbnail","6":"product_cat-crayon-et-poudre-sourcils","7":"product_cat-femme","8":"product_cat-make-up","9":"product_cat-sourcils","11":"first","12":"instock","13":"shipping-taxable","14":"purchasable","15":"product-type-simple"},"_links":{"self":[{"href":"https:\/\/cosmeticstoredz.com\/ar\/wp-json\/wp\/v2\/product\/4209","targetHints":{"allow":["GET"]}}],"collection":[{"href":"https:\/\/cosmeticstoredz.com\/ar\/wp-json\/wp\/v2\/product"}],"about":[{"href":"https:\/\/cosmeticstoredz.com\/ar\/wp-json\/wp\/v2\/types\/product"}],"replies":[{"embeddable":true,"href":"https:\/\/cosmeticstoredz.com\/ar\/wp-json\/wp\/v2\/comments?post=4209"}],"version-history":[{"count":1,"href":"https:\/\/cosmeticstoredz.com\/ar\/wp-json\/wp\/v2\/product\/4209\/revisions"}],"predecessor-version":[{"id":17956,"href":"https:\/\/cosmeticstoredz.com\/ar\/wp-json\/wp\/v2\/product\/4209\/revisions\/17956"}],"wp:featuredmedia":[{"embeddable":true,"href":"https:\/\/cosmeticstoredz.com\/ar\/wp-json\/wp\/v2\/media\/17955"}],"wp:attachment":[{"href":"https:\/\/cosmeticstoredz.com\/ar\/wp-json\/wp\/v2\/media?parent=4209"}],"wp:term":[{"taxonomy":"product_brand","embeddable":true,"href":"https:\/\/cosmeticstoredz.com\/ar\/wp-json\/wp\/v2\/product_brand?post=4209"},{"taxonomy":"product_cat","embeddable":true,"href":"https:\/\/cosmeticstoredz.com\/ar\/wp-json\/wp\/v2\/product_cat?post=4209"},{"taxonomy":"product_tag","embeddable":true,"href":"https:\/\/cosmeticstoredz.com\/ar\/wp-json\/wp\/v2\/product_tag?post=4209"}],"curies":[{"name":"wp","href":"https:\/\/api.w.org\/{rel}","templated":true}]}}