{"id":4178,"date":"2025-06-04T18:27:44","date_gmt":"2025-06-04T18:27:44","guid":{"rendered":"https:\/\/test.fitnessworldgym27.com\/?post_type=product&#038;p=4178"},"modified":"2026-03-30T19:26:06","modified_gmt":"2026-03-30T19:26:06","slug":"bourjois-gloss-rouge-velvet-ink-liquide-matte-02-belle-inco-nude","status":"publish","type":"product","link":"https:\/\/cosmeticstoredz.com\/ar\/product\/bourjois-gloss-rouge-velvet-ink-liquide-matte-02-belle-inco-nude\/","title":{"rendered":"BOURJOIS GLOSS ROUGE VELVET INK LIQUIDE MATTE 02 BELLE INCO NUDE"},"content":{"rendered":"<p>Un rouge \u00e0 l\u00e8vres premium avec une formule longue dur\u00e9e et une couleur plus intense. Toucher agr\u00e9able et finition velours. Effet anti-tatouage et anti-transfert jusqu&rsquo;\u00e0 24 heures. Applicateur fin et pr\u00e9cis pour le contouring et le remplissage.<\/p>","protected":false},"excerpt":{"rendered":"<p>Un rouge \u00e0 l\u00e8vres premium avec une formule longue dur\u00e9e et une couleur plus intense. Toucher agr\u00e9able et finition velours.<\/p>","protected":false},"featured_media":17937,"comment_status":"closed","ping_status":"closed","template":"","meta":[],"product_brand":[],"product_cat":[286,75,205,122,207],"product_tag":[],"class_list":{"0":"post-4178","1":"product","2":"type-product","3":"status-publish","4":"has-post-thumbnail","6":"product_cat-bourjois","7":"product_cat-femme","8":"product_cat-levres","9":"product_cat-make-up","10":"product_cat-rouge-a-levres","12":"first","13":"instock","14":"shipping-taxable","15":"purchasable","16":"product-type-simple"},"_links":{"self":[{"href":"https:\/\/cosmeticstoredz.com\/ar\/wp-json\/wp\/v2\/product\/4178","targetHints":{"allow":["GET"]}}],"collection":[{"href":"https:\/\/cosmeticstoredz.com\/ar\/wp-json\/wp\/v2\/product"}],"about":[{"href":"https:\/\/cosmeticstoredz.com\/ar\/wp-json\/wp\/v2\/types\/product"}],"replies":[{"embeddable":true,"href":"https:\/\/cosmeticstoredz.com\/ar\/wp-json\/wp\/v2\/comments?post=4178"}],"version-history":[{"count":1,"href":"https:\/\/cosmeticstoredz.com\/ar\/wp-json\/wp\/v2\/product\/4178\/revisions"}],"predecessor-version":[{"id":17938,"href":"https:\/\/cosmeticstoredz.com\/ar\/wp-json\/wp\/v2\/product\/4178\/revisions\/17938"}],"wp:featuredmedia":[{"embeddable":true,"href":"https:\/\/cosmeticstoredz.com\/ar\/wp-json\/wp\/v2\/media\/17937"}],"wp:attachment":[{"href":"https:\/\/cosmeticstoredz.com\/ar\/wp-json\/wp\/v2\/media?parent=4178"}],"wp:term":[{"taxonomy":"product_brand","embeddable":true,"href":"https:\/\/cosmeticstoredz.com\/ar\/wp-json\/wp\/v2\/product_brand?post=4178"},{"taxonomy":"product_cat","embeddable":true,"href":"https:\/\/cosmeticstoredz.com\/ar\/wp-json\/wp\/v2\/product_cat?post=4178"},{"taxonomy":"product_tag","embeddable":true,"href":"https:\/\/cosmeticstoredz.com\/ar\/wp-json\/wp\/v2\/product_tag?post=4178"}],"curies":[{"name":"wp","href":"https:\/\/api.w.org\/{rel}","templated":true}]}}