{"id":4118,"date":"2025-06-04T18:27:20","date_gmt":"2025-06-04T18:27:20","guid":{"rendered":"https:\/\/test.fitnessworldgym27.com\/?post_type=product&#038;p=4118"},"modified":"2026-03-30T19:24:02","modified_gmt":"2026-03-30T19:24:02","slug":"cerave-facial-lotion","status":"publish","type":"product","link":"https:\/\/cosmeticstoredz.com\/ar\/product\/cerave-facial-lotion\/","title":{"rendered":"CERAVE FACIAL MOISTURIZING LOTION ULTRA LIGHTWEIGHT"},"content":{"rendered":"","protected":false},"excerpt":{"rendered":"<ul>\n<li data-start=\"105\" data-end=\"188\">\n<p data-start=\"107\" data-end=\"188\"><strong data-start=\"107\" data-end=\"125\">MVE Technology<\/strong> : lib\u00e9ration continue des ingr\u00e9dients hydratants pendant 24h<\/p>\n<\/li>\n<li data-start=\"189\" data-end=\"255\">\n<p data-start=\"191\" data-end=\"255\"><strong data-start=\"191\" data-end=\"204\">C\u00e9ramides<\/strong> : restaurent et maintiennent la barri\u00e8re cutan\u00e9e<\/p>\n<\/li>\n<li data-start=\"256\" data-end=\"316\">\n<p data-start=\"258\" data-end=\"316\"><strong data-start=\"258\" data-end=\"280\">Acide hyaluronique<\/strong> : attire et retient l\u2019hydratation<\/p>\n<\/li>\n<li data-start=\"317\" data-end=\"397\">\n<p data-start=\"319\" data-end=\"397\"><strong data-start=\"319\" data-end=\"334\">Niacinamide<\/strong> : r\u00e9pare la barri\u00e8re cutan\u00e9e et am\u00e9liore l\u2019aspect de la peau<\/p>\n<\/li>\n<li data-start=\"398\" data-end=\"484\">\n<p data-start=\"400\" data-end=\"484\">Formule : non-com\u00e9dog\u00e8ne, hypoallerg\u00e9nique, sans huile, sans parfum, non-irritante<\/p>\n<\/li>\n<li data-start=\"485\" data-end=\"528\">\n<p data-start=\"487\" data-end=\"528\">D\u00e9velopp\u00e9e avec des dermatologues<\/p>\n<\/li>\n<\/ul>","protected":false},"featured_media":17869,"comment_status":"closed","ping_status":"closed","template":"","meta":[],"product_brand":[52],"product_cat":[156,75,88,76],"product_tag":[232],"class_list":{"0":"post-4118","1":"product","2":"type-product","3":"status-publish","4":"has-post-thumbnail","6":"product_brand-cerave","7":"product_cat-cerave","8":"product_cat-femme","9":"product_cat-gel-nettoyant-f","10":"product_cat-soin-visage-f","11":"product_tag-made-in-usa","13":"first","14":"instock","15":"sale","16":"shipping-taxable","17":"purchasable","18":"product-type-simple"},"_links":{"self":[{"href":"https:\/\/cosmeticstoredz.com\/ar\/wp-json\/wp\/v2\/product\/4118","targetHints":{"allow":["GET"]}}],"collection":[{"href":"https:\/\/cosmeticstoredz.com\/ar\/wp-json\/wp\/v2\/product"}],"about":[{"href":"https:\/\/cosmeticstoredz.com\/ar\/wp-json\/wp\/v2\/types\/product"}],"replies":[{"embeddable":true,"href":"https:\/\/cosmeticstoredz.com\/ar\/wp-json\/wp\/v2\/comments?post=4118"}],"version-history":[{"count":2,"href":"https:\/\/cosmeticstoredz.com\/ar\/wp-json\/wp\/v2\/product\/4118\/revisions"}],"predecessor-version":[{"id":25533,"href":"https:\/\/cosmeticstoredz.com\/ar\/wp-json\/wp\/v2\/product\/4118\/revisions\/25533"}],"wp:featuredmedia":[{"embeddable":true,"href":"https:\/\/cosmeticstoredz.com\/ar\/wp-json\/wp\/v2\/media\/17869"}],"wp:attachment":[{"href":"https:\/\/cosmeticstoredz.com\/ar\/wp-json\/wp\/v2\/media?parent=4118"}],"wp:term":[{"taxonomy":"product_brand","embeddable":true,"href":"https:\/\/cosmeticstoredz.com\/ar\/wp-json\/wp\/v2\/product_brand?post=4118"},{"taxonomy":"product_cat","embeddable":true,"href":"https:\/\/cosmeticstoredz.com\/ar\/wp-json\/wp\/v2\/product_cat?post=4118"},{"taxonomy":"product_tag","embeddable":true,"href":"https:\/\/cosmeticstoredz.com\/ar\/wp-json\/wp\/v2\/product_tag?post=4118"}],"curies":[{"name":"wp","href":"https:\/\/api.w.org\/{rel}","templated":true}]}}