{"id":4117,"date":"2025-06-04T18:27:20","date_gmt":"2025-06-04T18:27:20","guid":{"rendered":"https:\/\/test.fitnessworldgym27.com\/?post_type=product&#038;p=4117"},"modified":"2026-04-07T14:23:54","modified_gmt":"2026-04-07T14:23:54","slug":"cerave-hydrating-acid-serum","status":"publish","type":"product","link":"https:\/\/cosmeticstoredz.com\/ar\/product\/cerave-hydrating-acid-serum\/","title":{"rendered":"CERAVE HYDRATING ACID SERUM"},"content":{"rendered":"","protected":false},"excerpt":{"rendered":"<div class=\"container\">\n<div class=\"row main-content-wrap\">\n<div class=\"main-content col-lg-12\">\n<div id=\"primary\" class=\"content-area\">\n<p>&nbsp;<\/p>\n<div id=\"product-5420\" class=\"product type-product post-5420 status-publish first instock product_cat-peau-seche product_cat-serum product_cat-visage product_tag-cerave product_tag-peau-seche product_tag-serum-hydratant has-post-thumbnail shipping-taxable purchasable product-type-simple product-layout-default\">\n<div id=\"product-tab\" class=\"woocommerce-tabs woocommerce-tabs-1qi34zlc resp-htabs\">\n<div class=\"resp-tabs-container\">\n<div id=\"tab-description\" class=\"tab-content resp-tab-content resp-tab-content-active\" aria-labelledby=\"tab_item-0\">\n<p>Cerave S\u00e9rum \u00e0 l\u2019acide hyaluronique pour le visage \u00e0 la vitamine B5 et aux c\u00e9ramides , S\u00e9rum Visage Hydratant Peaux S\u00e8ches , Sans parfum.<\/p>\n<\/div>\n<\/div>\n<\/div>\n<\/div>\n<p>&nbsp;<\/p>\n<\/div>\n<\/div>\n<\/div>\n<\/div>\n<div class=\"related products\">\n<div class=\"container\"><\/div>\n<\/div>","protected":false},"featured_media":17866,"comment_status":"closed","ping_status":"closed","template":"","meta":[],"product_brand":[52],"product_cat":[156,75,77,76],"product_tag":[232],"class_list":{"0":"post-4117","1":"product","2":"type-product","3":"status-publish","4":"has-post-thumbnail","6":"product_brand-cerave","7":"product_cat-cerave","8":"product_cat-femme","9":"product_cat-serum-fv","10":"product_cat-soin-visage-f","11":"product_tag-made-in-usa","13":"first","14":"instock","15":"sale","16":"shipping-taxable","17":"purchasable","18":"product-type-simple"},"_links":{"self":[{"href":"https:\/\/cosmeticstoredz.com\/ar\/wp-json\/wp\/v2\/product\/4117","targetHints":{"allow":["GET"]}}],"collection":[{"href":"https:\/\/cosmeticstoredz.com\/ar\/wp-json\/wp\/v2\/product"}],"about":[{"href":"https:\/\/cosmeticstoredz.com\/ar\/wp-json\/wp\/v2\/types\/product"}],"replies":[{"embeddable":true,"href":"https:\/\/cosmeticstoredz.com\/ar\/wp-json\/wp\/v2\/comments?post=4117"}],"version-history":[{"count":1,"href":"https:\/\/cosmeticstoredz.com\/ar\/wp-json\/wp\/v2\/product\/4117\/revisions"}],"predecessor-version":[{"id":17868,"href":"https:\/\/cosmeticstoredz.com\/ar\/wp-json\/wp\/v2\/product\/4117\/revisions\/17868"}],"wp:featuredmedia":[{"embeddable":true,"href":"https:\/\/cosmeticstoredz.com\/ar\/wp-json\/wp\/v2\/media\/17866"}],"wp:attachment":[{"href":"https:\/\/cosmeticstoredz.com\/ar\/wp-json\/wp\/v2\/media?parent=4117"}],"wp:term":[{"taxonomy":"product_brand","embeddable":true,"href":"https:\/\/cosmeticstoredz.com\/ar\/wp-json\/wp\/v2\/product_brand?post=4117"},{"taxonomy":"product_cat","embeddable":true,"href":"https:\/\/cosmeticstoredz.com\/ar\/wp-json\/wp\/v2\/product_cat?post=4117"},{"taxonomy":"product_tag","embeddable":true,"href":"https:\/\/cosmeticstoredz.com\/ar\/wp-json\/wp\/v2\/product_tag?post=4117"}],"curies":[{"name":"wp","href":"https:\/\/api.w.org\/{rel}","templated":true}]}}