{"id":4116,"date":"2025-06-04T18:27:20","date_gmt":"2025-06-04T18:27:20","guid":{"rendered":"https:\/\/test.fitnessworldgym27.com\/?post_type=product&#038;p=4116"},"modified":"2026-04-18T19:21:28","modified_gmt":"2026-04-18T19:21:28","slug":"cerave-serum-vitamine-c-skin-renewing","status":"publish","type":"product","link":"https:\/\/cosmeticstoredz.com\/ar\/product\/cerave-serum-vitamine-c-skin-renewing\/","title":{"rendered":"CERAVE SERUM VITAMINE C SKIN RENEWING"},"content":{"rendered":"<p>Le s\u00e9rum renouvelant \u00e0 la vitamine C CeraVe est une formule l\u00e9g\u00e8re et hydratante qui aide \u00e0 lisser la peau, unifier le teint et r\u00e9duire l\u2019apparence des taches brunes et des ridules. Enrichi en vitamine C pure, en acide hyaluronique et en c\u00e9ramides essentiels, il renforce la barri\u00e8re cutan\u00e9e, am\u00e9liore l\u2019\u00e9lasticit\u00e9 de la peau et maintient une hydratation optimale pour un teint \u00e9clatant et une peau plus lisse. Cette formule non com\u00e9dog\u00e8ne offre les b\u00e9n\u00e9fices suivants : une action antioxydante, un teint plus uniforme et une peau plus lumineuse.<\/p>\n<p><strong>B\u00e9n\u00e9fices du produit<\/strong><\/p>\n<ul>\n<li>Aide \u00e0 lisser la peau, unifier le teint et r\u00e9duire l\u2019apparence des taches brunes et des ridules<\/li>\n<li>Enrichi en vitamine C pure, acide hyaluronique et c\u00e9ramides essentiels pour renforcer la barri\u00e8re cutan\u00e9e, am\u00e9liorer l\u2019\u00e9lasticit\u00e9 de la peau et maintenir une hydratation optimale<\/li>\n<li>Donne un teint \u00e9clatant et une peau plus lisse<\/li>\n<li>Action antioxydante pour prot\u00e9ger la peau des dommages caus\u00e9s par les radicaux libres<\/li>\n<li>Formule l\u00e9g\u00e8re et hydratante adapt\u00e9e \u00e0 tous les types de peau, y compris les peaux sensibles<\/li>\n<li>Non com\u00e9dog\u00e8ne<\/li>\n<\/ul>","protected":false},"excerpt":{"rendered":"<p>Le s\u00e9rum renouvelant \u00e0 la vitamine C CeraVe est une formule l\u00e9g\u00e8re et hydratante qui aide \u00e0 lisser la peau, unifier le teint et r\u00e9duire l\u2019apparence des taches brunes et des ridules. Enrichi en vitamine C pure, en acide hyaluronique et en c\u00e9ramides essentiels,<\/p>","protected":false},"featured_media":17862,"comment_status":"closed","ping_status":"closed","template":"","meta":[],"product_brand":[52],"product_cat":[156,75,77,76],"product_tag":[232],"class_list":{"0":"post-4116","1":"product","2":"type-product","3":"status-publish","4":"has-post-thumbnail","6":"product_brand-cerave","7":"product_cat-cerave","8":"product_cat-femme","9":"product_cat-serum-fv","10":"product_cat-soin-visage-f","11":"product_tag-made-in-usa","13":"first","14":"instock","15":"shipping-taxable","16":"purchasable","17":"product-type-simple"},"yoast_head":"<!-- This site is optimized with the Yoast SEO plugin v27.3 - https:\/\/yoast.com\/product\/yoast-seo-wordpress\/ -->\n<title>CERAVE SERUM VITAMINE C SKIN RENEWING - Cosmetic Store<\/title>\n<meta name=\"robots\" content=\"index, follow, max-snippet:-1, max-image-preview:large, max-video-preview:-1\" \/>\n<link rel=\"canonical\" href=\"https:\/\/cosmeticstoredz.com\/ar\/product\/cerave-serum-vitamine-c-skin-renewing\/\" \/>\n<meta property=\"og:locale\" content=\"ar_AR\" \/>\n<meta property=\"og:type\" content=\"article\" \/>\n<meta property=\"og:title\" content=\"CERAVE SERUM VITAMINE C SKIN RENEWING - Cosmetic Store\" \/>\n<meta property=\"og:description\" content=\"Le s\u00e9rum renouvelant \u00e0 la vitamine C CeraVe est une formule l\u00e9g\u00e8re et hydratante qui aide \u00e0 lisser la peau, unifier le teint et r\u00e9duire l\u2019apparence des taches brunes et des ridules. Enrichi en vitamine C pure, en acide hyaluronique et en c\u00e9ramides essentiels,\" \/>\n<meta property=\"og:url\" content=\"https:\/\/cosmeticstoredz.com\/ar\/product\/cerave-serum-vitamine-c-skin-renewing\/\" \/>\n<meta property=\"og:site_name\" content=\"Cosmetic Store\" \/>\n<meta property=\"article:publisher\" content=\"https:\/\/www.facebook.com\/profile.php?id=61564954260683\" \/>\n<meta property=\"article:modified_time\" content=\"2026-04-18T19:21:28+00:00\" \/>\n<meta property=\"og:image\" content=\"https:\/\/cosmeticstoredz.com\/wp-content\/uploads\/2026\/02\/CC-648.png\" \/>\n\t<meta property=\"og:image:width\" content=\"1563\" \/>\n\t<meta property=\"og:image:height\" content=\"1563\" \/>\n\t<meta property=\"og:image:type\" content=\"image\/png\" \/>\n<meta name=\"twitter:card\" content=\"summary_large_image\" \/>\n<meta name=\"twitter:label1\" content=\"\u0648\u0642\u062a \u0627\u0644\u0642\u0631\u0627\u0621\u0629 \u0627\u0644\u0645\u064f\u0642\u062f\u0651\u0631\" \/>\n\t<meta name=\"twitter:data1\" content=\"\u062f\u0642\u064a\u0642\u0629 \u0648\u0627\u062d\u062f\u0629\" \/>\n<script type=\"application\/ld+json\" class=\"yoast-schema-graph\">{\"@context\":\"https:\\\/\\\/schema.org\",\"@graph\":[{\"@type\":\"WebPage\",\"@id\":\"https:\\\/\\\/cosmeticstoredz.com\\\/produit\\\/cerave-serum-vitamine-c-skin-renewing\\\/\",\"url\":\"https:\\\/\\\/cosmeticstoredz.com\\\/produit\\\/cerave-serum-vitamine-c-skin-renewing\\\/\",\"name\":\"CERAVE SERUM VITAMINE C SKIN RENEWING - Cosmetic Store\",\"isPartOf\":{\"@id\":\"https:\\\/\\\/cosmeticstoredz.com\\\/#website\"},\"primaryImageOfPage\":{\"@id\":\"https:\\\/\\\/cosmeticstoredz.com\\\/produit\\\/cerave-serum-vitamine-c-skin-renewing\\\/#primaryimage\"},\"image\":{\"@id\":\"https:\\\/\\\/cosmeticstoredz.com\\\/produit\\\/cerave-serum-vitamine-c-skin-renewing\\\/#primaryimage\"},\"thumbnailUrl\":\"https:\\\/\\\/cosmeticstoredz.com\\\/wp-content\\\/uploads\\\/2026\\\/02\\\/CC-648.png\",\"datePublished\":\"2025-06-04T18:27:20+00:00\",\"dateModified\":\"2026-04-18T19:21:28+00:00\",\"breadcrumb\":{\"@id\":\"https:\\\/\\\/cosmeticstoredz.com\\\/produit\\\/cerave-serum-vitamine-c-skin-renewing\\\/#breadcrumb\"},\"inLanguage\":\"ar\",\"potentialAction\":[{\"@type\":\"ReadAction\",\"target\":[\"https:\\\/\\\/cosmeticstoredz.com\\\/produit\\\/cerave-serum-vitamine-c-skin-renewing\\\/\"]}]},{\"@type\":\"ImageObject\",\"inLanguage\":\"ar\",\"@id\":\"https:\\\/\\\/cosmeticstoredz.com\\\/produit\\\/cerave-serum-vitamine-c-skin-renewing\\\/#primaryimage\",\"url\":\"https:\\\/\\\/cosmeticstoredz.com\\\/wp-content\\\/uploads\\\/2026\\\/02\\\/CC-648.png\",\"contentUrl\":\"https:\\\/\\\/cosmeticstoredz.com\\\/wp-content\\\/uploads\\\/2026\\\/02\\\/CC-648.png\",\"width\":1563,\"height\":1563},{\"@type\":\"BreadcrumbList\",\"@id\":\"https:\\\/\\\/cosmeticstoredz.com\\\/produit\\\/cerave-serum-vitamine-c-skin-renewing\\\/#breadcrumb\",\"itemListElement\":[{\"@type\":\"ListItem\",\"position\":1,\"name\":\"Accueil\",\"item\":\"https:\\\/\\\/cosmeticstoredz.com\\\/\"},{\"@type\":\"ListItem\",\"position\":2,\"name\":\"Boutique\",\"item\":\"https:\\\/\\\/cosmeticstoredz.com\\\/boutique\\\/\"},{\"@type\":\"ListItem\",\"position\":3,\"name\":\"CERAVE SERUM VITAMINE C SKIN RENEWING\"}]},{\"@type\":\"WebSite\",\"@id\":\"https:\\\/\\\/cosmeticstoredz.com\\\/#website\",\"url\":\"https:\\\/\\\/cosmeticstoredz.com\\\/\",\"name\":\"Cosmetic Store\",\"description\":\"\",\"publisher\":{\"@id\":\"https:\\\/\\\/cosmeticstoredz.com\\\/#organization\"},\"potentialAction\":[{\"@type\":\"SearchAction\",\"target\":{\"@type\":\"EntryPoint\",\"urlTemplate\":\"https:\\\/\\\/cosmeticstoredz.com\\\/?s={search_term_string}\"},\"query-input\":{\"@type\":\"PropertyValueSpecification\",\"valueRequired\":true,\"valueName\":\"search_term_string\"}}],\"inLanguage\":\"ar\"},{\"@type\":\"Organization\",\"@id\":\"https:\\\/\\\/cosmeticstoredz.com\\\/#organization\",\"name\":\"Cosmetic Store\",\"url\":\"https:\\\/\\\/cosmeticstoredz.com\\\/\",\"logo\":{\"@type\":\"ImageObject\",\"inLanguage\":\"ar\",\"@id\":\"https:\\\/\\\/cosmeticstoredz.com\\\/#\\\/schema\\\/logo\\\/image\\\/\",\"url\":\"https:\\\/\\\/cosmeticstoredz.com\\\/wp-content\\\/uploads\\\/2026\\\/02\\\/cropped-LOGO_CS-512x512-1-1-e1771275285345.webp\",\"contentUrl\":\"https:\\\/\\\/cosmeticstoredz.com\\\/wp-content\\\/uploads\\\/2026\\\/02\\\/cropped-LOGO_CS-512x512-1-1-e1771275285345.webp\",\"width\":265,\"height\":319,\"caption\":\"Cosmetic Store\"},\"image\":{\"@id\":\"https:\\\/\\\/cosmeticstoredz.com\\\/#\\\/schema\\\/logo\\\/image\\\/\"},\"sameAs\":[\"https:\\\/\\\/www.facebook.com\\\/profile.php?id=61564954260683\",\"https:\\\/\\\/www.instagram.com\\\/cosmetic.storedz\\\/\"]}]}<\/script>\n<!-- \/ Yoast SEO plugin. -->","yoast_head_json":{"title":"CERAVE SERUM VITAMINE C SKIN RENEWING - Cosmetic Store","robots":{"index":"index","follow":"follow","max-snippet":"max-snippet:-1","max-image-preview":"max-image-preview:large","max-video-preview":"max-video-preview:-1"},"canonical":"https:\/\/cosmeticstoredz.com\/ar\/product\/cerave-serum-vitamine-c-skin-renewing\/","og_locale":"ar_AR","og_type":"article","og_title":"CERAVE SERUM VITAMINE C SKIN RENEWING - Cosmetic Store","og_description":"Le s\u00e9rum renouvelant \u00e0 la vitamine C CeraVe est une formule l\u00e9g\u00e8re et hydratante qui aide \u00e0 lisser la peau, unifier le teint et r\u00e9duire l\u2019apparence des taches brunes et des ridules. Enrichi en vitamine C pure, en acide hyaluronique et en c\u00e9ramides essentiels,","og_url":"https:\/\/cosmeticstoredz.com\/ar\/product\/cerave-serum-vitamine-c-skin-renewing\/","og_site_name":"Cosmetic Store","article_publisher":"https:\/\/www.facebook.com\/profile.php?id=61564954260683","article_modified_time":"2026-04-18T19:21:28+00:00","og_image":[{"width":1563,"height":1563,"url":"https:\/\/cosmeticstoredz.com\/wp-content\/uploads\/2026\/02\/CC-648.png","type":"image\/png"}],"twitter_card":"summary_large_image","twitter_misc":{"\u0648\u0642\u062a \u0627\u0644\u0642\u0631\u0627\u0621\u0629 \u0627\u0644\u0645\u064f\u0642\u062f\u0651\u0631":"\u062f\u0642\u064a\u0642\u0629 \u0648\u0627\u062d\u062f\u0629"},"schema":{"@context":"https:\/\/schema.org","@graph":[{"@type":"WebPage","@id":"https:\/\/cosmeticstoredz.com\/produit\/cerave-serum-vitamine-c-skin-renewing\/","url":"https:\/\/cosmeticstoredz.com\/produit\/cerave-serum-vitamine-c-skin-renewing\/","name":"CERAVE SERUM VITAMINE C SKIN RENEWING - Cosmetic Store","isPartOf":{"@id":"https:\/\/cosmeticstoredz.com\/#website"},"primaryImageOfPage":{"@id":"https:\/\/cosmeticstoredz.com\/produit\/cerave-serum-vitamine-c-skin-renewing\/#primaryimage"},"image":{"@id":"https:\/\/cosmeticstoredz.com\/produit\/cerave-serum-vitamine-c-skin-renewing\/#primaryimage"},"thumbnailUrl":"https:\/\/cosmeticstoredz.com\/wp-content\/uploads\/2026\/02\/CC-648.png","datePublished":"2025-06-04T18:27:20+00:00","dateModified":"2026-04-18T19:21:28+00:00","breadcrumb":{"@id":"https:\/\/cosmeticstoredz.com\/produit\/cerave-serum-vitamine-c-skin-renewing\/#breadcrumb"},"inLanguage":"ar","potentialAction":[{"@type":"ReadAction","target":["https:\/\/cosmeticstoredz.com\/produit\/cerave-serum-vitamine-c-skin-renewing\/"]}]},{"@type":"ImageObject","inLanguage":"ar","@id":"https:\/\/cosmeticstoredz.com\/produit\/cerave-serum-vitamine-c-skin-renewing\/#primaryimage","url":"https:\/\/cosmeticstoredz.com\/wp-content\/uploads\/2026\/02\/CC-648.png","contentUrl":"https:\/\/cosmeticstoredz.com\/wp-content\/uploads\/2026\/02\/CC-648.png","width":1563,"height":1563},{"@type":"BreadcrumbList","@id":"https:\/\/cosmeticstoredz.com\/produit\/cerave-serum-vitamine-c-skin-renewing\/#breadcrumb","itemListElement":[{"@type":"ListItem","position":1,"name":"Accueil","item":"https:\/\/cosmeticstoredz.com\/"},{"@type":"ListItem","position":2,"name":"Boutique","item":"https:\/\/cosmeticstoredz.com\/boutique\/"},{"@type":"ListItem","position":3,"name":"CERAVE SERUM VITAMINE C SKIN RENEWING"}]},{"@type":"WebSite","@id":"https:\/\/cosmeticstoredz.com\/#website","url":"https:\/\/cosmeticstoredz.com\/","name":"Cosmetic Store","description":"","publisher":{"@id":"https:\/\/cosmeticstoredz.com\/#organization"},"potentialAction":[{"@type":"SearchAction","target":{"@type":"EntryPoint","urlTemplate":"https:\/\/cosmeticstoredz.com\/?s={search_term_string}"},"query-input":{"@type":"PropertyValueSpecification","valueRequired":true,"valueName":"search_term_string"}}],"inLanguage":"ar"},{"@type":"Organization","@id":"https:\/\/cosmeticstoredz.com\/#organization","name":"Cosmetic Store","url":"https:\/\/cosmeticstoredz.com\/","logo":{"@type":"ImageObject","inLanguage":"ar","@id":"https:\/\/cosmeticstoredz.com\/#\/schema\/logo\/image\/","url":"https:\/\/cosmeticstoredz.com\/wp-content\/uploads\/2026\/02\/cropped-LOGO_CS-512x512-1-1-e1771275285345.webp","contentUrl":"https:\/\/cosmeticstoredz.com\/wp-content\/uploads\/2026\/02\/cropped-LOGO_CS-512x512-1-1-e1771275285345.webp","width":265,"height":319,"caption":"Cosmetic Store"},"image":{"@id":"https:\/\/cosmeticstoredz.com\/#\/schema\/logo\/image\/"},"sameAs":["https:\/\/www.facebook.com\/profile.php?id=61564954260683","https:\/\/www.instagram.com\/cosmetic.storedz\/"]}]}},"_links":{"self":[{"href":"https:\/\/cosmeticstoredz.com\/ar\/wp-json\/wp\/v2\/product\/4116","targetHints":{"allow":["GET"]}}],"collection":[{"href":"https:\/\/cosmeticstoredz.com\/ar\/wp-json\/wp\/v2\/product"}],"about":[{"href":"https:\/\/cosmeticstoredz.com\/ar\/wp-json\/wp\/v2\/types\/product"}],"replies":[{"embeddable":true,"href":"https:\/\/cosmeticstoredz.com\/ar\/wp-json\/wp\/v2\/comments?post=4116"}],"version-history":[{"count":1,"href":"https:\/\/cosmeticstoredz.com\/ar\/wp-json\/wp\/v2\/product\/4116\/revisions"}],"predecessor-version":[{"id":17865,"href":"https:\/\/cosmeticstoredz.com\/ar\/wp-json\/wp\/v2\/product\/4116\/revisions\/17865"}],"wp:featuredmedia":[{"embeddable":true,"href":"https:\/\/cosmeticstoredz.com\/ar\/wp-json\/wp\/v2\/media\/17862"}],"wp:attachment":[{"href":"https:\/\/cosmeticstoredz.com\/ar\/wp-json\/wp\/v2\/media?parent=4116"}],"wp:term":[{"taxonomy":"product_brand","embeddable":true,"href":"https:\/\/cosmeticstoredz.com\/ar\/wp-json\/wp\/v2\/product_brand?post=4116"},{"taxonomy":"product_cat","embeddable":true,"href":"https:\/\/cosmeticstoredz.com\/ar\/wp-json\/wp\/v2\/product_cat?post=4116"},{"taxonomy":"product_tag","embeddable":true,"href":"https:\/\/cosmeticstoredz.com\/ar\/wp-json\/wp\/v2\/product_tag?post=4116"}],"curies":[{"name":"wp","href":"https:\/\/api.w.org\/{rel}","templated":true}]}}