{"id":4078,"date":"2025-06-04T18:26:59","date_gmt":"2025-06-04T18:26:59","guid":{"rendered":"https:\/\/test.fitnessworldgym27.com\/?post_type=product&#038;p=4078"},"modified":"2026-03-30T19:27:28","modified_gmt":"2026-03-30T19:27:28","slug":"narta-deodorant-roll-on-biotic-peaux-sensible","status":"publish","type":"product","link":"https:\/\/cosmeticstoredz.com\/ar\/product\/narta-deodorant-roll-on-biotic-peaux-sensible\/","title":{"rendered":"NARTA DEODORANT ROLL-ON BIOTIC PEAUX SENSIBLE"},"content":{"rendered":"<p>Sans alcool*, sa formule sp\u00e9cialement con\u00e7ue pour son activit\u00e9 anti-traces blanches et jaunes pr\u00e9serve les d\u00e9fenses naturelles de votre peau avec une efficacit\u00e9 contre les odeurs pendant 48h.<\/p>","protected":false},"excerpt":{"rendered":"<div class=\"product-excerpt single-product__exerpt\">\n<div>D\u00e9odorant en bille enrichi en extraits de probiotique qui respecte l\u2019environnement microbiome des peaux sensibles.<\/div>\n<\/div>\n<div class=\"single-product__cta\"><a class=\"swn-tag-wtb-btn btn btn_custom_oro button swn-bound swn-awe-btn-enabled\" data-eans=\"3600551106564\" data-swn-idx=\"1\" data-swn-instance=\"369ae483c802453ca47500287f147bbb\">Acheter<\/a><\/div>","protected":false},"featured_media":17828,"comment_status":"open","ping_status":"closed","template":"","meta":[],"product_brand":[],"product_cat":[79,75,303,78,178],"product_tag":[],"class_list":{"0":"post-4078","1":"product","2":"type-product","3":"status-publish","4":"has-post-thumbnail","6":"product_cat-deodorant-f","7":"product_cat-femme","8":"product_cat-narta","9":"product_cat-parfum-f","10":"product_cat-stick","12":"first","13":"outofstock","14":"shipping-taxable","15":"purchasable","16":"product-type-simple"},"_links":{"self":[{"href":"https:\/\/cosmeticstoredz.com\/ar\/wp-json\/wp\/v2\/product\/4078","targetHints":{"allow":["GET"]}}],"collection":[{"href":"https:\/\/cosmeticstoredz.com\/ar\/wp-json\/wp\/v2\/product"}],"about":[{"href":"https:\/\/cosmeticstoredz.com\/ar\/wp-json\/wp\/v2\/types\/product"}],"replies":[{"embeddable":true,"href":"https:\/\/cosmeticstoredz.com\/ar\/wp-json\/wp\/v2\/comments?post=4078"}],"version-history":[{"count":1,"href":"https:\/\/cosmeticstoredz.com\/ar\/wp-json\/wp\/v2\/product\/4078\/revisions"}],"predecessor-version":[{"id":17829,"href":"https:\/\/cosmeticstoredz.com\/ar\/wp-json\/wp\/v2\/product\/4078\/revisions\/17829"}],"wp:featuredmedia":[{"embeddable":true,"href":"https:\/\/cosmeticstoredz.com\/ar\/wp-json\/wp\/v2\/media\/17828"}],"wp:attachment":[{"href":"https:\/\/cosmeticstoredz.com\/ar\/wp-json\/wp\/v2\/media?parent=4078"}],"wp:term":[{"taxonomy":"product_brand","embeddable":true,"href":"https:\/\/cosmeticstoredz.com\/ar\/wp-json\/wp\/v2\/product_brand?post=4078"},{"taxonomy":"product_cat","embeddable":true,"href":"https:\/\/cosmeticstoredz.com\/ar\/wp-json\/wp\/v2\/product_cat?post=4078"},{"taxonomy":"product_tag","embeddable":true,"href":"https:\/\/cosmeticstoredz.com\/ar\/wp-json\/wp\/v2\/product_tag?post=4078"}],"curies":[{"name":"wp","href":"https:\/\/api.w.org\/{rel}","templated":true}]}}