{"id":4068,"date":"2025-06-04T18:26:58","date_gmt":"2025-06-04T18:26:58","guid":{"rendered":"https:\/\/test.fitnessworldgym27.com\/?post_type=product&#038;p=4068"},"modified":"2026-03-30T19:24:03","modified_gmt":"2026-03-30T19:24:03","slug":"dessange-masque-chvx-lart-de-lissage","status":"publish","type":"product","link":"https:\/\/cosmeticstoredz.com\/ar\/product\/dessange-masque-chvx-lart-de-lissage\/","title":{"rendered":"DESSANGE MASQUE CHVX L&rsquo;ART DE LISSAGE"},"content":{"rendered":"<p>\u00c0 la sortie d\u2019un salon Dessange, la chevelure est transform\u00e9e en une mati\u00e8re liss\u00e9e, fluide, pour plusieurs jours. Pour reproduire ce r\u00e9sultat, d\u00e9couvrez le programme de soins capillaires L\u2019Art du Lissage.<br \/>\nEnrichi en prot\u00e9ine de soie et huile de cam\u00e9line nutritive, le masque L\u2019Art du Lissage nourrit intens\u00e9ment la chevelure pour discipliner et lisser la fibre, sans l\u2019alourdir.<\/p>","protected":false},"excerpt":{"rendered":"<p class=\"product__detail__card__title\">Masque Nutri-Lissant &#8211; L&rsquo;art du Lissage<\/p>","protected":false},"featured_media":17807,"comment_status":"open","ping_status":"closed","template":"","meta":[],"product_brand":[],"product_cat":[302,75,155,95],"product_tag":[],"class_list":{"0":"post-4068","1":"product","2":"type-product","3":"status-publish","4":"has-post-thumbnail","6":"product_cat-dessange","7":"product_cat-femme","8":"product_cat-masque","9":"product_cat-soin-cheveux-f","11":"first","12":"outofstock","13":"sale","14":"shipping-taxable","15":"purchasable","16":"product-type-simple"},"_links":{"self":[{"href":"https:\/\/cosmeticstoredz.com\/ar\/wp-json\/wp\/v2\/product\/4068","targetHints":{"allow":["GET"]}}],"collection":[{"href":"https:\/\/cosmeticstoredz.com\/ar\/wp-json\/wp\/v2\/product"}],"about":[{"href":"https:\/\/cosmeticstoredz.com\/ar\/wp-json\/wp\/v2\/types\/product"}],"replies":[{"embeddable":true,"href":"https:\/\/cosmeticstoredz.com\/ar\/wp-json\/wp\/v2\/comments?post=4068"}],"version-history":[{"count":1,"href":"https:\/\/cosmeticstoredz.com\/ar\/wp-json\/wp\/v2\/product\/4068\/revisions"}],"predecessor-version":[{"id":17808,"href":"https:\/\/cosmeticstoredz.com\/ar\/wp-json\/wp\/v2\/product\/4068\/revisions\/17808"}],"wp:featuredmedia":[{"embeddable":true,"href":"https:\/\/cosmeticstoredz.com\/ar\/wp-json\/wp\/v2\/media\/17807"}],"wp:attachment":[{"href":"https:\/\/cosmeticstoredz.com\/ar\/wp-json\/wp\/v2\/media?parent=4068"}],"wp:term":[{"taxonomy":"product_brand","embeddable":true,"href":"https:\/\/cosmeticstoredz.com\/ar\/wp-json\/wp\/v2\/product_brand?post=4068"},{"taxonomy":"product_cat","embeddable":true,"href":"https:\/\/cosmeticstoredz.com\/ar\/wp-json\/wp\/v2\/product_cat?post=4068"},{"taxonomy":"product_tag","embeddable":true,"href":"https:\/\/cosmeticstoredz.com\/ar\/wp-json\/wp\/v2\/product_tag?post=4068"}],"curies":[{"name":"wp","href":"https:\/\/api.w.org\/{rel}","templated":true}]}}