{"id":4067,"date":"2025-06-04T18:26:58","date_gmt":"2025-06-04T18:26:58","guid":{"rendered":"https:\/\/test.fitnessworldgym27.com\/?post_type=product&#038;p=4067"},"modified":"2026-03-30T19:28:05","modified_gmt":"2026-03-30T19:28:05","slug":"ushuaia-deodorant-roll-on-bahia-do-brazil-argile-absorbante-et-parfum-maracuja","status":"publish","type":"product","link":"https:\/\/cosmeticstoredz.com\/ar\/product\/ushuaia-deodorant-roll-on-bahia-do-brazil-argile-absorbante-et-parfum-maracuja\/","title":{"rendered":"USHUAIA DEODORANT ROLL-ON BAHIA DO BRAZIL ARGILE ABSORBANTE ET PARFUM MARACUJA"},"content":{"rendered":"<h1 class=\"h1\">USHUA\u00cfA Bahia do Brasil &#8211; D\u00e9odorant roll-on 48h \u00e0 l&rsquo;Argile Absorbante &amp; Parfum Maracuja 50ml<\/h1>\n<p>Un parfum fruit\u00e9 et longue dur\u00e9e<br \/>\nLe Maracuja, fruit du soleil embl\u00e9matique du Br\u00e9sil, vous d\u00e9lecte de son parfum aux notes sucr\u00e9es et juteuses pour une sensation de fra\u00eecheur in\u00e9dite. Tout au long de la journ\u00e9e, vous \u00eates efficacement prot\u00e9g\u00e9e, d\u00e9licieusement parfum\u00e9e<\/p>","protected":false},"excerpt":{"rendered":"<h1 class=\"h1\">USHUA\u00cfA Bahia do Brasil &#8211; D\u00e9odorant roll-on 48h \u00e0 l&rsquo;Argile Absorbante &amp; Parfum Maracuja 50ml<\/h1>\n<p>Un parfum fruit\u00e9 et longue dur\u00e9e<br \/>\nLe Maracuja, fruit du soleil embl\u00e9matique du Br\u00e9sil, vous d\u00e9lecte de son parfum aux notes sucr\u00e9es et juteuses pour une sensation de fra\u00eecheur in\u00e9dite. Tout au long de la journ\u00e9e, vous \u00eates efficacement prot\u00e9g\u00e9e, d\u00e9licieusement parfum\u00e9e<\/p>","protected":false},"featured_media":17805,"comment_status":"open","ping_status":"closed","template":"","meta":[],"product_brand":[],"product_cat":[79,75,296],"product_tag":[],"class_list":{"0":"post-4067","1":"product","2":"type-product","3":"status-publish","4":"has-post-thumbnail","6":"product_cat-deodorant-f","7":"product_cat-femme","8":"product_cat-ushuaia","10":"first","11":"instock","12":"shipping-taxable","13":"purchasable","14":"product-type-simple"},"yoast_head":"<!-- This site is optimized with the Yoast SEO plugin v27.3 - https:\/\/yoast.com\/product\/yoast-seo-wordpress\/ -->\n<title>USHUAIA DEODORANT ROLL-ON BAHIA DO BRAZIL ARGILE ABSORBANTE ET PARFUM MARACUJA - Cosmetic Store<\/title>\n<meta name=\"robots\" content=\"index, follow, max-snippet:-1, max-image-preview:large, max-video-preview:-1\" \/>\n<link rel=\"canonical\" href=\"https:\/\/cosmeticstoredz.com\/ar\/product\/ushuaia-deodorant-roll-on-bahia-do-brazil-argile-absorbante-et-parfum-maracuja\/\" \/>\n<meta property=\"og:locale\" content=\"ar_AR\" \/>\n<meta property=\"og:type\" content=\"article\" \/>\n<meta property=\"og:title\" content=\"USHUAIA DEODORANT ROLL-ON BAHIA DO BRAZIL ARGILE ABSORBANTE ET PARFUM MARACUJA - Cosmetic Store\" \/>\n<meta property=\"og:description\" content=\"USHUA\u00cfA Bahia do Brasil - D\u00e9odorant roll-on 48h \u00e0 l&#039;Argile Absorbante &amp; Parfum Maracuja 50ml Un parfum fruit\u00e9 et longue dur\u00e9e Le Maracuja, fruit du soleil embl\u00e9matique du Br\u00e9sil, vous d\u00e9lecte de son parfum aux notes sucr\u00e9es et juteuses pour une sensation de fra\u00eecheur in\u00e9dite. Tout au long de la journ\u00e9e, vous \u00eates efficacement prot\u00e9g\u00e9e, d\u00e9licieusement parfum\u00e9e\" \/>\n<meta property=\"og:url\" content=\"https:\/\/cosmeticstoredz.com\/ar\/product\/ushuaia-deodorant-roll-on-bahia-do-brazil-argile-absorbante-et-parfum-maracuja\/\" \/>\n<meta property=\"og:site_name\" content=\"Cosmetic Store\" \/>\n<meta property=\"article:publisher\" content=\"https:\/\/www.facebook.com\/profile.php?id=61564954260683\" \/>\n<meta property=\"article:modified_time\" content=\"2026-03-30T19:28:05+00:00\" \/>\n<meta property=\"og:image\" content=\"https:\/\/cosmeticstoredz.com\/wp-content\/uploads\/2026\/02\/CC-188-1.png\" \/>\n\t<meta property=\"og:image:width\" content=\"500\" \/>\n\t<meta property=\"og:image:height\" content=\"500\" \/>\n\t<meta property=\"og:image:type\" content=\"image\/png\" \/>\n<meta name=\"twitter:card\" content=\"summary_large_image\" \/>\n<script type=\"application\/ld+json\" class=\"yoast-schema-graph\">{\"@context\":\"https:\\\/\\\/schema.org\",\"@graph\":[{\"@type\":\"WebPage\",\"@id\":\"https:\\\/\\\/cosmeticstoredz.com\\\/produit\\\/ushuaia-deodorant-roll-on-bahia-do-brazil-argile-absorbante-et-parfum-maracuja\\\/\",\"url\":\"https:\\\/\\\/cosmeticstoredz.com\\\/produit\\\/ushuaia-deodorant-roll-on-bahia-do-brazil-argile-absorbante-et-parfum-maracuja\\\/\",\"name\":\"USHUAIA DEODORANT ROLL-ON BAHIA DO BRAZIL ARGILE ABSORBANTE ET PARFUM MARACUJA - Cosmetic Store\",\"isPartOf\":{\"@id\":\"https:\\\/\\\/cosmeticstoredz.com\\\/#website\"},\"primaryImageOfPage\":{\"@id\":\"https:\\\/\\\/cosmeticstoredz.com\\\/produit\\\/ushuaia-deodorant-roll-on-bahia-do-brazil-argile-absorbante-et-parfum-maracuja\\\/#primaryimage\"},\"image\":{\"@id\":\"https:\\\/\\\/cosmeticstoredz.com\\\/produit\\\/ushuaia-deodorant-roll-on-bahia-do-brazil-argile-absorbante-et-parfum-maracuja\\\/#primaryimage\"},\"thumbnailUrl\":\"https:\\\/\\\/cosmeticstoredz.com\\\/wp-content\\\/uploads\\\/2026\\\/02\\\/CC-188-1.png\",\"datePublished\":\"2025-06-04T18:26:58+00:00\",\"dateModified\":\"2026-03-30T19:28:05+00:00\",\"breadcrumb\":{\"@id\":\"https:\\\/\\\/cosmeticstoredz.com\\\/produit\\\/ushuaia-deodorant-roll-on-bahia-do-brazil-argile-absorbante-et-parfum-maracuja\\\/#breadcrumb\"},\"inLanguage\":\"ar\",\"potentialAction\":[{\"@type\":\"ReadAction\",\"target\":[\"https:\\\/\\\/cosmeticstoredz.com\\\/produit\\\/ushuaia-deodorant-roll-on-bahia-do-brazil-argile-absorbante-et-parfum-maracuja\\\/\"]}]},{\"@type\":\"ImageObject\",\"inLanguage\":\"ar\",\"@id\":\"https:\\\/\\\/cosmeticstoredz.com\\\/produit\\\/ushuaia-deodorant-roll-on-bahia-do-brazil-argile-absorbante-et-parfum-maracuja\\\/#primaryimage\",\"url\":\"https:\\\/\\\/cosmeticstoredz.com\\\/wp-content\\\/uploads\\\/2026\\\/02\\\/CC-188-1.png\",\"contentUrl\":\"https:\\\/\\\/cosmeticstoredz.com\\\/wp-content\\\/uploads\\\/2026\\\/02\\\/CC-188-1.png\",\"width\":500,\"height\":500},{\"@type\":\"BreadcrumbList\",\"@id\":\"https:\\\/\\\/cosmeticstoredz.com\\\/produit\\\/ushuaia-deodorant-roll-on-bahia-do-brazil-argile-absorbante-et-parfum-maracuja\\\/#breadcrumb\",\"itemListElement\":[{\"@type\":\"ListItem\",\"position\":1,\"name\":\"Accueil\",\"item\":\"https:\\\/\\\/cosmeticstoredz.com\\\/\"},{\"@type\":\"ListItem\",\"position\":2,\"name\":\"Boutique\",\"item\":\"https:\\\/\\\/cosmeticstoredz.com\\\/boutique\\\/\"},{\"@type\":\"ListItem\",\"position\":3,\"name\":\"USHUAIA DEODORANT ROLL-ON BAHIA DO BRAZIL ARGILE ABSORBANTE ET PARFUM MARACUJA\"}]},{\"@type\":\"WebSite\",\"@id\":\"https:\\\/\\\/cosmeticstoredz.com\\\/#website\",\"url\":\"https:\\\/\\\/cosmeticstoredz.com\\\/\",\"name\":\"Cosmetic Store\",\"description\":\"\",\"publisher\":{\"@id\":\"https:\\\/\\\/cosmeticstoredz.com\\\/#organization\"},\"potentialAction\":[{\"@type\":\"SearchAction\",\"target\":{\"@type\":\"EntryPoint\",\"urlTemplate\":\"https:\\\/\\\/cosmeticstoredz.com\\\/?s={search_term_string}\"},\"query-input\":{\"@type\":\"PropertyValueSpecification\",\"valueRequired\":true,\"valueName\":\"search_term_string\"}}],\"inLanguage\":\"ar\"},{\"@type\":\"Organization\",\"@id\":\"https:\\\/\\\/cosmeticstoredz.com\\\/#organization\",\"name\":\"Cosmetic Store\",\"url\":\"https:\\\/\\\/cosmeticstoredz.com\\\/\",\"logo\":{\"@type\":\"ImageObject\",\"inLanguage\":\"ar\",\"@id\":\"https:\\\/\\\/cosmeticstoredz.com\\\/#\\\/schema\\\/logo\\\/image\\\/\",\"url\":\"https:\\\/\\\/cosmeticstoredz.com\\\/wp-content\\\/uploads\\\/2026\\\/02\\\/cropped-LOGO_CS-512x512-1-1-e1771275285345.webp\",\"contentUrl\":\"https:\\\/\\\/cosmeticstoredz.com\\\/wp-content\\\/uploads\\\/2026\\\/02\\\/cropped-LOGO_CS-512x512-1-1-e1771275285345.webp\",\"width\":265,\"height\":319,\"caption\":\"Cosmetic Store\"},\"image\":{\"@id\":\"https:\\\/\\\/cosmeticstoredz.com\\\/#\\\/schema\\\/logo\\\/image\\\/\"},\"sameAs\":[\"https:\\\/\\\/www.facebook.com\\\/profile.php?id=61564954260683\",\"https:\\\/\\\/www.instagram.com\\\/cosmetic.storedz\\\/\"]}]}<\/script>\n<!-- \/ Yoast SEO plugin. -->","yoast_head_json":{"title":"USHUAIA DEODORANT ROLL-ON BAHIA DO BRAZIL ARGILE ABSORBANTE ET PARFUM MARACUJA - Cosmetic Store","robots":{"index":"index","follow":"follow","max-snippet":"max-snippet:-1","max-image-preview":"max-image-preview:large","max-video-preview":"max-video-preview:-1"},"canonical":"https:\/\/cosmeticstoredz.com\/ar\/product\/ushuaia-deodorant-roll-on-bahia-do-brazil-argile-absorbante-et-parfum-maracuja\/","og_locale":"ar_AR","og_type":"article","og_title":"USHUAIA DEODORANT ROLL-ON BAHIA DO BRAZIL ARGILE ABSORBANTE ET PARFUM MARACUJA - Cosmetic Store","og_description":"USHUA\u00cfA Bahia do Brasil - D\u00e9odorant roll-on 48h \u00e0 l'Argile Absorbante &amp; Parfum Maracuja 50ml Un parfum fruit\u00e9 et longue dur\u00e9e Le Maracuja, fruit du soleil embl\u00e9matique du Br\u00e9sil, vous d\u00e9lecte de son parfum aux notes sucr\u00e9es et juteuses pour une sensation de fra\u00eecheur in\u00e9dite. Tout au long de la journ\u00e9e, vous \u00eates efficacement prot\u00e9g\u00e9e, d\u00e9licieusement parfum\u00e9e","og_url":"https:\/\/cosmeticstoredz.com\/ar\/product\/ushuaia-deodorant-roll-on-bahia-do-brazil-argile-absorbante-et-parfum-maracuja\/","og_site_name":"Cosmetic Store","article_publisher":"https:\/\/www.facebook.com\/profile.php?id=61564954260683","article_modified_time":"2026-03-30T19:28:05+00:00","og_image":[{"width":500,"height":500,"url":"https:\/\/cosmeticstoredz.com\/wp-content\/uploads\/2026\/02\/CC-188-1.png","type":"image\/png"}],"twitter_card":"summary_large_image","schema":{"@context":"https:\/\/schema.org","@graph":[{"@type":"WebPage","@id":"https:\/\/cosmeticstoredz.com\/produit\/ushuaia-deodorant-roll-on-bahia-do-brazil-argile-absorbante-et-parfum-maracuja\/","url":"https:\/\/cosmeticstoredz.com\/produit\/ushuaia-deodorant-roll-on-bahia-do-brazil-argile-absorbante-et-parfum-maracuja\/","name":"USHUAIA DEODORANT ROLL-ON BAHIA DO BRAZIL ARGILE ABSORBANTE ET PARFUM MARACUJA - Cosmetic Store","isPartOf":{"@id":"https:\/\/cosmeticstoredz.com\/#website"},"primaryImageOfPage":{"@id":"https:\/\/cosmeticstoredz.com\/produit\/ushuaia-deodorant-roll-on-bahia-do-brazil-argile-absorbante-et-parfum-maracuja\/#primaryimage"},"image":{"@id":"https:\/\/cosmeticstoredz.com\/produit\/ushuaia-deodorant-roll-on-bahia-do-brazil-argile-absorbante-et-parfum-maracuja\/#primaryimage"},"thumbnailUrl":"https:\/\/cosmeticstoredz.com\/wp-content\/uploads\/2026\/02\/CC-188-1.png","datePublished":"2025-06-04T18:26:58+00:00","dateModified":"2026-03-30T19:28:05+00:00","breadcrumb":{"@id":"https:\/\/cosmeticstoredz.com\/produit\/ushuaia-deodorant-roll-on-bahia-do-brazil-argile-absorbante-et-parfum-maracuja\/#breadcrumb"},"inLanguage":"ar","potentialAction":[{"@type":"ReadAction","target":["https:\/\/cosmeticstoredz.com\/produit\/ushuaia-deodorant-roll-on-bahia-do-brazil-argile-absorbante-et-parfum-maracuja\/"]}]},{"@type":"ImageObject","inLanguage":"ar","@id":"https:\/\/cosmeticstoredz.com\/produit\/ushuaia-deodorant-roll-on-bahia-do-brazil-argile-absorbante-et-parfum-maracuja\/#primaryimage","url":"https:\/\/cosmeticstoredz.com\/wp-content\/uploads\/2026\/02\/CC-188-1.png","contentUrl":"https:\/\/cosmeticstoredz.com\/wp-content\/uploads\/2026\/02\/CC-188-1.png","width":500,"height":500},{"@type":"BreadcrumbList","@id":"https:\/\/cosmeticstoredz.com\/produit\/ushuaia-deodorant-roll-on-bahia-do-brazil-argile-absorbante-et-parfum-maracuja\/#breadcrumb","itemListElement":[{"@type":"ListItem","position":1,"name":"Accueil","item":"https:\/\/cosmeticstoredz.com\/"},{"@type":"ListItem","position":2,"name":"Boutique","item":"https:\/\/cosmeticstoredz.com\/boutique\/"},{"@type":"ListItem","position":3,"name":"USHUAIA DEODORANT ROLL-ON BAHIA DO BRAZIL ARGILE ABSORBANTE ET PARFUM MARACUJA"}]},{"@type":"WebSite","@id":"https:\/\/cosmeticstoredz.com\/#website","url":"https:\/\/cosmeticstoredz.com\/","name":"Cosmetic Store","description":"","publisher":{"@id":"https:\/\/cosmeticstoredz.com\/#organization"},"potentialAction":[{"@type":"SearchAction","target":{"@type":"EntryPoint","urlTemplate":"https:\/\/cosmeticstoredz.com\/?s={search_term_string}"},"query-input":{"@type":"PropertyValueSpecification","valueRequired":true,"valueName":"search_term_string"}}],"inLanguage":"ar"},{"@type":"Organization","@id":"https:\/\/cosmeticstoredz.com\/#organization","name":"Cosmetic Store","url":"https:\/\/cosmeticstoredz.com\/","logo":{"@type":"ImageObject","inLanguage":"ar","@id":"https:\/\/cosmeticstoredz.com\/#\/schema\/logo\/image\/","url":"https:\/\/cosmeticstoredz.com\/wp-content\/uploads\/2026\/02\/cropped-LOGO_CS-512x512-1-1-e1771275285345.webp","contentUrl":"https:\/\/cosmeticstoredz.com\/wp-content\/uploads\/2026\/02\/cropped-LOGO_CS-512x512-1-1-e1771275285345.webp","width":265,"height":319,"caption":"Cosmetic Store"},"image":{"@id":"https:\/\/cosmeticstoredz.com\/#\/schema\/logo\/image\/"},"sameAs":["https:\/\/www.facebook.com\/profile.php?id=61564954260683","https:\/\/www.instagram.com\/cosmetic.storedz\/"]}]}},"_links":{"self":[{"href":"https:\/\/cosmeticstoredz.com\/ar\/wp-json\/wp\/v2\/product\/4067","targetHints":{"allow":["GET"]}}],"collection":[{"href":"https:\/\/cosmeticstoredz.com\/ar\/wp-json\/wp\/v2\/product"}],"about":[{"href":"https:\/\/cosmeticstoredz.com\/ar\/wp-json\/wp\/v2\/types\/product"}],"replies":[{"embeddable":true,"href":"https:\/\/cosmeticstoredz.com\/ar\/wp-json\/wp\/v2\/comments?post=4067"}],"version-history":[{"count":1,"href":"https:\/\/cosmeticstoredz.com\/ar\/wp-json\/wp\/v2\/product\/4067\/revisions"}],"predecessor-version":[{"id":17806,"href":"https:\/\/cosmeticstoredz.com\/ar\/wp-json\/wp\/v2\/product\/4067\/revisions\/17806"}],"wp:featuredmedia":[{"embeddable":true,"href":"https:\/\/cosmeticstoredz.com\/ar\/wp-json\/wp\/v2\/media\/17805"}],"wp:attachment":[{"href":"https:\/\/cosmeticstoredz.com\/ar\/wp-json\/wp\/v2\/media?parent=4067"}],"wp:term":[{"taxonomy":"product_brand","embeddable":true,"href":"https:\/\/cosmeticstoredz.com\/ar\/wp-json\/wp\/v2\/product_brand?post=4067"},{"taxonomy":"product_cat","embeddable":true,"href":"https:\/\/cosmeticstoredz.com\/ar\/wp-json\/wp\/v2\/product_cat?post=4067"},{"taxonomy":"product_tag","embeddable":true,"href":"https:\/\/cosmeticstoredz.com\/ar\/wp-json\/wp\/v2\/product_tag?post=4067"}],"curies":[{"name":"wp","href":"https:\/\/api.w.org\/{rel}","templated":true}]}}