{"id":4063,"date":"2025-06-04T18:26:58","date_gmt":"2025-06-04T18:26:58","guid":{"rendered":"https:\/\/test.fitnessworldgym27.com\/?post_type=product&#038;p=4063"},"modified":"2026-03-30T19:27:28","modified_gmt":"2026-03-30T19:27:28","slug":"narta-deodorant-roll-on-impeccable","status":"publish","type":"product","link":"https:\/\/cosmeticstoredz.com\/ar\/product\/narta-deodorant-roll-on-impeccable\/","title":{"rendered":"NARTA DEODORANT ROLL-ON IMPECCABLE"},"content":{"rendered":"<p>L&rsquo;anti-transpirant Narta Impeccable vous procure une action anti-traces globale. Une formule aux actifs invisibles pour vous assurer une protection anti-traces blanches sur les v\u00eatements noirs. Les actifs susceptibles de jaunir les v\u00eatements ont \u00e9t\u00e9 identifi\u00e9s et \u00e9limin\u00e9s pour une protection anti-traces jaunes sur les v\u00eatements blancs. Formul\u00e9 sp\u00e9cifiquement pour r\u00e9duire le d\u00e9p\u00f4t dans la fibre textile afin de pr\u00e9server vos v\u00eatements color\u00e9s. Il respecte votre peau et le m\u00e9canisme naturel de transpiration<\/p>","protected":false},"excerpt":{"rendered":"<div class=\"product-excerpt single-product__exerpt\">\n<div>Un anti-transpirant \u00e0 l&rsquo;efficacit\u00e9 anti-traces globale 48H. Vous restez impeccable et vos v\u00eatements aussi.<\/div>\n<\/div>","protected":false},"featured_media":17797,"comment_status":"open","ping_status":"closed","template":"","meta":[],"product_brand":[],"product_cat":[79,75,303,78,178],"product_tag":[],"class_list":{"0":"post-4063","1":"product","2":"type-product","3":"status-publish","4":"has-post-thumbnail","6":"product_cat-deodorant-f","7":"product_cat-femme","8":"product_cat-narta","9":"product_cat-parfum-f","10":"product_cat-stick","12":"first","13":"outofstock","14":"shipping-taxable","15":"purchasable","16":"product-type-simple"},"_links":{"self":[{"href":"https:\/\/cosmeticstoredz.com\/ar\/wp-json\/wp\/v2\/product\/4063","targetHints":{"allow":["GET"]}}],"collection":[{"href":"https:\/\/cosmeticstoredz.com\/ar\/wp-json\/wp\/v2\/product"}],"about":[{"href":"https:\/\/cosmeticstoredz.com\/ar\/wp-json\/wp\/v2\/types\/product"}],"replies":[{"embeddable":true,"href":"https:\/\/cosmeticstoredz.com\/ar\/wp-json\/wp\/v2\/comments?post=4063"}],"version-history":[{"count":1,"href":"https:\/\/cosmeticstoredz.com\/ar\/wp-json\/wp\/v2\/product\/4063\/revisions"}],"predecessor-version":[{"id":17798,"href":"https:\/\/cosmeticstoredz.com\/ar\/wp-json\/wp\/v2\/product\/4063\/revisions\/17798"}],"wp:featuredmedia":[{"embeddable":true,"href":"https:\/\/cosmeticstoredz.com\/ar\/wp-json\/wp\/v2\/media\/17797"}],"wp:attachment":[{"href":"https:\/\/cosmeticstoredz.com\/ar\/wp-json\/wp\/v2\/media?parent=4063"}],"wp:term":[{"taxonomy":"product_brand","embeddable":true,"href":"https:\/\/cosmeticstoredz.com\/ar\/wp-json\/wp\/v2\/product_brand?post=4063"},{"taxonomy":"product_cat","embeddable":true,"href":"https:\/\/cosmeticstoredz.com\/ar\/wp-json\/wp\/v2\/product_cat?post=4063"},{"taxonomy":"product_tag","embeddable":true,"href":"https:\/\/cosmeticstoredz.com\/ar\/wp-json\/wp\/v2\/product_tag?post=4063"}],"curies":[{"name":"wp","href":"https:\/\/api.w.org\/{rel}","templated":true}]}}