{"id":4062,"date":"2025-06-04T18:26:58","date_gmt":"2025-06-04T18:26:58","guid":{"rendered":"https:\/\/test.fitnessworldgym27.com\/?post_type=product&#038;p=4062"},"modified":"2026-04-18T19:24:50","modified_gmt":"2026-04-18T19:24:50","slug":"ushuaia-deodorant-roll-on-fleur-dalun-pierre-dalun-et-fleur-de-cerisier","status":"publish","type":"product","link":"https:\/\/cosmeticstoredz.com\/ar\/product\/ushuaia-deodorant-roll-on-fleur-dalun-pierre-dalun-et-fleur-de-cerisier\/","title":{"rendered":"USHUAIA DEODORANT ROLL-ON FLEUR D&rsquo;ALUN PIERRE D&rsquo;ALUN ET FLEUR DE CERISIER"},"content":{"rendered":"<h1>USHUAIA DEODORANT ROLL-ON FLEUR D&rsquo;ALUN PIERRE D&rsquo;ALUN ET FLEUR DE CERISIER<\/h1>\n<p>Ushuaia, engag\u00e9e par nature depuis plus de 25 ans, vous propose un moment d&rsquo;\u00e9vasion et de plaisir avec ses d\u00e9odorants billes. Anti-humidit\u00e9 et anti-odeur 48h. Vos aisselles sont d\u00e9licatement parfum\u00e9es et prot\u00e9g\u00e9es<\/p>","protected":false},"excerpt":{"rendered":"<h1>USHUAIA DEODORANT ROLL-ON FLEUR D&rsquo;ALUN PIERRE D&rsquo;ALUN ET FLEUR DE CERISIER<\/h1>\n<p>Ushuaia, engag\u00e9e par nature depuis plus de 25 ans, vous propose un moment d&rsquo;\u00e9vasion et de plaisir avec ses d\u00e9odorants billes. Anti-humidit\u00e9 et anti-odeur 48h. Vos aisselles sont d\u00e9licatement parfum\u00e9es et prot\u00e9g\u00e9es<\/p>","protected":false},"featured_media":17795,"comment_status":"open","ping_status":"closed","template":"","meta":[],"product_brand":[],"product_cat":[79,75,296],"product_tag":[],"class_list":{"0":"post-4062","1":"product","2":"type-product","3":"status-publish","4":"has-post-thumbnail","6":"product_cat-deodorant-f","7":"product_cat-femme","8":"product_cat-ushuaia","10":"first","11":"outofstock","12":"shipping-taxable","13":"purchasable","14":"product-type-simple"},"yoast_head":"<!-- This site is optimized with the Yoast SEO plugin v27.3 - https:\/\/yoast.com\/product\/yoast-seo-wordpress\/ -->\n<title>USHUAIA DEODORANT ROLL-ON FLEUR D&#039;ALUN PIERRE D&#039;ALUN ET FLEUR DE CERISIER - Cosmetic Store<\/title>\n<meta name=\"robots\" content=\"index, follow, max-snippet:-1, max-image-preview:large, max-video-preview:-1\" \/>\n<link rel=\"canonical\" href=\"https:\/\/cosmeticstoredz.com\/ar\/product\/ushuaia-deodorant-roll-on-fleur-dalun-pierre-dalun-et-fleur-de-cerisier\/\" \/>\n<meta property=\"og:locale\" content=\"ar_AR\" \/>\n<meta property=\"og:type\" content=\"article\" \/>\n<meta property=\"og:title\" content=\"USHUAIA DEODORANT ROLL-ON FLEUR D&#039;ALUN PIERRE D&#039;ALUN ET FLEUR DE CERISIER - Cosmetic Store\" \/>\n<meta property=\"og:description\" content=\"USHUAIA DEODORANT ROLL-ON FLEUR D&#039;ALUN PIERRE D&#039;ALUN ET FLEUR DE CERISIER Ushuaia, engag\u00e9e par nature depuis plus de 25 ans, vous propose un moment d&#039;\u00e9vasion et de plaisir avec ses d\u00e9odorants billes. Anti-humidit\u00e9 et anti-odeur 48h. Vos aisselles sont d\u00e9licatement parfum\u00e9es et prot\u00e9g\u00e9es\" \/>\n<meta property=\"og:url\" content=\"https:\/\/cosmeticstoredz.com\/ar\/product\/ushuaia-deodorant-roll-on-fleur-dalun-pierre-dalun-et-fleur-de-cerisier\/\" \/>\n<meta property=\"og:site_name\" content=\"Cosmetic Store\" \/>\n<meta property=\"article:publisher\" content=\"https:\/\/www.facebook.com\/profile.php?id=61564954260683\" \/>\n<meta property=\"article:modified_time\" content=\"2026-04-18T19:24:50+00:00\" \/>\n<meta property=\"og:image\" content=\"https:\/\/cosmeticstoredz.com\/wp-content\/uploads\/2026\/02\/CC-186-1.png\" \/>\n\t<meta property=\"og:image:width\" content=\"500\" \/>\n\t<meta property=\"og:image:height\" content=\"500\" \/>\n\t<meta property=\"og:image:type\" content=\"image\/png\" \/>\n<meta name=\"twitter:card\" content=\"summary_large_image\" \/>\n<script type=\"application\/ld+json\" class=\"yoast-schema-graph\">{\"@context\":\"https:\\\/\\\/schema.org\",\"@graph\":[{\"@type\":\"WebPage\",\"@id\":\"https:\\\/\\\/cosmeticstoredz.com\\\/produit\\\/ushuaia-deodorant-roll-on-fleur-dalun-pierre-dalun-et-fleur-de-cerisier\\\/\",\"url\":\"https:\\\/\\\/cosmeticstoredz.com\\\/produit\\\/ushuaia-deodorant-roll-on-fleur-dalun-pierre-dalun-et-fleur-de-cerisier\\\/\",\"name\":\"USHUAIA DEODORANT ROLL-ON FLEUR D'ALUN PIERRE D'ALUN ET FLEUR DE CERISIER - Cosmetic Store\",\"isPartOf\":{\"@id\":\"https:\\\/\\\/cosmeticstoredz.com\\\/#website\"},\"primaryImageOfPage\":{\"@id\":\"https:\\\/\\\/cosmeticstoredz.com\\\/produit\\\/ushuaia-deodorant-roll-on-fleur-dalun-pierre-dalun-et-fleur-de-cerisier\\\/#primaryimage\"},\"image\":{\"@id\":\"https:\\\/\\\/cosmeticstoredz.com\\\/produit\\\/ushuaia-deodorant-roll-on-fleur-dalun-pierre-dalun-et-fleur-de-cerisier\\\/#primaryimage\"},\"thumbnailUrl\":\"https:\\\/\\\/cosmeticstoredz.com\\\/wp-content\\\/uploads\\\/2026\\\/02\\\/CC-186-1.png\",\"datePublished\":\"2025-06-04T18:26:58+00:00\",\"dateModified\":\"2026-04-18T19:24:50+00:00\",\"breadcrumb\":{\"@id\":\"https:\\\/\\\/cosmeticstoredz.com\\\/produit\\\/ushuaia-deodorant-roll-on-fleur-dalun-pierre-dalun-et-fleur-de-cerisier\\\/#breadcrumb\"},\"inLanguage\":\"ar\",\"potentialAction\":[{\"@type\":\"ReadAction\",\"target\":[\"https:\\\/\\\/cosmeticstoredz.com\\\/produit\\\/ushuaia-deodorant-roll-on-fleur-dalun-pierre-dalun-et-fleur-de-cerisier\\\/\"]}]},{\"@type\":\"ImageObject\",\"inLanguage\":\"ar\",\"@id\":\"https:\\\/\\\/cosmeticstoredz.com\\\/produit\\\/ushuaia-deodorant-roll-on-fleur-dalun-pierre-dalun-et-fleur-de-cerisier\\\/#primaryimage\",\"url\":\"https:\\\/\\\/cosmeticstoredz.com\\\/wp-content\\\/uploads\\\/2026\\\/02\\\/CC-186-1.png\",\"contentUrl\":\"https:\\\/\\\/cosmeticstoredz.com\\\/wp-content\\\/uploads\\\/2026\\\/02\\\/CC-186-1.png\",\"width\":500,\"height\":500},{\"@type\":\"BreadcrumbList\",\"@id\":\"https:\\\/\\\/cosmeticstoredz.com\\\/produit\\\/ushuaia-deodorant-roll-on-fleur-dalun-pierre-dalun-et-fleur-de-cerisier\\\/#breadcrumb\",\"itemListElement\":[{\"@type\":\"ListItem\",\"position\":1,\"name\":\"Accueil\",\"item\":\"https:\\\/\\\/cosmeticstoredz.com\\\/\"},{\"@type\":\"ListItem\",\"position\":2,\"name\":\"Boutique\",\"item\":\"https:\\\/\\\/cosmeticstoredz.com\\\/boutique\\\/\"},{\"@type\":\"ListItem\",\"position\":3,\"name\":\"USHUAIA DEODORANT ROLL-ON FLEUR D&rsquo;ALUN PIERRE D&rsquo;ALUN ET FLEUR DE CERISIER\"}]},{\"@type\":\"WebSite\",\"@id\":\"https:\\\/\\\/cosmeticstoredz.com\\\/#website\",\"url\":\"https:\\\/\\\/cosmeticstoredz.com\\\/\",\"name\":\"Cosmetic Store\",\"description\":\"\",\"publisher\":{\"@id\":\"https:\\\/\\\/cosmeticstoredz.com\\\/#organization\"},\"potentialAction\":[{\"@type\":\"SearchAction\",\"target\":{\"@type\":\"EntryPoint\",\"urlTemplate\":\"https:\\\/\\\/cosmeticstoredz.com\\\/?s={search_term_string}\"},\"query-input\":{\"@type\":\"PropertyValueSpecification\",\"valueRequired\":true,\"valueName\":\"search_term_string\"}}],\"inLanguage\":\"ar\"},{\"@type\":\"Organization\",\"@id\":\"https:\\\/\\\/cosmeticstoredz.com\\\/#organization\",\"name\":\"Cosmetic Store\",\"url\":\"https:\\\/\\\/cosmeticstoredz.com\\\/\",\"logo\":{\"@type\":\"ImageObject\",\"inLanguage\":\"ar\",\"@id\":\"https:\\\/\\\/cosmeticstoredz.com\\\/#\\\/schema\\\/logo\\\/image\\\/\",\"url\":\"https:\\\/\\\/cosmeticstoredz.com\\\/wp-content\\\/uploads\\\/2026\\\/02\\\/cropped-LOGO_CS-512x512-1-1-e1771275285345.webp\",\"contentUrl\":\"https:\\\/\\\/cosmeticstoredz.com\\\/wp-content\\\/uploads\\\/2026\\\/02\\\/cropped-LOGO_CS-512x512-1-1-e1771275285345.webp\",\"width\":265,\"height\":319,\"caption\":\"Cosmetic Store\"},\"image\":{\"@id\":\"https:\\\/\\\/cosmeticstoredz.com\\\/#\\\/schema\\\/logo\\\/image\\\/\"},\"sameAs\":[\"https:\\\/\\\/www.facebook.com\\\/profile.php?id=61564954260683\",\"https:\\\/\\\/www.instagram.com\\\/cosmetic.storedz\\\/\"]}]}<\/script>\n<!-- \/ Yoast SEO plugin. -->","yoast_head_json":{"title":"USHUAIA DEODORANT ROLL-ON FLEUR D'ALUN PIERRE D'ALUN ET FLEUR DE CERISIER - Cosmetic Store","robots":{"index":"index","follow":"follow","max-snippet":"max-snippet:-1","max-image-preview":"max-image-preview:large","max-video-preview":"max-video-preview:-1"},"canonical":"https:\/\/cosmeticstoredz.com\/ar\/product\/ushuaia-deodorant-roll-on-fleur-dalun-pierre-dalun-et-fleur-de-cerisier\/","og_locale":"ar_AR","og_type":"article","og_title":"USHUAIA DEODORANT ROLL-ON FLEUR D'ALUN PIERRE D'ALUN ET FLEUR DE CERISIER - Cosmetic Store","og_description":"USHUAIA DEODORANT ROLL-ON FLEUR D'ALUN PIERRE D'ALUN ET FLEUR DE CERISIER Ushuaia, engag\u00e9e par nature depuis plus de 25 ans, vous propose un moment d'\u00e9vasion et de plaisir avec ses d\u00e9odorants billes. Anti-humidit\u00e9 et anti-odeur 48h. Vos aisselles sont d\u00e9licatement parfum\u00e9es et prot\u00e9g\u00e9es","og_url":"https:\/\/cosmeticstoredz.com\/ar\/product\/ushuaia-deodorant-roll-on-fleur-dalun-pierre-dalun-et-fleur-de-cerisier\/","og_site_name":"Cosmetic Store","article_publisher":"https:\/\/www.facebook.com\/profile.php?id=61564954260683","article_modified_time":"2026-04-18T19:24:50+00:00","og_image":[{"width":500,"height":500,"url":"https:\/\/cosmeticstoredz.com\/wp-content\/uploads\/2026\/02\/CC-186-1.png","type":"image\/png"}],"twitter_card":"summary_large_image","schema":{"@context":"https:\/\/schema.org","@graph":[{"@type":"WebPage","@id":"https:\/\/cosmeticstoredz.com\/produit\/ushuaia-deodorant-roll-on-fleur-dalun-pierre-dalun-et-fleur-de-cerisier\/","url":"https:\/\/cosmeticstoredz.com\/produit\/ushuaia-deodorant-roll-on-fleur-dalun-pierre-dalun-et-fleur-de-cerisier\/","name":"USHUAIA DEODORANT ROLL-ON FLEUR D'ALUN PIERRE D'ALUN ET FLEUR DE CERISIER - Cosmetic Store","isPartOf":{"@id":"https:\/\/cosmeticstoredz.com\/#website"},"primaryImageOfPage":{"@id":"https:\/\/cosmeticstoredz.com\/produit\/ushuaia-deodorant-roll-on-fleur-dalun-pierre-dalun-et-fleur-de-cerisier\/#primaryimage"},"image":{"@id":"https:\/\/cosmeticstoredz.com\/produit\/ushuaia-deodorant-roll-on-fleur-dalun-pierre-dalun-et-fleur-de-cerisier\/#primaryimage"},"thumbnailUrl":"https:\/\/cosmeticstoredz.com\/wp-content\/uploads\/2026\/02\/CC-186-1.png","datePublished":"2025-06-04T18:26:58+00:00","dateModified":"2026-04-18T19:24:50+00:00","breadcrumb":{"@id":"https:\/\/cosmeticstoredz.com\/produit\/ushuaia-deodorant-roll-on-fleur-dalun-pierre-dalun-et-fleur-de-cerisier\/#breadcrumb"},"inLanguage":"ar","potentialAction":[{"@type":"ReadAction","target":["https:\/\/cosmeticstoredz.com\/produit\/ushuaia-deodorant-roll-on-fleur-dalun-pierre-dalun-et-fleur-de-cerisier\/"]}]},{"@type":"ImageObject","inLanguage":"ar","@id":"https:\/\/cosmeticstoredz.com\/produit\/ushuaia-deodorant-roll-on-fleur-dalun-pierre-dalun-et-fleur-de-cerisier\/#primaryimage","url":"https:\/\/cosmeticstoredz.com\/wp-content\/uploads\/2026\/02\/CC-186-1.png","contentUrl":"https:\/\/cosmeticstoredz.com\/wp-content\/uploads\/2026\/02\/CC-186-1.png","width":500,"height":500},{"@type":"BreadcrumbList","@id":"https:\/\/cosmeticstoredz.com\/produit\/ushuaia-deodorant-roll-on-fleur-dalun-pierre-dalun-et-fleur-de-cerisier\/#breadcrumb","itemListElement":[{"@type":"ListItem","position":1,"name":"Accueil","item":"https:\/\/cosmeticstoredz.com\/"},{"@type":"ListItem","position":2,"name":"Boutique","item":"https:\/\/cosmeticstoredz.com\/boutique\/"},{"@type":"ListItem","position":3,"name":"USHUAIA DEODORANT ROLL-ON FLEUR D&rsquo;ALUN PIERRE D&rsquo;ALUN ET FLEUR DE CERISIER"}]},{"@type":"WebSite","@id":"https:\/\/cosmeticstoredz.com\/#website","url":"https:\/\/cosmeticstoredz.com\/","name":"Cosmetic Store","description":"","publisher":{"@id":"https:\/\/cosmeticstoredz.com\/#organization"},"potentialAction":[{"@type":"SearchAction","target":{"@type":"EntryPoint","urlTemplate":"https:\/\/cosmeticstoredz.com\/?s={search_term_string}"},"query-input":{"@type":"PropertyValueSpecification","valueRequired":true,"valueName":"search_term_string"}}],"inLanguage":"ar"},{"@type":"Organization","@id":"https:\/\/cosmeticstoredz.com\/#organization","name":"Cosmetic Store","url":"https:\/\/cosmeticstoredz.com\/","logo":{"@type":"ImageObject","inLanguage":"ar","@id":"https:\/\/cosmeticstoredz.com\/#\/schema\/logo\/image\/","url":"https:\/\/cosmeticstoredz.com\/wp-content\/uploads\/2026\/02\/cropped-LOGO_CS-512x512-1-1-e1771275285345.webp","contentUrl":"https:\/\/cosmeticstoredz.com\/wp-content\/uploads\/2026\/02\/cropped-LOGO_CS-512x512-1-1-e1771275285345.webp","width":265,"height":319,"caption":"Cosmetic Store"},"image":{"@id":"https:\/\/cosmeticstoredz.com\/#\/schema\/logo\/image\/"},"sameAs":["https:\/\/www.facebook.com\/profile.php?id=61564954260683","https:\/\/www.instagram.com\/cosmetic.storedz\/"]}]}},"_links":{"self":[{"href":"https:\/\/cosmeticstoredz.com\/ar\/wp-json\/wp\/v2\/product\/4062","targetHints":{"allow":["GET"]}}],"collection":[{"href":"https:\/\/cosmeticstoredz.com\/ar\/wp-json\/wp\/v2\/product"}],"about":[{"href":"https:\/\/cosmeticstoredz.com\/ar\/wp-json\/wp\/v2\/types\/product"}],"replies":[{"embeddable":true,"href":"https:\/\/cosmeticstoredz.com\/ar\/wp-json\/wp\/v2\/comments?post=4062"}],"version-history":[{"count":1,"href":"https:\/\/cosmeticstoredz.com\/ar\/wp-json\/wp\/v2\/product\/4062\/revisions"}],"predecessor-version":[{"id":17796,"href":"https:\/\/cosmeticstoredz.com\/ar\/wp-json\/wp\/v2\/product\/4062\/revisions\/17796"}],"wp:featuredmedia":[{"embeddable":true,"href":"https:\/\/cosmeticstoredz.com\/ar\/wp-json\/wp\/v2\/media\/17795"}],"wp:attachment":[{"href":"https:\/\/cosmeticstoredz.com\/ar\/wp-json\/wp\/v2\/media?parent=4062"}],"wp:term":[{"taxonomy":"product_brand","embeddable":true,"href":"https:\/\/cosmeticstoredz.com\/ar\/wp-json\/wp\/v2\/product_brand?post=4062"},{"taxonomy":"product_cat","embeddable":true,"href":"https:\/\/cosmeticstoredz.com\/ar\/wp-json\/wp\/v2\/product_cat?post=4062"},{"taxonomy":"product_tag","embeddable":true,"href":"https:\/\/cosmeticstoredz.com\/ar\/wp-json\/wp\/v2\/product_tag?post=4062"}],"curies":[{"name":"wp","href":"https:\/\/api.w.org\/{rel}","templated":true}]}}