{"id":4012,"date":"2025-06-04T18:26:36","date_gmt":"2025-06-04T18:26:36","guid":{"rendered":"https:\/\/test.fitnessworldgym27.com\/?post_type=product&#038;p=4012"},"modified":"2026-04-18T19:23:28","modified_gmt":"2026-04-18T19:23:28","slug":"maybelline-superstay-24h-hybride-fond-de-teint-poudre-03","status":"publish","type":"product","link":"https:\/\/cosmeticstoredz.com\/ar\/product\/maybelline-superstay-24h-hybride-fond-de-teint-poudre-03\/","title":{"rendered":"MAYBELLINE SUPERSTAY 24H HYBRIDE  FOND DE TEINT POUDRE 03"},"content":{"rendered":"","protected":false},"excerpt":{"rendered":"<div class=\"accordion__item\" data-qa=\"ac-item-1738935357483_0\">\n<div id=\"ac-panel-1738935357483_0\" class=\"accordion__content\" role=\"region\" aria-labelledby=\"ac-trigger-1738935357483_0\" aria-hidden=\"false\" data-qa=\"ac-panel\">\n<p>Sa technologie hybride innovante associe pigments a\u00e9riens et formule waterproof sans transfert pour un r\u00e9sultat mat lumineux et une haute couvrance qui r\u00e9siste \u00e0 la chaleur, \u00e0 l&rsquo;humidit\u00e9, \u00e0 la brillance, \u00e0 la transpiration et aux frottements jusqu&rsquo;\u00e0 24h.<\/p>\n<\/div>\n<\/div>\n<div class=\"accordion__item\" data-qa=\"ac-item-1738935357484_1\">\n<div id=\"ac-tabitem-1738935357484_1\" class=\"accordion__trigger\" data-qa=\"ac-show\"><\/div>\n<\/div>","protected":false},"featured_media":17742,"comment_status":"closed","ping_status":"closed","template":"","meta":[],"product_brand":[410],"product_cat":[187,122,230,123],"product_tag":[],"class_list":{"0":"post-4012","1":"product","2":"type-product","3":"status-publish","4":"has-post-thumbnail","6":"product_brand-maybelline","7":"product_cat-fond-de-teint","8":"product_cat-make-up","9":"product_cat-maybelline","10":"product_cat-teint","12":"first","13":"instock","14":"shipping-taxable","15":"purchasable","16":"product-type-simple"},"yoast_head":"<!-- This site is optimized with the Yoast SEO plugin v27.3 - https:\/\/yoast.com\/product\/yoast-seo-wordpress\/ -->\n<title>MAYBELLINE SUPERSTAY 24H HYBRIDE FOND DE TEINT POUDRE 03 - Cosmetic Store<\/title>\n<meta name=\"robots\" content=\"index, follow, max-snippet:-1, max-image-preview:large, max-video-preview:-1\" \/>\n<link rel=\"canonical\" href=\"https:\/\/cosmeticstoredz.com\/ar\/product\/maybelline-superstay-24h-hybride-fond-de-teint-poudre-03\/\" \/>\n<meta property=\"og:locale\" content=\"ar_AR\" \/>\n<meta property=\"og:type\" content=\"article\" \/>\n<meta property=\"og:title\" content=\"MAYBELLINE SUPERSTAY 24H HYBRIDE FOND DE TEINT POUDRE 03 - Cosmetic Store\" \/>\n<meta property=\"og:description\" content=\"Sa technologie hybride innovante associe pigments a\u00e9riens et formule waterproof sans transfert pour un r\u00e9sultat mat lumineux et une haute couvrance qui r\u00e9siste \u00e0 la chaleur, \u00e0 l&#039;humidit\u00e9, \u00e0 la brillance, \u00e0 la transpiration et aux frottements jusqu&#039;\u00e0 24h.\" \/>\n<meta property=\"og:url\" content=\"https:\/\/cosmeticstoredz.com\/ar\/product\/maybelline-superstay-24h-hybride-fond-de-teint-poudre-03\/\" \/>\n<meta property=\"og:site_name\" content=\"Cosmetic Store\" \/>\n<meta property=\"article:publisher\" content=\"https:\/\/www.facebook.com\/profile.php?id=61564954260683\" \/>\n<meta property=\"article:modified_time\" content=\"2026-04-18T19:23:28+00:00\" \/>\n<meta property=\"og:image\" content=\"https:\/\/cosmeticstoredz.com\/wp-content\/uploads\/2026\/02\/Cosmetic-2025-02-07T143617.660.png\" \/>\n\t<meta property=\"og:image:width\" content=\"500\" \/>\n\t<meta property=\"og:image:height\" content=\"500\" \/>\n\t<meta property=\"og:image:type\" content=\"image\/png\" \/>\n<meta name=\"twitter:card\" content=\"summary_large_image\" \/>\n<script type=\"application\/ld+json\" class=\"yoast-schema-graph\">{\"@context\":\"https:\\\/\\\/schema.org\",\"@graph\":[{\"@type\":\"WebPage\",\"@id\":\"https:\\\/\\\/cosmeticstoredz.com\\\/produit\\\/maybelline-superstay-24h-hybride-fond-de-teint-poudre-03\\\/\",\"url\":\"https:\\\/\\\/cosmeticstoredz.com\\\/produit\\\/maybelline-superstay-24h-hybride-fond-de-teint-poudre-03\\\/\",\"name\":\"MAYBELLINE SUPERSTAY 24H HYBRIDE FOND DE TEINT POUDRE 03 - Cosmetic Store\",\"isPartOf\":{\"@id\":\"https:\\\/\\\/cosmeticstoredz.com\\\/#website\"},\"primaryImageOfPage\":{\"@id\":\"https:\\\/\\\/cosmeticstoredz.com\\\/produit\\\/maybelline-superstay-24h-hybride-fond-de-teint-poudre-03\\\/#primaryimage\"},\"image\":{\"@id\":\"https:\\\/\\\/cosmeticstoredz.com\\\/produit\\\/maybelline-superstay-24h-hybride-fond-de-teint-poudre-03\\\/#primaryimage\"},\"thumbnailUrl\":\"https:\\\/\\\/cosmeticstoredz.com\\\/wp-content\\\/uploads\\\/2026\\\/02\\\/Cosmetic-2025-02-07T143617.660.png\",\"datePublished\":\"2025-06-04T18:26:36+00:00\",\"dateModified\":\"2026-04-18T19:23:28+00:00\",\"breadcrumb\":{\"@id\":\"https:\\\/\\\/cosmeticstoredz.com\\\/produit\\\/maybelline-superstay-24h-hybride-fond-de-teint-poudre-03\\\/#breadcrumb\"},\"inLanguage\":\"ar\",\"potentialAction\":[{\"@type\":\"ReadAction\",\"target\":[\"https:\\\/\\\/cosmeticstoredz.com\\\/produit\\\/maybelline-superstay-24h-hybride-fond-de-teint-poudre-03\\\/\"]}]},{\"@type\":\"ImageObject\",\"inLanguage\":\"ar\",\"@id\":\"https:\\\/\\\/cosmeticstoredz.com\\\/produit\\\/maybelline-superstay-24h-hybride-fond-de-teint-poudre-03\\\/#primaryimage\",\"url\":\"https:\\\/\\\/cosmeticstoredz.com\\\/wp-content\\\/uploads\\\/2026\\\/02\\\/Cosmetic-2025-02-07T143617.660.png\",\"contentUrl\":\"https:\\\/\\\/cosmeticstoredz.com\\\/wp-content\\\/uploads\\\/2026\\\/02\\\/Cosmetic-2025-02-07T143617.660.png\",\"width\":500,\"height\":500},{\"@type\":\"BreadcrumbList\",\"@id\":\"https:\\\/\\\/cosmeticstoredz.com\\\/produit\\\/maybelline-superstay-24h-hybride-fond-de-teint-poudre-03\\\/#breadcrumb\",\"itemListElement\":[{\"@type\":\"ListItem\",\"position\":1,\"name\":\"Accueil\",\"item\":\"https:\\\/\\\/cosmeticstoredz.com\\\/\"},{\"@type\":\"ListItem\",\"position\":2,\"name\":\"Boutique\",\"item\":\"https:\\\/\\\/cosmeticstoredz.com\\\/boutique\\\/\"},{\"@type\":\"ListItem\",\"position\":3,\"name\":\"MAYBELLINE SUPERSTAY 24H HYBRIDE FOND DE TEINT POUDRE 03\"}]},{\"@type\":\"WebSite\",\"@id\":\"https:\\\/\\\/cosmeticstoredz.com\\\/#website\",\"url\":\"https:\\\/\\\/cosmeticstoredz.com\\\/\",\"name\":\"Cosmetic Store\",\"description\":\"\",\"publisher\":{\"@id\":\"https:\\\/\\\/cosmeticstoredz.com\\\/#organization\"},\"potentialAction\":[{\"@type\":\"SearchAction\",\"target\":{\"@type\":\"EntryPoint\",\"urlTemplate\":\"https:\\\/\\\/cosmeticstoredz.com\\\/?s={search_term_string}\"},\"query-input\":{\"@type\":\"PropertyValueSpecification\",\"valueRequired\":true,\"valueName\":\"search_term_string\"}}],\"inLanguage\":\"ar\"},{\"@type\":\"Organization\",\"@id\":\"https:\\\/\\\/cosmeticstoredz.com\\\/#organization\",\"name\":\"Cosmetic Store\",\"url\":\"https:\\\/\\\/cosmeticstoredz.com\\\/\",\"logo\":{\"@type\":\"ImageObject\",\"inLanguage\":\"ar\",\"@id\":\"https:\\\/\\\/cosmeticstoredz.com\\\/#\\\/schema\\\/logo\\\/image\\\/\",\"url\":\"https:\\\/\\\/cosmeticstoredz.com\\\/wp-content\\\/uploads\\\/2026\\\/02\\\/cropped-LOGO_CS-512x512-1-1-e1771275285345.webp\",\"contentUrl\":\"https:\\\/\\\/cosmeticstoredz.com\\\/wp-content\\\/uploads\\\/2026\\\/02\\\/cropped-LOGO_CS-512x512-1-1-e1771275285345.webp\",\"width\":265,\"height\":319,\"caption\":\"Cosmetic Store\"},\"image\":{\"@id\":\"https:\\\/\\\/cosmeticstoredz.com\\\/#\\\/schema\\\/logo\\\/image\\\/\"},\"sameAs\":[\"https:\\\/\\\/www.facebook.com\\\/profile.php?id=61564954260683\",\"https:\\\/\\\/www.instagram.com\\\/cosmetic.storedz\\\/\"]}]}<\/script>\n<!-- \/ Yoast SEO plugin. -->","yoast_head_json":{"title":"MAYBELLINE SUPERSTAY 24H HYBRIDE FOND DE TEINT POUDRE 03 - Cosmetic Store","robots":{"index":"index","follow":"follow","max-snippet":"max-snippet:-1","max-image-preview":"max-image-preview:large","max-video-preview":"max-video-preview:-1"},"canonical":"https:\/\/cosmeticstoredz.com\/ar\/product\/maybelline-superstay-24h-hybride-fond-de-teint-poudre-03\/","og_locale":"ar_AR","og_type":"article","og_title":"MAYBELLINE SUPERSTAY 24H HYBRIDE FOND DE TEINT POUDRE 03 - Cosmetic Store","og_description":"Sa technologie hybride innovante associe pigments a\u00e9riens et formule waterproof sans transfert pour un r\u00e9sultat mat lumineux et une haute couvrance qui r\u00e9siste \u00e0 la chaleur, \u00e0 l'humidit\u00e9, \u00e0 la brillance, \u00e0 la transpiration et aux frottements jusqu'\u00e0 24h.","og_url":"https:\/\/cosmeticstoredz.com\/ar\/product\/maybelline-superstay-24h-hybride-fond-de-teint-poudre-03\/","og_site_name":"Cosmetic Store","article_publisher":"https:\/\/www.facebook.com\/profile.php?id=61564954260683","article_modified_time":"2026-04-18T19:23:28+00:00","og_image":[{"width":500,"height":500,"url":"https:\/\/cosmeticstoredz.com\/wp-content\/uploads\/2026\/02\/Cosmetic-2025-02-07T143617.660.png","type":"image\/png"}],"twitter_card":"summary_large_image","schema":{"@context":"https:\/\/schema.org","@graph":[{"@type":"WebPage","@id":"https:\/\/cosmeticstoredz.com\/produit\/maybelline-superstay-24h-hybride-fond-de-teint-poudre-03\/","url":"https:\/\/cosmeticstoredz.com\/produit\/maybelline-superstay-24h-hybride-fond-de-teint-poudre-03\/","name":"MAYBELLINE SUPERSTAY 24H HYBRIDE FOND DE TEINT POUDRE 03 - Cosmetic Store","isPartOf":{"@id":"https:\/\/cosmeticstoredz.com\/#website"},"primaryImageOfPage":{"@id":"https:\/\/cosmeticstoredz.com\/produit\/maybelline-superstay-24h-hybride-fond-de-teint-poudre-03\/#primaryimage"},"image":{"@id":"https:\/\/cosmeticstoredz.com\/produit\/maybelline-superstay-24h-hybride-fond-de-teint-poudre-03\/#primaryimage"},"thumbnailUrl":"https:\/\/cosmeticstoredz.com\/wp-content\/uploads\/2026\/02\/Cosmetic-2025-02-07T143617.660.png","datePublished":"2025-06-04T18:26:36+00:00","dateModified":"2026-04-18T19:23:28+00:00","breadcrumb":{"@id":"https:\/\/cosmeticstoredz.com\/produit\/maybelline-superstay-24h-hybride-fond-de-teint-poudre-03\/#breadcrumb"},"inLanguage":"ar","potentialAction":[{"@type":"ReadAction","target":["https:\/\/cosmeticstoredz.com\/produit\/maybelline-superstay-24h-hybride-fond-de-teint-poudre-03\/"]}]},{"@type":"ImageObject","inLanguage":"ar","@id":"https:\/\/cosmeticstoredz.com\/produit\/maybelline-superstay-24h-hybride-fond-de-teint-poudre-03\/#primaryimage","url":"https:\/\/cosmeticstoredz.com\/wp-content\/uploads\/2026\/02\/Cosmetic-2025-02-07T143617.660.png","contentUrl":"https:\/\/cosmeticstoredz.com\/wp-content\/uploads\/2026\/02\/Cosmetic-2025-02-07T143617.660.png","width":500,"height":500},{"@type":"BreadcrumbList","@id":"https:\/\/cosmeticstoredz.com\/produit\/maybelline-superstay-24h-hybride-fond-de-teint-poudre-03\/#breadcrumb","itemListElement":[{"@type":"ListItem","position":1,"name":"Accueil","item":"https:\/\/cosmeticstoredz.com\/"},{"@type":"ListItem","position":2,"name":"Boutique","item":"https:\/\/cosmeticstoredz.com\/boutique\/"},{"@type":"ListItem","position":3,"name":"MAYBELLINE SUPERSTAY 24H HYBRIDE FOND DE TEINT POUDRE 03"}]},{"@type":"WebSite","@id":"https:\/\/cosmeticstoredz.com\/#website","url":"https:\/\/cosmeticstoredz.com\/","name":"Cosmetic Store","description":"","publisher":{"@id":"https:\/\/cosmeticstoredz.com\/#organization"},"potentialAction":[{"@type":"SearchAction","target":{"@type":"EntryPoint","urlTemplate":"https:\/\/cosmeticstoredz.com\/?s={search_term_string}"},"query-input":{"@type":"PropertyValueSpecification","valueRequired":true,"valueName":"search_term_string"}}],"inLanguage":"ar"},{"@type":"Organization","@id":"https:\/\/cosmeticstoredz.com\/#organization","name":"Cosmetic Store","url":"https:\/\/cosmeticstoredz.com\/","logo":{"@type":"ImageObject","inLanguage":"ar","@id":"https:\/\/cosmeticstoredz.com\/#\/schema\/logo\/image\/","url":"https:\/\/cosmeticstoredz.com\/wp-content\/uploads\/2026\/02\/cropped-LOGO_CS-512x512-1-1-e1771275285345.webp","contentUrl":"https:\/\/cosmeticstoredz.com\/wp-content\/uploads\/2026\/02\/cropped-LOGO_CS-512x512-1-1-e1771275285345.webp","width":265,"height":319,"caption":"Cosmetic Store"},"image":{"@id":"https:\/\/cosmeticstoredz.com\/#\/schema\/logo\/image\/"},"sameAs":["https:\/\/www.facebook.com\/profile.php?id=61564954260683","https:\/\/www.instagram.com\/cosmetic.storedz\/"]}]}},"_links":{"self":[{"href":"https:\/\/cosmeticstoredz.com\/ar\/wp-json\/wp\/v2\/product\/4012","targetHints":{"allow":["GET"]}}],"collection":[{"href":"https:\/\/cosmeticstoredz.com\/ar\/wp-json\/wp\/v2\/product"}],"about":[{"href":"https:\/\/cosmeticstoredz.com\/ar\/wp-json\/wp\/v2\/types\/product"}],"replies":[{"embeddable":true,"href":"https:\/\/cosmeticstoredz.com\/ar\/wp-json\/wp\/v2\/comments?post=4012"}],"version-history":[{"count":1,"href":"https:\/\/cosmeticstoredz.com\/ar\/wp-json\/wp\/v2\/product\/4012\/revisions"}],"predecessor-version":[{"id":17744,"href":"https:\/\/cosmeticstoredz.com\/ar\/wp-json\/wp\/v2\/product\/4012\/revisions\/17744"}],"wp:featuredmedia":[{"embeddable":true,"href":"https:\/\/cosmeticstoredz.com\/ar\/wp-json\/wp\/v2\/media\/17742"}],"wp:attachment":[{"href":"https:\/\/cosmeticstoredz.com\/ar\/wp-json\/wp\/v2\/media?parent=4012"}],"wp:term":[{"taxonomy":"product_brand","embeddable":true,"href":"https:\/\/cosmeticstoredz.com\/ar\/wp-json\/wp\/v2\/product_brand?post=4012"},{"taxonomy":"product_cat","embeddable":true,"href":"https:\/\/cosmeticstoredz.com\/ar\/wp-json\/wp\/v2\/product_cat?post=4012"},{"taxonomy":"product_tag","embeddable":true,"href":"https:\/\/cosmeticstoredz.com\/ar\/wp-json\/wp\/v2\/product_tag?post=4012"}],"curies":[{"name":"wp","href":"https:\/\/api.w.org\/{rel}","templated":true}]}}