{"id":3962,"date":"2025-06-04T18:26:14","date_gmt":"2025-06-04T18:26:14","guid":{"rendered":"https:\/\/test.fitnessworldgym27.com\/?post_type=product&#038;p=3962"},"modified":"2026-03-30T19:26:20","modified_gmt":"2026-03-30T19:26:20","slug":"elseve-shampooing-300ml-total-repair-5-extreme","status":"publish","type":"product","link":"https:\/\/cosmeticstoredz.com\/ar\/product\/elseve-shampooing-300ml-total-repair-5-extreme\/","title":{"rendered":"ELSEVE SHAMPOOING 300ML TOTAL REPAIR 5 EXTREME"},"content":{"rendered":"","protected":false},"excerpt":{"rendered":"<p>Shampoing pour Cheveux Dess\u00e9ch\u00e9s, extr\u00eamement ab\u00eem\u00e9s, Enrichi en LACTIC PRO-REPAIR et CERAMIDE pour une Reconstruction Int\u00e9grale de la Fibre<br \/>\n&#8211; Protection Restaur\u00e9e<br \/>\n&#8211; Douceur Absolue<\/p>\n<p>Elseve s&rsquo;engage pour un monde plus responsable :<br \/>\n&#8211; Flacon issu \u00e0 100% \u00e0 partir de plastique recycl\u00e9* et recyclable<br \/>\n&#8211; Fabriqu\u00e9 en France<\/p>","protected":false},"featured_media":17694,"comment_status":"open","ping_status":"closed","template":"","meta":[],"product_brand":[],"product_cat":[75,153,111],"product_tag":[],"class_list":{"0":"post-3962","1":"product","2":"type-product","3":"status-publish","4":"has-post-thumbnail","6":"product_cat-femme","7":"product_cat-loreal","8":"product_cat-shampoing-f","10":"first","11":"instock","12":"shipping-taxable","13":"purchasable","14":"product-type-simple"},"_links":{"self":[{"href":"https:\/\/cosmeticstoredz.com\/ar\/wp-json\/wp\/v2\/product\/3962","targetHints":{"allow":["GET"]}}],"collection":[{"href":"https:\/\/cosmeticstoredz.com\/ar\/wp-json\/wp\/v2\/product"}],"about":[{"href":"https:\/\/cosmeticstoredz.com\/ar\/wp-json\/wp\/v2\/types\/product"}],"replies":[{"embeddable":true,"href":"https:\/\/cosmeticstoredz.com\/ar\/wp-json\/wp\/v2\/comments?post=3962"}],"version-history":[{"count":1,"href":"https:\/\/cosmeticstoredz.com\/ar\/wp-json\/wp\/v2\/product\/3962\/revisions"}],"predecessor-version":[{"id":17695,"href":"https:\/\/cosmeticstoredz.com\/ar\/wp-json\/wp\/v2\/product\/3962\/revisions\/17695"}],"wp:featuredmedia":[{"embeddable":true,"href":"https:\/\/cosmeticstoredz.com\/ar\/wp-json\/wp\/v2\/media\/17694"}],"wp:attachment":[{"href":"https:\/\/cosmeticstoredz.com\/ar\/wp-json\/wp\/v2\/media?parent=3962"}],"wp:term":[{"taxonomy":"product_brand","embeddable":true,"href":"https:\/\/cosmeticstoredz.com\/ar\/wp-json\/wp\/v2\/product_brand?post=3962"},{"taxonomy":"product_cat","embeddable":true,"href":"https:\/\/cosmeticstoredz.com\/ar\/wp-json\/wp\/v2\/product_cat?post=3962"},{"taxonomy":"product_tag","embeddable":true,"href":"https:\/\/cosmeticstoredz.com\/ar\/wp-json\/wp\/v2\/product_tag?post=3962"}],"curies":[{"name":"wp","href":"https:\/\/api.w.org\/{rel}","templated":true}]}}