{"id":3954,"date":"2025-06-04T18:26:14","date_gmt":"2025-06-04T18:26:14","guid":{"rendered":"https:\/\/test.fitnessworldgym27.com\/?post_type=product&#038;p=3954"},"modified":"2026-04-18T19:21:43","modified_gmt":"2026-04-18T19:21:43","slug":"elseve-masque-chvx-300ml-color-vive","status":"publish","type":"product","link":"https:\/\/cosmeticstoredz.com\/ar\/product\/elseve-masque-chvx-300ml-color-vive\/","title":{"rendered":"ELSEVE MASQUE CHVX 300ML COLOR VIVE"},"content":{"rendered":"<h1 class=\"product_title entry-title wd-entities-title\">L&rsquo;Or\u00e9al Elseve Color-Vive Masque Protection Couleur 300ML<\/h1>\n<p>Les cheveux color\u00e9s ou m\u00e9ch\u00e9s sont difficiles \u00e0 entretenir. Ils peuvent se ternir et manquer d\u2019\u00e9clat.<\/p>\n<p>D\u00e9couvrez le Masque Protection Couleur Elseve Color-Vive.<br \/>\nEnrichi en Pivoine et Filtre UV, il apporte un soin intense et prot\u00e8ge votre couleur jusqu\u2019\u00e0 10 semaines:<br \/>\n\u2013 Prolonge l\u2019intensit\u00e9 de la couleur en retenant les colorants au coeur de la fibre<br \/>\n\u2013 Ravive l\u2019\u00e9clat et nourrit les cheveux pour un toucher soyeux et une couleur 5X plus \u00e9clatante<\/p>","protected":false},"excerpt":{"rendered":"<h1 class=\"product_title entry-title wd-entities-title\">L&rsquo;Or\u00e9al Elseve Color-Vive Masque Protection Couleur 300ML<\/h1>\n<p>Masque Protection Couleur Elseve Color-Vive.<br \/>\nEnrichi en Pivoine et Filtre UV, il apporte un soin intense et prot\u00e8ge votre couleur jusqu\u2019\u00e0 10 semaines:<br \/>\n\u2013 Prolonge l\u2019intensit\u00e9 de la couleur en retenant les colorants au coeur de la fibre<br \/>\n\u2013 Ravive l\u2019\u00e9clat et nourrit les cheveux pour un toucher soyeux et une couleur 5X plus \u00e9clatante.<\/p>","protected":false},"featured_media":17678,"comment_status":"open","ping_status":"closed","template":"","meta":[],"product_brand":[409],"product_cat":[75,153,155,95],"product_tag":[],"class_list":{"0":"post-3954","1":"product","2":"type-product","3":"status-publish","4":"has-post-thumbnail","6":"product_brand-loreal","7":"product_cat-femme","8":"product_cat-loreal","9":"product_cat-masque","10":"product_cat-soin-cheveux-f","12":"first","13":"outofstock","14":"shipping-taxable","15":"purchasable","16":"product-type-simple"},"yoast_head":"<!-- This site is optimized with the Yoast SEO plugin v27.3 - https:\/\/yoast.com\/product\/yoast-seo-wordpress\/ -->\n<title>ELSEVE MASQUE CHVX 300ML COLOR VIVE - Cosmetic Store<\/title>\n<meta name=\"robots\" content=\"index, follow, max-snippet:-1, max-image-preview:large, max-video-preview:-1\" \/>\n<link rel=\"canonical\" href=\"https:\/\/cosmeticstoredz.com\/ar\/product\/elseve-masque-chvx-300ml-color-vive\/\" \/>\n<meta property=\"og:locale\" content=\"ar_AR\" \/>\n<meta property=\"og:type\" content=\"article\" \/>\n<meta property=\"og:title\" content=\"ELSEVE MASQUE CHVX 300ML COLOR VIVE - Cosmetic Store\" \/>\n<meta property=\"og:description\" content=\"L&#039;Or\u00e9al Elseve Color-Vive Masque Protection Couleur 300ML Masque Protection Couleur Elseve Color-Vive. Enrichi en Pivoine et Filtre UV, il apporte un soin intense et prot\u00e8ge votre couleur jusqu\u2019\u00e0 10 semaines: \u2013 Prolonge l\u2019intensit\u00e9 de la couleur en retenant les colorants au coeur de la fibre \u2013 Ravive l\u2019\u00e9clat et nourrit les cheveux pour un toucher soyeux et une couleur 5X plus \u00e9clatante.\" \/>\n<meta property=\"og:url\" content=\"https:\/\/cosmeticstoredz.com\/ar\/product\/elseve-masque-chvx-300ml-color-vive\/\" \/>\n<meta property=\"og:site_name\" content=\"Cosmetic Store\" \/>\n<meta property=\"article:publisher\" content=\"https:\/\/www.facebook.com\/profile.php?id=61564954260683\" \/>\n<meta property=\"article:modified_time\" content=\"2026-04-18T19:21:43+00:00\" \/>\n<meta property=\"og:image\" content=\"https:\/\/cosmeticstoredz.com\/wp-content\/uploads\/2026\/02\/CC-216-1.png\" \/>\n\t<meta property=\"og:image:width\" content=\"500\" \/>\n\t<meta property=\"og:image:height\" content=\"500\" \/>\n\t<meta property=\"og:image:type\" content=\"image\/png\" \/>\n<meta name=\"twitter:card\" content=\"summary_large_image\" \/>\n<script type=\"application\/ld+json\" class=\"yoast-schema-graph\">{\"@context\":\"https:\\\/\\\/schema.org\",\"@graph\":[{\"@type\":\"WebPage\",\"@id\":\"https:\\\/\\\/cosmeticstoredz.com\\\/produit\\\/elseve-masque-chvx-300ml-color-vive\\\/\",\"url\":\"https:\\\/\\\/cosmeticstoredz.com\\\/produit\\\/elseve-masque-chvx-300ml-color-vive\\\/\",\"name\":\"ELSEVE MASQUE CHVX 300ML COLOR VIVE - Cosmetic Store\",\"isPartOf\":{\"@id\":\"https:\\\/\\\/cosmeticstoredz.com\\\/#website\"},\"primaryImageOfPage\":{\"@id\":\"https:\\\/\\\/cosmeticstoredz.com\\\/produit\\\/elseve-masque-chvx-300ml-color-vive\\\/#primaryimage\"},\"image\":{\"@id\":\"https:\\\/\\\/cosmeticstoredz.com\\\/produit\\\/elseve-masque-chvx-300ml-color-vive\\\/#primaryimage\"},\"thumbnailUrl\":\"https:\\\/\\\/cosmeticstoredz.com\\\/wp-content\\\/uploads\\\/2026\\\/02\\\/CC-216-1.png\",\"datePublished\":\"2025-06-04T18:26:14+00:00\",\"dateModified\":\"2026-04-18T19:21:43+00:00\",\"breadcrumb\":{\"@id\":\"https:\\\/\\\/cosmeticstoredz.com\\\/produit\\\/elseve-masque-chvx-300ml-color-vive\\\/#breadcrumb\"},\"inLanguage\":\"ar\",\"potentialAction\":[{\"@type\":\"ReadAction\",\"target\":[\"https:\\\/\\\/cosmeticstoredz.com\\\/produit\\\/elseve-masque-chvx-300ml-color-vive\\\/\"]}]},{\"@type\":\"ImageObject\",\"inLanguage\":\"ar\",\"@id\":\"https:\\\/\\\/cosmeticstoredz.com\\\/produit\\\/elseve-masque-chvx-300ml-color-vive\\\/#primaryimage\",\"url\":\"https:\\\/\\\/cosmeticstoredz.com\\\/wp-content\\\/uploads\\\/2026\\\/02\\\/CC-216-1.png\",\"contentUrl\":\"https:\\\/\\\/cosmeticstoredz.com\\\/wp-content\\\/uploads\\\/2026\\\/02\\\/CC-216-1.png\",\"width\":500,\"height\":500},{\"@type\":\"BreadcrumbList\",\"@id\":\"https:\\\/\\\/cosmeticstoredz.com\\\/produit\\\/elseve-masque-chvx-300ml-color-vive\\\/#breadcrumb\",\"itemListElement\":[{\"@type\":\"ListItem\",\"position\":1,\"name\":\"Accueil\",\"item\":\"https:\\\/\\\/cosmeticstoredz.com\\\/\"},{\"@type\":\"ListItem\",\"position\":2,\"name\":\"Boutique\",\"item\":\"https:\\\/\\\/cosmeticstoredz.com\\\/boutique\\\/\"},{\"@type\":\"ListItem\",\"position\":3,\"name\":\"ELSEVE MASQUE CHVX 300ML COLOR VIVE\"}]},{\"@type\":\"WebSite\",\"@id\":\"https:\\\/\\\/cosmeticstoredz.com\\\/#website\",\"url\":\"https:\\\/\\\/cosmeticstoredz.com\\\/\",\"name\":\"Cosmetic Store\",\"description\":\"\",\"publisher\":{\"@id\":\"https:\\\/\\\/cosmeticstoredz.com\\\/#organization\"},\"potentialAction\":[{\"@type\":\"SearchAction\",\"target\":{\"@type\":\"EntryPoint\",\"urlTemplate\":\"https:\\\/\\\/cosmeticstoredz.com\\\/?s={search_term_string}\"},\"query-input\":{\"@type\":\"PropertyValueSpecification\",\"valueRequired\":true,\"valueName\":\"search_term_string\"}}],\"inLanguage\":\"ar\"},{\"@type\":\"Organization\",\"@id\":\"https:\\\/\\\/cosmeticstoredz.com\\\/#organization\",\"name\":\"Cosmetic Store\",\"url\":\"https:\\\/\\\/cosmeticstoredz.com\\\/\",\"logo\":{\"@type\":\"ImageObject\",\"inLanguage\":\"ar\",\"@id\":\"https:\\\/\\\/cosmeticstoredz.com\\\/#\\\/schema\\\/logo\\\/image\\\/\",\"url\":\"https:\\\/\\\/cosmeticstoredz.com\\\/wp-content\\\/uploads\\\/2026\\\/02\\\/cropped-LOGO_CS-512x512-1-1-e1771275285345.webp\",\"contentUrl\":\"https:\\\/\\\/cosmeticstoredz.com\\\/wp-content\\\/uploads\\\/2026\\\/02\\\/cropped-LOGO_CS-512x512-1-1-e1771275285345.webp\",\"width\":265,\"height\":319,\"caption\":\"Cosmetic Store\"},\"image\":{\"@id\":\"https:\\\/\\\/cosmeticstoredz.com\\\/#\\\/schema\\\/logo\\\/image\\\/\"},\"sameAs\":[\"https:\\\/\\\/www.facebook.com\\\/profile.php?id=61564954260683\",\"https:\\\/\\\/www.instagram.com\\\/cosmetic.storedz\\\/\"]}]}<\/script>\n<!-- \/ Yoast SEO plugin. -->","yoast_head_json":{"title":"ELSEVE MASQUE CHVX 300ML COLOR VIVE - Cosmetic Store","robots":{"index":"index","follow":"follow","max-snippet":"max-snippet:-1","max-image-preview":"max-image-preview:large","max-video-preview":"max-video-preview:-1"},"canonical":"https:\/\/cosmeticstoredz.com\/ar\/product\/elseve-masque-chvx-300ml-color-vive\/","og_locale":"ar_AR","og_type":"article","og_title":"ELSEVE MASQUE CHVX 300ML COLOR VIVE - Cosmetic Store","og_description":"L'Or\u00e9al Elseve Color-Vive Masque Protection Couleur 300ML Masque Protection Couleur Elseve Color-Vive. Enrichi en Pivoine et Filtre UV, il apporte un soin intense et prot\u00e8ge votre couleur jusqu\u2019\u00e0 10 semaines: \u2013 Prolonge l\u2019intensit\u00e9 de la couleur en retenant les colorants au coeur de la fibre \u2013 Ravive l\u2019\u00e9clat et nourrit les cheveux pour un toucher soyeux et une couleur 5X plus \u00e9clatante.","og_url":"https:\/\/cosmeticstoredz.com\/ar\/product\/elseve-masque-chvx-300ml-color-vive\/","og_site_name":"Cosmetic Store","article_publisher":"https:\/\/www.facebook.com\/profile.php?id=61564954260683","article_modified_time":"2026-04-18T19:21:43+00:00","og_image":[{"width":500,"height":500,"url":"https:\/\/cosmeticstoredz.com\/wp-content\/uploads\/2026\/02\/CC-216-1.png","type":"image\/png"}],"twitter_card":"summary_large_image","schema":{"@context":"https:\/\/schema.org","@graph":[{"@type":"WebPage","@id":"https:\/\/cosmeticstoredz.com\/produit\/elseve-masque-chvx-300ml-color-vive\/","url":"https:\/\/cosmeticstoredz.com\/produit\/elseve-masque-chvx-300ml-color-vive\/","name":"ELSEVE MASQUE CHVX 300ML COLOR VIVE - Cosmetic Store","isPartOf":{"@id":"https:\/\/cosmeticstoredz.com\/#website"},"primaryImageOfPage":{"@id":"https:\/\/cosmeticstoredz.com\/produit\/elseve-masque-chvx-300ml-color-vive\/#primaryimage"},"image":{"@id":"https:\/\/cosmeticstoredz.com\/produit\/elseve-masque-chvx-300ml-color-vive\/#primaryimage"},"thumbnailUrl":"https:\/\/cosmeticstoredz.com\/wp-content\/uploads\/2026\/02\/CC-216-1.png","datePublished":"2025-06-04T18:26:14+00:00","dateModified":"2026-04-18T19:21:43+00:00","breadcrumb":{"@id":"https:\/\/cosmeticstoredz.com\/produit\/elseve-masque-chvx-300ml-color-vive\/#breadcrumb"},"inLanguage":"ar","potentialAction":[{"@type":"ReadAction","target":["https:\/\/cosmeticstoredz.com\/produit\/elseve-masque-chvx-300ml-color-vive\/"]}]},{"@type":"ImageObject","inLanguage":"ar","@id":"https:\/\/cosmeticstoredz.com\/produit\/elseve-masque-chvx-300ml-color-vive\/#primaryimage","url":"https:\/\/cosmeticstoredz.com\/wp-content\/uploads\/2026\/02\/CC-216-1.png","contentUrl":"https:\/\/cosmeticstoredz.com\/wp-content\/uploads\/2026\/02\/CC-216-1.png","width":500,"height":500},{"@type":"BreadcrumbList","@id":"https:\/\/cosmeticstoredz.com\/produit\/elseve-masque-chvx-300ml-color-vive\/#breadcrumb","itemListElement":[{"@type":"ListItem","position":1,"name":"Accueil","item":"https:\/\/cosmeticstoredz.com\/"},{"@type":"ListItem","position":2,"name":"Boutique","item":"https:\/\/cosmeticstoredz.com\/boutique\/"},{"@type":"ListItem","position":3,"name":"ELSEVE MASQUE CHVX 300ML COLOR VIVE"}]},{"@type":"WebSite","@id":"https:\/\/cosmeticstoredz.com\/#website","url":"https:\/\/cosmeticstoredz.com\/","name":"Cosmetic Store","description":"","publisher":{"@id":"https:\/\/cosmeticstoredz.com\/#organization"},"potentialAction":[{"@type":"SearchAction","target":{"@type":"EntryPoint","urlTemplate":"https:\/\/cosmeticstoredz.com\/?s={search_term_string}"},"query-input":{"@type":"PropertyValueSpecification","valueRequired":true,"valueName":"search_term_string"}}],"inLanguage":"ar"},{"@type":"Organization","@id":"https:\/\/cosmeticstoredz.com\/#organization","name":"Cosmetic Store","url":"https:\/\/cosmeticstoredz.com\/","logo":{"@type":"ImageObject","inLanguage":"ar","@id":"https:\/\/cosmeticstoredz.com\/#\/schema\/logo\/image\/","url":"https:\/\/cosmeticstoredz.com\/wp-content\/uploads\/2026\/02\/cropped-LOGO_CS-512x512-1-1-e1771275285345.webp","contentUrl":"https:\/\/cosmeticstoredz.com\/wp-content\/uploads\/2026\/02\/cropped-LOGO_CS-512x512-1-1-e1771275285345.webp","width":265,"height":319,"caption":"Cosmetic Store"},"image":{"@id":"https:\/\/cosmeticstoredz.com\/#\/schema\/logo\/image\/"},"sameAs":["https:\/\/www.facebook.com\/profile.php?id=61564954260683","https:\/\/www.instagram.com\/cosmetic.storedz\/"]}]}},"_links":{"self":[{"href":"https:\/\/cosmeticstoredz.com\/ar\/wp-json\/wp\/v2\/product\/3954","targetHints":{"allow":["GET"]}}],"collection":[{"href":"https:\/\/cosmeticstoredz.com\/ar\/wp-json\/wp\/v2\/product"}],"about":[{"href":"https:\/\/cosmeticstoredz.com\/ar\/wp-json\/wp\/v2\/types\/product"}],"replies":[{"embeddable":true,"href":"https:\/\/cosmeticstoredz.com\/ar\/wp-json\/wp\/v2\/comments?post=3954"}],"version-history":[{"count":1,"href":"https:\/\/cosmeticstoredz.com\/ar\/wp-json\/wp\/v2\/product\/3954\/revisions"}],"predecessor-version":[{"id":17679,"href":"https:\/\/cosmeticstoredz.com\/ar\/wp-json\/wp\/v2\/product\/3954\/revisions\/17679"}],"wp:featuredmedia":[{"embeddable":true,"href":"https:\/\/cosmeticstoredz.com\/ar\/wp-json\/wp\/v2\/media\/17678"}],"wp:attachment":[{"href":"https:\/\/cosmeticstoredz.com\/ar\/wp-json\/wp\/v2\/media?parent=3954"}],"wp:term":[{"taxonomy":"product_brand","embeddable":true,"href":"https:\/\/cosmeticstoredz.com\/ar\/wp-json\/wp\/v2\/product_brand?post=3954"},{"taxonomy":"product_cat","embeddable":true,"href":"https:\/\/cosmeticstoredz.com\/ar\/wp-json\/wp\/v2\/product_cat?post=3954"},{"taxonomy":"product_tag","embeddable":true,"href":"https:\/\/cosmeticstoredz.com\/ar\/wp-json\/wp\/v2\/product_tag?post=3954"}],"curies":[{"name":"wp","href":"https:\/\/api.w.org\/{rel}","templated":true}]}}