{"id":3894,"date":"2025-06-04T18:26:02","date_gmt":"2025-06-04T18:26:02","guid":{"rendered":"https:\/\/test.fitnessworldgym27.com\/?post_type=product&#038;p=3894"},"modified":"2026-04-18T19:23:00","modified_gmt":"2026-04-18T19:23:00","slug":"listerine-bain-de-bouche-250ml-protection-des-dents","status":"publish","type":"product","link":"https:\/\/cosmeticstoredz.com\/ar\/product\/listerine-bain-de-bouche-250ml-protection-des-dents\/","title":{"rendered":"LISTERINE BAIN DE BOUCHE 250ML PROTECTION DES DENTS"},"content":{"rendered":"<div class=\"card aim -mtm\">\n<div class=\"markup -mhm -pvl -oxa -sc\">\n<p>En vous brossant les dents, vous ne nettoyez que 25 % de votre bouche. Ainsi, les bact\u00e9ries qui forment de la plaque dentaire dans les endroits difficiles d&rsquo;acc\u00e8s de votre bouche et qui causent des probl\u00e8mes de gencives ne sont pas nettoy\u00e9es. C&rsquo;est pour cette raison que les dentistes et les hygi\u00e9nistes dentaires recommandent non seulement de se brosser les dents, mais \u00e9galement d&rsquo;utiliser du fil dentaire et des produits d&rsquo;hygi\u00e8ne bucco-dentaire. Listerine Fresh Burst est un produit de soin bucco-dentaire quotidien qui combat la plaque dentaire et la mauvaise haleine. Lorsqu&rsquo;elle est utilis\u00e9e en compl\u00e9ment du brossage des dents deux fois par jour, Listerine Cool Mint aide \u00e0 lutter contre l&rsquo;accumulation de plaque dentaire et la mauvaise haleine. Sa formule unique offre une protection 24 heures contre la plaque dentaire et la mauvaise haleine. Il procure une haleine fra\u00eeche gr\u00e2ce \u00e0 son ar\u00f4me rafra\u00eechissant de menthe. Se rincer la bouche deux fois par jour ne rafra\u00eechira pas seulement votre haleine. Il joue \u00e9galement un r\u00f4le important dans le nettoyage de toute la bouche. En vous brossant simplement les dents, vous ne pouvez atteindre que 25 % de votre bouche. Ce liquide puissant combat les bact\u00e9ries dans toute votre bouche, y compris vos dents et vos gencives. La recherche montre que le produit de soins bucco-dentaires Listerine tue les bact\u00e9ries dans la bouche en 30 secondes et vous ressentirez la diff\u00e9rence avec une utilisation continue. Chez Listerine, nous nous engageons non seulement \u00e0 vous aider \u00e0 prot\u00e9ger votre sant\u00e9 bucco-dentaire, mais \u00e9galement \u00e0 prot\u00e9ger notre plan\u00e8te. Chez Listerine, nous visons toujours \u00e0 agir de mani\u00e8re plus responsable et \u00e0 contribuer \u00e0 cr\u00e9er une plan\u00e8te plus saine. Nous utilisons des bouteilles et des bouchons 100 % recyclables. Nos nouvelles bouteilles contiennent 50 % de plastique recycl\u00e9 post-consommation.<\/p>\n<\/div>\n<\/div>\n<section class=\"card aim -mtm -fs16\">\n<div id=\"specifications\" class=\"hook\"><\/div>\n<header class=\"-pvs -bb\"><\/header>\n<\/section>","protected":false},"excerpt":{"rendered":"<p>En vous brossant les dents, vous ne nettoyez que 25 % de votre bouche. Ainsi, les bact\u00e9ries qui forment de la plaque dentaire dans les endroits difficiles d&rsquo;acc\u00e8s de votre bouche et qui causent des probl\u00e8mes de gencives ne sont pas nettoy\u00e9es.<\/p>","protected":false},"featured_media":17618,"comment_status":"open","ping_status":"closed","template":"","meta":[],"product_brand":[],"product_cat":[216,217,75,72,301,163,165],"product_tag":[],"class_list":{"0":"post-3894","1":"product","2":"type-product","3":"status-publish","4":"has-post-thumbnail","6":"product_cat-bain-de-bouche","7":"product_cat-bain-de-bouche-soin-dentaire-h","8":"product_cat-femme","9":"product_cat-homme","10":"product_cat-listerine","11":"product_cat-soin-dentaire","12":"product_cat-soin-dentaire-h","14":"first","15":"instock","16":"shipping-taxable","17":"purchasable","18":"product-type-simple"},"yoast_head":"<!-- This site is optimized with the Yoast SEO plugin v27.3 - https:\/\/yoast.com\/product\/yoast-seo-wordpress\/ -->\n<title>LISTERINE BAIN DE BOUCHE 250ML PROTECTION DES DENTS - Cosmetic Store<\/title>\n<meta name=\"robots\" content=\"index, follow, max-snippet:-1, max-image-preview:large, max-video-preview:-1\" \/>\n<link rel=\"canonical\" href=\"https:\/\/cosmeticstoredz.com\/ar\/product\/listerine-bain-de-bouche-250ml-protection-des-dents\/\" \/>\n<meta property=\"og:locale\" content=\"ar_AR\" \/>\n<meta property=\"og:type\" content=\"article\" \/>\n<meta property=\"og:title\" content=\"LISTERINE BAIN DE BOUCHE 250ML PROTECTION DES DENTS - Cosmetic Store\" \/>\n<meta property=\"og:description\" content=\"En vous brossant les dents, vous ne nettoyez que 25 % de votre bouche. Ainsi, les bact\u00e9ries qui forment de la plaque dentaire dans les endroits difficiles d&#039;acc\u00e8s de votre bouche et qui causent des probl\u00e8mes de gencives ne sont pas nettoy\u00e9es.\" \/>\n<meta property=\"og:url\" content=\"https:\/\/cosmeticstoredz.com\/ar\/product\/listerine-bain-de-bouche-250ml-protection-des-dents\/\" \/>\n<meta property=\"og:site_name\" content=\"Cosmetic Store\" \/>\n<meta property=\"article:publisher\" content=\"https:\/\/www.facebook.com\/profile.php?id=61564954260683\" \/>\n<meta property=\"article:modified_time\" content=\"2026-04-18T19:23:00+00:00\" \/>\n<meta property=\"og:image\" content=\"https:\/\/cosmeticstoredz.com\/wp-content\/uploads\/2026\/02\/Design-sans-titre-2025-03-04T110637.256.png\" \/>\n\t<meta property=\"og:image:width\" content=\"500\" \/>\n\t<meta property=\"og:image:height\" content=\"500\" \/>\n\t<meta property=\"og:image:type\" content=\"image\/png\" \/>\n<meta name=\"twitter:card\" content=\"summary_large_image\" \/>\n<meta name=\"twitter:label1\" content=\"\u0648\u0642\u062a \u0627\u0644\u0642\u0631\u0627\u0621\u0629 \u0627\u0644\u0645\u064f\u0642\u062f\u0651\u0631\" \/>\n\t<meta name=\"twitter:data1\" content=\"\u062f\u0642\u064a\u0642\u062a\u0627\u0646\" \/>\n<script type=\"application\/ld+json\" class=\"yoast-schema-graph\">{\"@context\":\"https:\\\/\\\/schema.org\",\"@graph\":[{\"@type\":\"WebPage\",\"@id\":\"https:\\\/\\\/cosmeticstoredz.com\\\/produit\\\/listerine-bain-de-bouche-250ml-protection-des-dents\\\/\",\"url\":\"https:\\\/\\\/cosmeticstoredz.com\\\/produit\\\/listerine-bain-de-bouche-250ml-protection-des-dents\\\/\",\"name\":\"LISTERINE BAIN DE BOUCHE 250ML PROTECTION DES DENTS - Cosmetic Store\",\"isPartOf\":{\"@id\":\"https:\\\/\\\/cosmeticstoredz.com\\\/#website\"},\"primaryImageOfPage\":{\"@id\":\"https:\\\/\\\/cosmeticstoredz.com\\\/produit\\\/listerine-bain-de-bouche-250ml-protection-des-dents\\\/#primaryimage\"},\"image\":{\"@id\":\"https:\\\/\\\/cosmeticstoredz.com\\\/produit\\\/listerine-bain-de-bouche-250ml-protection-des-dents\\\/#primaryimage\"},\"thumbnailUrl\":\"https:\\\/\\\/cosmeticstoredz.com\\\/wp-content\\\/uploads\\\/2026\\\/02\\\/Design-sans-titre-2025-03-04T110637.256.png\",\"datePublished\":\"2025-06-04T18:26:02+00:00\",\"dateModified\":\"2026-04-18T19:23:00+00:00\",\"breadcrumb\":{\"@id\":\"https:\\\/\\\/cosmeticstoredz.com\\\/produit\\\/listerine-bain-de-bouche-250ml-protection-des-dents\\\/#breadcrumb\"},\"inLanguage\":\"ar\",\"potentialAction\":[{\"@type\":\"ReadAction\",\"target\":[\"https:\\\/\\\/cosmeticstoredz.com\\\/produit\\\/listerine-bain-de-bouche-250ml-protection-des-dents\\\/\"]}]},{\"@type\":\"ImageObject\",\"inLanguage\":\"ar\",\"@id\":\"https:\\\/\\\/cosmeticstoredz.com\\\/produit\\\/listerine-bain-de-bouche-250ml-protection-des-dents\\\/#primaryimage\",\"url\":\"https:\\\/\\\/cosmeticstoredz.com\\\/wp-content\\\/uploads\\\/2026\\\/02\\\/Design-sans-titre-2025-03-04T110637.256.png\",\"contentUrl\":\"https:\\\/\\\/cosmeticstoredz.com\\\/wp-content\\\/uploads\\\/2026\\\/02\\\/Design-sans-titre-2025-03-04T110637.256.png\",\"width\":500,\"height\":500},{\"@type\":\"BreadcrumbList\",\"@id\":\"https:\\\/\\\/cosmeticstoredz.com\\\/produit\\\/listerine-bain-de-bouche-250ml-protection-des-dents\\\/#breadcrumb\",\"itemListElement\":[{\"@type\":\"ListItem\",\"position\":1,\"name\":\"Accueil\",\"item\":\"https:\\\/\\\/cosmeticstoredz.com\\\/\"},{\"@type\":\"ListItem\",\"position\":2,\"name\":\"Boutique\",\"item\":\"https:\\\/\\\/cosmeticstoredz.com\\\/boutique\\\/\"},{\"@type\":\"ListItem\",\"position\":3,\"name\":\"LISTERINE BAIN DE BOUCHE 250ML PROTECTION DES DENTS\"}]},{\"@type\":\"WebSite\",\"@id\":\"https:\\\/\\\/cosmeticstoredz.com\\\/#website\",\"url\":\"https:\\\/\\\/cosmeticstoredz.com\\\/\",\"name\":\"Cosmetic Store\",\"description\":\"\",\"publisher\":{\"@id\":\"https:\\\/\\\/cosmeticstoredz.com\\\/#organization\"},\"potentialAction\":[{\"@type\":\"SearchAction\",\"target\":{\"@type\":\"EntryPoint\",\"urlTemplate\":\"https:\\\/\\\/cosmeticstoredz.com\\\/?s={search_term_string}\"},\"query-input\":{\"@type\":\"PropertyValueSpecification\",\"valueRequired\":true,\"valueName\":\"search_term_string\"}}],\"inLanguage\":\"ar\"},{\"@type\":\"Organization\",\"@id\":\"https:\\\/\\\/cosmeticstoredz.com\\\/#organization\",\"name\":\"Cosmetic Store\",\"url\":\"https:\\\/\\\/cosmeticstoredz.com\\\/\",\"logo\":{\"@type\":\"ImageObject\",\"inLanguage\":\"ar\",\"@id\":\"https:\\\/\\\/cosmeticstoredz.com\\\/#\\\/schema\\\/logo\\\/image\\\/\",\"url\":\"https:\\\/\\\/cosmeticstoredz.com\\\/wp-content\\\/uploads\\\/2026\\\/02\\\/cropped-LOGO_CS-512x512-1-1-e1771275285345.webp\",\"contentUrl\":\"https:\\\/\\\/cosmeticstoredz.com\\\/wp-content\\\/uploads\\\/2026\\\/02\\\/cropped-LOGO_CS-512x512-1-1-e1771275285345.webp\",\"width\":265,\"height\":319,\"caption\":\"Cosmetic Store\"},\"image\":{\"@id\":\"https:\\\/\\\/cosmeticstoredz.com\\\/#\\\/schema\\\/logo\\\/image\\\/\"},\"sameAs\":[\"https:\\\/\\\/www.facebook.com\\\/profile.php?id=61564954260683\",\"https:\\\/\\\/www.instagram.com\\\/cosmetic.storedz\\\/\"]}]}<\/script>\n<!-- \/ Yoast SEO plugin. -->","yoast_head_json":{"title":"LISTERINE BAIN DE BOUCHE 250ML PROTECTION DES DENTS - Cosmetic Store","robots":{"index":"index","follow":"follow","max-snippet":"max-snippet:-1","max-image-preview":"max-image-preview:large","max-video-preview":"max-video-preview:-1"},"canonical":"https:\/\/cosmeticstoredz.com\/ar\/product\/listerine-bain-de-bouche-250ml-protection-des-dents\/","og_locale":"ar_AR","og_type":"article","og_title":"LISTERINE BAIN DE BOUCHE 250ML PROTECTION DES DENTS - Cosmetic Store","og_description":"En vous brossant les dents, vous ne nettoyez que 25 % de votre bouche. Ainsi, les bact\u00e9ries qui forment de la plaque dentaire dans les endroits difficiles d'acc\u00e8s de votre bouche et qui causent des probl\u00e8mes de gencives ne sont pas nettoy\u00e9es.","og_url":"https:\/\/cosmeticstoredz.com\/ar\/product\/listerine-bain-de-bouche-250ml-protection-des-dents\/","og_site_name":"Cosmetic Store","article_publisher":"https:\/\/www.facebook.com\/profile.php?id=61564954260683","article_modified_time":"2026-04-18T19:23:00+00:00","og_image":[{"width":500,"height":500,"url":"https:\/\/cosmeticstoredz.com\/wp-content\/uploads\/2026\/02\/Design-sans-titre-2025-03-04T110637.256.png","type":"image\/png"}],"twitter_card":"summary_large_image","twitter_misc":{"\u0648\u0642\u062a \u0627\u0644\u0642\u0631\u0627\u0621\u0629 \u0627\u0644\u0645\u064f\u0642\u062f\u0651\u0631":"\u062f\u0642\u064a\u0642\u062a\u0627\u0646"},"schema":{"@context":"https:\/\/schema.org","@graph":[{"@type":"WebPage","@id":"https:\/\/cosmeticstoredz.com\/produit\/listerine-bain-de-bouche-250ml-protection-des-dents\/","url":"https:\/\/cosmeticstoredz.com\/produit\/listerine-bain-de-bouche-250ml-protection-des-dents\/","name":"LISTERINE BAIN DE BOUCHE 250ML PROTECTION DES DENTS - Cosmetic Store","isPartOf":{"@id":"https:\/\/cosmeticstoredz.com\/#website"},"primaryImageOfPage":{"@id":"https:\/\/cosmeticstoredz.com\/produit\/listerine-bain-de-bouche-250ml-protection-des-dents\/#primaryimage"},"image":{"@id":"https:\/\/cosmeticstoredz.com\/produit\/listerine-bain-de-bouche-250ml-protection-des-dents\/#primaryimage"},"thumbnailUrl":"https:\/\/cosmeticstoredz.com\/wp-content\/uploads\/2026\/02\/Design-sans-titre-2025-03-04T110637.256.png","datePublished":"2025-06-04T18:26:02+00:00","dateModified":"2026-04-18T19:23:00+00:00","breadcrumb":{"@id":"https:\/\/cosmeticstoredz.com\/produit\/listerine-bain-de-bouche-250ml-protection-des-dents\/#breadcrumb"},"inLanguage":"ar","potentialAction":[{"@type":"ReadAction","target":["https:\/\/cosmeticstoredz.com\/produit\/listerine-bain-de-bouche-250ml-protection-des-dents\/"]}]},{"@type":"ImageObject","inLanguage":"ar","@id":"https:\/\/cosmeticstoredz.com\/produit\/listerine-bain-de-bouche-250ml-protection-des-dents\/#primaryimage","url":"https:\/\/cosmeticstoredz.com\/wp-content\/uploads\/2026\/02\/Design-sans-titre-2025-03-04T110637.256.png","contentUrl":"https:\/\/cosmeticstoredz.com\/wp-content\/uploads\/2026\/02\/Design-sans-titre-2025-03-04T110637.256.png","width":500,"height":500},{"@type":"BreadcrumbList","@id":"https:\/\/cosmeticstoredz.com\/produit\/listerine-bain-de-bouche-250ml-protection-des-dents\/#breadcrumb","itemListElement":[{"@type":"ListItem","position":1,"name":"Accueil","item":"https:\/\/cosmeticstoredz.com\/"},{"@type":"ListItem","position":2,"name":"Boutique","item":"https:\/\/cosmeticstoredz.com\/boutique\/"},{"@type":"ListItem","position":3,"name":"LISTERINE BAIN DE BOUCHE 250ML PROTECTION DES DENTS"}]},{"@type":"WebSite","@id":"https:\/\/cosmeticstoredz.com\/#website","url":"https:\/\/cosmeticstoredz.com\/","name":"Cosmetic Store","description":"","publisher":{"@id":"https:\/\/cosmeticstoredz.com\/#organization"},"potentialAction":[{"@type":"SearchAction","target":{"@type":"EntryPoint","urlTemplate":"https:\/\/cosmeticstoredz.com\/?s={search_term_string}"},"query-input":{"@type":"PropertyValueSpecification","valueRequired":true,"valueName":"search_term_string"}}],"inLanguage":"ar"},{"@type":"Organization","@id":"https:\/\/cosmeticstoredz.com\/#organization","name":"Cosmetic Store","url":"https:\/\/cosmeticstoredz.com\/","logo":{"@type":"ImageObject","inLanguage":"ar","@id":"https:\/\/cosmeticstoredz.com\/#\/schema\/logo\/image\/","url":"https:\/\/cosmeticstoredz.com\/wp-content\/uploads\/2026\/02\/cropped-LOGO_CS-512x512-1-1-e1771275285345.webp","contentUrl":"https:\/\/cosmeticstoredz.com\/wp-content\/uploads\/2026\/02\/cropped-LOGO_CS-512x512-1-1-e1771275285345.webp","width":265,"height":319,"caption":"Cosmetic Store"},"image":{"@id":"https:\/\/cosmeticstoredz.com\/#\/schema\/logo\/image\/"},"sameAs":["https:\/\/www.facebook.com\/profile.php?id=61564954260683","https:\/\/www.instagram.com\/cosmetic.storedz\/"]}]}},"_links":{"self":[{"href":"https:\/\/cosmeticstoredz.com\/ar\/wp-json\/wp\/v2\/product\/3894","targetHints":{"allow":["GET"]}}],"collection":[{"href":"https:\/\/cosmeticstoredz.com\/ar\/wp-json\/wp\/v2\/product"}],"about":[{"href":"https:\/\/cosmeticstoredz.com\/ar\/wp-json\/wp\/v2\/types\/product"}],"replies":[{"embeddable":true,"href":"https:\/\/cosmeticstoredz.com\/ar\/wp-json\/wp\/v2\/comments?post=3894"}],"version-history":[{"count":1,"href":"https:\/\/cosmeticstoredz.com\/ar\/wp-json\/wp\/v2\/product\/3894\/revisions"}],"predecessor-version":[{"id":17619,"href":"https:\/\/cosmeticstoredz.com\/ar\/wp-json\/wp\/v2\/product\/3894\/revisions\/17619"}],"wp:featuredmedia":[{"embeddable":true,"href":"https:\/\/cosmeticstoredz.com\/ar\/wp-json\/wp\/v2\/media\/17618"}],"wp:attachment":[{"href":"https:\/\/cosmeticstoredz.com\/ar\/wp-json\/wp\/v2\/media?parent=3894"}],"wp:term":[{"taxonomy":"product_brand","embeddable":true,"href":"https:\/\/cosmeticstoredz.com\/ar\/wp-json\/wp\/v2\/product_brand?post=3894"},{"taxonomy":"product_cat","embeddable":true,"href":"https:\/\/cosmeticstoredz.com\/ar\/wp-json\/wp\/v2\/product_cat?post=3894"},{"taxonomy":"product_tag","embeddable":true,"href":"https:\/\/cosmeticstoredz.com\/ar\/wp-json\/wp\/v2\/product_tag?post=3894"}],"curies":[{"name":"wp","href":"https:\/\/api.w.org\/{rel}","templated":true}]}}