{"id":3859,"date":"2025-06-04T18:25:52","date_gmt":"2025-06-04T18:25:52","guid":{"rendered":"https:\/\/test.fitnessworldgym27.com\/?post_type=product&#038;p=3859"},"modified":"2026-03-30T19:26:54","modified_gmt":"2026-03-30T19:26:54","slug":"johnsons-huile-de-massage-rose-200ml","status":"publish","type":"product","link":"https:\/\/cosmeticstoredz.com\/ar\/product\/johnsons-huile-de-massage-rose-200ml\/","title":{"rendered":"JOHNSON&rsquo;S HUILE DE MASSAGE ROSE 200ML"},"content":{"rendered":"","protected":false},"excerpt":{"rendered":"<p>Donnez un massage \u00e0 votre b\u00e9b\u00e9 avec une huile douce et hydratante pour tisser des liens avec lui.<\/p>\n<p>Id\u00e9ale pour la routine du dodo, entre les changements de couche ou imm\u00e9diatement apr\u00e8s un bain, l\u2019huile pour b\u00e9b\u00e9s\u00a0 retient jusqu\u2019\u00e0 10 fois plus d\u2019hydratation sur la peau mouill\u00e9e qu\u2019une lotion traditionnelle en retiendrait sur la peau s\u00e8che.<\/p>\n<p>Elle est parfaite pour masser la peau d\u00e9licate de b\u00e9b\u00e9 et lui conf\u00e9rer douceur et souplesse.<\/p>","protected":false},"featured_media":17606,"comment_status":"open","ping_status":"closed","template":"","meta":[],"product_brand":[],"product_cat":[97,194,195],"product_tag":[],"class_list":{"0":"post-3859","1":"product","2":"type-product","3":"status-publish","4":"has-post-thumbnail","6":"product_cat-bebe","7":"product_cat-huile-de-massage-bebe","8":"product_cat-johnsons","10":"first","11":"outofstock","12":"shipping-taxable","13":"purchasable","14":"product-type-simple"},"_links":{"self":[{"href":"https:\/\/cosmeticstoredz.com\/ar\/wp-json\/wp\/v2\/product\/3859","targetHints":{"allow":["GET"]}}],"collection":[{"href":"https:\/\/cosmeticstoredz.com\/ar\/wp-json\/wp\/v2\/product"}],"about":[{"href":"https:\/\/cosmeticstoredz.com\/ar\/wp-json\/wp\/v2\/types\/product"}],"replies":[{"embeddable":true,"href":"https:\/\/cosmeticstoredz.com\/ar\/wp-json\/wp\/v2\/comments?post=3859"}],"version-history":[{"count":1,"href":"https:\/\/cosmeticstoredz.com\/ar\/wp-json\/wp\/v2\/product\/3859\/revisions"}],"predecessor-version":[{"id":17607,"href":"https:\/\/cosmeticstoredz.com\/ar\/wp-json\/wp\/v2\/product\/3859\/revisions\/17607"}],"wp:featuredmedia":[{"embeddable":true,"href":"https:\/\/cosmeticstoredz.com\/ar\/wp-json\/wp\/v2\/media\/17606"}],"wp:attachment":[{"href":"https:\/\/cosmeticstoredz.com\/ar\/wp-json\/wp\/v2\/media?parent=3859"}],"wp:term":[{"taxonomy":"product_brand","embeddable":true,"href":"https:\/\/cosmeticstoredz.com\/ar\/wp-json\/wp\/v2\/product_brand?post=3859"},{"taxonomy":"product_cat","embeddable":true,"href":"https:\/\/cosmeticstoredz.com\/ar\/wp-json\/wp\/v2\/product_cat?post=3859"},{"taxonomy":"product_tag","embeddable":true,"href":"https:\/\/cosmeticstoredz.com\/ar\/wp-json\/wp\/v2\/product_tag?post=3859"}],"curies":[{"name":"wp","href":"https:\/\/api.w.org\/{rel}","templated":true}]}}