{"id":3797,"date":"2025-06-04T18:25:30","date_gmt":"2025-06-04T18:25:30","guid":{"rendered":"https:\/\/test.fitnessworldgym27.com\/?post_type=product&#038;p=3797"},"modified":"2026-05-02T18:57:58","modified_gmt":"2026-05-02T18:57:58","slug":"soleil-des-iles-tube-graisse-a-traire-rea-et-monoi-de-tahiti","status":"publish","type":"product","link":"https:\/\/cosmeticstoredz.com\/ar\/product\/soleil-des-iles-tube-graisse-a-traire-rea-et-monoi-de-tahiti\/","title":{"rendered":"SOLEIL DES ILES TUBE GRAISSE A TRAIRE REA ET MONOI DE TAHITI"},"content":{"rendered":"<p>Sublimez votre bronzage avec la graisse \u00e0 traire en tube Bronzage et intense de Soleil des \u00eeles. Enrichie en R\u00e9a et mono\u00ef de Tahiti, sa formule l\u00e9g\u00e8re acc\u00e9l\u00e8re le bronzage, lutte contre le vieillissement cutan\u00e9 et hydrate en profondeur votre corps. Cet acc\u00e9l\u00e9rateur de bronzage laisse un fini soyeux et naturel non gras sur votre peau.<\/p>","protected":false},"excerpt":{"rendered":"<p>Sublimez votre bronzage avec la graisse \u00e0 traire en tube Bronzage et intense de Soleil des \u00eeles. Enrichie en R\u00e9a et mono\u00ef de Tahiti, sa formule l\u00e9g\u00e8re acc\u00e9l\u00e8re le bronzage, lutte contre le vieillissement cutan\u00e9 et hydrate en profondeur votre corps. Cet acc\u00e9l\u00e9rateur de bronzage laisse un fini soyeux et naturel non gras sur votre peau.<\/p>","protected":false},"featured_media":17540,"comment_status":"open","ping_status":"closed","template":"","meta":[],"product_brand":[],"product_cat":[75,81,131],"product_tag":[],"class_list":{"0":"post-3797","1":"product","2":"type-product","3":"status-publish","4":"has-post-thumbnail","6":"product_cat-femme","7":"product_cat-soin-corps-f","8":"product_cat-solaire","10":"first","11":"instock","12":"shipping-taxable","13":"purchasable","14":"product-type-simple"},"yoast_head":"<!-- This site is optimized with the Yoast SEO plugin v27.3 - https:\/\/yoast.com\/product\/yoast-seo-wordpress\/ -->\n<title>SOLEIL DES ILES TUBE GRAISSE A TRAIRE REA ET MONOI DE TAHITI - Cosmetic Store<\/title>\n<meta name=\"robots\" content=\"index, follow, max-snippet:-1, max-image-preview:large, max-video-preview:-1\" \/>\n<link rel=\"canonical\" href=\"https:\/\/cosmeticstoredz.com\/ar\/product\/soleil-des-iles-tube-graisse-a-traire-rea-et-monoi-de-tahiti\/\" \/>\n<meta property=\"og:locale\" content=\"ar_AR\" \/>\n<meta property=\"og:type\" content=\"article\" \/>\n<meta property=\"og:title\" content=\"SOLEIL DES ILES TUBE GRAISSE A TRAIRE REA ET MONOI DE TAHITI - Cosmetic Store\" \/>\n<meta property=\"og:description\" content=\"Sublimez votre bronzage avec la graisse \u00e0 traire en tube Bronzage et intense de Soleil des \u00eeles. Enrichie en R\u00e9a et mono\u00ef de Tahiti, sa formule l\u00e9g\u00e8re acc\u00e9l\u00e8re le bronzage, lutte contre le vieillissement cutan\u00e9 et hydrate en profondeur votre corps. Cet acc\u00e9l\u00e9rateur de bronzage laisse un fini soyeux et naturel non gras sur votre peau.\" \/>\n<meta property=\"og:url\" content=\"https:\/\/cosmeticstoredz.com\/ar\/product\/soleil-des-iles-tube-graisse-a-traire-rea-et-monoi-de-tahiti\/\" \/>\n<meta property=\"og:site_name\" content=\"Cosmetic Store\" \/>\n<meta property=\"article:publisher\" content=\"https:\/\/www.facebook.com\/profile.php?id=61564954260683\" \/>\n<meta property=\"article:modified_time\" content=\"2026-05-02T18:57:58+00:00\" \/>\n<meta property=\"og:image\" content=\"https:\/\/cosmeticstoredz.com\/wp-content\/uploads\/2026\/02\/CC-18-2.png\" \/>\n\t<meta property=\"og:image:width\" content=\"1563\" \/>\n\t<meta property=\"og:image:height\" content=\"1563\" \/>\n\t<meta property=\"og:image:type\" content=\"image\/png\" \/>\n<meta name=\"twitter:card\" content=\"summary_large_image\" \/>\n<script type=\"application\/ld+json\" class=\"yoast-schema-graph\">{\"@context\":\"https:\\\/\\\/schema.org\",\"@graph\":[{\"@type\":\"WebPage\",\"@id\":\"https:\\\/\\\/cosmeticstoredz.com\\\/produit\\\/soleil-des-iles-tube-graisse-a-traire-rea-et-monoi-de-tahiti\\\/\",\"url\":\"https:\\\/\\\/cosmeticstoredz.com\\\/produit\\\/soleil-des-iles-tube-graisse-a-traire-rea-et-monoi-de-tahiti\\\/\",\"name\":\"SOLEIL DES ILES TUBE GRAISSE A TRAIRE REA ET MONOI DE TAHITI - Cosmetic Store\",\"isPartOf\":{\"@id\":\"https:\\\/\\\/cosmeticstoredz.com\\\/#website\"},\"primaryImageOfPage\":{\"@id\":\"https:\\\/\\\/cosmeticstoredz.com\\\/produit\\\/soleil-des-iles-tube-graisse-a-traire-rea-et-monoi-de-tahiti\\\/#primaryimage\"},\"image\":{\"@id\":\"https:\\\/\\\/cosmeticstoredz.com\\\/produit\\\/soleil-des-iles-tube-graisse-a-traire-rea-et-monoi-de-tahiti\\\/#primaryimage\"},\"thumbnailUrl\":\"https:\\\/\\\/cosmeticstoredz.com\\\/wp-content\\\/uploads\\\/2026\\\/02\\\/CC-18-2.png\",\"datePublished\":\"2025-06-04T18:25:30+00:00\",\"dateModified\":\"2026-05-02T18:57:58+00:00\",\"breadcrumb\":{\"@id\":\"https:\\\/\\\/cosmeticstoredz.com\\\/produit\\\/soleil-des-iles-tube-graisse-a-traire-rea-et-monoi-de-tahiti\\\/#breadcrumb\"},\"inLanguage\":\"ar\",\"potentialAction\":[{\"@type\":\"ReadAction\",\"target\":[\"https:\\\/\\\/cosmeticstoredz.com\\\/produit\\\/soleil-des-iles-tube-graisse-a-traire-rea-et-monoi-de-tahiti\\\/\"]}]},{\"@type\":\"ImageObject\",\"inLanguage\":\"ar\",\"@id\":\"https:\\\/\\\/cosmeticstoredz.com\\\/produit\\\/soleil-des-iles-tube-graisse-a-traire-rea-et-monoi-de-tahiti\\\/#primaryimage\",\"url\":\"https:\\\/\\\/cosmeticstoredz.com\\\/wp-content\\\/uploads\\\/2026\\\/02\\\/CC-18-2.png\",\"contentUrl\":\"https:\\\/\\\/cosmeticstoredz.com\\\/wp-content\\\/uploads\\\/2026\\\/02\\\/CC-18-2.png\",\"width\":1563,\"height\":1563},{\"@type\":\"BreadcrumbList\",\"@id\":\"https:\\\/\\\/cosmeticstoredz.com\\\/produit\\\/soleil-des-iles-tube-graisse-a-traire-rea-et-monoi-de-tahiti\\\/#breadcrumb\",\"itemListElement\":[{\"@type\":\"ListItem\",\"position\":1,\"name\":\"Accueil\",\"item\":\"https:\\\/\\\/cosmeticstoredz.com\\\/\"},{\"@type\":\"ListItem\",\"position\":2,\"name\":\"Boutique\",\"item\":\"https:\\\/\\\/cosmeticstoredz.com\\\/boutique\\\/\"},{\"@type\":\"ListItem\",\"position\":3,\"name\":\"SOLEIL DES ILES TUBE GRAISSE A TRAIRE REA ET MONOI DE TAHITI\"}]},{\"@type\":\"WebSite\",\"@id\":\"https:\\\/\\\/cosmeticstoredz.com\\\/#website\",\"url\":\"https:\\\/\\\/cosmeticstoredz.com\\\/\",\"name\":\"Cosmetic Store\",\"description\":\"\",\"publisher\":{\"@id\":\"https:\\\/\\\/cosmeticstoredz.com\\\/#organization\"},\"potentialAction\":[{\"@type\":\"SearchAction\",\"target\":{\"@type\":\"EntryPoint\",\"urlTemplate\":\"https:\\\/\\\/cosmeticstoredz.com\\\/?s={search_term_string}\"},\"query-input\":{\"@type\":\"PropertyValueSpecification\",\"valueRequired\":true,\"valueName\":\"search_term_string\"}}],\"inLanguage\":\"ar\"},{\"@type\":\"Organization\",\"@id\":\"https:\\\/\\\/cosmeticstoredz.com\\\/#organization\",\"name\":\"Cosmetic Store\",\"url\":\"https:\\\/\\\/cosmeticstoredz.com\\\/\",\"logo\":{\"@type\":\"ImageObject\",\"inLanguage\":\"ar\",\"@id\":\"https:\\\/\\\/cosmeticstoredz.com\\\/#\\\/schema\\\/logo\\\/image\\\/\",\"url\":\"https:\\\/\\\/cosmeticstoredz.com\\\/wp-content\\\/uploads\\\/2026\\\/02\\\/cropped-LOGO_CS-512x512-1-1-e1771275285345.webp\",\"contentUrl\":\"https:\\\/\\\/cosmeticstoredz.com\\\/wp-content\\\/uploads\\\/2026\\\/02\\\/cropped-LOGO_CS-512x512-1-1-e1771275285345.webp\",\"width\":265,\"height\":319,\"caption\":\"Cosmetic Store\"},\"image\":{\"@id\":\"https:\\\/\\\/cosmeticstoredz.com\\\/#\\\/schema\\\/logo\\\/image\\\/\"},\"sameAs\":[\"https:\\\/\\\/www.facebook.com\\\/profile.php?id=61564954260683\",\"https:\\\/\\\/www.instagram.com\\\/cosmetic.storedz\\\/\"]}]}<\/script>\n<!-- \/ Yoast SEO plugin. -->","yoast_head_json":{"title":"SOLEIL DES ILES TUBE GRAISSE A TRAIRE REA ET MONOI DE TAHITI - Cosmetic Store","robots":{"index":"index","follow":"follow","max-snippet":"max-snippet:-1","max-image-preview":"max-image-preview:large","max-video-preview":"max-video-preview:-1"},"canonical":"https:\/\/cosmeticstoredz.com\/ar\/product\/soleil-des-iles-tube-graisse-a-traire-rea-et-monoi-de-tahiti\/","og_locale":"ar_AR","og_type":"article","og_title":"SOLEIL DES ILES TUBE GRAISSE A TRAIRE REA ET MONOI DE TAHITI - Cosmetic Store","og_description":"Sublimez votre bronzage avec la graisse \u00e0 traire en tube Bronzage et intense de Soleil des \u00eeles. Enrichie en R\u00e9a et mono\u00ef de Tahiti, sa formule l\u00e9g\u00e8re acc\u00e9l\u00e8re le bronzage, lutte contre le vieillissement cutan\u00e9 et hydrate en profondeur votre corps. Cet acc\u00e9l\u00e9rateur de bronzage laisse un fini soyeux et naturel non gras sur votre peau.","og_url":"https:\/\/cosmeticstoredz.com\/ar\/product\/soleil-des-iles-tube-graisse-a-traire-rea-et-monoi-de-tahiti\/","og_site_name":"Cosmetic Store","article_publisher":"https:\/\/www.facebook.com\/profile.php?id=61564954260683","article_modified_time":"2026-05-02T18:57:58+00:00","og_image":[{"width":1563,"height":1563,"url":"https:\/\/cosmeticstoredz.com\/wp-content\/uploads\/2026\/02\/CC-18-2.png","type":"image\/png"}],"twitter_card":"summary_large_image","schema":{"@context":"https:\/\/schema.org","@graph":[{"@type":"WebPage","@id":"https:\/\/cosmeticstoredz.com\/produit\/soleil-des-iles-tube-graisse-a-traire-rea-et-monoi-de-tahiti\/","url":"https:\/\/cosmeticstoredz.com\/produit\/soleil-des-iles-tube-graisse-a-traire-rea-et-monoi-de-tahiti\/","name":"SOLEIL DES ILES TUBE GRAISSE A TRAIRE REA ET MONOI DE TAHITI - Cosmetic Store","isPartOf":{"@id":"https:\/\/cosmeticstoredz.com\/#website"},"primaryImageOfPage":{"@id":"https:\/\/cosmeticstoredz.com\/produit\/soleil-des-iles-tube-graisse-a-traire-rea-et-monoi-de-tahiti\/#primaryimage"},"image":{"@id":"https:\/\/cosmeticstoredz.com\/produit\/soleil-des-iles-tube-graisse-a-traire-rea-et-monoi-de-tahiti\/#primaryimage"},"thumbnailUrl":"https:\/\/cosmeticstoredz.com\/wp-content\/uploads\/2026\/02\/CC-18-2.png","datePublished":"2025-06-04T18:25:30+00:00","dateModified":"2026-05-02T18:57:58+00:00","breadcrumb":{"@id":"https:\/\/cosmeticstoredz.com\/produit\/soleil-des-iles-tube-graisse-a-traire-rea-et-monoi-de-tahiti\/#breadcrumb"},"inLanguage":"ar","potentialAction":[{"@type":"ReadAction","target":["https:\/\/cosmeticstoredz.com\/produit\/soleil-des-iles-tube-graisse-a-traire-rea-et-monoi-de-tahiti\/"]}]},{"@type":"ImageObject","inLanguage":"ar","@id":"https:\/\/cosmeticstoredz.com\/produit\/soleil-des-iles-tube-graisse-a-traire-rea-et-monoi-de-tahiti\/#primaryimage","url":"https:\/\/cosmeticstoredz.com\/wp-content\/uploads\/2026\/02\/CC-18-2.png","contentUrl":"https:\/\/cosmeticstoredz.com\/wp-content\/uploads\/2026\/02\/CC-18-2.png","width":1563,"height":1563},{"@type":"BreadcrumbList","@id":"https:\/\/cosmeticstoredz.com\/produit\/soleil-des-iles-tube-graisse-a-traire-rea-et-monoi-de-tahiti\/#breadcrumb","itemListElement":[{"@type":"ListItem","position":1,"name":"Accueil","item":"https:\/\/cosmeticstoredz.com\/"},{"@type":"ListItem","position":2,"name":"Boutique","item":"https:\/\/cosmeticstoredz.com\/boutique\/"},{"@type":"ListItem","position":3,"name":"SOLEIL DES ILES TUBE GRAISSE A TRAIRE REA ET MONOI DE TAHITI"}]},{"@type":"WebSite","@id":"https:\/\/cosmeticstoredz.com\/#website","url":"https:\/\/cosmeticstoredz.com\/","name":"Cosmetic Store","description":"","publisher":{"@id":"https:\/\/cosmeticstoredz.com\/#organization"},"potentialAction":[{"@type":"SearchAction","target":{"@type":"EntryPoint","urlTemplate":"https:\/\/cosmeticstoredz.com\/?s={search_term_string}"},"query-input":{"@type":"PropertyValueSpecification","valueRequired":true,"valueName":"search_term_string"}}],"inLanguage":"ar"},{"@type":"Organization","@id":"https:\/\/cosmeticstoredz.com\/#organization","name":"Cosmetic Store","url":"https:\/\/cosmeticstoredz.com\/","logo":{"@type":"ImageObject","inLanguage":"ar","@id":"https:\/\/cosmeticstoredz.com\/#\/schema\/logo\/image\/","url":"https:\/\/cosmeticstoredz.com\/wp-content\/uploads\/2026\/02\/cropped-LOGO_CS-512x512-1-1-e1771275285345.webp","contentUrl":"https:\/\/cosmeticstoredz.com\/wp-content\/uploads\/2026\/02\/cropped-LOGO_CS-512x512-1-1-e1771275285345.webp","width":265,"height":319,"caption":"Cosmetic Store"},"image":{"@id":"https:\/\/cosmeticstoredz.com\/#\/schema\/logo\/image\/"},"sameAs":["https:\/\/www.facebook.com\/profile.php?id=61564954260683","https:\/\/www.instagram.com\/cosmetic.storedz\/"]}]}},"_links":{"self":[{"href":"https:\/\/cosmeticstoredz.com\/ar\/wp-json\/wp\/v2\/product\/3797","targetHints":{"allow":["GET"]}}],"collection":[{"href":"https:\/\/cosmeticstoredz.com\/ar\/wp-json\/wp\/v2\/product"}],"about":[{"href":"https:\/\/cosmeticstoredz.com\/ar\/wp-json\/wp\/v2\/types\/product"}],"replies":[{"embeddable":true,"href":"https:\/\/cosmeticstoredz.com\/ar\/wp-json\/wp\/v2\/comments?post=3797"}],"version-history":[{"count":1,"href":"https:\/\/cosmeticstoredz.com\/ar\/wp-json\/wp\/v2\/product\/3797\/revisions"}],"predecessor-version":[{"id":17541,"href":"https:\/\/cosmeticstoredz.com\/ar\/wp-json\/wp\/v2\/product\/3797\/revisions\/17541"}],"wp:featuredmedia":[{"embeddable":true,"href":"https:\/\/cosmeticstoredz.com\/ar\/wp-json\/wp\/v2\/media\/17540"}],"wp:attachment":[{"href":"https:\/\/cosmeticstoredz.com\/ar\/wp-json\/wp\/v2\/media?parent=3797"}],"wp:term":[{"taxonomy":"product_brand","embeddable":true,"href":"https:\/\/cosmeticstoredz.com\/ar\/wp-json\/wp\/v2\/product_brand?post=3797"},{"taxonomy":"product_cat","embeddable":true,"href":"https:\/\/cosmeticstoredz.com\/ar\/wp-json\/wp\/v2\/product_cat?post=3797"},{"taxonomy":"product_tag","embeddable":true,"href":"https:\/\/cosmeticstoredz.com\/ar\/wp-json\/wp\/v2\/product_tag?post=3797"}],"curies":[{"name":"wp","href":"https:\/\/api.w.org\/{rel}","templated":true}]}}