{"id":3795,"date":"2025-06-04T18:25:30","date_gmt":"2025-06-04T18:25:30","guid":{"rendered":"https:\/\/test.fitnessworldgym27.com\/?post_type=product&#038;p=3795"},"modified":"2026-03-30T19:24:33","modified_gmt":"2026-03-30T19:24:33","slug":"soleil-des-iles-huile-de-bronsage-monoi-de-tahiti","status":"publish","type":"product","link":"https:\/\/cosmeticstoredz.com\/ar\/product\/soleil-des-iles-huile-de-bronsage-monoi-de-tahiti\/","title":{"rendered":"SOLEIL DES ILES HUILE DE BRONSAGE MONOI DE TAHITI"},"content":{"rendered":"<div class=\"woocommerce-product-details__short-description\">\n<p><strong>Bronzage intense. Indice de protection : SPF 0<\/strong><\/p>\n<p><strong>Riche en v\u00e9ritable mono\u00ef de Tahiti et en acc\u00e9l\u00e9rateur de bronzage, cette huile s\u00e8che est d\u00e9di\u00e9e aux amoureux du soleil. Elle hydrate la peau et intensifie le bronzage pour un effet radieux et satin\u00e9.<\/strong><\/p>\n<p><strong>Son doux parfum de noix de Coco, fruit exotique par excellence, laisse une agr\u00e9able senteur sur l\u2019ensemble du corps.<\/strong><\/p>\n<\/div>\n<div class=\"d-none d-lg-flex align-items-center pb-2\"><\/div>","protected":false},"excerpt":{"rendered":"<div class=\"woocommerce-product-details__short-description\">\n<p><strong>Bronzage intense. Indice de protection : SPF 0<\/strong><\/p>\n<p><strong>Riche en v\u00e9ritable mono\u00ef de Tahiti et en acc\u00e9l\u00e9rateur de bronzage, cette huile s\u00e8che est d\u00e9di\u00e9e aux amoureux du soleil. Elle hydrate la peau et intensifie le bronzage pour un effet radieux et satin\u00e9.<\/strong><\/p>\n<p><strong>Son doux parfum de noix de Coco, fruit exotique par excellence, laisse une agr\u00e9able senteur sur l\u2019ensemble du corps.<\/strong><\/p>\n<\/div>\n<div class=\"d-none d-lg-flex align-items-center pb-2\"><\/div>","protected":false},"featured_media":17536,"comment_status":"open","ping_status":"closed","template":"","meta":[],"product_brand":[],"product_cat":[75,100,81,131],"product_tag":[],"class_list":{"0":"post-3795","1":"product","2":"type-product","3":"status-publish","4":"has-post-thumbnail","6":"product_cat-femme","7":"product_cat-huile-de-massage","8":"product_cat-soin-corps-f","9":"product_cat-solaire","11":"first","12":"instock","13":"shipping-taxable","14":"purchasable","15":"product-type-simple"},"_links":{"self":[{"href":"https:\/\/cosmeticstoredz.com\/ar\/wp-json\/wp\/v2\/product\/3795","targetHints":{"allow":["GET"]}}],"collection":[{"href":"https:\/\/cosmeticstoredz.com\/ar\/wp-json\/wp\/v2\/product"}],"about":[{"href":"https:\/\/cosmeticstoredz.com\/ar\/wp-json\/wp\/v2\/types\/product"}],"replies":[{"embeddable":true,"href":"https:\/\/cosmeticstoredz.com\/ar\/wp-json\/wp\/v2\/comments?post=3795"}],"version-history":[{"count":1,"href":"https:\/\/cosmeticstoredz.com\/ar\/wp-json\/wp\/v2\/product\/3795\/revisions"}],"predecessor-version":[{"id":17537,"href":"https:\/\/cosmeticstoredz.com\/ar\/wp-json\/wp\/v2\/product\/3795\/revisions\/17537"}],"wp:featuredmedia":[{"embeddable":true,"href":"https:\/\/cosmeticstoredz.com\/ar\/wp-json\/wp\/v2\/media\/17536"}],"wp:attachment":[{"href":"https:\/\/cosmeticstoredz.com\/ar\/wp-json\/wp\/v2\/media?parent=3795"}],"wp:term":[{"taxonomy":"product_brand","embeddable":true,"href":"https:\/\/cosmeticstoredz.com\/ar\/wp-json\/wp\/v2\/product_brand?post=3795"},{"taxonomy":"product_cat","embeddable":true,"href":"https:\/\/cosmeticstoredz.com\/ar\/wp-json\/wp\/v2\/product_cat?post=3795"},{"taxonomy":"product_tag","embeddable":true,"href":"https:\/\/cosmeticstoredz.com\/ar\/wp-json\/wp\/v2\/product_tag?post=3795"}],"curies":[{"name":"wp","href":"https:\/\/api.w.org\/{rel}","templated":true}]}}