{"id":3788,"date":"2025-06-04T18:25:30","date_gmt":"2025-06-04T18:25:30","guid":{"rendered":"https:\/\/test.fitnessworldgym27.com\/?post_type=product&#038;p=3788"},"modified":"2026-03-30T19:24:35","modified_gmt":"2026-03-30T19:24:35","slug":"vichy-mineral-89-eau-volcanique-acid-hyaloronique-50ml","status":"publish","type":"product","link":"https:\/\/cosmeticstoredz.com\/ar\/product\/vichy-mineral-89-eau-volcanique-acid-hyaloronique-50ml\/","title":{"rendered":"VICHY MINERAL 89 EAU VOLCANIQUE ACID HYALORONIQUE 50ML"},"content":{"rendered":"","protected":false},"excerpt":{"rendered":"<ul>\n<li>S\u00e9rum hydratant a l\u2019acide hyaluronique et l\u2019eau volcanique de Vichy<\/li>\n<li>Texture gel aqueux et l\u00e9g\u00e8re qui p\u00e9n\u00e8tre instantan\u00e9ment dans la peau<\/li>\n<li>Formule hypoallerg\u00e9nique, test\u00e9e sur peaux sensibles<\/li>\n<li>Format Flacon a pompe en verre de 50 ml<\/li>\n<\/ul>","protected":false},"featured_media":17523,"comment_status":"closed","ping_status":"closed","template":"","meta":[],"product_brand":[],"product_cat":[75,77,76,299],"product_tag":[],"class_list":{"0":"post-3788","1":"product","2":"type-product","3":"status-publish","4":"has-post-thumbnail","6":"product_cat-femme","7":"product_cat-serum-fv","8":"product_cat-soin-visage-f","9":"product_cat-vichy","11":"first","12":"instock","13":"shipping-taxable","14":"purchasable","15":"product-type-simple"},"_links":{"self":[{"href":"https:\/\/cosmeticstoredz.com\/ar\/wp-json\/wp\/v2\/product\/3788","targetHints":{"allow":["GET"]}}],"collection":[{"href":"https:\/\/cosmeticstoredz.com\/ar\/wp-json\/wp\/v2\/product"}],"about":[{"href":"https:\/\/cosmeticstoredz.com\/ar\/wp-json\/wp\/v2\/types\/product"}],"replies":[{"embeddable":true,"href":"https:\/\/cosmeticstoredz.com\/ar\/wp-json\/wp\/v2\/comments?post=3788"}],"version-history":[{"count":1,"href":"https:\/\/cosmeticstoredz.com\/ar\/wp-json\/wp\/v2\/product\/3788\/revisions"}],"predecessor-version":[{"id":17524,"href":"https:\/\/cosmeticstoredz.com\/ar\/wp-json\/wp\/v2\/product\/3788\/revisions\/17524"}],"wp:featuredmedia":[{"embeddable":true,"href":"https:\/\/cosmeticstoredz.com\/ar\/wp-json\/wp\/v2\/media\/17523"}],"wp:attachment":[{"href":"https:\/\/cosmeticstoredz.com\/ar\/wp-json\/wp\/v2\/media?parent=3788"}],"wp:term":[{"taxonomy":"product_brand","embeddable":true,"href":"https:\/\/cosmeticstoredz.com\/ar\/wp-json\/wp\/v2\/product_brand?post=3788"},{"taxonomy":"product_cat","embeddable":true,"href":"https:\/\/cosmeticstoredz.com\/ar\/wp-json\/wp\/v2\/product_cat?post=3788"},{"taxonomy":"product_tag","embeddable":true,"href":"https:\/\/cosmeticstoredz.com\/ar\/wp-json\/wp\/v2\/product_tag?post=3788"}],"curies":[{"name":"wp","href":"https:\/\/api.w.org\/{rel}","templated":true}]}}