{"id":3785,"date":"2025-06-04T18:25:30","date_gmt":"2025-06-04T18:25:30","guid":{"rendered":"https:\/\/test.fitnessworldgym27.com\/?post_type=product&#038;p=3785"},"modified":"2026-03-30T19:24:35","modified_gmt":"2026-03-30T19:24:35","slug":"vichy-ecran-total-creme-capital-soleil-50spf-peaux-normale-a-seche","status":"publish","type":"product","link":"https:\/\/cosmeticstoredz.com\/ar\/product\/vichy-ecran-total-creme-capital-soleil-50spf-peaux-normale-a-seche\/","title":{"rendered":"VICHY ECRAN TOTAL CREME CAPITAL SOLEIL +50SPF PEAUX NORMALE A SECHE"},"content":{"rendered":"<ul>\n<li data-start=\"501\" data-end=\"548\">\ud83d\udee1\ufe0f <strong data-start=\"510\" data-end=\"546\">Haute protection solaire SPF 50+ : <\/strong><strong data-start=\"549\" data-end=\"585\">VICHY \u00c9cran Total Capital Soleil<\/strong> offre une tr\u00e8s haute protection contre les rayons UVA et UVB, responsables du vieillissement cutan\u00e9, des taches et des coups de soleil. Formul\u00e9 pour les peaux sensibles, il garantit une d\u00e9fense optimale sous le soleil.<\/li>\n<li data-start=\"806\" data-end=\"871\">\ud83d\udca7 <strong data-start=\"814\" data-end=\"869\">Hydratation et confort pour peaux normales \u00e0 s\u00e8ches : <\/strong>Gr\u00e2ce \u00e0 l\u2019association d\u2019<strong style=\"font-size: 16px;\" data-start=\"896\" data-end=\"918\">acide hyaluronique<\/strong><span style=\"font-size: 16px;\"> et d\u2019actifs hydratants, cette cr\u00e8me solaire hydrate la peau intens\u00e9ment tout en la prot\u00e9geant. Elle \u00e9vite les sensations de tiraillement et laisse la peau souple, douce et nourrie.<\/span><\/li>\n<li data-start=\"1101\" data-end=\"1148\">\u2728 <strong data-start=\"1108\" data-end=\"1146\">Texture agr\u00e9able et fini invisible : <\/strong>Sa texture fluide et velout\u00e9e s\u2019applique facilement, sans laisser de traces blanches. Elle p\u00e9n\u00e8tre rapidement sans effet collant, et laisse un fini non gras et lumineux, parfait pour un usage quotidien.<\/li>\n<li data-start=\"1353\" data-end=\"1393\">\ud83c\udf0a <strong data-start=\"1361\" data-end=\"1391\">Formule r\u00e9sistante \u00e0 l\u2019eau : <\/strong>Parfait pour les journ\u00e9es actives en ext\u00e9rieur ou \u00e0 la plage, <strong style=\"font-size: 16px;\" data-start=\"1456\" data-end=\"1473\">VICHY SPF 50+<\/strong><span style=\"font-size: 16px;\"> reste efficace m\u00eame apr\u00e8s la baignade.<\/span><\/li>\n<li data-start=\"1514\" data-end=\"1546\">\ud83c\udf3f <strong data-start=\"1522\" data-end=\"1544\">Tol\u00e9rance optimale :<\/strong>Formul\u00e9 avec de l\u2019<strong style=\"font-size: 16px;\" data-start=\"1565\" data-end=\"1592\">eau volcanique de Vichy<\/strong><span style=\"font-size: 16px;\"> et sans parab\u00e8nes, il respecte la peau sensible, m\u00eame sujette aux allergies solaires.<\/span><\/li>\n<\/ul>","protected":false},"excerpt":{"rendered":"<p data-start=\"235\" data-end=\"448\">VICHY Capital Soleil SPF 50+ prot\u00e8ge efficacement les peaux normales \u00e0 s\u00e8ches contre les UVA\/UVB. Sa texture hydratante, non grasse et r\u00e9sistante \u00e0 l\u2019eau assure confort, \u00e9clat et haute protection au quotidien.<\/p>","protected":false},"featured_media":17517,"comment_status":"closed","ping_status":"closed","template":"","meta":[],"product_brand":[],"product_cat":[75,76,131,299],"product_tag":[],"class_list":{"0":"post-3785","1":"product","2":"type-product","3":"status-publish","4":"has-post-thumbnail","6":"product_cat-femme","7":"product_cat-soin-visage-f","8":"product_cat-solaire","9":"product_cat-vichy","11":"first","12":"instock","13":"shipping-taxable","14":"purchasable","15":"product-type-simple"},"_links":{"self":[{"href":"https:\/\/cosmeticstoredz.com\/ar\/wp-json\/wp\/v2\/product\/3785","targetHints":{"allow":["GET"]}}],"collection":[{"href":"https:\/\/cosmeticstoredz.com\/ar\/wp-json\/wp\/v2\/product"}],"about":[{"href":"https:\/\/cosmeticstoredz.com\/ar\/wp-json\/wp\/v2\/types\/product"}],"replies":[{"embeddable":true,"href":"https:\/\/cosmeticstoredz.com\/ar\/wp-json\/wp\/v2\/comments?post=3785"}],"version-history":[{"count":1,"href":"https:\/\/cosmeticstoredz.com\/ar\/wp-json\/wp\/v2\/product\/3785\/revisions"}],"predecessor-version":[{"id":17518,"href":"https:\/\/cosmeticstoredz.com\/ar\/wp-json\/wp\/v2\/product\/3785\/revisions\/17518"}],"wp:featuredmedia":[{"embeddable":true,"href":"https:\/\/cosmeticstoredz.com\/ar\/wp-json\/wp\/v2\/media\/17517"}],"wp:attachment":[{"href":"https:\/\/cosmeticstoredz.com\/ar\/wp-json\/wp\/v2\/media?parent=3785"}],"wp:term":[{"taxonomy":"product_brand","embeddable":true,"href":"https:\/\/cosmeticstoredz.com\/ar\/wp-json\/wp\/v2\/product_brand?post=3785"},{"taxonomy":"product_cat","embeddable":true,"href":"https:\/\/cosmeticstoredz.com\/ar\/wp-json\/wp\/v2\/product_cat?post=3785"},{"taxonomy":"product_tag","embeddable":true,"href":"https:\/\/cosmeticstoredz.com\/ar\/wp-json\/wp\/v2\/product_tag?post=3785"}],"curies":[{"name":"wp","href":"https:\/\/api.w.org\/{rel}","templated":true}]}}