{"id":3784,"date":"2025-06-04T18:25:30","date_gmt":"2025-06-04T18:25:30","guid":{"rendered":"https:\/\/test.fitnessworldgym27.com\/?post_type=product&#038;p=3784"},"modified":"2026-05-02T18:58:00","modified_gmt":"2026-05-02T18:58:00","slug":"vichy-demaquillant-integral","status":"publish","type":"product","link":"https:\/\/cosmeticstoredz.com\/ar\/product\/vichy-demaquillant-integral\/","title":{"rendered":"VICHY DEMAQUILLANT INTEGRAL"},"content":{"rendered":"<p>Une formule fra\u00eecheur qui respecte la peau au quotidien<\/p>\n<p>Polyvalent, ce soin d\u00e9maquillant 3 en 1 nettoie la peau en douceur sans l\u2019\u00e9touffer gr\u00e2ce \u00e0 ses nombreux bienfaits\u00a0:<\/p>\n<ul>\n<li><strong>Lait-gel nettoyant<\/strong>\u00a0: cette texture de lait-gel, qui offre \u00e0 la peau douceur et fra\u00eecheur, permette un nettoyage doux et rapide sans l\u2019agresser. Apr\u00e8s le d\u00e9maquillage, l\u2019\u00e9piderme est hydrat\u00e9 et apais\u00e9.<\/li>\n<li><strong>Lotion rafra\u00eechissante<\/strong>\u00a0: gr\u00e2ce \u00e0 cette texture gel, la peau est tonifi\u00e9e instantan\u00e9ment et rafra\u00eechie en raison des actifs rafra\u00eechissants qui composent le soin d\u00e9maquillant. De plus, l\u00e9g\u00e8re et riche \u00e0 la fois, cette lotion laisse la peau confortable, sans d\u00e9poser de film gras.<\/li>\n<li><strong>D\u00e9maquillant yeux<\/strong>\u00a0: parce que les yeux sont extr\u00eamement sensibles et fragiles, il est important de les d\u00e9maquiller avec soin \u00e0 l\u2019aide d\u2019une lotion ad\u00e9quate. Pour les porteurs de lentilles de contact, il est \u00e9galement essentiel de veiller \u00e0 nettoyer d\u00e9licatement les yeux, souvent plus secs et fragiles. Formul\u00e9 sp\u00e9cifiquement pour d\u00e9maquiller les yeux sensibles, le d\u00e9maquillant 3 en 1 garantit un nettoyage confort sans piquer les yeux.<\/li>\n<\/ul>\n<p>Un soin anti-pollution naturel, pour une peau rayonnante\u00a0!<\/p>\n<p>Gr\u00e2ce \u00e0 sa formulation en\u00a0captelae, un actif anti-pollution extrait du karit\u00e9, la peau est purifi\u00e9e et nettoy\u00e9e en douceur de toutes ses impuret\u00e9s, ainsi que des particules de pollution : elle respire \u00e0 nouveau. R\u00e9sultat\u00a0: un visage frais, confortable et doux.<\/p>\n<p><strong>Conseil d\u2019utilisation : <\/strong>Le matin et le soir, d\u00e9posez une noisette de d\u00e9maquillant Vichy 3 en 1 sur un coton \u00e0 appliquer sur l\u2019ensemble du visage, ainsi que sur les yeux. Ne rincez pas le produit.<\/p>\n<p><strong>Composition<\/strong><\/p>\n<p>Vichy Puret\u00e9 thermale d\u00e9maquillant 3 en 1 est test\u00e9 sous contr\u00f4le dermatologique et ne pr\u00e9sente aucun parab\u00e8ne. Ce soin nettoyant est hypoallerg\u00e9nique et convient parfaitement aux peaux les plus sensibles.Aqua\/ water, paraffinum liquidum\/ mineral oil, isopropyl myristate, potassium phosphate, carbomer, sodium hydroxide, dipotassium phosphate, disodium EDTA, disodium cocoamphodiacetate, myrtrimonium bromide, butylene glycol, butyrospermum parkii seedcake extract\/ shea butter seedcake extract, parfum\/ fragrance.<\/p>","protected":false},"excerpt":{"rendered":"<div class=\"section product-wrap bg-white pt-5 pb-3\">\n<div class=\"container px-3 px-lg-4\">\n<div class=\"row\">\n<div class=\"col-md-10\">\n<div class=\"summary entry-summary\">\n<div class=\"woocommerce-product-details__short-description\">\n<p>Votre peau est fragile et sensible et l\u2019\u00e9tape du d\u00e9maquillage l\u2019irrite davantage\u00a0? Les laboratoires Vichy ont d\u00e9velopp\u00e9 sp\u00e9cialement pour les peaux sensibles\u00a0<strong>Vichy Puret\u00e9 thermale d\u00e9maquillant 3 en 1<\/strong>. Ce d\u00e9maquillant offre \u00e0 la fois un soin nourrissant et doux, une lotion rafra\u00eechissante et un d\u00e9maquillant d\u00e9licat pour les yeux.<\/p>\n<\/div>\n<\/div>\n<\/div>\n<\/div>\n<\/div>\n<\/div>\n<div class=\"woocommerce-tabs wc-tabs-wrapper bg-light pb-2 py-lg-4\">\n<div class=\"container px-2 px-lg-4\">\n<div class=\"row mx-0 justify-content-center\"><\/div>\n<\/div>\n<\/div>","protected":false},"featured_media":17515,"comment_status":"closed","ping_status":"closed","template":"","meta":[],"product_brand":[],"product_cat":[136,75,76,299],"product_tag":[],"class_list":{"0":"post-3784","1":"product","2":"type-product","3":"status-publish","4":"has-post-thumbnail","6":"product_cat-demaquillant","7":"product_cat-femme","8":"product_cat-soin-visage-f","9":"product_cat-vichy","11":"first","12":"outofstock","13":"shipping-taxable","14":"purchasable","15":"product-type-simple"},"yoast_head":"<!-- This site is optimized with the Yoast SEO plugin v27.3 - https:\/\/yoast.com\/product\/yoast-seo-wordpress\/ -->\n<title>VICHY DEMAQUILLANT INTEGRAL - Cosmetic Store<\/title>\n<meta name=\"robots\" content=\"index, follow, max-snippet:-1, max-image-preview:large, max-video-preview:-1\" \/>\n<link rel=\"canonical\" href=\"https:\/\/cosmeticstoredz.com\/ar\/product\/vichy-demaquillant-integral\/\" \/>\n<meta property=\"og:locale\" content=\"ar_AR\" \/>\n<meta property=\"og:type\" content=\"article\" \/>\n<meta property=\"og:title\" content=\"VICHY DEMAQUILLANT INTEGRAL - Cosmetic Store\" \/>\n<meta property=\"og:description\" content=\"Votre peau est fragile et sensible et l\u2019\u00e9tape du d\u00e9maquillage l\u2019irrite davantage\u00a0? Les laboratoires Vichy ont d\u00e9velopp\u00e9 sp\u00e9cialement pour les peaux sensibles\u00a0Vichy Puret\u00e9 thermale d\u00e9maquillant 3 en 1. Ce d\u00e9maquillant offre \u00e0 la fois un soin nourrissant et doux, une lotion rafra\u00eechissante et un d\u00e9maquillant d\u00e9licat pour les yeux.\" \/>\n<meta property=\"og:url\" content=\"https:\/\/cosmeticstoredz.com\/ar\/product\/vichy-demaquillant-integral\/\" \/>\n<meta property=\"og:site_name\" content=\"Cosmetic Store\" \/>\n<meta property=\"article:publisher\" content=\"https:\/\/www.facebook.com\/profile.php?id=61564954260683\" \/>\n<meta property=\"article:modified_time\" content=\"2026-05-02T18:58:00+00:00\" \/>\n<meta property=\"og:image\" content=\"https:\/\/cosmeticstoredz.com\/wp-content\/uploads\/2026\/02\/Design-sans-titre-72.png\" \/>\n\t<meta property=\"og:image:width\" content=\"500\" \/>\n\t<meta property=\"og:image:height\" content=\"500\" \/>\n\t<meta property=\"og:image:type\" content=\"image\/png\" \/>\n<meta name=\"twitter:card\" content=\"summary_large_image\" \/>\n<meta name=\"twitter:label1\" content=\"\u0648\u0642\u062a \u0627\u0644\u0642\u0631\u0627\u0621\u0629 \u0627\u0644\u0645\u064f\u0642\u062f\u0651\u0631\" \/>\n\t<meta name=\"twitter:data1\" content=\"\u062f\u0642\u064a\u0642\u062a\u0627\u0646\" \/>\n<script type=\"application\/ld+json\" class=\"yoast-schema-graph\">{\"@context\":\"https:\\\/\\\/schema.org\",\"@graph\":[{\"@type\":\"WebPage\",\"@id\":\"https:\\\/\\\/cosmeticstoredz.com\\\/produit\\\/vichy-demaquillant-integral\\\/\",\"url\":\"https:\\\/\\\/cosmeticstoredz.com\\\/produit\\\/vichy-demaquillant-integral\\\/\",\"name\":\"VICHY DEMAQUILLANT INTEGRAL - Cosmetic Store\",\"isPartOf\":{\"@id\":\"https:\\\/\\\/cosmeticstoredz.com\\\/#website\"},\"primaryImageOfPage\":{\"@id\":\"https:\\\/\\\/cosmeticstoredz.com\\\/produit\\\/vichy-demaquillant-integral\\\/#primaryimage\"},\"image\":{\"@id\":\"https:\\\/\\\/cosmeticstoredz.com\\\/produit\\\/vichy-demaquillant-integral\\\/#primaryimage\"},\"thumbnailUrl\":\"https:\\\/\\\/cosmeticstoredz.com\\\/wp-content\\\/uploads\\\/2026\\\/02\\\/Design-sans-titre-72.png\",\"datePublished\":\"2025-06-04T18:25:30+00:00\",\"dateModified\":\"2026-05-02T18:58:00+00:00\",\"breadcrumb\":{\"@id\":\"https:\\\/\\\/cosmeticstoredz.com\\\/produit\\\/vichy-demaquillant-integral\\\/#breadcrumb\"},\"inLanguage\":\"ar\",\"potentialAction\":[{\"@type\":\"ReadAction\",\"target\":[\"https:\\\/\\\/cosmeticstoredz.com\\\/produit\\\/vichy-demaquillant-integral\\\/\"]}]},{\"@type\":\"ImageObject\",\"inLanguage\":\"ar\",\"@id\":\"https:\\\/\\\/cosmeticstoredz.com\\\/produit\\\/vichy-demaquillant-integral\\\/#primaryimage\",\"url\":\"https:\\\/\\\/cosmeticstoredz.com\\\/wp-content\\\/uploads\\\/2026\\\/02\\\/Design-sans-titre-72.png\",\"contentUrl\":\"https:\\\/\\\/cosmeticstoredz.com\\\/wp-content\\\/uploads\\\/2026\\\/02\\\/Design-sans-titre-72.png\",\"width\":500,\"height\":500},{\"@type\":\"BreadcrumbList\",\"@id\":\"https:\\\/\\\/cosmeticstoredz.com\\\/produit\\\/vichy-demaquillant-integral\\\/#breadcrumb\",\"itemListElement\":[{\"@type\":\"ListItem\",\"position\":1,\"name\":\"Accueil\",\"item\":\"https:\\\/\\\/cosmeticstoredz.com\\\/\"},{\"@type\":\"ListItem\",\"position\":2,\"name\":\"Boutique\",\"item\":\"https:\\\/\\\/cosmeticstoredz.com\\\/boutique\\\/\"},{\"@type\":\"ListItem\",\"position\":3,\"name\":\"VICHY DEMAQUILLANT INTEGRAL\"}]},{\"@type\":\"WebSite\",\"@id\":\"https:\\\/\\\/cosmeticstoredz.com\\\/#website\",\"url\":\"https:\\\/\\\/cosmeticstoredz.com\\\/\",\"name\":\"Cosmetic Store\",\"description\":\"\",\"publisher\":{\"@id\":\"https:\\\/\\\/cosmeticstoredz.com\\\/#organization\"},\"potentialAction\":[{\"@type\":\"SearchAction\",\"target\":{\"@type\":\"EntryPoint\",\"urlTemplate\":\"https:\\\/\\\/cosmeticstoredz.com\\\/?s={search_term_string}\"},\"query-input\":{\"@type\":\"PropertyValueSpecification\",\"valueRequired\":true,\"valueName\":\"search_term_string\"}}],\"inLanguage\":\"ar\"},{\"@type\":\"Organization\",\"@id\":\"https:\\\/\\\/cosmeticstoredz.com\\\/#organization\",\"name\":\"Cosmetic Store\",\"url\":\"https:\\\/\\\/cosmeticstoredz.com\\\/\",\"logo\":{\"@type\":\"ImageObject\",\"inLanguage\":\"ar\",\"@id\":\"https:\\\/\\\/cosmeticstoredz.com\\\/#\\\/schema\\\/logo\\\/image\\\/\",\"url\":\"https:\\\/\\\/cosmeticstoredz.com\\\/wp-content\\\/uploads\\\/2026\\\/02\\\/cropped-LOGO_CS-512x512-1-1-e1771275285345.webp\",\"contentUrl\":\"https:\\\/\\\/cosmeticstoredz.com\\\/wp-content\\\/uploads\\\/2026\\\/02\\\/cropped-LOGO_CS-512x512-1-1-e1771275285345.webp\",\"width\":265,\"height\":319,\"caption\":\"Cosmetic Store\"},\"image\":{\"@id\":\"https:\\\/\\\/cosmeticstoredz.com\\\/#\\\/schema\\\/logo\\\/image\\\/\"},\"sameAs\":[\"https:\\\/\\\/www.facebook.com\\\/profile.php?id=61564954260683\",\"https:\\\/\\\/www.instagram.com\\\/cosmetic.storedz\\\/\"]}]}<\/script>\n<!-- \/ Yoast SEO plugin. -->","yoast_head_json":{"title":"VICHY DEMAQUILLANT INTEGRAL - Cosmetic Store","robots":{"index":"index","follow":"follow","max-snippet":"max-snippet:-1","max-image-preview":"max-image-preview:large","max-video-preview":"max-video-preview:-1"},"canonical":"https:\/\/cosmeticstoredz.com\/ar\/product\/vichy-demaquillant-integral\/","og_locale":"ar_AR","og_type":"article","og_title":"VICHY DEMAQUILLANT INTEGRAL - Cosmetic Store","og_description":"Votre peau est fragile et sensible et l\u2019\u00e9tape du d\u00e9maquillage l\u2019irrite davantage\u00a0? Les laboratoires Vichy ont d\u00e9velopp\u00e9 sp\u00e9cialement pour les peaux sensibles\u00a0Vichy Puret\u00e9 thermale d\u00e9maquillant 3 en 1. Ce d\u00e9maquillant offre \u00e0 la fois un soin nourrissant et doux, une lotion rafra\u00eechissante et un d\u00e9maquillant d\u00e9licat pour les yeux.","og_url":"https:\/\/cosmeticstoredz.com\/ar\/product\/vichy-demaquillant-integral\/","og_site_name":"Cosmetic Store","article_publisher":"https:\/\/www.facebook.com\/profile.php?id=61564954260683","article_modified_time":"2026-05-02T18:58:00+00:00","og_image":[{"width":500,"height":500,"url":"https:\/\/cosmeticstoredz.com\/wp-content\/uploads\/2026\/02\/Design-sans-titre-72.png","type":"image\/png"}],"twitter_card":"summary_large_image","twitter_misc":{"\u0648\u0642\u062a \u0627\u0644\u0642\u0631\u0627\u0621\u0629 \u0627\u0644\u0645\u064f\u0642\u062f\u0651\u0631":"\u062f\u0642\u064a\u0642\u062a\u0627\u0646"},"schema":{"@context":"https:\/\/schema.org","@graph":[{"@type":"WebPage","@id":"https:\/\/cosmeticstoredz.com\/produit\/vichy-demaquillant-integral\/","url":"https:\/\/cosmeticstoredz.com\/produit\/vichy-demaquillant-integral\/","name":"VICHY DEMAQUILLANT INTEGRAL - Cosmetic Store","isPartOf":{"@id":"https:\/\/cosmeticstoredz.com\/#website"},"primaryImageOfPage":{"@id":"https:\/\/cosmeticstoredz.com\/produit\/vichy-demaquillant-integral\/#primaryimage"},"image":{"@id":"https:\/\/cosmeticstoredz.com\/produit\/vichy-demaquillant-integral\/#primaryimage"},"thumbnailUrl":"https:\/\/cosmeticstoredz.com\/wp-content\/uploads\/2026\/02\/Design-sans-titre-72.png","datePublished":"2025-06-04T18:25:30+00:00","dateModified":"2026-05-02T18:58:00+00:00","breadcrumb":{"@id":"https:\/\/cosmeticstoredz.com\/produit\/vichy-demaquillant-integral\/#breadcrumb"},"inLanguage":"ar","potentialAction":[{"@type":"ReadAction","target":["https:\/\/cosmeticstoredz.com\/produit\/vichy-demaquillant-integral\/"]}]},{"@type":"ImageObject","inLanguage":"ar","@id":"https:\/\/cosmeticstoredz.com\/produit\/vichy-demaquillant-integral\/#primaryimage","url":"https:\/\/cosmeticstoredz.com\/wp-content\/uploads\/2026\/02\/Design-sans-titre-72.png","contentUrl":"https:\/\/cosmeticstoredz.com\/wp-content\/uploads\/2026\/02\/Design-sans-titre-72.png","width":500,"height":500},{"@type":"BreadcrumbList","@id":"https:\/\/cosmeticstoredz.com\/produit\/vichy-demaquillant-integral\/#breadcrumb","itemListElement":[{"@type":"ListItem","position":1,"name":"Accueil","item":"https:\/\/cosmeticstoredz.com\/"},{"@type":"ListItem","position":2,"name":"Boutique","item":"https:\/\/cosmeticstoredz.com\/boutique\/"},{"@type":"ListItem","position":3,"name":"VICHY DEMAQUILLANT INTEGRAL"}]},{"@type":"WebSite","@id":"https:\/\/cosmeticstoredz.com\/#website","url":"https:\/\/cosmeticstoredz.com\/","name":"Cosmetic Store","description":"","publisher":{"@id":"https:\/\/cosmeticstoredz.com\/#organization"},"potentialAction":[{"@type":"SearchAction","target":{"@type":"EntryPoint","urlTemplate":"https:\/\/cosmeticstoredz.com\/?s={search_term_string}"},"query-input":{"@type":"PropertyValueSpecification","valueRequired":true,"valueName":"search_term_string"}}],"inLanguage":"ar"},{"@type":"Organization","@id":"https:\/\/cosmeticstoredz.com\/#organization","name":"Cosmetic Store","url":"https:\/\/cosmeticstoredz.com\/","logo":{"@type":"ImageObject","inLanguage":"ar","@id":"https:\/\/cosmeticstoredz.com\/#\/schema\/logo\/image\/","url":"https:\/\/cosmeticstoredz.com\/wp-content\/uploads\/2026\/02\/cropped-LOGO_CS-512x512-1-1-e1771275285345.webp","contentUrl":"https:\/\/cosmeticstoredz.com\/wp-content\/uploads\/2026\/02\/cropped-LOGO_CS-512x512-1-1-e1771275285345.webp","width":265,"height":319,"caption":"Cosmetic Store"},"image":{"@id":"https:\/\/cosmeticstoredz.com\/#\/schema\/logo\/image\/"},"sameAs":["https:\/\/www.facebook.com\/profile.php?id=61564954260683","https:\/\/www.instagram.com\/cosmetic.storedz\/"]}]}},"_links":{"self":[{"href":"https:\/\/cosmeticstoredz.com\/ar\/wp-json\/wp\/v2\/product\/3784","targetHints":{"allow":["GET"]}}],"collection":[{"href":"https:\/\/cosmeticstoredz.com\/ar\/wp-json\/wp\/v2\/product"}],"about":[{"href":"https:\/\/cosmeticstoredz.com\/ar\/wp-json\/wp\/v2\/types\/product"}],"replies":[{"embeddable":true,"href":"https:\/\/cosmeticstoredz.com\/ar\/wp-json\/wp\/v2\/comments?post=3784"}],"version-history":[{"count":1,"href":"https:\/\/cosmeticstoredz.com\/ar\/wp-json\/wp\/v2\/product\/3784\/revisions"}],"predecessor-version":[{"id":17516,"href":"https:\/\/cosmeticstoredz.com\/ar\/wp-json\/wp\/v2\/product\/3784\/revisions\/17516"}],"wp:featuredmedia":[{"embeddable":true,"href":"https:\/\/cosmeticstoredz.com\/ar\/wp-json\/wp\/v2\/media\/17515"}],"wp:attachment":[{"href":"https:\/\/cosmeticstoredz.com\/ar\/wp-json\/wp\/v2\/media?parent=3784"}],"wp:term":[{"taxonomy":"product_brand","embeddable":true,"href":"https:\/\/cosmeticstoredz.com\/ar\/wp-json\/wp\/v2\/product_brand?post=3784"},{"taxonomy":"product_cat","embeddable":true,"href":"https:\/\/cosmeticstoredz.com\/ar\/wp-json\/wp\/v2\/product_cat?post=3784"},{"taxonomy":"product_tag","embeddable":true,"href":"https:\/\/cosmeticstoredz.com\/ar\/wp-json\/wp\/v2\/product_tag?post=3784"}],"curies":[{"name":"wp","href":"https:\/\/api.w.org\/{rel}","templated":true}]}}