{"id":3756,"date":"2025-06-04T18:25:08","date_gmt":"2025-06-04T18:25:08","guid":{"rendered":"https:\/\/test.fitnessworldgym27.com\/?post_type=product&#038;p=3756"},"modified":"2026-03-30T19:24:12","modified_gmt":"2026-03-30T19:24:12","slug":"udv-coffret-flash","status":"publish","type":"product","link":"https:\/\/cosmeticstoredz.com\/ar\/product\/udv-coffret-flash\/","title":{"rendered":"UDV COFFRET FLASH"},"content":{"rendered":"<div class=\"ProductMeta__Description\">\n<div class=\"Rte\">\n<p>Il s\u2019ouvre sur la fra\u00eecheur mordante et p\u00e9tillante de la bergamote et de la mandarine.\u00a0\u00a0l\u2019intensit\u00e9 et la chaleur du cuir s\u2019unit \u00e0 la puissance du patchouli pour un parfum contrast\u00e9 et rac\u00e9.<\/p>\n<\/div>\n<\/div>\n<div class=\"Product__QuickNav hidden-pocket\">\n<div class=\"Product__QuickNavWrapper\"><\/div>\n<\/div>","protected":false},"excerpt":{"rendered":"<p>Il s\u2019ouvre sur la fra\u00eecheur mordante et p\u00e9tillante de la bergamote et de la mandarine.\u00a0\u00a0l\u2019intensit\u00e9 et la chaleur du cuir<\/p>","protected":false},"featured_media":17503,"comment_status":"open","ping_status":"closed","template":"","meta":[],"product_brand":[],"product_cat":[133,72,84,267],"product_tag":[],"class_list":{"0":"post-3756","1":"product","2":"type-product","3":"status-publish","4":"has-post-thumbnail","6":"product_cat-eau-de-toilette-h","7":"product_cat-homme","8":"product_cat-parfum-h","9":"product_cat-ulric-de-varens","11":"first","12":"instock","13":"sale","14":"shipping-taxable","15":"purchasable","16":"product-type-simple"},"_links":{"self":[{"href":"https:\/\/cosmeticstoredz.com\/ar\/wp-json\/wp\/v2\/product\/3756","targetHints":{"allow":["GET"]}}],"collection":[{"href":"https:\/\/cosmeticstoredz.com\/ar\/wp-json\/wp\/v2\/product"}],"about":[{"href":"https:\/\/cosmeticstoredz.com\/ar\/wp-json\/wp\/v2\/types\/product"}],"replies":[{"embeddable":true,"href":"https:\/\/cosmeticstoredz.com\/ar\/wp-json\/wp\/v2\/comments?post=3756"}],"version-history":[{"count":1,"href":"https:\/\/cosmeticstoredz.com\/ar\/wp-json\/wp\/v2\/product\/3756\/revisions"}],"predecessor-version":[{"id":17504,"href":"https:\/\/cosmeticstoredz.com\/ar\/wp-json\/wp\/v2\/product\/3756\/revisions\/17504"}],"wp:featuredmedia":[{"embeddable":true,"href":"https:\/\/cosmeticstoredz.com\/ar\/wp-json\/wp\/v2\/media\/17503"}],"wp:attachment":[{"href":"https:\/\/cosmeticstoredz.com\/ar\/wp-json\/wp\/v2\/media?parent=3756"}],"wp:term":[{"taxonomy":"product_brand","embeddable":true,"href":"https:\/\/cosmeticstoredz.com\/ar\/wp-json\/wp\/v2\/product_brand?post=3756"},{"taxonomy":"product_cat","embeddable":true,"href":"https:\/\/cosmeticstoredz.com\/ar\/wp-json\/wp\/v2\/product_cat?post=3756"},{"taxonomy":"product_tag","embeddable":true,"href":"https:\/\/cosmeticstoredz.com\/ar\/wp-json\/wp\/v2\/product_tag?post=3756"}],"curies":[{"name":"wp","href":"https:\/\/api.w.org\/{rel}","templated":true}]}}