{"id":3744,"date":"2025-06-04T18:25:07","date_gmt":"2025-06-04T18:25:07","guid":{"rendered":"https:\/\/test.fitnessworldgym27.com\/?post_type=product&#038;p=3744"},"modified":"2026-03-30T19:26:03","modified_gmt":"2026-03-30T19:26:03","slug":"bourjois-crayon-contour-yeux-gras-bleu-neon","status":"publish","type":"product","link":"https:\/\/cosmeticstoredz.com\/ar\/product\/bourjois-crayon-contour-yeux-gras-bleu-neon\/","title":{"rendered":"BOURJOIS CRAYON CONTOUR YEUX GRAS BLEU NEON"},"content":{"rendered":"<h1 class=\"a-size-small a-color-secondary a-text-normal\" data-feature-name=\"title\" data-template-name=\"title\"><span id=\"title\" class=\"a-size-small\">BOURJOIS &#8211; Crayon Yeux Contour Clubbing Waterproof 46 N\u00e9on Bleu &#8211; Couleur Lumineuse &amp; Intense &#8211; Tenue Jusqu&rsquo;\u00e0 8h &#8211; Enrichi \u00c0 L&rsquo;Huile De Jojoba Et De Coton &#8211; Test\u00e9 Ophthalmologiquement<\/span><\/h1>","protected":false},"excerpt":{"rendered":"<p>BOURJOIS &#8211; Crayon Yeux Contour Clubbing Waterproof 46 N\u00e9on Bleu &#8211; Couleur Lumineuse &amp; Intense &#8211; Tenue Jusqu&rsquo;\u00e0 8h &#8211;<\/p>","protected":false},"featured_media":17479,"comment_status":"open","ping_status":"closed","template":"","meta":[],"product_brand":[],"product_cat":[127,122,126],"product_tag":[125],"class_list":{"0":"post-3744","1":"product","2":"type-product","3":"status-publish","4":"has-post-thumbnail","6":"product_cat-crayong-yeux-et-khol","7":"product_cat-make-up","8":"product_cat-yeux","9":"product_tag-made-in-france","11":"first","12":"outofstock","13":"shipping-taxable","14":"purchasable","15":"product-type-simple"},"_links":{"self":[{"href":"https:\/\/cosmeticstoredz.com\/ar\/wp-json\/wp\/v2\/product\/3744","targetHints":{"allow":["GET"]}}],"collection":[{"href":"https:\/\/cosmeticstoredz.com\/ar\/wp-json\/wp\/v2\/product"}],"about":[{"href":"https:\/\/cosmeticstoredz.com\/ar\/wp-json\/wp\/v2\/types\/product"}],"replies":[{"embeddable":true,"href":"https:\/\/cosmeticstoredz.com\/ar\/wp-json\/wp\/v2\/comments?post=3744"}],"version-history":[{"count":1,"href":"https:\/\/cosmeticstoredz.com\/ar\/wp-json\/wp\/v2\/product\/3744\/revisions"}],"predecessor-version":[{"id":17480,"href":"https:\/\/cosmeticstoredz.com\/ar\/wp-json\/wp\/v2\/product\/3744\/revisions\/17480"}],"wp:featuredmedia":[{"embeddable":true,"href":"https:\/\/cosmeticstoredz.com\/ar\/wp-json\/wp\/v2\/media\/17479"}],"wp:attachment":[{"href":"https:\/\/cosmeticstoredz.com\/ar\/wp-json\/wp\/v2\/media?parent=3744"}],"wp:term":[{"taxonomy":"product_brand","embeddable":true,"href":"https:\/\/cosmeticstoredz.com\/ar\/wp-json\/wp\/v2\/product_brand?post=3744"},{"taxonomy":"product_cat","embeddable":true,"href":"https:\/\/cosmeticstoredz.com\/ar\/wp-json\/wp\/v2\/product_cat?post=3744"},{"taxonomy":"product_tag","embeddable":true,"href":"https:\/\/cosmeticstoredz.com\/ar\/wp-json\/wp\/v2\/product_tag?post=3744"}],"curies":[{"name":"wp","href":"https:\/\/api.w.org\/{rel}","templated":true}]}}