{"id":3697,"date":"2025-06-04T18:24:44","date_gmt":"2025-06-04T18:24:44","guid":{"rendered":"https:\/\/test.fitnessworldgym27.com\/?post_type=product&#038;p=3697"},"modified":"2026-03-30T19:27:49","modified_gmt":"2026-03-30T19:27:49","slug":"rexona-deodorant-200ml-cobalt-dry","status":"publish","type":"product","link":"https:\/\/cosmeticstoredz.com\/ar\/product\/rexona-deodorant-200ml-cobalt-dry\/","title":{"rendered":"REXONA DEODORANT 200ML COBALT DRY"},"content":{"rendered":"<h1 class=\"product_title entry-title wd-entities-title\">D\u00e9odorant Rexona Men Cobalt Dry 48 h 200 ml<\/h1>\n<p>Spray D\u00e9odorant longue dur\u00e9e Pour prolonger tout au long de la journ\u00e9e l\u2019agr\u00e9able sensation de fra\u00eecheur. Ce d\u00e9odorant neutralise les odeurs de transpiration \u00e0 la source, r\u00e9duit la sensation d\u2019humidit\u00e9 et vous apporte une protection durable.<strong>\u00a0<\/strong><\/p>","protected":false},"excerpt":{"rendered":"<h1 class=\"product_title entry-title wd-entities-title\">D\u00e9odorant Rexona Men Cobalt Dry 48 h 200 ml<\/h1>\n<p>Spray D\u00e9odorant longue dur\u00e9e Pour prolonger tout au long de la journ\u00e9e l\u2019agr\u00e9able sensation de fra\u00eecheur. Ce d\u00e9odorant neutralise les odeurs de transpiration \u00e0 la source, r\u00e9duit la sensation d\u2019humidit\u00e9 et vous apporte une protection durable.<strong>\u00a0<\/strong><\/p>","protected":false},"featured_media":17438,"comment_status":"open","ping_status":"closed","template":"","meta":[],"product_brand":[],"product_cat":[85,72,80],"product_tag":[],"class_list":{"0":"post-3697","1":"product","2":"type-product","3":"status-publish","4":"has-post-thumbnail","6":"product_cat-deodorant-h","7":"product_cat-homme","8":"product_cat-rexona","10":"first","11":"outofstock","12":"shipping-taxable","13":"purchasable","14":"product-type-simple"},"_links":{"self":[{"href":"https:\/\/cosmeticstoredz.com\/ar\/wp-json\/wp\/v2\/product\/3697","targetHints":{"allow":["GET"]}}],"collection":[{"href":"https:\/\/cosmeticstoredz.com\/ar\/wp-json\/wp\/v2\/product"}],"about":[{"href":"https:\/\/cosmeticstoredz.com\/ar\/wp-json\/wp\/v2\/types\/product"}],"replies":[{"embeddable":true,"href":"https:\/\/cosmeticstoredz.com\/ar\/wp-json\/wp\/v2\/comments?post=3697"}],"version-history":[{"count":1,"href":"https:\/\/cosmeticstoredz.com\/ar\/wp-json\/wp\/v2\/product\/3697\/revisions"}],"predecessor-version":[{"id":17439,"href":"https:\/\/cosmeticstoredz.com\/ar\/wp-json\/wp\/v2\/product\/3697\/revisions\/17439"}],"wp:featuredmedia":[{"embeddable":true,"href":"https:\/\/cosmeticstoredz.com\/ar\/wp-json\/wp\/v2\/media\/17438"}],"wp:attachment":[{"href":"https:\/\/cosmeticstoredz.com\/ar\/wp-json\/wp\/v2\/media?parent=3697"}],"wp:term":[{"taxonomy":"product_brand","embeddable":true,"href":"https:\/\/cosmeticstoredz.com\/ar\/wp-json\/wp\/v2\/product_brand?post=3697"},{"taxonomy":"product_cat","embeddable":true,"href":"https:\/\/cosmeticstoredz.com\/ar\/wp-json\/wp\/v2\/product_cat?post=3697"},{"taxonomy":"product_tag","embeddable":true,"href":"https:\/\/cosmeticstoredz.com\/ar\/wp-json\/wp\/v2\/product_tag?post=3697"}],"curies":[{"name":"wp","href":"https:\/\/api.w.org\/{rel}","templated":true}]}}