{"id":3692,"date":"2025-06-04T18:24:44","date_gmt":"2025-06-04T18:24:44","guid":{"rendered":"https:\/\/test.fitnessworldgym27.com\/?post_type=product&#038;p=3692"},"modified":"2026-03-30T19:26:01","modified_gmt":"2026-03-30T19:26:01","slug":"bioxcin-shp-ail-noir","status":"publish","type":"product","link":"https:\/\/cosmeticstoredz.com\/ar\/product\/bioxcin-shp-ail-noir\/","title":{"rendered":"BIOXCIN SHP AIL NOIR"},"content":{"rendered":"","protected":false},"excerpt":{"rendered":"<p>Ce shampooing vous offre le puissant effet de l&rsquo;ail sans odeur. Achetez maintenant Bioxcin Black Garlic Extract Shampoo 300 ml (10,1floz). L&rsquo;ail noir est deux fois plus efficace sur les cheveux. Il suffit d&rsquo;appliquer le shampooing sur votre cuir chevelu pendant 1 \u00e0 2 minutes. C&rsquo;est un shampooing adapt\u00e9 \u00e0 tous les types de cheveux et \u00e0 un usage quotidien.<\/p>","protected":false},"featured_media":17427,"comment_status":"open","ping_status":"closed","template":"","meta":[],"product_brand":[],"product_cat":[290,75,111,159],"product_tag":[],"class_list":{"0":"post-3692","1":"product","2":"type-product","3":"status-publish","4":"has-post-thumbnail","6":"product_cat-bioxcin","7":"product_cat-femme","8":"product_cat-shampoing-f","9":"product_cat-shampoing-h","11":"first","12":"instock","13":"shipping-taxable","14":"purchasable","15":"product-type-simple"},"_links":{"self":[{"href":"https:\/\/cosmeticstoredz.com\/ar\/wp-json\/wp\/v2\/product\/3692","targetHints":{"allow":["GET"]}}],"collection":[{"href":"https:\/\/cosmeticstoredz.com\/ar\/wp-json\/wp\/v2\/product"}],"about":[{"href":"https:\/\/cosmeticstoredz.com\/ar\/wp-json\/wp\/v2\/types\/product"}],"replies":[{"embeddable":true,"href":"https:\/\/cosmeticstoredz.com\/ar\/wp-json\/wp\/v2\/comments?post=3692"}],"version-history":[{"count":1,"href":"https:\/\/cosmeticstoredz.com\/ar\/wp-json\/wp\/v2\/product\/3692\/revisions"}],"predecessor-version":[{"id":17428,"href":"https:\/\/cosmeticstoredz.com\/ar\/wp-json\/wp\/v2\/product\/3692\/revisions\/17428"}],"wp:featuredmedia":[{"embeddable":true,"href":"https:\/\/cosmeticstoredz.com\/ar\/wp-json\/wp\/v2\/media\/17427"}],"wp:attachment":[{"href":"https:\/\/cosmeticstoredz.com\/ar\/wp-json\/wp\/v2\/media?parent=3692"}],"wp:term":[{"taxonomy":"product_brand","embeddable":true,"href":"https:\/\/cosmeticstoredz.com\/ar\/wp-json\/wp\/v2\/product_brand?post=3692"},{"taxonomy":"product_cat","embeddable":true,"href":"https:\/\/cosmeticstoredz.com\/ar\/wp-json\/wp\/v2\/product_cat?post=3692"},{"taxonomy":"product_tag","embeddable":true,"href":"https:\/\/cosmeticstoredz.com\/ar\/wp-json\/wp\/v2\/product_tag?post=3692"}],"curies":[{"name":"wp","href":"https:\/\/api.w.org\/{rel}","templated":true}]}}