{"id":3688,"date":"2025-06-04T18:24:44","date_gmt":"2025-06-04T18:24:44","guid":{"rendered":"https:\/\/test.fitnessworldgym27.com\/?post_type=product&#038;p=3688"},"modified":"2026-03-30T19:26:01","modified_gmt":"2026-03-30T19:26:01","slug":"bioxcin-shp-bio-active-piptide","status":"publish","type":"product","link":"https:\/\/cosmeticstoredz.com\/ar\/product\/bioxcin-shp-bio-active-piptide\/","title":{"rendered":"BIOXCIN SHP BIO ACTIVE PIPTIDE"},"content":{"rendered":"","protected":false},"excerpt":{"rendered":"<p>Le shampooing Bioxcin Quantum Bio-Activ, gr\u00e2ce \u00e0 sa formule compos\u00e9e de 18 acides amin\u00e9s et enrichie en peptides de maintien des cheveux, rend les cheveux de plus en plus \u00e9pais d\u00e8s le premier lavage.<\/p>","protected":false},"featured_media":17416,"comment_status":"open","ping_status":"closed","template":"","meta":[],"product_brand":[],"product_cat":[290,75,111,159],"product_tag":[],"class_list":{"0":"post-3688","1":"product","2":"type-product","3":"status-publish","4":"has-post-thumbnail","6":"product_cat-bioxcin","7":"product_cat-femme","8":"product_cat-shampoing-f","9":"product_cat-shampoing-h","11":"first","12":"instock","13":"shipping-taxable","14":"purchasable","15":"product-type-simple"},"_links":{"self":[{"href":"https:\/\/cosmeticstoredz.com\/ar\/wp-json\/wp\/v2\/product\/3688","targetHints":{"allow":["GET"]}}],"collection":[{"href":"https:\/\/cosmeticstoredz.com\/ar\/wp-json\/wp\/v2\/product"}],"about":[{"href":"https:\/\/cosmeticstoredz.com\/ar\/wp-json\/wp\/v2\/types\/product"}],"replies":[{"embeddable":true,"href":"https:\/\/cosmeticstoredz.com\/ar\/wp-json\/wp\/v2\/comments?post=3688"}],"version-history":[{"count":1,"href":"https:\/\/cosmeticstoredz.com\/ar\/wp-json\/wp\/v2\/product\/3688\/revisions"}],"predecessor-version":[{"id":17417,"href":"https:\/\/cosmeticstoredz.com\/ar\/wp-json\/wp\/v2\/product\/3688\/revisions\/17417"}],"wp:featuredmedia":[{"embeddable":true,"href":"https:\/\/cosmeticstoredz.com\/ar\/wp-json\/wp\/v2\/media\/17416"}],"wp:attachment":[{"href":"https:\/\/cosmeticstoredz.com\/ar\/wp-json\/wp\/v2\/media?parent=3688"}],"wp:term":[{"taxonomy":"product_brand","embeddable":true,"href":"https:\/\/cosmeticstoredz.com\/ar\/wp-json\/wp\/v2\/product_brand?post=3688"},{"taxonomy":"product_cat","embeddable":true,"href":"https:\/\/cosmeticstoredz.com\/ar\/wp-json\/wp\/v2\/product_cat?post=3688"},{"taxonomy":"product_tag","embeddable":true,"href":"https:\/\/cosmeticstoredz.com\/ar\/wp-json\/wp\/v2\/product_tag?post=3688"}],"curies":[{"name":"wp","href":"https:\/\/api.w.org\/{rel}","templated":true}]}}