{"id":3652,"date":"2025-06-04T18:24:22","date_gmt":"2025-06-04T18:24:22","guid":{"rendered":"https:\/\/test.fitnessworldgym27.com\/?post_type=product&#038;p=3652"},"modified":"2026-03-30T19:26:01","modified_gmt":"2026-03-30T19:26:01","slug":"bioxcin-shp-keratine-et-argan","status":"publish","type":"product","link":"https:\/\/cosmeticstoredz.com\/ar\/product\/bioxcin-shp-keratine-et-argan\/","title":{"rendered":"BIOXCIN SHP KERATINE ET ARGAN"},"content":{"rendered":"","protected":false},"excerpt":{"rendered":"<ul class=\"a-unordered-list a-vertical a-spacing-mini\">\n<li class=\"a-spacing-mini\"><span class=\"a-list-item\">Nourrit, r\u00e9pare et hydrate les cheveux avec de la k\u00e9ratine hydrolys\u00e9e et de l&rsquo;huile d&rsquo;argan<\/span><\/li>\n<li class=\"a-spacing-mini\"><span class=\"a-list-item\">Renforce les racines des cheveux, favorisant une croissance plus saine des cheveux<\/span><\/li>\n<li class=\"a-spacing-mini\"><span class=\"a-list-item\">Hydrate en profondeur chaque m\u00e8che pour des cheveux doux, lisses et revitalis\u00e9s<\/span><\/li>\n<li class=\"a-spacing-mini\"><span class=\"a-list-item\">Fournit des r\u00e9sultats durables pour une meilleure r\u00e9sistance des cheveux et une meilleure sant\u00e9 globale<\/span><\/li>\n<\/ul>","protected":false},"featured_media":17390,"comment_status":"open","ping_status":"closed","template":"","meta":[],"product_brand":[],"product_cat":[290,75,72,111,159,95,92],"product_tag":[],"class_list":{"0":"post-3652","1":"product","2":"type-product","3":"status-publish","4":"has-post-thumbnail","6":"product_cat-bioxcin","7":"product_cat-femme","8":"product_cat-homme","9":"product_cat-shampoing-f","10":"product_cat-shampoing-h","11":"product_cat-soin-cheveux-f","12":"product_cat-soin-cheveux-h","14":"first","15":"outofstock","16":"shipping-taxable","17":"purchasable","18":"product-type-simple"},"_links":{"self":[{"href":"https:\/\/cosmeticstoredz.com\/ar\/wp-json\/wp\/v2\/product\/3652","targetHints":{"allow":["GET"]}}],"collection":[{"href":"https:\/\/cosmeticstoredz.com\/ar\/wp-json\/wp\/v2\/product"}],"about":[{"href":"https:\/\/cosmeticstoredz.com\/ar\/wp-json\/wp\/v2\/types\/product"}],"replies":[{"embeddable":true,"href":"https:\/\/cosmeticstoredz.com\/ar\/wp-json\/wp\/v2\/comments?post=3652"}],"version-history":[{"count":1,"href":"https:\/\/cosmeticstoredz.com\/ar\/wp-json\/wp\/v2\/product\/3652\/revisions"}],"predecessor-version":[{"id":17391,"href":"https:\/\/cosmeticstoredz.com\/ar\/wp-json\/wp\/v2\/product\/3652\/revisions\/17391"}],"wp:featuredmedia":[{"embeddable":true,"href":"https:\/\/cosmeticstoredz.com\/ar\/wp-json\/wp\/v2\/media\/17390"}],"wp:attachment":[{"href":"https:\/\/cosmeticstoredz.com\/ar\/wp-json\/wp\/v2\/media?parent=3652"}],"wp:term":[{"taxonomy":"product_brand","embeddable":true,"href":"https:\/\/cosmeticstoredz.com\/ar\/wp-json\/wp\/v2\/product_brand?post=3652"},{"taxonomy":"product_cat","embeddable":true,"href":"https:\/\/cosmeticstoredz.com\/ar\/wp-json\/wp\/v2\/product_cat?post=3652"},{"taxonomy":"product_tag","embeddable":true,"href":"https:\/\/cosmeticstoredz.com\/ar\/wp-json\/wp\/v2\/product_tag?post=3652"}],"curies":[{"name":"wp","href":"https:\/\/api.w.org\/{rel}","templated":true}]}}