{"id":3646,"date":"2025-06-04T18:24:22","date_gmt":"2025-06-04T18:24:22","guid":{"rendered":"https:\/\/test.fitnessworldgym27.com\/?post_type=product&#038;p=3646"},"modified":"2026-03-30T19:27:43","modified_gmt":"2026-03-30T19:27:43","slug":"proderma-librado-savon-125g-exfolient-cafe","status":"publish","type":"product","link":"https:\/\/cosmeticstoredz.com\/ar\/product\/proderma-librado-savon-125g-exfolient-cafe\/","title":{"rendered":"PRODERMA LIBRADO SAVON 125G EXFOLIENT CAFE"},"content":{"rendered":"","protected":false},"excerpt":{"rendered":"<p>Le <strong>savon Proderma Librado 125g exfoliant au caf\u00e9<\/strong> combine les bienfaits du caf\u00e9 pour exfolier la peau en douceur tout en la nettoyant. Il \u00e9limine les impuret\u00e9s et laisse la peau lisse, fra\u00eeche et revitalis\u00e9e, avec un parfum stimulant et agr\u00e9able.<\/p>","protected":false},"featured_media":17380,"comment_status":"open","ping_status":"closed","template":"","meta":[],"product_brand":[],"product_cat":[75,289,102,81],"product_tag":[],"class_list":{"0":"post-3646","1":"product","2":"type-product","3":"status-publish","4":"has-post-thumbnail","6":"product_cat-femme","7":"product_cat-proderma","8":"product_cat-savon","9":"product_cat-soin-corps-f","11":"first","12":"instock","13":"shipping-taxable","14":"purchasable","15":"product-type-simple"},"_links":{"self":[{"href":"https:\/\/cosmeticstoredz.com\/ar\/wp-json\/wp\/v2\/product\/3646","targetHints":{"allow":["GET"]}}],"collection":[{"href":"https:\/\/cosmeticstoredz.com\/ar\/wp-json\/wp\/v2\/product"}],"about":[{"href":"https:\/\/cosmeticstoredz.com\/ar\/wp-json\/wp\/v2\/types\/product"}],"replies":[{"embeddable":true,"href":"https:\/\/cosmeticstoredz.com\/ar\/wp-json\/wp\/v2\/comments?post=3646"}],"version-history":[{"count":1,"href":"https:\/\/cosmeticstoredz.com\/ar\/wp-json\/wp\/v2\/product\/3646\/revisions"}],"predecessor-version":[{"id":17381,"href":"https:\/\/cosmeticstoredz.com\/ar\/wp-json\/wp\/v2\/product\/3646\/revisions\/17381"}],"wp:featuredmedia":[{"embeddable":true,"href":"https:\/\/cosmeticstoredz.com\/ar\/wp-json\/wp\/v2\/media\/17380"}],"wp:attachment":[{"href":"https:\/\/cosmeticstoredz.com\/ar\/wp-json\/wp\/v2\/media?parent=3646"}],"wp:term":[{"taxonomy":"product_brand","embeddable":true,"href":"https:\/\/cosmeticstoredz.com\/ar\/wp-json\/wp\/v2\/product_brand?post=3646"},{"taxonomy":"product_cat","embeddable":true,"href":"https:\/\/cosmeticstoredz.com\/ar\/wp-json\/wp\/v2\/product_cat?post=3646"},{"taxonomy":"product_tag","embeddable":true,"href":"https:\/\/cosmeticstoredz.com\/ar\/wp-json\/wp\/v2\/product_tag?post=3646"}],"curies":[{"name":"wp","href":"https:\/\/api.w.org\/{rel}","templated":true}]}}