{"id":3543,"date":"2025-06-04T18:23:42","date_gmt":"2025-06-04T18:23:42","guid":{"rendered":"https:\/\/test.fitnessworldgym27.com\/?post_type=product&#038;p=3543"},"modified":"2026-03-30T19:27:26","modified_gmt":"2026-03-30T19:27:26","slug":"myla-grain-350gr-cachmire","status":"publish","type":"product","link":"https:\/\/cosmeticstoredz.com\/ar\/product\/myla-grain-350gr-cachmire\/","title":{"rendered":"MYLA GRAIN 350GR CACHMIRE"},"content":{"rendered":"<h1>MYLA GRAIN 350GR CACHMIRE<\/h1>\n<p>Myla Grain au parfum envo\u00fbtant de cachemire. En format pratique de 350g, cette cire \u00e0 grains est con\u00e7ue pour \u00e9liminer efficacement les poils tout en respectant les peaux sensibles.<\/p>","protected":false},"excerpt":{"rendered":"<h1>MYLA GRAIN 350GR CACHMIRE<\/h1>\n<p>Myla Grain au parfum envo\u00fbtant de cachemire. En format pratique de 350g, cette cire \u00e0 grains est con\u00e7ue pour \u00e9liminer efficacement les poils tout en respectant les peaux sensibles.<\/p>","protected":false},"featured_media":17282,"comment_status":"open","ping_status":"closed","template":"","meta":[],"product_brand":[],"product_cat":[99,75,234,81],"product_tag":[],"class_list":{"0":"post-3543","1":"product","2":"type-product","3":"status-publish","4":"has-post-thumbnail","6":"product_cat-epilation","7":"product_cat-femme","8":"product_cat-myla","9":"product_cat-soin-corps-f","11":"first","12":"outofstock","13":"shipping-taxable","14":"purchasable","15":"product-type-simple"},"_links":{"self":[{"href":"https:\/\/cosmeticstoredz.com\/ar\/wp-json\/wp\/v2\/product\/3543","targetHints":{"allow":["GET"]}}],"collection":[{"href":"https:\/\/cosmeticstoredz.com\/ar\/wp-json\/wp\/v2\/product"}],"about":[{"href":"https:\/\/cosmeticstoredz.com\/ar\/wp-json\/wp\/v2\/types\/product"}],"replies":[{"embeddable":true,"href":"https:\/\/cosmeticstoredz.com\/ar\/wp-json\/wp\/v2\/comments?post=3543"}],"version-history":[{"count":1,"href":"https:\/\/cosmeticstoredz.com\/ar\/wp-json\/wp\/v2\/product\/3543\/revisions"}],"predecessor-version":[{"id":17283,"href":"https:\/\/cosmeticstoredz.com\/ar\/wp-json\/wp\/v2\/product\/3543\/revisions\/17283"}],"wp:featuredmedia":[{"embeddable":true,"href":"https:\/\/cosmeticstoredz.com\/ar\/wp-json\/wp\/v2\/media\/17282"}],"wp:attachment":[{"href":"https:\/\/cosmeticstoredz.com\/ar\/wp-json\/wp\/v2\/media?parent=3543"}],"wp:term":[{"taxonomy":"product_brand","embeddable":true,"href":"https:\/\/cosmeticstoredz.com\/ar\/wp-json\/wp\/v2\/product_brand?post=3543"},{"taxonomy":"product_cat","embeddable":true,"href":"https:\/\/cosmeticstoredz.com\/ar\/wp-json\/wp\/v2\/product_cat?post=3543"},{"taxonomy":"product_tag","embeddable":true,"href":"https:\/\/cosmeticstoredz.com\/ar\/wp-json\/wp\/v2\/product_tag?post=3543"}],"curies":[{"name":"wp","href":"https:\/\/api.w.org\/{rel}","templated":true}]}}