{"id":3523,"date":"2025-06-04T18:23:41","date_gmt":"2025-06-04T18:23:41","guid":{"rendered":"https:\/\/test.fitnessworldgym27.com\/?post_type=product&#038;p=3523"},"modified":"2026-04-27T15:58:49","modified_gmt":"2026-04-27T15:58:49","slug":"sheglam-pomade-impermeable-a-sourcils-boss-brow-soft-brown","status":"publish","type":"product","link":"https:\/\/cosmeticstoredz.com\/ar\/product\/sheglam-pomade-impermeable-a-sourcils-boss-brow-soft-brown\/","title":{"rendered":"SHEGLAM POMADE IMPERMEABLE A SOURCILS BOSS BROW  SOFT BROWN"},"content":{"rendered":"","protected":false},"excerpt":{"rendered":"<div class=\"fun-pc-ellipsis-wrapper style_desc___ogpW\">\n<div><span>Vos looks de maquillage glamour ne seraient pas complets sans cet indispensable pour les sourcils ! Notre formule ultra-cr\u00e9meuse contient une couleur ultra-pigment\u00e9e et longue tenue, r\u00e9sistante aux taches et \u00e0 l&rsquo;eau, pour des sourcils qui r\u00e9sisteront \u00e0 une soir\u00e9e entre filles. Utilisez simplement la brosse conique pour combler et fa\u00e7onner vos sourcils pour un look magnifique et d\u00e9fini.<\/span><\/div>\n<\/div>\n<div>\n<div class=\"style_row__66sba\"><\/div>\n<\/div>","protected":false},"featured_media":17247,"comment_status":"open","ping_status":"closed","template":"","meta":[],"product_brand":[411],"product_cat":[258,122,281,221],"product_tag":[],"class_list":{"0":"post-3523","1":"product","2":"type-product","3":"status-publish","4":"has-post-thumbnail","6":"product_brand-sheglam","7":"product_cat-gel-et-mascara-sourcils","8":"product_cat-make-up","9":"product_cat-sheglam","10":"product_cat-sourcils","12":"first","13":"outofstock","14":"shipping-taxable","15":"purchasable","16":"product-type-simple"},"yoast_head":"<!-- This site is optimized with the Yoast SEO plugin v27.3 - https:\/\/yoast.com\/product\/yoast-seo-wordpress\/ -->\n<title>SHEGLAM POMADE IMPERMEABLE A SOURCILS BOSS BROW SOFT BROWN - Cosmetic Store<\/title>\n<meta name=\"robots\" content=\"index, follow, max-snippet:-1, max-image-preview:large, max-video-preview:-1\" \/>\n<link rel=\"canonical\" href=\"https:\/\/cosmeticstoredz.com\/ar\/product\/sheglam-pomade-impermeable-a-sourcils-boss-brow-soft-brown\/\" \/>\n<meta property=\"og:locale\" content=\"ar_AR\" \/>\n<meta property=\"og:type\" content=\"article\" \/>\n<meta property=\"og:title\" content=\"SHEGLAM POMADE IMPERMEABLE A SOURCILS BOSS BROW SOFT BROWN - Cosmetic Store\" \/>\n<meta property=\"og:description\" content=\"Vos looks de maquillage glamour ne seraient pas complets sans cet indispensable pour les sourcils ! Notre formule ultra-cr\u00e9meuse contient une couleur ultra-pigment\u00e9e et longue tenue, r\u00e9sistante aux taches et \u00e0 l&#039;eau, pour des sourcils qui r\u00e9sisteront \u00e0 une soir\u00e9e entre filles. Utilisez simplement la brosse conique pour combler et fa\u00e7onner vos sourcils pour un look magnifique et d\u00e9fini.\" \/>\n<meta property=\"og:url\" content=\"https:\/\/cosmeticstoredz.com\/ar\/product\/sheglam-pomade-impermeable-a-sourcils-boss-brow-soft-brown\/\" \/>\n<meta property=\"og:site_name\" content=\"Cosmetic Store\" \/>\n<meta property=\"article:publisher\" content=\"https:\/\/www.facebook.com\/profile.php?id=61564954260683\" \/>\n<meta property=\"article:modified_time\" content=\"2026-04-27T15:58:49+00:00\" \/>\n<meta property=\"og:image\" content=\"https:\/\/cosmeticstoredz.com\/wp-content\/uploads\/2026\/02\/Cosmetic-2025-02-05T145837.709.png\" \/>\n\t<meta property=\"og:image:width\" content=\"500\" \/>\n\t<meta property=\"og:image:height\" content=\"500\" \/>\n\t<meta property=\"og:image:type\" content=\"image\/png\" \/>\n<meta name=\"twitter:card\" content=\"summary_large_image\" \/>\n<script type=\"application\/ld+json\" class=\"yoast-schema-graph\">{\"@context\":\"https:\\\/\\\/schema.org\",\"@graph\":[{\"@type\":\"WebPage\",\"@id\":\"https:\\\/\\\/cosmeticstoredz.com\\\/produit\\\/sheglam-pomade-impermeable-a-sourcils-boss-brow-soft-brown\\\/\",\"url\":\"https:\\\/\\\/cosmeticstoredz.com\\\/produit\\\/sheglam-pomade-impermeable-a-sourcils-boss-brow-soft-brown\\\/\",\"name\":\"SHEGLAM POMADE IMPERMEABLE A SOURCILS BOSS BROW SOFT BROWN - Cosmetic Store\",\"isPartOf\":{\"@id\":\"https:\\\/\\\/cosmeticstoredz.com\\\/#website\"},\"primaryImageOfPage\":{\"@id\":\"https:\\\/\\\/cosmeticstoredz.com\\\/produit\\\/sheglam-pomade-impermeable-a-sourcils-boss-brow-soft-brown\\\/#primaryimage\"},\"image\":{\"@id\":\"https:\\\/\\\/cosmeticstoredz.com\\\/produit\\\/sheglam-pomade-impermeable-a-sourcils-boss-brow-soft-brown\\\/#primaryimage\"},\"thumbnailUrl\":\"https:\\\/\\\/cosmeticstoredz.com\\\/wp-content\\\/uploads\\\/2026\\\/02\\\/Cosmetic-2025-02-05T145837.709.png\",\"datePublished\":\"2025-06-04T18:23:41+00:00\",\"dateModified\":\"2026-04-27T15:58:49+00:00\",\"breadcrumb\":{\"@id\":\"https:\\\/\\\/cosmeticstoredz.com\\\/produit\\\/sheglam-pomade-impermeable-a-sourcils-boss-brow-soft-brown\\\/#breadcrumb\"},\"inLanguage\":\"ar\",\"potentialAction\":[{\"@type\":\"ReadAction\",\"target\":[\"https:\\\/\\\/cosmeticstoredz.com\\\/produit\\\/sheglam-pomade-impermeable-a-sourcils-boss-brow-soft-brown\\\/\"]}]},{\"@type\":\"ImageObject\",\"inLanguage\":\"ar\",\"@id\":\"https:\\\/\\\/cosmeticstoredz.com\\\/produit\\\/sheglam-pomade-impermeable-a-sourcils-boss-brow-soft-brown\\\/#primaryimage\",\"url\":\"https:\\\/\\\/cosmeticstoredz.com\\\/wp-content\\\/uploads\\\/2026\\\/02\\\/Cosmetic-2025-02-05T145837.709.png\",\"contentUrl\":\"https:\\\/\\\/cosmeticstoredz.com\\\/wp-content\\\/uploads\\\/2026\\\/02\\\/Cosmetic-2025-02-05T145837.709.png\",\"width\":500,\"height\":500},{\"@type\":\"BreadcrumbList\",\"@id\":\"https:\\\/\\\/cosmeticstoredz.com\\\/produit\\\/sheglam-pomade-impermeable-a-sourcils-boss-brow-soft-brown\\\/#breadcrumb\",\"itemListElement\":[{\"@type\":\"ListItem\",\"position\":1,\"name\":\"Accueil\",\"item\":\"https:\\\/\\\/cosmeticstoredz.com\\\/\"},{\"@type\":\"ListItem\",\"position\":2,\"name\":\"Boutique\",\"item\":\"https:\\\/\\\/cosmeticstoredz.com\\\/boutique\\\/\"},{\"@type\":\"ListItem\",\"position\":3,\"name\":\"SHEGLAM POMADE IMPERMEABLE A SOURCILS BOSS BROW SOFT BROWN\"}]},{\"@type\":\"WebSite\",\"@id\":\"https:\\\/\\\/cosmeticstoredz.com\\\/#website\",\"url\":\"https:\\\/\\\/cosmeticstoredz.com\\\/\",\"name\":\"Cosmetic Store\",\"description\":\"\",\"publisher\":{\"@id\":\"https:\\\/\\\/cosmeticstoredz.com\\\/#organization\"},\"potentialAction\":[{\"@type\":\"SearchAction\",\"target\":{\"@type\":\"EntryPoint\",\"urlTemplate\":\"https:\\\/\\\/cosmeticstoredz.com\\\/?s={search_term_string}\"},\"query-input\":{\"@type\":\"PropertyValueSpecification\",\"valueRequired\":true,\"valueName\":\"search_term_string\"}}],\"inLanguage\":\"ar\"},{\"@type\":\"Organization\",\"@id\":\"https:\\\/\\\/cosmeticstoredz.com\\\/#organization\",\"name\":\"Cosmetic Store\",\"url\":\"https:\\\/\\\/cosmeticstoredz.com\\\/\",\"logo\":{\"@type\":\"ImageObject\",\"inLanguage\":\"ar\",\"@id\":\"https:\\\/\\\/cosmeticstoredz.com\\\/#\\\/schema\\\/logo\\\/image\\\/\",\"url\":\"https:\\\/\\\/cosmeticstoredz.com\\\/wp-content\\\/uploads\\\/2026\\\/02\\\/cropped-LOGO_CS-512x512-1-1-e1771275285345.webp\",\"contentUrl\":\"https:\\\/\\\/cosmeticstoredz.com\\\/wp-content\\\/uploads\\\/2026\\\/02\\\/cropped-LOGO_CS-512x512-1-1-e1771275285345.webp\",\"width\":265,\"height\":319,\"caption\":\"Cosmetic Store\"},\"image\":{\"@id\":\"https:\\\/\\\/cosmeticstoredz.com\\\/#\\\/schema\\\/logo\\\/image\\\/\"},\"sameAs\":[\"https:\\\/\\\/www.facebook.com\\\/profile.php?id=61564954260683\",\"https:\\\/\\\/www.instagram.com\\\/cosmetic.storedz\\\/\"]}]}<\/script>\n<!-- \/ Yoast SEO plugin. -->","yoast_head_json":{"title":"SHEGLAM POMADE IMPERMEABLE A SOURCILS BOSS BROW SOFT BROWN - Cosmetic Store","robots":{"index":"index","follow":"follow","max-snippet":"max-snippet:-1","max-image-preview":"max-image-preview:large","max-video-preview":"max-video-preview:-1"},"canonical":"https:\/\/cosmeticstoredz.com\/ar\/product\/sheglam-pomade-impermeable-a-sourcils-boss-brow-soft-brown\/","og_locale":"ar_AR","og_type":"article","og_title":"SHEGLAM POMADE IMPERMEABLE A SOURCILS BOSS BROW SOFT BROWN - Cosmetic Store","og_description":"Vos looks de maquillage glamour ne seraient pas complets sans cet indispensable pour les sourcils ! Notre formule ultra-cr\u00e9meuse contient une couleur ultra-pigment\u00e9e et longue tenue, r\u00e9sistante aux taches et \u00e0 l'eau, pour des sourcils qui r\u00e9sisteront \u00e0 une soir\u00e9e entre filles. Utilisez simplement la brosse conique pour combler et fa\u00e7onner vos sourcils pour un look magnifique et d\u00e9fini.","og_url":"https:\/\/cosmeticstoredz.com\/ar\/product\/sheglam-pomade-impermeable-a-sourcils-boss-brow-soft-brown\/","og_site_name":"Cosmetic Store","article_publisher":"https:\/\/www.facebook.com\/profile.php?id=61564954260683","article_modified_time":"2026-04-27T15:58:49+00:00","og_image":[{"width":500,"height":500,"url":"https:\/\/cosmeticstoredz.com\/wp-content\/uploads\/2026\/02\/Cosmetic-2025-02-05T145837.709.png","type":"image\/png"}],"twitter_card":"summary_large_image","schema":{"@context":"https:\/\/schema.org","@graph":[{"@type":"WebPage","@id":"https:\/\/cosmeticstoredz.com\/produit\/sheglam-pomade-impermeable-a-sourcils-boss-brow-soft-brown\/","url":"https:\/\/cosmeticstoredz.com\/produit\/sheglam-pomade-impermeable-a-sourcils-boss-brow-soft-brown\/","name":"SHEGLAM POMADE IMPERMEABLE A SOURCILS BOSS BROW SOFT BROWN - Cosmetic Store","isPartOf":{"@id":"https:\/\/cosmeticstoredz.com\/#website"},"primaryImageOfPage":{"@id":"https:\/\/cosmeticstoredz.com\/produit\/sheglam-pomade-impermeable-a-sourcils-boss-brow-soft-brown\/#primaryimage"},"image":{"@id":"https:\/\/cosmeticstoredz.com\/produit\/sheglam-pomade-impermeable-a-sourcils-boss-brow-soft-brown\/#primaryimage"},"thumbnailUrl":"https:\/\/cosmeticstoredz.com\/wp-content\/uploads\/2026\/02\/Cosmetic-2025-02-05T145837.709.png","datePublished":"2025-06-04T18:23:41+00:00","dateModified":"2026-04-27T15:58:49+00:00","breadcrumb":{"@id":"https:\/\/cosmeticstoredz.com\/produit\/sheglam-pomade-impermeable-a-sourcils-boss-brow-soft-brown\/#breadcrumb"},"inLanguage":"ar","potentialAction":[{"@type":"ReadAction","target":["https:\/\/cosmeticstoredz.com\/produit\/sheglam-pomade-impermeable-a-sourcils-boss-brow-soft-brown\/"]}]},{"@type":"ImageObject","inLanguage":"ar","@id":"https:\/\/cosmeticstoredz.com\/produit\/sheglam-pomade-impermeable-a-sourcils-boss-brow-soft-brown\/#primaryimage","url":"https:\/\/cosmeticstoredz.com\/wp-content\/uploads\/2026\/02\/Cosmetic-2025-02-05T145837.709.png","contentUrl":"https:\/\/cosmeticstoredz.com\/wp-content\/uploads\/2026\/02\/Cosmetic-2025-02-05T145837.709.png","width":500,"height":500},{"@type":"BreadcrumbList","@id":"https:\/\/cosmeticstoredz.com\/produit\/sheglam-pomade-impermeable-a-sourcils-boss-brow-soft-brown\/#breadcrumb","itemListElement":[{"@type":"ListItem","position":1,"name":"Accueil","item":"https:\/\/cosmeticstoredz.com\/"},{"@type":"ListItem","position":2,"name":"Boutique","item":"https:\/\/cosmeticstoredz.com\/boutique\/"},{"@type":"ListItem","position":3,"name":"SHEGLAM POMADE IMPERMEABLE A SOURCILS BOSS BROW SOFT BROWN"}]},{"@type":"WebSite","@id":"https:\/\/cosmeticstoredz.com\/#website","url":"https:\/\/cosmeticstoredz.com\/","name":"Cosmetic Store","description":"","publisher":{"@id":"https:\/\/cosmeticstoredz.com\/#organization"},"potentialAction":[{"@type":"SearchAction","target":{"@type":"EntryPoint","urlTemplate":"https:\/\/cosmeticstoredz.com\/?s={search_term_string}"},"query-input":{"@type":"PropertyValueSpecification","valueRequired":true,"valueName":"search_term_string"}}],"inLanguage":"ar"},{"@type":"Organization","@id":"https:\/\/cosmeticstoredz.com\/#organization","name":"Cosmetic Store","url":"https:\/\/cosmeticstoredz.com\/","logo":{"@type":"ImageObject","inLanguage":"ar","@id":"https:\/\/cosmeticstoredz.com\/#\/schema\/logo\/image\/","url":"https:\/\/cosmeticstoredz.com\/wp-content\/uploads\/2026\/02\/cropped-LOGO_CS-512x512-1-1-e1771275285345.webp","contentUrl":"https:\/\/cosmeticstoredz.com\/wp-content\/uploads\/2026\/02\/cropped-LOGO_CS-512x512-1-1-e1771275285345.webp","width":265,"height":319,"caption":"Cosmetic Store"},"image":{"@id":"https:\/\/cosmeticstoredz.com\/#\/schema\/logo\/image\/"},"sameAs":["https:\/\/www.facebook.com\/profile.php?id=61564954260683","https:\/\/www.instagram.com\/cosmetic.storedz\/"]}]}},"_links":{"self":[{"href":"https:\/\/cosmeticstoredz.com\/ar\/wp-json\/wp\/v2\/product\/3523","targetHints":{"allow":["GET"]}}],"collection":[{"href":"https:\/\/cosmeticstoredz.com\/ar\/wp-json\/wp\/v2\/product"}],"about":[{"href":"https:\/\/cosmeticstoredz.com\/ar\/wp-json\/wp\/v2\/types\/product"}],"replies":[{"embeddable":true,"href":"https:\/\/cosmeticstoredz.com\/ar\/wp-json\/wp\/v2\/comments?post=3523"}],"version-history":[{"count":1,"href":"https:\/\/cosmeticstoredz.com\/ar\/wp-json\/wp\/v2\/product\/3523\/revisions"}],"predecessor-version":[{"id":17248,"href":"https:\/\/cosmeticstoredz.com\/ar\/wp-json\/wp\/v2\/product\/3523\/revisions\/17248"}],"wp:featuredmedia":[{"embeddable":true,"href":"https:\/\/cosmeticstoredz.com\/ar\/wp-json\/wp\/v2\/media\/17247"}],"wp:attachment":[{"href":"https:\/\/cosmeticstoredz.com\/ar\/wp-json\/wp\/v2\/media?parent=3523"}],"wp:term":[{"taxonomy":"product_brand","embeddable":true,"href":"https:\/\/cosmeticstoredz.com\/ar\/wp-json\/wp\/v2\/product_brand?post=3523"},{"taxonomy":"product_cat","embeddable":true,"href":"https:\/\/cosmeticstoredz.com\/ar\/wp-json\/wp\/v2\/product_cat?post=3523"},{"taxonomy":"product_tag","embeddable":true,"href":"https:\/\/cosmeticstoredz.com\/ar\/wp-json\/wp\/v2\/product_tag?post=3523"}],"curies":[{"name":"wp","href":"https:\/\/api.w.org\/{rel}","templated":true}]}}