{"id":3521,"date":"2025-06-04T18:23:41","date_gmt":"2025-06-04T18:23:41","guid":{"rendered":"https:\/\/test.fitnessworldgym27.com\/?post_type=product&#038;p=3521"},"modified":"2026-04-18T19:18:49","modified_gmt":"2026-04-18T19:18:49","slug":"the-ordinary-glycolic-acid-set-250ml-100ml","status":"publish","type":"product","link":"https:\/\/cosmeticstoredz.com\/ar\/product\/the-ordinary-glycolic-acid-set-250ml-100ml\/","title":{"rendered":"THE ORDINARY GLYCOLIC ACID SET 250ML + 100ML"},"content":{"rendered":"","protected":false},"excerpt":{"rendered":"<p><strong>The Glycolic Acid Set<\/strong>\u00a0de The Ordinary est con\u00e7u pour offrir les bienfaits de l\u2019acide glycolique \u00e0 la fois \u00e0 la maison et en d\u00e9placement. Ce coffret contient deux tailles de la c\u00e9l\u00e8bre\u00a0<strong>Glycolic Acid 7% Toning Solution<\/strong>, un toner exfoliant puissant qui aide \u00e0 lisser la texture de la peau, am\u00e9liorer l\u2019\u00e9clat et unifier le teint.<\/p>\n<p><strong>Contenu du coffret :<\/strong><\/p>\n<ul>\n<li><strong>Glycolic Acid 7% Toning Solution (240 ml)<\/strong>\u00a0: Une solution exfoliante pour un usage r\u00e9gulier \u00e0 domicile.<\/li>\n<li><strong>Glycolic Acid 7% Toning Solution (100 ml)<\/strong>\u00a0: Une version pratique en format voyage, id\u00e9ale pour les d\u00e9placements.<\/li>\n<\/ul>","protected":false},"featured_media":17243,"comment_status":"closed","ping_status":"closed","template":"","meta":[],"product_brand":[405],"product_cat":[75,76,263],"product_tag":[],"class_list":{"0":"post-3521","1":"product","2":"type-product","3":"status-publish","4":"has-post-thumbnail","6":"product_brand-the-ordinary","7":"product_cat-femme","8":"product_cat-soin-visage-f","9":"product_cat-the-ordinary","11":"first","12":"instock","13":"shipping-taxable","14":"purchasable","15":"product-type-simple"},"yoast_head":"<!-- This site is optimized with the Yoast SEO plugin v27.3 - https:\/\/yoast.com\/product\/yoast-seo-wordpress\/ -->\n<title>THE ORDINARY GLYCOLIC ACID SET 250ML + 100ML - Cosmetic Store<\/title>\n<meta name=\"robots\" content=\"index, follow, max-snippet:-1, max-image-preview:large, max-video-preview:-1\" \/>\n<link rel=\"canonical\" href=\"https:\/\/cosmeticstoredz.com\/ar\/product\/the-ordinary-glycolic-acid-set-250ml-100ml\/\" \/>\n<meta property=\"og:locale\" content=\"ar_AR\" \/>\n<meta property=\"og:type\" content=\"article\" \/>\n<meta property=\"og:title\" content=\"THE ORDINARY GLYCOLIC ACID SET 250ML + 100ML - Cosmetic Store\" \/>\n<meta property=\"og:description\" content=\"The Glycolic Acid Set\u00a0de The Ordinary est con\u00e7u pour offrir les bienfaits de l\u2019acide glycolique \u00e0 la fois \u00e0 la maison et en d\u00e9placement. Ce coffret contient deux tailles de la c\u00e9l\u00e8bre\u00a0Glycolic Acid 7% Toning Solution, un toner exfoliant puissant qui aide \u00e0 lisser la texture de la peau, am\u00e9liorer l\u2019\u00e9clat et unifier le teint.  Contenu du coffret :   Glycolic Acid 7% Toning Solution (240 ml)\u00a0: Une solution exfoliante pour un usage r\u00e9gulier \u00e0 domicile.  Glycolic Acid 7% Toning Solution (100 ml)\u00a0: Une version pratique en format voyage, id\u00e9ale pour les d\u00e9placements.\" \/>\n<meta property=\"og:url\" content=\"https:\/\/cosmeticstoredz.com\/ar\/product\/the-ordinary-glycolic-acid-set-250ml-100ml\/\" \/>\n<meta property=\"og:site_name\" content=\"Cosmetic Store\" \/>\n<meta property=\"article:publisher\" content=\"https:\/\/www.facebook.com\/profile.php?id=61564954260683\" \/>\n<meta property=\"article:modified_time\" content=\"2026-04-18T19:18:49+00:00\" \/>\n<meta property=\"og:image\" content=\"https:\/\/cosmeticstoredz.com\/wp-content\/uploads\/2026\/02\/CC-1020.png\" \/>\n\t<meta property=\"og:image:width\" content=\"1563\" \/>\n\t<meta property=\"og:image:height\" content=\"1563\" \/>\n\t<meta property=\"og:image:type\" content=\"image\/png\" \/>\n<meta name=\"twitter:card\" content=\"summary_large_image\" \/>\n<script type=\"application\/ld+json\" class=\"yoast-schema-graph\">{\"@context\":\"https:\\\/\\\/schema.org\",\"@graph\":[{\"@type\":\"WebPage\",\"@id\":\"https:\\\/\\\/cosmeticstoredz.com\\\/produit\\\/the-ordinary-glycolic-acid-set-250ml-100ml\\\/\",\"url\":\"https:\\\/\\\/cosmeticstoredz.com\\\/produit\\\/the-ordinary-glycolic-acid-set-250ml-100ml\\\/\",\"name\":\"THE ORDINARY GLYCOLIC ACID SET 250ML + 100ML - Cosmetic Store\",\"isPartOf\":{\"@id\":\"https:\\\/\\\/cosmeticstoredz.com\\\/#website\"},\"primaryImageOfPage\":{\"@id\":\"https:\\\/\\\/cosmeticstoredz.com\\\/produit\\\/the-ordinary-glycolic-acid-set-250ml-100ml\\\/#primaryimage\"},\"image\":{\"@id\":\"https:\\\/\\\/cosmeticstoredz.com\\\/produit\\\/the-ordinary-glycolic-acid-set-250ml-100ml\\\/#primaryimage\"},\"thumbnailUrl\":\"https:\\\/\\\/cosmeticstoredz.com\\\/wp-content\\\/uploads\\\/2026\\\/02\\\/CC-1020.png\",\"datePublished\":\"2025-06-04T18:23:41+00:00\",\"dateModified\":\"2026-04-18T19:18:49+00:00\",\"breadcrumb\":{\"@id\":\"https:\\\/\\\/cosmeticstoredz.com\\\/produit\\\/the-ordinary-glycolic-acid-set-250ml-100ml\\\/#breadcrumb\"},\"inLanguage\":\"ar\",\"potentialAction\":[{\"@type\":\"ReadAction\",\"target\":[\"https:\\\/\\\/cosmeticstoredz.com\\\/produit\\\/the-ordinary-glycolic-acid-set-250ml-100ml\\\/\"]}]},{\"@type\":\"ImageObject\",\"inLanguage\":\"ar\",\"@id\":\"https:\\\/\\\/cosmeticstoredz.com\\\/produit\\\/the-ordinary-glycolic-acid-set-250ml-100ml\\\/#primaryimage\",\"url\":\"https:\\\/\\\/cosmeticstoredz.com\\\/wp-content\\\/uploads\\\/2026\\\/02\\\/CC-1020.png\",\"contentUrl\":\"https:\\\/\\\/cosmeticstoredz.com\\\/wp-content\\\/uploads\\\/2026\\\/02\\\/CC-1020.png\",\"width\":1563,\"height\":1563},{\"@type\":\"BreadcrumbList\",\"@id\":\"https:\\\/\\\/cosmeticstoredz.com\\\/produit\\\/the-ordinary-glycolic-acid-set-250ml-100ml\\\/#breadcrumb\",\"itemListElement\":[{\"@type\":\"ListItem\",\"position\":1,\"name\":\"Accueil\",\"item\":\"https:\\\/\\\/cosmeticstoredz.com\\\/\"},{\"@type\":\"ListItem\",\"position\":2,\"name\":\"Boutique\",\"item\":\"https:\\\/\\\/cosmeticstoredz.com\\\/boutique\\\/\"},{\"@type\":\"ListItem\",\"position\":3,\"name\":\"THE ORDINARY GLYCOLIC ACID SET 250ML + 100ML\"}]},{\"@type\":\"WebSite\",\"@id\":\"https:\\\/\\\/cosmeticstoredz.com\\\/#website\",\"url\":\"https:\\\/\\\/cosmeticstoredz.com\\\/\",\"name\":\"Cosmetic Store\",\"description\":\"\",\"publisher\":{\"@id\":\"https:\\\/\\\/cosmeticstoredz.com\\\/#organization\"},\"potentialAction\":[{\"@type\":\"SearchAction\",\"target\":{\"@type\":\"EntryPoint\",\"urlTemplate\":\"https:\\\/\\\/cosmeticstoredz.com\\\/?s={search_term_string}\"},\"query-input\":{\"@type\":\"PropertyValueSpecification\",\"valueRequired\":true,\"valueName\":\"search_term_string\"}}],\"inLanguage\":\"ar\"},{\"@type\":\"Organization\",\"@id\":\"https:\\\/\\\/cosmeticstoredz.com\\\/#organization\",\"name\":\"Cosmetic Store\",\"url\":\"https:\\\/\\\/cosmeticstoredz.com\\\/\",\"logo\":{\"@type\":\"ImageObject\",\"inLanguage\":\"ar\",\"@id\":\"https:\\\/\\\/cosmeticstoredz.com\\\/#\\\/schema\\\/logo\\\/image\\\/\",\"url\":\"https:\\\/\\\/cosmeticstoredz.com\\\/wp-content\\\/uploads\\\/2026\\\/02\\\/cropped-LOGO_CS-512x512-1-1-e1771275285345.webp\",\"contentUrl\":\"https:\\\/\\\/cosmeticstoredz.com\\\/wp-content\\\/uploads\\\/2026\\\/02\\\/cropped-LOGO_CS-512x512-1-1-e1771275285345.webp\",\"width\":265,\"height\":319,\"caption\":\"Cosmetic Store\"},\"image\":{\"@id\":\"https:\\\/\\\/cosmeticstoredz.com\\\/#\\\/schema\\\/logo\\\/image\\\/\"},\"sameAs\":[\"https:\\\/\\\/www.facebook.com\\\/profile.php?id=61564954260683\",\"https:\\\/\\\/www.instagram.com\\\/cosmetic.storedz\\\/\"]}]}<\/script>\n<!-- \/ Yoast SEO plugin. -->","yoast_head_json":{"title":"THE ORDINARY GLYCOLIC ACID SET 250ML + 100ML - Cosmetic Store","robots":{"index":"index","follow":"follow","max-snippet":"max-snippet:-1","max-image-preview":"max-image-preview:large","max-video-preview":"max-video-preview:-1"},"canonical":"https:\/\/cosmeticstoredz.com\/ar\/product\/the-ordinary-glycolic-acid-set-250ml-100ml\/","og_locale":"ar_AR","og_type":"article","og_title":"THE ORDINARY GLYCOLIC ACID SET 250ML + 100ML - Cosmetic Store","og_description":"The Glycolic Acid Set\u00a0de The Ordinary est con\u00e7u pour offrir les bienfaits de l\u2019acide glycolique \u00e0 la fois \u00e0 la maison et en d\u00e9placement. Ce coffret contient deux tailles de la c\u00e9l\u00e8bre\u00a0Glycolic Acid 7% Toning Solution, un toner exfoliant puissant qui aide \u00e0 lisser la texture de la peau, am\u00e9liorer l\u2019\u00e9clat et unifier le teint.  Contenu du coffret :   Glycolic Acid 7% Toning Solution (240 ml)\u00a0: Une solution exfoliante pour un usage r\u00e9gulier \u00e0 domicile.  Glycolic Acid 7% Toning Solution (100 ml)\u00a0: Une version pratique en format voyage, id\u00e9ale pour les d\u00e9placements.","og_url":"https:\/\/cosmeticstoredz.com\/ar\/product\/the-ordinary-glycolic-acid-set-250ml-100ml\/","og_site_name":"Cosmetic Store","article_publisher":"https:\/\/www.facebook.com\/profile.php?id=61564954260683","article_modified_time":"2026-04-18T19:18:49+00:00","og_image":[{"width":1563,"height":1563,"url":"https:\/\/cosmeticstoredz.com\/wp-content\/uploads\/2026\/02\/CC-1020.png","type":"image\/png"}],"twitter_card":"summary_large_image","schema":{"@context":"https:\/\/schema.org","@graph":[{"@type":"WebPage","@id":"https:\/\/cosmeticstoredz.com\/produit\/the-ordinary-glycolic-acid-set-250ml-100ml\/","url":"https:\/\/cosmeticstoredz.com\/produit\/the-ordinary-glycolic-acid-set-250ml-100ml\/","name":"THE ORDINARY GLYCOLIC ACID SET 250ML + 100ML - Cosmetic Store","isPartOf":{"@id":"https:\/\/cosmeticstoredz.com\/#website"},"primaryImageOfPage":{"@id":"https:\/\/cosmeticstoredz.com\/produit\/the-ordinary-glycolic-acid-set-250ml-100ml\/#primaryimage"},"image":{"@id":"https:\/\/cosmeticstoredz.com\/produit\/the-ordinary-glycolic-acid-set-250ml-100ml\/#primaryimage"},"thumbnailUrl":"https:\/\/cosmeticstoredz.com\/wp-content\/uploads\/2026\/02\/CC-1020.png","datePublished":"2025-06-04T18:23:41+00:00","dateModified":"2026-04-18T19:18:49+00:00","breadcrumb":{"@id":"https:\/\/cosmeticstoredz.com\/produit\/the-ordinary-glycolic-acid-set-250ml-100ml\/#breadcrumb"},"inLanguage":"ar","potentialAction":[{"@type":"ReadAction","target":["https:\/\/cosmeticstoredz.com\/produit\/the-ordinary-glycolic-acid-set-250ml-100ml\/"]}]},{"@type":"ImageObject","inLanguage":"ar","@id":"https:\/\/cosmeticstoredz.com\/produit\/the-ordinary-glycolic-acid-set-250ml-100ml\/#primaryimage","url":"https:\/\/cosmeticstoredz.com\/wp-content\/uploads\/2026\/02\/CC-1020.png","contentUrl":"https:\/\/cosmeticstoredz.com\/wp-content\/uploads\/2026\/02\/CC-1020.png","width":1563,"height":1563},{"@type":"BreadcrumbList","@id":"https:\/\/cosmeticstoredz.com\/produit\/the-ordinary-glycolic-acid-set-250ml-100ml\/#breadcrumb","itemListElement":[{"@type":"ListItem","position":1,"name":"Accueil","item":"https:\/\/cosmeticstoredz.com\/"},{"@type":"ListItem","position":2,"name":"Boutique","item":"https:\/\/cosmeticstoredz.com\/boutique\/"},{"@type":"ListItem","position":3,"name":"THE ORDINARY GLYCOLIC ACID SET 250ML + 100ML"}]},{"@type":"WebSite","@id":"https:\/\/cosmeticstoredz.com\/#website","url":"https:\/\/cosmeticstoredz.com\/","name":"Cosmetic Store","description":"","publisher":{"@id":"https:\/\/cosmeticstoredz.com\/#organization"},"potentialAction":[{"@type":"SearchAction","target":{"@type":"EntryPoint","urlTemplate":"https:\/\/cosmeticstoredz.com\/?s={search_term_string}"},"query-input":{"@type":"PropertyValueSpecification","valueRequired":true,"valueName":"search_term_string"}}],"inLanguage":"ar"},{"@type":"Organization","@id":"https:\/\/cosmeticstoredz.com\/#organization","name":"Cosmetic Store","url":"https:\/\/cosmeticstoredz.com\/","logo":{"@type":"ImageObject","inLanguage":"ar","@id":"https:\/\/cosmeticstoredz.com\/#\/schema\/logo\/image\/","url":"https:\/\/cosmeticstoredz.com\/wp-content\/uploads\/2026\/02\/cropped-LOGO_CS-512x512-1-1-e1771275285345.webp","contentUrl":"https:\/\/cosmeticstoredz.com\/wp-content\/uploads\/2026\/02\/cropped-LOGO_CS-512x512-1-1-e1771275285345.webp","width":265,"height":319,"caption":"Cosmetic Store"},"image":{"@id":"https:\/\/cosmeticstoredz.com\/#\/schema\/logo\/image\/"},"sameAs":["https:\/\/www.facebook.com\/profile.php?id=61564954260683","https:\/\/www.instagram.com\/cosmetic.storedz\/"]}]}},"_links":{"self":[{"href":"https:\/\/cosmeticstoredz.com\/ar\/wp-json\/wp\/v2\/product\/3521","targetHints":{"allow":["GET"]}}],"collection":[{"href":"https:\/\/cosmeticstoredz.com\/ar\/wp-json\/wp\/v2\/product"}],"about":[{"href":"https:\/\/cosmeticstoredz.com\/ar\/wp-json\/wp\/v2\/types\/product"}],"replies":[{"embeddable":true,"href":"https:\/\/cosmeticstoredz.com\/ar\/wp-json\/wp\/v2\/comments?post=3521"}],"version-history":[{"count":1,"href":"https:\/\/cosmeticstoredz.com\/ar\/wp-json\/wp\/v2\/product\/3521\/revisions"}],"predecessor-version":[{"id":17244,"href":"https:\/\/cosmeticstoredz.com\/ar\/wp-json\/wp\/v2\/product\/3521\/revisions\/17244"}],"wp:featuredmedia":[{"embeddable":true,"href":"https:\/\/cosmeticstoredz.com\/ar\/wp-json\/wp\/v2\/media\/17243"}],"wp:attachment":[{"href":"https:\/\/cosmeticstoredz.com\/ar\/wp-json\/wp\/v2\/media?parent=3521"}],"wp:term":[{"taxonomy":"product_brand","embeddable":true,"href":"https:\/\/cosmeticstoredz.com\/ar\/wp-json\/wp\/v2\/product_brand?post=3521"},{"taxonomy":"product_cat","embeddable":true,"href":"https:\/\/cosmeticstoredz.com\/ar\/wp-json\/wp\/v2\/product_cat?post=3521"},{"taxonomy":"product_tag","embeddable":true,"href":"https:\/\/cosmeticstoredz.com\/ar\/wp-json\/wp\/v2\/product_tag?post=3521"}],"curies":[{"name":"wp","href":"https:\/\/api.w.org\/{rel}","templated":true}]}}