{"id":3520,"date":"2025-06-04T18:23:41","date_gmt":"2025-06-04T18:23:41","guid":{"rendered":"https:\/\/test.fitnessworldgym27.com\/?post_type=product&#038;p=3520"},"modified":"2026-04-18T19:18:50","modified_gmt":"2026-04-18T19:18:50","slug":"the-ordinary-glycolis-acid-7-exfoliating-toner-100ml","status":"publish","type":"product","link":"https:\/\/cosmeticstoredz.com\/ar\/product\/the-ordinary-glycolis-acid-7-exfoliating-toner-100ml\/","title":{"rendered":"THE ORDINARY GLYCOLIS ACID 7% EXFOLIATING TONER 100ML"},"content":{"rendered":"","protected":false},"excerpt":{"rendered":"<div class=\"row align-items-center\">\n<div class=\"col-12\">\n<p>Le tonique exfoliant \u00e0 l&rsquo;acide glycolique \u00e0 7 % (anciennement solution tonique \u00e0 l&rsquo;acide glycolique \u00e0 7 %) est un exfoliant qui lisse consid\u00e9rablement la texture de la peau et favorise l&rsquo;apparence d&rsquo;un teint plus uniforme, ainsi que d&rsquo;une peau plus lumineuse, avec une utilisation r\u00e9guli\u00e8re. Il r\u00e9duit \u00e9galement l&rsquo;apparence des rides et des ridules. Le format de tonique \u00e0 base d&rsquo;eau est adapt\u00e9 \u00e0 une utilisation quotidienne.<\/p>\n<\/div>\n<\/div>\n<div class=\"col-12 row align-items-center\"><\/div>","protected":false},"featured_media":17240,"comment_status":"closed","ping_status":"closed","template":"","meta":[],"product_brand":[405],"product_cat":[75,88,76,263],"product_tag":[],"class_list":{"0":"post-3520","1":"product","2":"type-product","3":"status-publish","4":"has-post-thumbnail","6":"product_brand-the-ordinary","7":"product_cat-femme","8":"product_cat-gel-nettoyant-f","9":"product_cat-soin-visage-f","10":"product_cat-the-ordinary","12":"first","13":"outofstock","14":"shipping-taxable","15":"purchasable","16":"product-type-simple"},"yoast_head":"<!-- This site is optimized with the Yoast SEO plugin v27.3 - https:\/\/yoast.com\/product\/yoast-seo-wordpress\/ -->\n<title>THE ORDINARY GLYCOLIS ACID 7% EXFOLIATING TONER 100ML - Cosmetic Store<\/title>\n<meta name=\"robots\" content=\"index, follow, max-snippet:-1, max-image-preview:large, max-video-preview:-1\" \/>\n<link rel=\"canonical\" href=\"https:\/\/cosmeticstoredz.com\/ar\/product\/the-ordinary-glycolis-acid-7-exfoliating-toner-100ml\/\" \/>\n<meta property=\"og:locale\" content=\"ar_AR\" \/>\n<meta property=\"og:type\" content=\"article\" \/>\n<meta property=\"og:title\" content=\"THE ORDINARY GLYCOLIS ACID 7% EXFOLIATING TONER 100ML - Cosmetic Store\" \/>\n<meta property=\"og:description\" content=\"Le tonique exfoliant \u00e0 l&#039;acide glycolique \u00e0 7 % (anciennement solution tonique \u00e0 l&#039;acide glycolique \u00e0 7 %) est un exfoliant qui lisse consid\u00e9rablement la texture de la peau et favorise l&#039;apparence d&#039;un teint plus uniforme, ainsi que d&#039;une peau plus lumineuse, avec une utilisation r\u00e9guli\u00e8re. Il r\u00e9duit \u00e9galement l&#039;apparence des rides et des ridules. Le format de tonique \u00e0 base d&#039;eau est adapt\u00e9 \u00e0 une utilisation quotidienne.\" \/>\n<meta property=\"og:url\" content=\"https:\/\/cosmeticstoredz.com\/ar\/product\/the-ordinary-glycolis-acid-7-exfoliating-toner-100ml\/\" \/>\n<meta property=\"og:site_name\" content=\"Cosmetic Store\" \/>\n<meta property=\"article:publisher\" content=\"https:\/\/www.facebook.com\/profile.php?id=61564954260683\" \/>\n<meta property=\"article:modified_time\" content=\"2026-04-18T19:18:50+00:00\" \/>\n<meta property=\"og:image\" content=\"https:\/\/cosmeticstoredz.com\/wp-content\/uploads\/2026\/02\/CC-1021.png\" \/>\n\t<meta property=\"og:image:width\" content=\"1563\" \/>\n\t<meta property=\"og:image:height\" content=\"1563\" \/>\n\t<meta property=\"og:image:type\" content=\"image\/png\" \/>\n<meta name=\"twitter:card\" content=\"summary_large_image\" \/>\n<script type=\"application\/ld+json\" class=\"yoast-schema-graph\">{\"@context\":\"https:\\\/\\\/schema.org\",\"@graph\":[{\"@type\":\"WebPage\",\"@id\":\"https:\\\/\\\/cosmeticstoredz.com\\\/produit\\\/the-ordinary-glycolis-acid-7-exfoliating-toner-100ml\\\/\",\"url\":\"https:\\\/\\\/cosmeticstoredz.com\\\/produit\\\/the-ordinary-glycolis-acid-7-exfoliating-toner-100ml\\\/\",\"name\":\"THE ORDINARY GLYCOLIS ACID 7% EXFOLIATING TONER 100ML - Cosmetic Store\",\"isPartOf\":{\"@id\":\"https:\\\/\\\/cosmeticstoredz.com\\\/#website\"},\"primaryImageOfPage\":{\"@id\":\"https:\\\/\\\/cosmeticstoredz.com\\\/produit\\\/the-ordinary-glycolis-acid-7-exfoliating-toner-100ml\\\/#primaryimage\"},\"image\":{\"@id\":\"https:\\\/\\\/cosmeticstoredz.com\\\/produit\\\/the-ordinary-glycolis-acid-7-exfoliating-toner-100ml\\\/#primaryimage\"},\"thumbnailUrl\":\"https:\\\/\\\/cosmeticstoredz.com\\\/wp-content\\\/uploads\\\/2026\\\/02\\\/CC-1021.png\",\"datePublished\":\"2025-06-04T18:23:41+00:00\",\"dateModified\":\"2026-04-18T19:18:50+00:00\",\"breadcrumb\":{\"@id\":\"https:\\\/\\\/cosmeticstoredz.com\\\/produit\\\/the-ordinary-glycolis-acid-7-exfoliating-toner-100ml\\\/#breadcrumb\"},\"inLanguage\":\"ar\",\"potentialAction\":[{\"@type\":\"ReadAction\",\"target\":[\"https:\\\/\\\/cosmeticstoredz.com\\\/produit\\\/the-ordinary-glycolis-acid-7-exfoliating-toner-100ml\\\/\"]}]},{\"@type\":\"ImageObject\",\"inLanguage\":\"ar\",\"@id\":\"https:\\\/\\\/cosmeticstoredz.com\\\/produit\\\/the-ordinary-glycolis-acid-7-exfoliating-toner-100ml\\\/#primaryimage\",\"url\":\"https:\\\/\\\/cosmeticstoredz.com\\\/wp-content\\\/uploads\\\/2026\\\/02\\\/CC-1021.png\",\"contentUrl\":\"https:\\\/\\\/cosmeticstoredz.com\\\/wp-content\\\/uploads\\\/2026\\\/02\\\/CC-1021.png\",\"width\":1563,\"height\":1563},{\"@type\":\"BreadcrumbList\",\"@id\":\"https:\\\/\\\/cosmeticstoredz.com\\\/produit\\\/the-ordinary-glycolis-acid-7-exfoliating-toner-100ml\\\/#breadcrumb\",\"itemListElement\":[{\"@type\":\"ListItem\",\"position\":1,\"name\":\"Accueil\",\"item\":\"https:\\\/\\\/cosmeticstoredz.com\\\/\"},{\"@type\":\"ListItem\",\"position\":2,\"name\":\"Boutique\",\"item\":\"https:\\\/\\\/cosmeticstoredz.com\\\/boutique\\\/\"},{\"@type\":\"ListItem\",\"position\":3,\"name\":\"THE ORDINARY GLYCOLIS ACID 7% EXFOLIATING TONER 100ML\"}]},{\"@type\":\"WebSite\",\"@id\":\"https:\\\/\\\/cosmeticstoredz.com\\\/#website\",\"url\":\"https:\\\/\\\/cosmeticstoredz.com\\\/\",\"name\":\"Cosmetic Store\",\"description\":\"\",\"publisher\":{\"@id\":\"https:\\\/\\\/cosmeticstoredz.com\\\/#organization\"},\"potentialAction\":[{\"@type\":\"SearchAction\",\"target\":{\"@type\":\"EntryPoint\",\"urlTemplate\":\"https:\\\/\\\/cosmeticstoredz.com\\\/?s={search_term_string}\"},\"query-input\":{\"@type\":\"PropertyValueSpecification\",\"valueRequired\":true,\"valueName\":\"search_term_string\"}}],\"inLanguage\":\"ar\"},{\"@type\":\"Organization\",\"@id\":\"https:\\\/\\\/cosmeticstoredz.com\\\/#organization\",\"name\":\"Cosmetic Store\",\"url\":\"https:\\\/\\\/cosmeticstoredz.com\\\/\",\"logo\":{\"@type\":\"ImageObject\",\"inLanguage\":\"ar\",\"@id\":\"https:\\\/\\\/cosmeticstoredz.com\\\/#\\\/schema\\\/logo\\\/image\\\/\",\"url\":\"https:\\\/\\\/cosmeticstoredz.com\\\/wp-content\\\/uploads\\\/2026\\\/02\\\/cropped-LOGO_CS-512x512-1-1-e1771275285345.webp\",\"contentUrl\":\"https:\\\/\\\/cosmeticstoredz.com\\\/wp-content\\\/uploads\\\/2026\\\/02\\\/cropped-LOGO_CS-512x512-1-1-e1771275285345.webp\",\"width\":265,\"height\":319,\"caption\":\"Cosmetic Store\"},\"image\":{\"@id\":\"https:\\\/\\\/cosmeticstoredz.com\\\/#\\\/schema\\\/logo\\\/image\\\/\"},\"sameAs\":[\"https:\\\/\\\/www.facebook.com\\\/profile.php?id=61564954260683\",\"https:\\\/\\\/www.instagram.com\\\/cosmetic.storedz\\\/\"]}]}<\/script>\n<!-- \/ Yoast SEO plugin. -->","yoast_head_json":{"title":"THE ORDINARY GLYCOLIS ACID 7% EXFOLIATING TONER 100ML - Cosmetic Store","robots":{"index":"index","follow":"follow","max-snippet":"max-snippet:-1","max-image-preview":"max-image-preview:large","max-video-preview":"max-video-preview:-1"},"canonical":"https:\/\/cosmeticstoredz.com\/ar\/product\/the-ordinary-glycolis-acid-7-exfoliating-toner-100ml\/","og_locale":"ar_AR","og_type":"article","og_title":"THE ORDINARY GLYCOLIS ACID 7% EXFOLIATING TONER 100ML - Cosmetic Store","og_description":"Le tonique exfoliant \u00e0 l'acide glycolique \u00e0 7 % (anciennement solution tonique \u00e0 l'acide glycolique \u00e0 7 %) est un exfoliant qui lisse consid\u00e9rablement la texture de la peau et favorise l'apparence d'un teint plus uniforme, ainsi que d'une peau plus lumineuse, avec une utilisation r\u00e9guli\u00e8re. Il r\u00e9duit \u00e9galement l'apparence des rides et des ridules. Le format de tonique \u00e0 base d'eau est adapt\u00e9 \u00e0 une utilisation quotidienne.","og_url":"https:\/\/cosmeticstoredz.com\/ar\/product\/the-ordinary-glycolis-acid-7-exfoliating-toner-100ml\/","og_site_name":"Cosmetic Store","article_publisher":"https:\/\/www.facebook.com\/profile.php?id=61564954260683","article_modified_time":"2026-04-18T19:18:50+00:00","og_image":[{"width":1563,"height":1563,"url":"https:\/\/cosmeticstoredz.com\/wp-content\/uploads\/2026\/02\/CC-1021.png","type":"image\/png"}],"twitter_card":"summary_large_image","schema":{"@context":"https:\/\/schema.org","@graph":[{"@type":"WebPage","@id":"https:\/\/cosmeticstoredz.com\/produit\/the-ordinary-glycolis-acid-7-exfoliating-toner-100ml\/","url":"https:\/\/cosmeticstoredz.com\/produit\/the-ordinary-glycolis-acid-7-exfoliating-toner-100ml\/","name":"THE ORDINARY GLYCOLIS ACID 7% EXFOLIATING TONER 100ML - Cosmetic Store","isPartOf":{"@id":"https:\/\/cosmeticstoredz.com\/#website"},"primaryImageOfPage":{"@id":"https:\/\/cosmeticstoredz.com\/produit\/the-ordinary-glycolis-acid-7-exfoliating-toner-100ml\/#primaryimage"},"image":{"@id":"https:\/\/cosmeticstoredz.com\/produit\/the-ordinary-glycolis-acid-7-exfoliating-toner-100ml\/#primaryimage"},"thumbnailUrl":"https:\/\/cosmeticstoredz.com\/wp-content\/uploads\/2026\/02\/CC-1021.png","datePublished":"2025-06-04T18:23:41+00:00","dateModified":"2026-04-18T19:18:50+00:00","breadcrumb":{"@id":"https:\/\/cosmeticstoredz.com\/produit\/the-ordinary-glycolis-acid-7-exfoliating-toner-100ml\/#breadcrumb"},"inLanguage":"ar","potentialAction":[{"@type":"ReadAction","target":["https:\/\/cosmeticstoredz.com\/produit\/the-ordinary-glycolis-acid-7-exfoliating-toner-100ml\/"]}]},{"@type":"ImageObject","inLanguage":"ar","@id":"https:\/\/cosmeticstoredz.com\/produit\/the-ordinary-glycolis-acid-7-exfoliating-toner-100ml\/#primaryimage","url":"https:\/\/cosmeticstoredz.com\/wp-content\/uploads\/2026\/02\/CC-1021.png","contentUrl":"https:\/\/cosmeticstoredz.com\/wp-content\/uploads\/2026\/02\/CC-1021.png","width":1563,"height":1563},{"@type":"BreadcrumbList","@id":"https:\/\/cosmeticstoredz.com\/produit\/the-ordinary-glycolis-acid-7-exfoliating-toner-100ml\/#breadcrumb","itemListElement":[{"@type":"ListItem","position":1,"name":"Accueil","item":"https:\/\/cosmeticstoredz.com\/"},{"@type":"ListItem","position":2,"name":"Boutique","item":"https:\/\/cosmeticstoredz.com\/boutique\/"},{"@type":"ListItem","position":3,"name":"THE ORDINARY GLYCOLIS ACID 7% EXFOLIATING TONER 100ML"}]},{"@type":"WebSite","@id":"https:\/\/cosmeticstoredz.com\/#website","url":"https:\/\/cosmeticstoredz.com\/","name":"Cosmetic Store","description":"","publisher":{"@id":"https:\/\/cosmeticstoredz.com\/#organization"},"potentialAction":[{"@type":"SearchAction","target":{"@type":"EntryPoint","urlTemplate":"https:\/\/cosmeticstoredz.com\/?s={search_term_string}"},"query-input":{"@type":"PropertyValueSpecification","valueRequired":true,"valueName":"search_term_string"}}],"inLanguage":"ar"},{"@type":"Organization","@id":"https:\/\/cosmeticstoredz.com\/#organization","name":"Cosmetic Store","url":"https:\/\/cosmeticstoredz.com\/","logo":{"@type":"ImageObject","inLanguage":"ar","@id":"https:\/\/cosmeticstoredz.com\/#\/schema\/logo\/image\/","url":"https:\/\/cosmeticstoredz.com\/wp-content\/uploads\/2026\/02\/cropped-LOGO_CS-512x512-1-1-e1771275285345.webp","contentUrl":"https:\/\/cosmeticstoredz.com\/wp-content\/uploads\/2026\/02\/cropped-LOGO_CS-512x512-1-1-e1771275285345.webp","width":265,"height":319,"caption":"Cosmetic Store"},"image":{"@id":"https:\/\/cosmeticstoredz.com\/#\/schema\/logo\/image\/"},"sameAs":["https:\/\/www.facebook.com\/profile.php?id=61564954260683","https:\/\/www.instagram.com\/cosmetic.storedz\/"]}]}},"_links":{"self":[{"href":"https:\/\/cosmeticstoredz.com\/ar\/wp-json\/wp\/v2\/product\/3520","targetHints":{"allow":["GET"]}}],"collection":[{"href":"https:\/\/cosmeticstoredz.com\/ar\/wp-json\/wp\/v2\/product"}],"about":[{"href":"https:\/\/cosmeticstoredz.com\/ar\/wp-json\/wp\/v2\/types\/product"}],"replies":[{"embeddable":true,"href":"https:\/\/cosmeticstoredz.com\/ar\/wp-json\/wp\/v2\/comments?post=3520"}],"version-history":[{"count":1,"href":"https:\/\/cosmeticstoredz.com\/ar\/wp-json\/wp\/v2\/product\/3520\/revisions"}],"predecessor-version":[{"id":17242,"href":"https:\/\/cosmeticstoredz.com\/ar\/wp-json\/wp\/v2\/product\/3520\/revisions\/17242"}],"wp:featuredmedia":[{"embeddable":true,"href":"https:\/\/cosmeticstoredz.com\/ar\/wp-json\/wp\/v2\/media\/17240"}],"wp:attachment":[{"href":"https:\/\/cosmeticstoredz.com\/ar\/wp-json\/wp\/v2\/media?parent=3520"}],"wp:term":[{"taxonomy":"product_brand","embeddable":true,"href":"https:\/\/cosmeticstoredz.com\/ar\/wp-json\/wp\/v2\/product_brand?post=3520"},{"taxonomy":"product_cat","embeddable":true,"href":"https:\/\/cosmeticstoredz.com\/ar\/wp-json\/wp\/v2\/product_cat?post=3520"},{"taxonomy":"product_tag","embeddable":true,"href":"https:\/\/cosmeticstoredz.com\/ar\/wp-json\/wp\/v2\/product_tag?post=3520"}],"curies":[{"name":"wp","href":"https:\/\/api.w.org\/{rel}","templated":true}]}}