{"id":3518,"date":"2025-06-04T18:23:40","date_gmt":"2025-06-04T18:23:40","guid":{"rendered":"https:\/\/test.fitnessworldgym27.com\/?post_type=product&#038;p=3518"},"modified":"2026-04-18T19:18:51","modified_gmt":"2026-04-18T19:18:51","slug":"the-ordinary-peeling-solution-aha-30-bha-2","status":"publish","type":"product","link":"https:\/\/cosmeticstoredz.com\/ar\/product\/the-ordinary-peeling-solution-aha-30-bha-2\/","title":{"rendered":"THE ORDINARY PEELING SOLUTION AHA 30% + BHA 2%"},"content":{"rendered":"","protected":false},"excerpt":{"rendered":"<ul class=\"product-points\">\n<li>AHA 30% + BHA 2% Peeling Solution de The Ordinary<\/li>\n<li>Exfoliation plus profonde pour lutter contre les signes de congestion des pores<\/li>\n<li>Am\u00e9liore l&rsquo;\u00e9clat et la texture de la peau<\/li>\n<li>R\u00e9duit l&rsquo;apparence des lignes fines<\/li>\n<li>Formulation douce pour une application douce<\/li>\n<li>Efficace pour am\u00e9liorer l&rsquo;apparence g\u00e9n\u00e9rale de la peau<\/li>\n<\/ul>","protected":false},"featured_media":0,"comment_status":"closed","ping_status":"closed","template":"","meta":[],"product_brand":[405],"product_cat":[75,77,76,263],"product_tag":[],"class_list":{"0":"post-3518","1":"product","2":"type-product","3":"status-publish","5":"product_brand-the-ordinary","6":"product_cat-femme","7":"product_cat-serum-fv","8":"product_cat-soin-visage-f","9":"product_cat-the-ordinary","11":"first","12":"outofstock","13":"shipping-taxable","14":"purchasable","15":"product-type-simple"},"yoast_head":"<!-- This site is optimized with the Yoast SEO plugin v27.3 - https:\/\/yoast.com\/product\/yoast-seo-wordpress\/ -->\n<title>THE ORDINARY PEELING SOLUTION AHA 30% + BHA 2% - Cosmetic Store<\/title>\n<meta name=\"robots\" content=\"index, follow, max-snippet:-1, max-image-preview:large, max-video-preview:-1\" \/>\n<link rel=\"canonical\" href=\"https:\/\/cosmeticstoredz.com\/ar\/product\/the-ordinary-peeling-solution-aha-30-bha-2\/\" \/>\n<meta property=\"og:locale\" content=\"ar_AR\" \/>\n<meta property=\"og:type\" content=\"article\" \/>\n<meta property=\"og:title\" content=\"THE ORDINARY PEELING SOLUTION AHA 30% + BHA 2% - Cosmetic Store\" \/>\n<meta property=\"og:description\" content=\"AHA 30% + BHA 2% Peeling Solution de The Ordinary  Exfoliation plus profonde pour lutter contre les signes de congestion des pores  Am\u00e9liore l&#039;\u00e9clat et la texture de la peau  R\u00e9duit l&#039;apparence des lignes fines  Formulation douce pour une application douce  Efficace pour am\u00e9liorer l&#039;apparence g\u00e9n\u00e9rale de la peau\" \/>\n<meta property=\"og:url\" content=\"https:\/\/cosmeticstoredz.com\/ar\/product\/the-ordinary-peeling-solution-aha-30-bha-2\/\" \/>\n<meta property=\"og:site_name\" content=\"Cosmetic Store\" \/>\n<meta property=\"article:publisher\" content=\"https:\/\/www.facebook.com\/profile.php?id=61564954260683\" \/>\n<meta property=\"article:modified_time\" content=\"2026-04-18T19:18:51+00:00\" \/>\n<meta name=\"twitter:card\" content=\"summary_large_image\" \/>\n<script type=\"application\/ld+json\" class=\"yoast-schema-graph\">{\"@context\":\"https:\\\/\\\/schema.org\",\"@graph\":[{\"@type\":\"WebPage\",\"@id\":\"https:\\\/\\\/cosmeticstoredz.com\\\/produit\\\/the-ordinary-peeling-solution-aha-30-bha-2\\\/\",\"url\":\"https:\\\/\\\/cosmeticstoredz.com\\\/produit\\\/the-ordinary-peeling-solution-aha-30-bha-2\\\/\",\"name\":\"THE ORDINARY PEELING SOLUTION AHA 30% + BHA 2% - Cosmetic Store\",\"isPartOf\":{\"@id\":\"https:\\\/\\\/cosmeticstoredz.com\\\/#website\"},\"datePublished\":\"2025-06-04T18:23:40+00:00\",\"dateModified\":\"2026-04-18T19:18:51+00:00\",\"breadcrumb\":{\"@id\":\"https:\\\/\\\/cosmeticstoredz.com\\\/produit\\\/the-ordinary-peeling-solution-aha-30-bha-2\\\/#breadcrumb\"},\"inLanguage\":\"ar\",\"potentialAction\":[{\"@type\":\"ReadAction\",\"target\":[\"https:\\\/\\\/cosmeticstoredz.com\\\/produit\\\/the-ordinary-peeling-solution-aha-30-bha-2\\\/\"]}]},{\"@type\":\"BreadcrumbList\",\"@id\":\"https:\\\/\\\/cosmeticstoredz.com\\\/produit\\\/the-ordinary-peeling-solution-aha-30-bha-2\\\/#breadcrumb\",\"itemListElement\":[{\"@type\":\"ListItem\",\"position\":1,\"name\":\"Accueil\",\"item\":\"https:\\\/\\\/cosmeticstoredz.com\\\/\"},{\"@type\":\"ListItem\",\"position\":2,\"name\":\"Boutique\",\"item\":\"https:\\\/\\\/cosmeticstoredz.com\\\/boutique\\\/\"},{\"@type\":\"ListItem\",\"position\":3,\"name\":\"THE ORDINARY PEELING SOLUTION AHA 30% + BHA 2%\"}]},{\"@type\":\"WebSite\",\"@id\":\"https:\\\/\\\/cosmeticstoredz.com\\\/#website\",\"url\":\"https:\\\/\\\/cosmeticstoredz.com\\\/\",\"name\":\"Cosmetic Store\",\"description\":\"\",\"publisher\":{\"@id\":\"https:\\\/\\\/cosmeticstoredz.com\\\/#organization\"},\"potentialAction\":[{\"@type\":\"SearchAction\",\"target\":{\"@type\":\"EntryPoint\",\"urlTemplate\":\"https:\\\/\\\/cosmeticstoredz.com\\\/?s={search_term_string}\"},\"query-input\":{\"@type\":\"PropertyValueSpecification\",\"valueRequired\":true,\"valueName\":\"search_term_string\"}}],\"inLanguage\":\"ar\"},{\"@type\":\"Organization\",\"@id\":\"https:\\\/\\\/cosmeticstoredz.com\\\/#organization\",\"name\":\"Cosmetic Store\",\"url\":\"https:\\\/\\\/cosmeticstoredz.com\\\/\",\"logo\":{\"@type\":\"ImageObject\",\"inLanguage\":\"ar\",\"@id\":\"https:\\\/\\\/cosmeticstoredz.com\\\/#\\\/schema\\\/logo\\\/image\\\/\",\"url\":\"https:\\\/\\\/cosmeticstoredz.com\\\/wp-content\\\/uploads\\\/2026\\\/02\\\/cropped-LOGO_CS-512x512-1-1-e1771275285345.webp\",\"contentUrl\":\"https:\\\/\\\/cosmeticstoredz.com\\\/wp-content\\\/uploads\\\/2026\\\/02\\\/cropped-LOGO_CS-512x512-1-1-e1771275285345.webp\",\"width\":265,\"height\":319,\"caption\":\"Cosmetic Store\"},\"image\":{\"@id\":\"https:\\\/\\\/cosmeticstoredz.com\\\/#\\\/schema\\\/logo\\\/image\\\/\"},\"sameAs\":[\"https:\\\/\\\/www.facebook.com\\\/profile.php?id=61564954260683\",\"https:\\\/\\\/www.instagram.com\\\/cosmetic.storedz\\\/\"]}]}<\/script>\n<!-- \/ Yoast SEO plugin. -->","yoast_head_json":{"title":"THE ORDINARY PEELING SOLUTION AHA 30% + BHA 2% - Cosmetic Store","robots":{"index":"index","follow":"follow","max-snippet":"max-snippet:-1","max-image-preview":"max-image-preview:large","max-video-preview":"max-video-preview:-1"},"canonical":"https:\/\/cosmeticstoredz.com\/ar\/product\/the-ordinary-peeling-solution-aha-30-bha-2\/","og_locale":"ar_AR","og_type":"article","og_title":"THE ORDINARY PEELING SOLUTION AHA 30% + BHA 2% - Cosmetic Store","og_description":"AHA 30% + BHA 2% Peeling Solution de The Ordinary  Exfoliation plus profonde pour lutter contre les signes de congestion des pores  Am\u00e9liore l'\u00e9clat et la texture de la peau  R\u00e9duit l'apparence des lignes fines  Formulation douce pour une application douce  Efficace pour am\u00e9liorer l'apparence g\u00e9n\u00e9rale de la peau","og_url":"https:\/\/cosmeticstoredz.com\/ar\/product\/the-ordinary-peeling-solution-aha-30-bha-2\/","og_site_name":"Cosmetic Store","article_publisher":"https:\/\/www.facebook.com\/profile.php?id=61564954260683","article_modified_time":"2026-04-18T19:18:51+00:00","twitter_card":"summary_large_image","schema":{"@context":"https:\/\/schema.org","@graph":[{"@type":"WebPage","@id":"https:\/\/cosmeticstoredz.com\/produit\/the-ordinary-peeling-solution-aha-30-bha-2\/","url":"https:\/\/cosmeticstoredz.com\/produit\/the-ordinary-peeling-solution-aha-30-bha-2\/","name":"THE ORDINARY PEELING SOLUTION AHA 30% + BHA 2% - Cosmetic Store","isPartOf":{"@id":"https:\/\/cosmeticstoredz.com\/#website"},"datePublished":"2025-06-04T18:23:40+00:00","dateModified":"2026-04-18T19:18:51+00:00","breadcrumb":{"@id":"https:\/\/cosmeticstoredz.com\/produit\/the-ordinary-peeling-solution-aha-30-bha-2\/#breadcrumb"},"inLanguage":"ar","potentialAction":[{"@type":"ReadAction","target":["https:\/\/cosmeticstoredz.com\/produit\/the-ordinary-peeling-solution-aha-30-bha-2\/"]}]},{"@type":"BreadcrumbList","@id":"https:\/\/cosmeticstoredz.com\/produit\/the-ordinary-peeling-solution-aha-30-bha-2\/#breadcrumb","itemListElement":[{"@type":"ListItem","position":1,"name":"Accueil","item":"https:\/\/cosmeticstoredz.com\/"},{"@type":"ListItem","position":2,"name":"Boutique","item":"https:\/\/cosmeticstoredz.com\/boutique\/"},{"@type":"ListItem","position":3,"name":"THE ORDINARY PEELING SOLUTION AHA 30% + BHA 2%"}]},{"@type":"WebSite","@id":"https:\/\/cosmeticstoredz.com\/#website","url":"https:\/\/cosmeticstoredz.com\/","name":"Cosmetic Store","description":"","publisher":{"@id":"https:\/\/cosmeticstoredz.com\/#organization"},"potentialAction":[{"@type":"SearchAction","target":{"@type":"EntryPoint","urlTemplate":"https:\/\/cosmeticstoredz.com\/?s={search_term_string}"},"query-input":{"@type":"PropertyValueSpecification","valueRequired":true,"valueName":"search_term_string"}}],"inLanguage":"ar"},{"@type":"Organization","@id":"https:\/\/cosmeticstoredz.com\/#organization","name":"Cosmetic Store","url":"https:\/\/cosmeticstoredz.com\/","logo":{"@type":"ImageObject","inLanguage":"ar","@id":"https:\/\/cosmeticstoredz.com\/#\/schema\/logo\/image\/","url":"https:\/\/cosmeticstoredz.com\/wp-content\/uploads\/2026\/02\/cropped-LOGO_CS-512x512-1-1-e1771275285345.webp","contentUrl":"https:\/\/cosmeticstoredz.com\/wp-content\/uploads\/2026\/02\/cropped-LOGO_CS-512x512-1-1-e1771275285345.webp","width":265,"height":319,"caption":"Cosmetic Store"},"image":{"@id":"https:\/\/cosmeticstoredz.com\/#\/schema\/logo\/image\/"},"sameAs":["https:\/\/www.facebook.com\/profile.php?id=61564954260683","https:\/\/www.instagram.com\/cosmetic.storedz\/"]}]}},"_links":{"self":[{"href":"https:\/\/cosmeticstoredz.com\/ar\/wp-json\/wp\/v2\/product\/3518","targetHints":{"allow":["GET"]}}],"collection":[{"href":"https:\/\/cosmeticstoredz.com\/ar\/wp-json\/wp\/v2\/product"}],"about":[{"href":"https:\/\/cosmeticstoredz.com\/ar\/wp-json\/wp\/v2\/types\/product"}],"replies":[{"embeddable":true,"href":"https:\/\/cosmeticstoredz.com\/ar\/wp-json\/wp\/v2\/comments?post=3518"}],"version-history":[{"count":1,"href":"https:\/\/cosmeticstoredz.com\/ar\/wp-json\/wp\/v2\/product\/3518\/revisions"}],"predecessor-version":[{"id":17237,"href":"https:\/\/cosmeticstoredz.com\/ar\/wp-json\/wp\/v2\/product\/3518\/revisions\/17237"}],"wp:attachment":[{"href":"https:\/\/cosmeticstoredz.com\/ar\/wp-json\/wp\/v2\/media?parent=3518"}],"wp:term":[{"taxonomy":"product_brand","embeddable":true,"href":"https:\/\/cosmeticstoredz.com\/ar\/wp-json\/wp\/v2\/product_brand?post=3518"},{"taxonomy":"product_cat","embeddable":true,"href":"https:\/\/cosmeticstoredz.com\/ar\/wp-json\/wp\/v2\/product_cat?post=3518"},{"taxonomy":"product_tag","embeddable":true,"href":"https:\/\/cosmeticstoredz.com\/ar\/wp-json\/wp\/v2\/product_tag?post=3518"}],"curies":[{"name":"wp","href":"https:\/\/api.w.org\/{rel}","templated":true}]}}