{"id":3485,"date":"2025-06-04T18:23:26","date_gmt":"2025-06-04T18:23:26","guid":{"rendered":"https:\/\/test.fitnessworldgym27.com\/?post_type=product&#038;p=3485"},"modified":"2026-03-30T19:27:26","modified_gmt":"2026-03-30T19:27:26","slug":"myla-grain-cire-350gr-charbon","status":"publish","type":"product","link":"https:\/\/cosmeticstoredz.com\/ar\/product\/myla-grain-cire-350gr-charbon\/","title":{"rendered":"MYLA GRAIN CIRE 350GR CHARBON"},"content":{"rendered":"<h1 class=\"h1\">Myla Grain Cire D\u00e9pilatoire Charbon 350 G<\/h1>\n<p>Offrez \u00e0 votre peau une \u00e9pilation efficace et douce avec la cire Myla Grain au charbon. En format pratique de 350g, cette cire \u00e0 grains est sp\u00e9cialement formul\u00e9e pour capturer m\u00eame les poils les plus courts, tout en respectant les peaux sensibles. Le charbon actif, reconnu pour ses propri\u00e9t\u00e9s purifiantes, aide \u00e0 \u00e9liminer les impuret\u00e9s et \u00e0 apaiser la peau apr\u00e8s l&rsquo;\u00e9pilation. Facile \u00e0 utiliser, cette cire fond rapidement et s&rsquo;applique sans bandes pour une \u00e9pilation pr\u00e9cise et sans r\u00e9sidus. Id\u00e9ale pour une utilisation \u00e0 la maison, elle laisse votre peau lisse, nette et \u00e9clatante.<\/p>","protected":false},"excerpt":{"rendered":"<p>&nbsp;<\/p>\n<h1 class=\"h1\">Myla Grain Cire D\u00e9pilatoire Charbon 350 G<\/h1>\n<p>Offrez \u00e0 votre peau une \u00e9pilation efficace et douce avec la cire Myla Grain au charbon. En format pratique de 350g, cette cire \u00e0 grains est sp\u00e9cialement formul\u00e9e pour capturer m\u00eame les poils les plus courts, tout en respectant les peaux sensibles. Le charbon actif, reconnu pour ses propri\u00e9t\u00e9s purifiantes, aide \u00e0 \u00e9liminer les impuret\u00e9s et \u00e0 apaiser la peau apr\u00e8s l&rsquo;\u00e9pilation. Facile \u00e0 utiliser, cette cire fond rapidement et s&rsquo;applique sans bandes pour une \u00e9pilation pr\u00e9cise et sans r\u00e9sidus. Id\u00e9ale pour une utilisation \u00e0 la maison, elle laisse votre peau lisse, nette et \u00e9clatante.<\/p>","protected":false},"featured_media":17231,"comment_status":"open","ping_status":"closed","template":"","meta":[],"product_brand":[],"product_cat":[99,75,234,81],"product_tag":[],"class_list":{"0":"post-3485","1":"product","2":"type-product","3":"status-publish","4":"has-post-thumbnail","6":"product_cat-epilation","7":"product_cat-femme","8":"product_cat-myla","9":"product_cat-soin-corps-f","11":"first","12":"outofstock","13":"shipping-taxable","14":"purchasable","15":"product-type-simple"},"_links":{"self":[{"href":"https:\/\/cosmeticstoredz.com\/ar\/wp-json\/wp\/v2\/product\/3485","targetHints":{"allow":["GET"]}}],"collection":[{"href":"https:\/\/cosmeticstoredz.com\/ar\/wp-json\/wp\/v2\/product"}],"about":[{"href":"https:\/\/cosmeticstoredz.com\/ar\/wp-json\/wp\/v2\/types\/product"}],"replies":[{"embeddable":true,"href":"https:\/\/cosmeticstoredz.com\/ar\/wp-json\/wp\/v2\/comments?post=3485"}],"version-history":[{"count":1,"href":"https:\/\/cosmeticstoredz.com\/ar\/wp-json\/wp\/v2\/product\/3485\/revisions"}],"predecessor-version":[{"id":17232,"href":"https:\/\/cosmeticstoredz.com\/ar\/wp-json\/wp\/v2\/product\/3485\/revisions\/17232"}],"wp:featuredmedia":[{"embeddable":true,"href":"https:\/\/cosmeticstoredz.com\/ar\/wp-json\/wp\/v2\/media\/17231"}],"wp:attachment":[{"href":"https:\/\/cosmeticstoredz.com\/ar\/wp-json\/wp\/v2\/media?parent=3485"}],"wp:term":[{"taxonomy":"product_brand","embeddable":true,"href":"https:\/\/cosmeticstoredz.com\/ar\/wp-json\/wp\/v2\/product_brand?post=3485"},{"taxonomy":"product_cat","embeddable":true,"href":"https:\/\/cosmeticstoredz.com\/ar\/wp-json\/wp\/v2\/product_cat?post=3485"},{"taxonomy":"product_tag","embeddable":true,"href":"https:\/\/cosmeticstoredz.com\/ar\/wp-json\/wp\/v2\/product_tag?post=3485"}],"curies":[{"name":"wp","href":"https:\/\/api.w.org\/{rel}","templated":true}]}}