{"id":3472,"date":"2025-06-04T18:23:25","date_gmt":"2025-06-04T18:23:25","guid":{"rendered":"https:\/\/test.fitnessworldgym27.com\/?post_type=product&#038;p=3472"},"modified":"2026-03-30T19:24:28","modified_gmt":"2026-03-30T19:24:28","slug":"keragold-masque-keratine-acide-hyalluronique-biotine","status":"publish","type":"product","link":"https:\/\/cosmeticstoredz.com\/ar\/product\/keragold-masque-keratine-acide-hyalluronique-biotine\/","title":{"rendered":"KERAGOLD MASQUE KERATINE ACIDE HYALLURONIQUE BIOTINE"},"content":{"rendered":"<p>Le masque professionnel Keragold renfor\u00e7ateur sans sulfates \u00e0 la biotine est adapt\u00e9 aux cheveux secs, fragiles et cassants<\/p>\n<p>Ce masque capillaire renforce le cuir chevelu, restaure l&rsquo;\u00e9lasticit\u00e9 des cheveux et leur apporte force, brillance et souplesse<\/p>\n<p>Gr\u00e2ce \u00e0 sa formulation unique enrichie en K\u00e9ratine Acide hyaluronique et Biotine, ce masque nourrit intens\u00e9ment les cheveux, les revitalise en profondeur et les renforce de l&rsquo;int\u00e9rieurLes cheveux secs, fragiles et cassants retrouvent ainsi leur vitalit\u00e9 et leur beaut\u00e9 naturelle.<\/p>\n<p>K\u00e9ratine, acide hyaluronique et biotine<\/p>\n<p>Pour les cheveux cassants, secs, fragiles<\/p>\n<p>Nettoie et renforce<\/p>\n<p>Formule douce, sans sulfate ni parab\u00e8nes<\/p>","protected":false},"excerpt":{"rendered":"<p class=\"mb-2 fs-20 fw-600\">Masque professionnel renfor\u00e7ateur \u00e0 la keratine pour cheveux secs, fragiles et cassants , Sans sulfate, FB, Keragold<\/p>\n<div class=\"row align-items-center\">\n<div class=\"col-12\"><\/div>\n<\/div>","protected":false},"featured_media":17206,"comment_status":"open","ping_status":"closed","template":"","meta":[],"product_brand":[],"product_cat":[75,279,155,95],"product_tag":[],"class_list":{"0":"post-3472","1":"product","2":"type-product","3":"status-publish","4":"has-post-thumbnail","6":"product_cat-femme","7":"product_cat-keragold","8":"product_cat-masque","9":"product_cat-soin-cheveux-f","11":"first","12":"outofstock","13":"shipping-taxable","14":"purchasable","15":"product-type-simple"},"_links":{"self":[{"href":"https:\/\/cosmeticstoredz.com\/ar\/wp-json\/wp\/v2\/product\/3472","targetHints":{"allow":["GET"]}}],"collection":[{"href":"https:\/\/cosmeticstoredz.com\/ar\/wp-json\/wp\/v2\/product"}],"about":[{"href":"https:\/\/cosmeticstoredz.com\/ar\/wp-json\/wp\/v2\/types\/product"}],"replies":[{"embeddable":true,"href":"https:\/\/cosmeticstoredz.com\/ar\/wp-json\/wp\/v2\/comments?post=3472"}],"version-history":[{"count":1,"href":"https:\/\/cosmeticstoredz.com\/ar\/wp-json\/wp\/v2\/product\/3472\/revisions"}],"predecessor-version":[{"id":17207,"href":"https:\/\/cosmeticstoredz.com\/ar\/wp-json\/wp\/v2\/product\/3472\/revisions\/17207"}],"wp:featuredmedia":[{"embeddable":true,"href":"https:\/\/cosmeticstoredz.com\/ar\/wp-json\/wp\/v2\/media\/17206"}],"wp:attachment":[{"href":"https:\/\/cosmeticstoredz.com\/ar\/wp-json\/wp\/v2\/media?parent=3472"}],"wp:term":[{"taxonomy":"product_brand","embeddable":true,"href":"https:\/\/cosmeticstoredz.com\/ar\/wp-json\/wp\/v2\/product_brand?post=3472"},{"taxonomy":"product_cat","embeddable":true,"href":"https:\/\/cosmeticstoredz.com\/ar\/wp-json\/wp\/v2\/product_cat?post=3472"},{"taxonomy":"product_tag","embeddable":true,"href":"https:\/\/cosmeticstoredz.com\/ar\/wp-json\/wp\/v2\/product_tag?post=3472"}],"curies":[{"name":"wp","href":"https:\/\/api.w.org\/{rel}","templated":true}]}}