{"id":3470,"date":"2025-06-04T18:23:25","date_gmt":"2025-06-04T18:23:25","guid":{"rendered":"https:\/\/test.fitnessworldgym27.com\/?post_type=product&#038;p=3470"},"modified":"2026-03-30T19:24:28","modified_gmt":"2026-03-30T19:24:28","slug":"keragold-masque-keratine-acide-hyalluronique-huile-damla","status":"publish","type":"product","link":"https:\/\/cosmeticstoredz.com\/ar\/product\/keragold-masque-keratine-acide-hyalluronique-huile-damla\/","title":{"rendered":"KERAGOLD MASQUE KERATINE ACIDE HYALLURONIQUE HUILE D&rsquo;AMLA"},"content":{"rendered":"<div class=\"woocommerce-product-details__short-description\">\n<p>Le masque professionnel r\u00e9parateur Keragold est sans sulfates. Il est formul\u00e9 \u00e0 base de k\u00e9ratine, d\u2019acide hyaluronique et d\u2019huile d\u2019amla et convient \u00e0 tous les types de cheveux. Ce masque capillaire puissant offre une r\u00e9paration en profondeur pour le cuir chevelu, favorise la croissance des cheveux et pr\u00e9vient leur chute. Sa formule purifie, revitalise et nourrit les cheveux de la racine aux pointes. Il r\u00e9pare les dommages caus\u00e9s par les agressions ext\u00e9rieures et renforce les cheveux de l\u2019int\u00e9rieur.<\/p>\n<\/div>","protected":false},"excerpt":{"rendered":"<p class=\"product_title entry-title wd-entities-title\">Masque Keragold S\/sulfates 500 ml Keratine Acide Hyaluronique et Huile D\u2019amla AC<\/p>","protected":false},"featured_media":17202,"comment_status":"open","ping_status":"closed","template":"","meta":[],"product_brand":[],"product_cat":[75,279,155,95],"product_tag":[],"class_list":{"0":"post-3470","1":"product","2":"type-product","3":"status-publish","4":"has-post-thumbnail","6":"product_cat-femme","7":"product_cat-keragold","8":"product_cat-masque","9":"product_cat-soin-cheveux-f","11":"first","12":"instock","13":"shipping-taxable","14":"purchasable","15":"product-type-simple"},"_links":{"self":[{"href":"https:\/\/cosmeticstoredz.com\/ar\/wp-json\/wp\/v2\/product\/3470","targetHints":{"allow":["GET"]}}],"collection":[{"href":"https:\/\/cosmeticstoredz.com\/ar\/wp-json\/wp\/v2\/product"}],"about":[{"href":"https:\/\/cosmeticstoredz.com\/ar\/wp-json\/wp\/v2\/types\/product"}],"replies":[{"embeddable":true,"href":"https:\/\/cosmeticstoredz.com\/ar\/wp-json\/wp\/v2\/comments?post=3470"}],"version-history":[{"count":1,"href":"https:\/\/cosmeticstoredz.com\/ar\/wp-json\/wp\/v2\/product\/3470\/revisions"}],"predecessor-version":[{"id":17203,"href":"https:\/\/cosmeticstoredz.com\/ar\/wp-json\/wp\/v2\/product\/3470\/revisions\/17203"}],"wp:featuredmedia":[{"embeddable":true,"href":"https:\/\/cosmeticstoredz.com\/ar\/wp-json\/wp\/v2\/media\/17202"}],"wp:attachment":[{"href":"https:\/\/cosmeticstoredz.com\/ar\/wp-json\/wp\/v2\/media?parent=3470"}],"wp:term":[{"taxonomy":"product_brand","embeddable":true,"href":"https:\/\/cosmeticstoredz.com\/ar\/wp-json\/wp\/v2\/product_brand?post=3470"},{"taxonomy":"product_cat","embeddable":true,"href":"https:\/\/cosmeticstoredz.com\/ar\/wp-json\/wp\/v2\/product_cat?post=3470"},{"taxonomy":"product_tag","embeddable":true,"href":"https:\/\/cosmeticstoredz.com\/ar\/wp-json\/wp\/v2\/product_tag?post=3470"}],"curies":[{"name":"wp","href":"https:\/\/api.w.org\/{rel}","templated":true}]}}